{"id":2634,"date":"2025-01-18T09:51:27","date_gmt":"2025-01-18T09:51:27","guid":{"rendered":"https:\/\/dealer.tiscontrol.com.tr\/?post_type=product&#038;p=2634"},"modified":"2026-01-18T00:40:46","modified_gmt":"2026-01-17T21:40:46","slug":"8-cikisli-akilli-ev-role-modulu","status":"publish","type":"product","link":"https:\/\/dealer.tiscontrol.com.tr\/en\/product\/8-cikisli-akilli-ev-role-modulu\/","title":{"rendered":"8 \u00c7\u0131k\u0131\u015fl\u0131 Ak\u0131ll\u0131 ev R\u00f6le Mod\u00fcl\u00fc"},"content":{"rendered":"<h2>Ak\u0131ll\u0131 Ev Teknolojisinin G\u00fcc\u00fcyle Tan\u0131\u015f\u0131n<\/h2>\n<p>8 \u00e7\u0131k\u0131\u015fl\u0131 ak\u0131ll\u0131 ev r\u00f6le mod\u00fcl\u00fc, evinizdeki ayd\u0131nlatma, perde\/panjur ve fancoil kontrol\u00fcn\u00fc zahmetsizce y\u00f6netme amac\u0131 g\u00fcden herkes i\u00e7indir. 8 adet r\u00f6le kanal\u0131, <strong>her biri 16 amper anahtar kapasitesine<\/strong> sahiptir ve evinizin enerji kullan\u0131m\u0131n\u0131 optimize eder. Bu mod\u00fcl, toplamda 128 amper anahtarlama kapasitesine ula\u015fabilir. Esnek ve pratik \u00e7\u00f6z\u00fcm<\/p>\n<h2>Esnek ve Pratik \u00c7\u00f6z\u00fcm<\/h2>\n<p>Bu ak\u0131ll\u0131 ev r\u00f6le mod\u00fcl\u00fc, kullan\u0131c\u0131 dostu tasar\u0131m\u0131 sayesinde<strong> \u00e7ok i\u015flevli bir \u00e7\u00f6z\u00fcm sunar<\/strong>. Her r\u00f6le kanal\u0131, ba\u011f\u0131ms\u0131z olarak \u00e7al\u0131\u015fabilir, b\u00f6ylece farkl\u0131 cihaz ve sistemlere g\u00fc\u00e7 sa\u011flayabilirsin. Ayd\u0131nlatma kontrollerinden perde\/panjur sistemlerinize kadar her t\u00fcrl\u00fc uygulama i\u00e7in uygundur. Konfor ve tasarrufu bir arada yakalay\u0131n<\/p>\n<h2>Konfor ve Tasarrufu Bir Arada Yakalay\u0131n<\/h2>\n<p>Konforu maksimuma \u00e7\u0131karmak isterken elektrik faturalar\u0131n\u0131z\u0131 da azaltmak, d\u00fc\u015f\u00fck enerji t\u00fcketimli <strong>fancoil kontrol\u00fcyle klima sisteminizde<\/strong> enerji verimlili\u011fi sa\u011flamak istemez misiniz? Elektrik, klima ve perde\/panjur sistemlerine uygundur. Ak\u0131ll\u0131 ev teknolojisi, gelecekte daha az enerji t\u00fcketimine ve daha fazla konfora yol a\u00e7ar.<\/p>\n","protected":false},"excerpt":{"rendered":"<p data-pm-slice=\"1 1 [&quot;bulletList&quot;,null,&quot;listItem&quot;,{&quot;task&quot;:false,&quot;checked&quot;:false,&quot;rawHTML&quot;:null}]\">\ud83d\udce18 kanall\u0131 ak\u0131ll\u0131 ev r\u00f6le mod\u00fcl\u00fc: \u0131\u015f\u0131klar\u0131 a\u00e7ma ve kapama, perde\/panjur, fancoil sistemleri kontrol edilir<\/p>\n<p data-pm-slice=\"1 1 [&quot;bulletList&quot;,null,&quot;listItem&quot;,{&quot;task&quot;:false,&quot;checked&quot;:false,&quot;rawHTML&quot;:null}]\">\ud83d\udd0b8 r\u00f6le kanal\u0131: 16 amper anahtarlayabilme kapasitesi, 128 amper anahtarlama kapasitesine sahip mod\u00fcl<\/p>\n<p data-pm-slice=\"1 1 [&quot;bulletList&quot;,null,&quot;listItem&quot;,{&quot;task&quot;:false,&quot;checked&quot;:false,&quot;rawHTML&quot;:null}]\">\ud83c\udf10R\u00f6le kanallar\u0131n\u0131n ba\u011f\u0131ms\u0131z \u00e7al\u0131\u015fmas\u0131na olanak veren ve \u00e7oklu cihaz \u00e7\u00f6z\u00fcmleri sunmak i\u00e7in kullan\u0131c\u0131 dostu tasar\u0131m<\/p>\n<p data-pm-slice=\"1 1 [&quot;bulletList&quot;,null,&quot;listItem&quot;,{&quot;task&quot;:false,&quot;checked&quot;:false,&quot;rawHTML&quot;:null}]\">\ud83d\udd04Yayg\u0131n uygulama: ayd\u0131nlatma, perde\/panjur y\u00f6netimi, klima sistemleri<\/p>\n<p data-pm-slice=\"1 1 [&quot;bulletList&quot;,null,&quot;listItem&quot;,{&quot;task&quot;:false,&quot;checked&quot;:false,&quot;rawHTML&quot;:null}]\">\ud83d\udca1Elektrik sistemleri ve klima sistemleri ile enerji tasarrufu, ayn\u0131 zamanda konfor<\/p>\n<p data-pm-slice=\"1 1 [&quot;bulletList&quot;,null,&quot;listItem&quot;,{&quot;task&quot;:false,&quot;checked&quot;:false,&quot;rawHTML&quot;:null}]\">\ud83c\udf0d Enerji verimlili\u011fi: Kullan\u0131c\u0131ya konfor sa\u011flarken ayn\u0131 zamanda enerji t\u00fcketimini azalt\u0131r<\/p>\n<p data-pm-slice=\"1 1 [&quot;bulletList&quot;,null,&quot;listItem&quot;,{&quot;task&quot;:false,&quot;checked&quot;:false,&quot;rawHTML&quot;:null}]\">\ud83d\udd0cGelecek vizyonu: Daha s\u00fcrd\u00fcr\u00fclebilir gelecek i\u00e7in daha az enerji t\u00fcketimi<\/p>\n","protected":false},"featured_media":2706,"comment_status":"open","ping_status":"closed","template":"","meta":{"_acf_changed":false},"product_brand":[433],"product_cat":[101,102],"product_tag":[161,162,166,164,163,165],"class_list":{"0":"post-2634","1":"product","2":"type-product","3":"status-publish","4":"has-post-thumbnail","6":"product_brand-tiscontrol","7":"product_cat-actuators","8":"product_cat-relays","9":"product_tag-akilli-ev-sistemleri","10":"product_tag-aydinlatma-kontrolu","11":"product_tag-fancoil-kontrolu","12":"product_tag-panjur-kontrolu","13":"product_tag-perde-kontrolu","14":"product_tag-priz-kontrolu","16":"first","17":"onbackorder","18":"taxable","19":"shipping-taxable","20":"product-type-simple","21":"add-to-wishlist-after_add_to_cart"},"acf":[],"_links":{"self":[{"href":"https:\/\/dealer.tiscontrol.com.tr\/en\/wp-json\/wp\/v2\/product\/2634","targetHints":{"allow":["GET"]}}],"collection":[{"href":"https:\/\/dealer.tiscontrol.com.tr\/en\/wp-json\/wp\/v2\/product"}],"about":[{"href":"https:\/\/dealer.tiscontrol.com.tr\/en\/wp-json\/wp\/v2\/types\/product"}],"replies":[{"embeddable":true,"href":"https:\/\/dealer.tiscontrol.com.tr\/en\/wp-json\/wp\/v2\/comments?post=2634"}],"wp:featuredmedia":[{"embeddable":true,"href":"https:\/\/dealer.tiscontrol.com.tr\/en\/wp-json\/wp\/v2\/media\/2706"}],"wp:attachment":[{"href":"https:\/\/dealer.tiscontrol.com.tr\/en\/wp-json\/wp\/v2\/media?parent=2634"}],"wp:term":[{"taxonomy":"product_brand","embeddable":true,"href":"https:\/\/dealer.tiscontrol.com.tr\/en\/wp-json\/wp\/v2\/product_brand?post=2634"},{"taxonomy":"product_cat","embeddable":true,"href":"https:\/\/dealer.tiscontrol.com.tr\/en\/wp-json\/wp\/v2\/product_cat?post=2634"},{"taxonomy":"product_tag","embeddable":true,"href":"https:\/\/dealer.tiscontrol.com.tr\/en\/wp-json\/wp\/v2\/product_tag?post=2634"}],"curies":[{"name":"wp","href":"https:\/\/api.w.org\/{rel}","templated":true}]}}