{"id":2976,"date":"2025-01-18T10:11:24","date_gmt":"2025-01-18T10:11:24","guid":{"rendered":"https:\/\/dealer.tiscontrol.com.tr\/?post_type=product&#038;p=2976"},"modified":"2026-01-18T00:40:46","modified_gmt":"2026-01-17T21:40:46","slug":"12-cikisli-role-modulu","status":"publish","type":"product","link":"https:\/\/dealer.tiscontrol.com.tr\/en\/product\/12-cikisli-role-modulu\/","title":{"rendered":"12 \u00c7\u0131k\u0131\u015fl\u0131 R\u00f6le Mod\u00fcl\u00fc"},"content":{"rendered":"<h2 data-pm-slice=\"1 3 []\">12 \u00c7\u0131k\u0131\u015fl\u0131 R\u00f6le Mod\u00fcl\u00fc &#8211; G\u00fcvenilir ve Esnek Kont Se\u00e7enekleri<\/h2>\n<p data-pm-slice=\"1 1 []\">12 kanall\u0131 r\u00f6le mod\u00fcl\u00fc, i\u015f yerinizde veya evinizdeki elektrikle \u00e7al\u0131\u015fan cihazlar\u0131 g\u00fcvenle ve esnek bir \u015fekilde kontrol etme \u015fans\u0131 sunar. Her bir \u00e7\u0131k\u0131\u015f, ayr\u0131 ayr\u0131 a\u00e7\u0131p kapatabilece\u011finiz bir kanal sa\u011flar. Bu, \u00e7e\u015fitli senaryolar\u0131 ve etkileriyle ayd\u0131nlatma sistemlerine, perde motorlar\u0131na, fanlara ve daha fazlas\u0131na geni\u015f bir yelpazede kontrol etme se\u00e7ene\u011fi sunar. Her kanal, y\u00fcklerinizi kontrol etmenizi sa\u011flayan maksimum 10A nominal ak\u0131m ta\u015f\u0131r.<\/p>\n<ul>\n<li>\n<p data-pm-slice=\"1 1 []\">Her kanal i\u00e7in ayr\u0131 kapat\/a\u00e7 butonu<\/p>\n<\/li>\n<li>6 grup perde kontrol imkan\u0131<\/li>\n<li>4 grup fan kontrol ve h\u0131z ayarlama se\u00e7ene\u011fi<\/li>\n<li>12 farkl\u0131 senaryo olu\u015fturma kapasitesi<\/li>\n<\/ul>\n<h2>Uzun \u00d6m\u00fcrl\u00fc ve Dayan\u0131kl\u0131 Performans<\/h2>\n<p data-pm-slice=\"1 1 []\">Bu mod\u00fcl, 10 milyonun \u00fczerinde mekanik ya\u015famla gelir ve y\u0131llar sonra hala g\u00fcvenilir \u00e7al\u0131\u015f\u0131r demektir. \u00d6nceden test edilen bu mod\u00fcl, AC 230V \u2013 0 ve maksimum VAC440 volt anahtarlamayla \u00f6zelli\u015ftirilerek geni\u015f bir uygulamada kullan\u0131labilir. Bu mod\u00fcl, yar\u0131iletken lambalar gibi t\u00fcm floresanlar i\u00e7in g\u00fcvenlidir ve 50\/60Hz frekans aral\u0131\u011f\u0131nda \u00e7al\u0131\u015f\u0131r.<\/p>\n<ul>\n<li>10,000,000&#8217;den fazla mekanik ya\u015fam d\u00f6ng\u00fcs\u00fc<\/li>\n<li>8A floresan ak\u0131m\u0131 kapasiteli<\/li>\n<li>20 ms maksimum \u00e7al\u0131\u015fma frekans\u0131<\/li>\n<li>BUS k\u0131sm\u0131 ters polarite korumas\u0131<\/li>\n<\/ul>\n<h2>Kolay Entegrasyon ve Kullan\u0131m<\/h2>\n<p data-pm-slice=\"1 1 []\">Mod\u00fcl, m\u00fckemmel bir \u015fekilde TIS bus, merkezi bir sistemi destekler ve kontrol programlama kolayl\u0131\u011f\u0131 sa\u011flar. Programlama i\u00e7in fiziksel adresleme ve d\u00fc\u011fmesel bir LED\u2019lidir. DIN ray standard\u0131 sayesinde kolay montaj ve d\u00fczenli ba\u011flant\u0131 kullan\u0131m olana\u011f\u0131 sunar.<\/p>\n<ul>\n<li>64 adede kadar cihaz\u0131 tek bir hatta ba\u011flama imkan\u0131<\/li>\n<li>12-32 VDC aras\u0131 bus voltaj\u0131 ile \u00e7al\u0131\u015f\u0131r<\/li>\n<li>Hem manuel hem yaz\u0131l\u0131mla programlanabilir<\/li>\n<li>2mm4\u20260,25 terminal ile kolay ba\u011flant\u0131 se\u00e7enekleri<\/li>\n<\/ul>\n","protected":false},"excerpt":{"rendered":"<p>\ud83d\udd0c 12 kanall\u0131 r\u00f6le mod\u00fcl\u00fc, elektrikle \u00e7al\u0131\u015fan cihazlar i\u00e7in g\u00fcvenilir ve esnek kontrol imkan\u0131 sunar.<\/p>\n<p>\u26a1 Her kanal ayr\u0131 ayr\u0131 a\u00e7\u0131l\u0131p kapat\u0131larak farkl\u0131 cihazlar\u0131n kontrol\u00fcn\u00fc sa\u011flar; maksimum 10A nominal ak\u0131m ta\u015f\u0131r.<\/p>\n<p>\ud83c\udf00 6 grup perde ve 4 grup fancoil i\u00e7in ON\/OFF kontrol\u00fc sunar; fancoil ler i\u00e7in ayr\u0131ca \u00fc\u00e7 farkl\u0131 h\u0131z ayar\u0131 bulunur.<\/p>\n<p>\ud83d\udccb Mod\u00fcl, 12 farkl\u0131 senaryo programlama se\u00e7ene\u011fi ile \u00e7e\u015fitli otomasyon ihtiya\u00e7lar\u0131na cevap verebilir.<\/p>\n<p>\u23f1\ufe0f Uzun \u00f6m\u00fcrl\u00fc ve dayan\u0131kl\u0131d\u0131r; 10 milyonun \u00fczerinde mekanik ya\u015fam d\u00f6ng\u00fcs\u00fc sunar.<\/p>\n<p>\ud83d\udda5\ufe0f TIS bus uyumu ve kolay programlamas\u0131 sayesinde merkezi sistemlerde rahatl\u0131kla kullan\u0131labilir.<\/p>\n","protected":false},"featured_media":2714,"comment_status":"open","ping_status":"closed","template":"","meta":{"_acf_changed":false},"product_brand":[433],"product_cat":[101,102],"product_tag":[161,162,166,167,164,163,165,168,428],"class_list":{"0":"post-2976","1":"product","2":"type-product","3":"status-publish","4":"has-post-thumbnail","6":"product_brand-tiscontrol","7":"product_cat-actuators","8":"product_cat-relays","9":"product_tag-akilli-ev-sistemleri","10":"product_tag-aydinlatma-kontrolu","11":"product_tag-fancoil-kontrolu","12":"product_tag-otomasyon","13":"product_tag-panjur-kontrolu","14":"product_tag-perde-kontrolu","15":"product_tag-priz-kontrolu","16":"product_tag-rolemodulu","17":"product_tag-tiscontrol","19":"first","20":"onbackorder","21":"featured","22":"taxable","23":"shipping-taxable","24":"product-type-simple","25":"add-to-wishlist-after_add_to_cart"},"acf":[],"_links":{"self":[{"href":"https:\/\/dealer.tiscontrol.com.tr\/en\/wp-json\/wp\/v2\/product\/2976","targetHints":{"allow":["GET"]}}],"collection":[{"href":"https:\/\/dealer.tiscontrol.com.tr\/en\/wp-json\/wp\/v2\/product"}],"about":[{"href":"https:\/\/dealer.tiscontrol.com.tr\/en\/wp-json\/wp\/v2\/types\/product"}],"replies":[{"embeddable":true,"href":"https:\/\/dealer.tiscontrol.com.tr\/en\/wp-json\/wp\/v2\/comments?post=2976"}],"wp:featuredmedia":[{"embeddable":true,"href":"https:\/\/dealer.tiscontrol.com.tr\/en\/wp-json\/wp\/v2\/media\/2714"}],"wp:attachment":[{"href":"https:\/\/dealer.tiscontrol.com.tr\/en\/wp-json\/wp\/v2\/media?parent=2976"}],"wp:term":[{"taxonomy":"product_brand","embeddable":true,"href":"https:\/\/dealer.tiscontrol.com.tr\/en\/wp-json\/wp\/v2\/product_brand?post=2976"},{"taxonomy":"product_cat","embeddable":true,"href":"https:\/\/dealer.tiscontrol.com.tr\/en\/wp-json\/wp\/v2\/product_cat?post=2976"},{"taxonomy":"product_tag","embeddable":true,"href":"https:\/\/dealer.tiscontrol.com.tr\/en\/wp-json\/wp\/v2\/product_tag?post=2976"}],"curies":[{"name":"wp","href":"https:\/\/api.w.org\/{rel}","templated":true}]}}