{"id":2977,"date":"2025-01-18T11:18:37","date_gmt":"2025-01-18T11:18:37","guid":{"rendered":"https:\/\/dealer.tiscontrol.com.tr\/?post_type=product&#038;p=2977"},"modified":"2026-01-18T00:40:46","modified_gmt":"2026-01-17T21:40:46","slug":"8-cikisli-oda-kontrol-unitesi","status":"publish","type":"product","link":"https:\/\/dealer.tiscontrol.com.tr\/en\/product\/8-cikisli-oda-kontrol-unitesi\/","title":{"rendered":"8 \u00c7\u0131k\u0131\u015fl\u0131 Oda Kontrol \u00dcnitesi"},"content":{"rendered":"<h2>\u00c7ok Ama\u00e7l\u0131 Ayd\u0131nlatma Kontrol\u00fc<\/h2>\n<p data-pm-slice=\"1 1 []\">Bu 8 \u00e7\u0131k\u0131\u015fl\u0131 oda kontrol \u00fcnitesi, hem ev hem de ofis ayd\u0131nlatmas\u0131n\u0131 kontrol etmenin ideal yoludur. Ayd\u0131nlatman\u0131z\u0131, istedi\u011finiz atmosferi kolayca elde edebilece\u011finiz herhangi bir ortamda kullanabilirsiniz. I\u015f\u0131\u011f\u0131 a\u00e7\u0131p kapatabilir ve \u0131\u015f\u0131k seviyelerini ayarlayabilir, do\u011fru ayd\u0131nlatmay\u0131 elde edebilirsiniz. Buna ek olarak, <strong>8 ayr\u0131 aktif kanalla<\/strong>, \u00e7ok \u00e7e\u015fitli senaryolarla kullan\u0131lmas\u0131n\u0131 sa\u011flar.<\/p>\n<ul>\n<li><strong>Kolay kurulum: <\/strong>DIN ray montaj\u0131, h\u0131zl\u0131 ve g\u00fcvenli bir montaj sa\u011flar.<\/li>\n<li><strong>Esnek kontrol:<\/strong> TIS bus protokol\u00fc \u00fczerinden yaz\u0131l\u0131m veya manuel kontrol imkan\u0131.<\/li>\n<li><strong>Uzun \u00f6m\u00fcrl\u00fc performans:<\/strong> 10 milyon kez anahtarlama kapasitesine sahip.<\/li>\n<\/ul>\n<h2>Ak\u0131ll\u0131 Perde ve Fan Kontrol\u00fc<\/h2>\n<p data-pm-slice=\"1 1 []\">Bu \u00fcr\u00fcn sadece \u0131\u015f\u0131k kontrol\u00fcn\u00fc de\u011fil ayr\u0131ca <strong>perde ve fan ayarlar\u0131n\u0131<\/strong> da sa\u011flar. Iki farkl\u0131 fan h\u0131z grubu (y\u00fcksek, orta, d\u00fc\u015f\u00fck) ve d\u00f6rt grup perde ayar\u0131, ortam\u0131n\u0131zdaki her \u015feyi kontrol etmenizi sa\u011flar. Feryatlar\u0131n\u0131z\u0131 enerji t\u00fcketimine uyacak \u015fekilde farkl\u0131la\u015ft\u0131rabilir ve benzersizle\u015ftirerek hem enerji hem de konforu sa\u011flayabilirsiniz.<\/p>\n<ul>\n<li><strong>Otomasyon senaryolar\u0131: <\/strong>Farkl\u0131 senaryolarla g\u00fcnl\u00fck rit\u00fcel i\u00e7in avantaj.<\/li>\n<li><strong>Esneklik:<\/strong> <strong>8 programlanabilir dijital giri\u015f<\/strong> ile cihazlar\u0131 kontrol edebilirsiniz.<\/li>\n<li><strong>G\u00fcvenli ve sa\u011flam:<\/strong> Dayan\u0131kl\u0131 ABS yang\u0131na dayan\u0131kl\u0131 malzemeden \u00fcretilmi\u015ftir.<\/li>\n<\/ul>\n<h2>Geli\u015fmi\u015f Sistem ve G\u00fcvenlik \u00d6zellikleri<\/h2>\n<p data-pm-slice=\"1 1 []\">Bu oda kontrol \u00fcnitesi, \u00e7e\u015fitli g\u00fcvenlik ve performans \u00f6zelliklerine sahiptir. Ters ak\u0131m korumas\u0131 sayesinde sisteminizin zarar g\u00f6rmesini engeller. Ayr\u0131ca, 20 ms reaksiyon s\u00fcresi ile h\u0131zl\u0131 ve etkili bir \u015fekilde \u00e7al\u0131\u015f\u0131r. <strong>Fiziksel adres ayarlama<\/strong> \u00f6zelli\u011fi ile kolay ve etkilidir.<\/p>\n<ul>\n<li><strong>\u00dcst\u00fcn g\u00fcvenlik:<\/strong> BUS devresini daha iyi koruma i\u00e7in ters polarite koruma.<\/li>\n<li><strong>Geni\u015f i\u015fletim aral\u0131\u011f\u0131:<\/strong> 0\u00b0C ila 60\u00b0C derece aras\u0131nda sorunsuz \u00e7al\u0131\u015fma.<\/li>\n<li><strong>IP20 koruma s\u0131n\u0131f\u0131: <\/strong>Ev ve ofis kullan\u0131m\u0131 i\u00e7in ideal.<\/li>\n<\/ul>\n","protected":false},"excerpt":{"rendered":"<p>\ud83d\udca1 8 \u00e7\u0131k\u0131\u015fl\u0131 oda kontrol \u00fcnitesi, hem ev hem de ofis ayd\u0131nlatma kontrol\u00fcnde ideal bir \u00e7\u00f6z\u00fcmd\u00fcr; \u0131\u015f\u0131\u011f\u0131 a\u00e7ma-kapama ve seviye ayarlama imkan\u0131 sunar.<\/p>\n<p>\ud83d\udd27 DIN ray montaj\u0131 sayesinde kurulumu h\u0131zl\u0131 ve g\u00fcvenlidir, uzun \u00f6m\u00fcrl\u00fc performans sa\u011flar ve 10 milyon anahtar de\u011fi\u015fim kapasitesine sahiptir.<\/p>\n<p>\ud83c\udf2c\ufe0f \u00dcr\u00fcn, sadece \u0131\u015f\u0131k de\u011fil, ayn\u0131 zamanda perde ve fancoil kontrol\u00fc de sa\u011flar; \u00e7e\u015fitli h\u0131z ve ayar se\u00e7enekleriyle enerji tasarrufu ve konfor sunar.<\/p>\n<p>\u2699\ufe0f Otomasyon senaryolar\u0131 ile g\u00fcnl\u00fck rit\u00fcelleriniz i\u00e7in avantajlar sunar, 8 programlanabilir dijital giri\u015f ile farkl\u0131 senaryolar olu\u015fturabilirsiniz.<\/p>\n<p>\ud83d\udd12 G\u00fcvenlik \u00f6zellikleri ters ak\u0131m korumas\u0131 ve 20 ms reaksiyon s\u00fcresi ile sistem korumas\u0131 ve h\u0131zl\u0131 \u00e7al\u0131\u015fma sa\u011flarken, fiziksel adres ayarlama \u00f6zelli\u011fi de mevcuttur.<\/p>\n<p>\ud83d\udd25 Yang\u0131na dayan\u0131kl\u0131 ABS malzeme kullan\u0131larak g\u00fcvenli ve dayan\u0131kl\u0131 bir tasar\u0131ma sahip olup IP20 koruma s\u0131n\u0131f\u0131yla ev ve ofis i\u00e7in idealdir.<\/p>\n<p>\ud83d\udeaa 0 ila 60 \u00b0C aras\u0131 s\u0131cakl\u0131klarda g\u00fcvenle \u00e7al\u0131\u015fabilmesi, geni\u015f esneklik sunar.<\/p>\n","protected":false},"featured_media":2640,"comment_status":"open","ping_status":"closed","template":"","meta":{"_acf_changed":false},"product_brand":[433],"product_cat":[101,104],"product_tag":[161,162,166,170,169,167,164,163,165,428],"class_list":{"0":"post-2977","1":"product","2":"type-product","3":"status-publish","4":"has-post-thumbnail","6":"product_brand-tiscontrol","7":"product_cat-actuators","8":"product_cat-room-control-units","9":"product_tag-akilli-ev-sistemleri","10":"product_tag-aydinlatma-kontrolu","11":"product_tag-fancoil-kontrolu","12":"product_tag-kuru-kontak-girisi","13":"product_tag-oda-kontrol-unitesi","14":"product_tag-otomasyon","15":"product_tag-panjur-kontrolu","16":"product_tag-perde-kontrolu","17":"product_tag-priz-kontrolu","18":"product_tag-tiscontrol","20":"first","21":"onbackorder","22":"taxable","23":"shipping-taxable","24":"product-type-simple","25":"add-to-wishlist-after_add_to_cart"},"acf":[],"_links":{"self":[{"href":"https:\/\/dealer.tiscontrol.com.tr\/en\/wp-json\/wp\/v2\/product\/2977","targetHints":{"allow":["GET"]}}],"collection":[{"href":"https:\/\/dealer.tiscontrol.com.tr\/en\/wp-json\/wp\/v2\/product"}],"about":[{"href":"https:\/\/dealer.tiscontrol.com.tr\/en\/wp-json\/wp\/v2\/types\/product"}],"replies":[{"embeddable":true,"href":"https:\/\/dealer.tiscontrol.com.tr\/en\/wp-json\/wp\/v2\/comments?post=2977"}],"wp:featuredmedia":[{"embeddable":true,"href":"https:\/\/dealer.tiscontrol.com.tr\/en\/wp-json\/wp\/v2\/media\/2640"}],"wp:attachment":[{"href":"https:\/\/dealer.tiscontrol.com.tr\/en\/wp-json\/wp\/v2\/media?parent=2977"}],"wp:term":[{"taxonomy":"product_brand","embeddable":true,"href":"https:\/\/dealer.tiscontrol.com.tr\/en\/wp-json\/wp\/v2\/product_brand?post=2977"},{"taxonomy":"product_cat","embeddable":true,"href":"https:\/\/dealer.tiscontrol.com.tr\/en\/wp-json\/wp\/v2\/product_cat?post=2977"},{"taxonomy":"product_tag","embeddable":true,"href":"https:\/\/dealer.tiscontrol.com.tr\/en\/wp-json\/wp\/v2\/product_tag?post=2977"}],"curies":[{"name":"wp","href":"https:\/\/api.w.org\/{rel}","templated":true}]}}