{"id":2984,"date":"2025-01-18T20:35:03","date_gmt":"2025-01-18T20:35:03","guid":{"rendered":"https:\/\/dealer.tiscontrol.com.tr\/?post_type=product&#038;p=2984"},"modified":"2026-01-18T00:40:46","modified_gmt":"2026-01-17T21:40:46","slug":"ads-bus-mini-role","status":"publish","type":"product","link":"https:\/\/dealer.tiscontrol.com.tr\/en\/product\/ads-bus-mini-role\/","title":{"rendered":"ADS Bus Mini R\u00f6le"},"content":{"rendered":"<h2 data-pm-slice=\"1 1 []\">ADS Mini R\u00f6le: Ak\u0131ll\u0131 Evler \u0130\u00e7in K\u00fc\u00e7\u00fck Ama G\u00fc\u00e7l\u00fc \u00c7\u00f6z\u00fcm<\/h2>\n<h3>Ak\u0131ll\u0131 Ayd\u0131nlatma \u00c7\u00f6z\u00fcmleri<\/h3>\n<p>ADS Mini R\u00f6le, evinizin ayd\u0131nlatmas\u0131n\u0131 modern hale getirmek i\u00e7in harika bir se\u00e7enek. Oturma odan\u0131z\u0131 \u0131\u015f\u0131kland\u0131rmak ya da mini bar\u0131n\u0131z\u0131n ambiyans\u0131n\u0131 ayarlamak istedi\u011finizde (bu \u00fcr\u00fcn tam size g\u00f6re). \u00c7at\u0131 bah\u00e7eleri, k\u00fct\u00fcphaneler ve mutfaklar&#8230; Hemen her alan\u0131n ayd\u0131nlatmas\u0131n\u0131 kolayca yenileyebilirsiniz. Bu k\u00fc\u00e7\u00fck ama etkili r\u00f6le, evin her k\u00f6\u015fesinde diledi\u011finiz atmosferi olu\u015fturman\u0131za yard\u0131mc\u0131 olur.<\/p>\n<h3>Perde ve Panjur Kontrol\u00fc<\/h3>\n<p>ADS Mini R\u00f6le, sadece \u0131\u015f\u0131klar\u0131 de\u011fil (ayn\u0131 zamanda) perde ve panjurlar\u0131 da kontrol eder. Perde motorunun yan\u0131na kuruldu\u011funda, pencerelerinizde daha fazla g\u00f6lgelik yaratabilir ve mobilyalar\u0131n\u0131z\u0131 g\u00fcne\u015ften koruyabilirsiniz. B\u00f6ylece ev i\u00e7indeki ortam daha konforlu &amp; korunakl\u0131 hale gelir.<\/p>\n<h3>Eski Evler \u0130\u00e7in Uyumlu Teknoloji<\/h3>\n<p>ADS Mini R\u00f6le, BUS a\u011f\u0131yla \u00e7al\u0131\u015f\u0131r; bu da onu <strong>eski evler i\u00e7in m\u00fckemmel<\/strong> bir \u00e7\u00f6z\u00fcm yapar. Eviniz olduk\u00e7a eski olsa da bu mod\u00fcl\u00fc kolayca kurabilir ve t\u00fcm faydalar\u0131ndan yararlanabilirsiniz. TIS ADS Mini R\u00f6le ile evinizi diledi\u011finiz gibi yeniden tasarlay\u0131n. Kalite veya g\u00f6r\u00fcn\u00fcmden \u00f6d\u00fcn vermeden modern bir ya\u015fam alan\u0131 yaratmay\u0131 ba\u015far\u0131n!<\/p>\n","protected":false},"excerpt":{"rendered":"<p>\ud83c\udfe0 <strong>Modern Ayd\u0131nlatma \u00c7\u00f6z\u00fcm\u00fc<\/strong>: ADS Mini R\u00f6le, ev ayd\u0131nlatmas\u0131n\u0131 modernle\u015ftirmek i\u00e7in ideal bir se\u00e7enektir ve oturma odas\u0131, mini bar gibi alanlarda kullan\u0131labilir.<\/p>\n<p>\ud83c\udf3f <strong>\u00c7ok Y\u00f6nl\u00fc Kullan\u0131m<\/strong>: \u00c7at\u0131 bah\u00e7eleri, k\u00fct\u00fcphaneler ve mutfaklar gibi \u00e7e\u015fitli alanlar\u0131n ayd\u0131nlatmas\u0131n\u0131 yenilemek i\u00e7in uygundur.<\/p>\n<p>\ud83e\ude9f <strong>Perde ve Panjur Kontrol\u00fc<\/strong>: Sadece \u0131\u015f\u0131klar\u0131 de\u011fil, ayn\u0131 zamanda perde ve g\u00f6lgelikleri de kontrol edebilir, b\u00f6ylece ev i\u00e7i konforu art\u0131r\u0131r.<\/p>\n<p>\ud83c\udfda\ufe0f <strong>Eski Evlerle Uyumlu<\/strong>: BUS a\u011f\u0131yla \u00e7al\u0131\u015ft\u0131\u011f\u0131 i\u00e7in eski evlerde de kolayca kurulabilir ve kullan\u0131labilir.<\/p>\n<p>\ud83d\udee0\ufe0f <strong>Kolay Kurulum<\/strong>: Evinizin eski olmas\u0131na ra\u011fmen, bu mod\u00fcl\u00fc kolayca kurarak modern bir ya\u015fam alan\u0131 yaratabilirsiniz.<\/p>\n<p>\ud83c\udfa8 <strong>Estetik ve Fonksiyonellik<\/strong>: Kalite veya g\u00f6r\u00fcn\u00fcmden \u00f6d\u00fcn vermeden evinizi yeniden tasarlaman\u0131za olanak tan\u0131r.<\/p>\n","protected":false},"featured_media":2735,"comment_status":"open","ping_status":"closed","template":"","meta":{"_acf_changed":false},"product_brand":[433],"product_cat":[101,102],"product_tag":[162,166,167,164,163,428],"class_list":{"0":"post-2984","1":"product","2":"type-product","3":"status-publish","4":"has-post-thumbnail","6":"product_brand-tiscontrol","7":"product_cat-actuators","8":"product_cat-relays","9":"product_tag-aydinlatma-kontrolu","10":"product_tag-fancoil-kontrolu","11":"product_tag-otomasyon","12":"product_tag-panjur-kontrolu","13":"product_tag-perde-kontrolu","14":"product_tag-tiscontrol","16":"first","17":"onbackorder","18":"taxable","19":"shipping-taxable","20":"product-type-simple","21":"add-to-wishlist-after_add_to_cart"},"acf":[],"_links":{"self":[{"href":"https:\/\/dealer.tiscontrol.com.tr\/en\/wp-json\/wp\/v2\/product\/2984","targetHints":{"allow":["GET"]}}],"collection":[{"href":"https:\/\/dealer.tiscontrol.com.tr\/en\/wp-json\/wp\/v2\/product"}],"about":[{"href":"https:\/\/dealer.tiscontrol.com.tr\/en\/wp-json\/wp\/v2\/types\/product"}],"replies":[{"embeddable":true,"href":"https:\/\/dealer.tiscontrol.com.tr\/en\/wp-json\/wp\/v2\/comments?post=2984"}],"wp:featuredmedia":[{"embeddable":true,"href":"https:\/\/dealer.tiscontrol.com.tr\/en\/wp-json\/wp\/v2\/media\/2735"}],"wp:attachment":[{"href":"https:\/\/dealer.tiscontrol.com.tr\/en\/wp-json\/wp\/v2\/media?parent=2984"}],"wp:term":[{"taxonomy":"product_brand","embeddable":true,"href":"https:\/\/dealer.tiscontrol.com.tr\/en\/wp-json\/wp\/v2\/product_brand?post=2984"},{"taxonomy":"product_cat","embeddable":true,"href":"https:\/\/dealer.tiscontrol.com.tr\/en\/wp-json\/wp\/v2\/product_cat?post=2984"},{"taxonomy":"product_tag","embeddable":true,"href":"https:\/\/dealer.tiscontrol.com.tr\/en\/wp-json\/wp\/v2\/product_tag?post=2984"}],"curies":[{"name":"wp","href":"https:\/\/api.w.org\/{rel}","templated":true}]}}