{"id":3010,"date":"2025-01-19T10:26:06","date_gmt":"2025-01-19T10:26:06","guid":{"rendered":"https:\/\/dealer.tiscontrol.com.tr\/?post_type=product&#038;p=3010"},"modified":"2026-01-18T00:37:43","modified_gmt":"2026-01-17T21:37:43","slug":"6-cikisli-0-10v-dimmer-modulu-balast-kontrol-cihazi","status":"publish","type":"product","link":"https:\/\/dealer.tiscontrol.com.tr\/en\/product\/6-cikisli-0-10v-dimmer-modulu-balast-kontrol-cihazi\/","title":{"rendered":"6 \u00c7\u0131k\u0131\u015fl\u0131 0-10v Dimmer Mod\u00fcl\u00fc Balast Kontrol Cihaz\u0131"},"content":{"rendered":"<h2 data-pm-slice=\"1 1 []\">Ak\u0131ll\u0131 Ayd\u0131nlatma ile Konforlu Ya\u015fam<\/h2>\n<p><strong>T\u0130S 6 \u00c7\u0131k\u0131\u015fl\u0131 Balast Kontrol Cihaz\u0131<\/strong>, ev ve i\u015f yerlerinizde ayd\u0131nlatmay\u0131 daha konforlu hale getirir. Bu mod\u00fcle sahip olarak, 0-10V \u0131\u015f\u0131klar\u0131n\u0131z\u0131 kolayca kontrol edebilir, &amp; diledi\u011finiz atmosferi yaratabilirsiniz. Ma\u011fazan\u0131zda m\u00fc\u015fterilerin ilgisini \u00e7ekecek bir ortam olu\u015fturun. I\u015f\u0131klar\u0131 istedi\u011finiz gibi ayarlay\u0131n. Evinizde ise, sevdiklerinizin foto\u011fraflar\u0131n\u0131 huzur veren bir \u0131\u015f\u0131kla \u00e7evreleyip s\u0131cak bir ortam yaratabilirsiniz.<\/p>\n<h2>Tek Uygulama ile T\u00fcm I\u015f\u0131klar Kontrol Alt\u0131nda<\/h2>\n<p>Her \u015feyi tek uygulama \u00fczerinden kontrol edin. \u0130\u015fte bu kadar basit. Karma\u015f\u0131k kurulumlar ya da kafa kar\u0131\u015ft\u0131r\u0131c\u0131 ayarlar olmaks\u0131z\u0131n, ak\u0131ll\u0131 ayd\u0131nlatman\u0131n keyfine var\u0131n. <strong>6 \u00c7\u0131k\u0131\u015fl\u0131 Balast Kontrol Cihaz\u0131<\/strong>, kullan\u0131c\u0131 dostu yap\u0131s\u0131yla ayd\u0131nlatma sisteminizi bir \u00fcst seviyeye ta\u015f\u0131r (telefonunuzdan kolayca eri\u015fim sa\u011flayarak) \u0131\u015f\u0131klar\u0131n\u0131z\u0131 diledi\u011finiz gibi y\u00f6netebilirsiniz.<\/p>\n<h2>Ticari Alanlar \u0130\u00e7in \u0130deal \u00c7\u00f6z\u00fcm<\/h2>\n<p>Ticari alanlarda \u0131\u015f\u0131kland\u0131rma, m\u00fc\u015fteri deneyimini do\u011frudan etkileyebilir. TIS 6 \u00c7\u0131k\u0131\u015fl\u0131 0-10v Dimmer Mod\u00fcl\u00fc, ma\u011fazan\u0131z\u0131n vitrininde veya i\u00e7 mek\u00e2n\u0131nda istedi\u011finiz atmosferi yaratman\u0131za imk\u00e2n tan\u0131r. I\u015f\u0131klar\u0131n parlakl\u0131\u011f\u0131n\u0131 ayarlay\u0131n, \u00fcr\u00fcnlerinizi en iyi \u015fekilde sergileyin ve m\u00fc\u015fterilerinizin dikkatini \u00e7ekin. Bu mod\u00fcl, ticari projelerinizde de size b\u00fcy\u00fck kolayl\u0131k sa\u011flar.<\/p>\n","protected":false},"excerpt":{"rendered":"<p>\u26a1 \u00dcr\u00fcn, 6 kanal voltaj anahtarlama \u00e7\u0131k\u0131\u015f\u0131na sahiptir.<\/p>\n<p>\ud83d\udd0c Nominal voltaj, 50\/60 Hz\u00a0 230v AC&#8217;dir ve maksimum anahtarlama voltaj\u0131 125v DC\/ 440v AC&#8217;dir.<\/p>\n<p>\ud83d\udd0b Her kanal i\u00e7in nominal ak\u0131m 10 A olup, toplam y\u00fck kanal\u0131 maksimum 60 A&#8217;dir.<\/p>\n<p>\u23f3 Mekanik servis \u00f6mr\u00fc 10,000,000 kezden fazlad\u0131r.<\/p>\n<p>\ud83d\udce1 TIS bus protokol\u00fc ile komutlar ve mesajlar g\u00f6nderilebilir.<\/p>\n<p>\ud83d\udee0\ufe0f 35 mm standart DIN ray\u0131na monte edilebilir ve duvara vidal\u0131 montaj yap\u0131labilir.<\/p>\n<p>\ud83d\udca1 Ayd\u0131nlatma kontrol\u00fc, perde kontrol\u00fc ve farkl\u0131 senaryolar i\u00e7in kullan\u0131labilir.<\/p>\n","protected":false},"featured_media":2696,"comment_status":"open","ping_status":"closed","template":"","meta":{"_acf_changed":false},"product_brand":[433],"product_cat":[101,103],"product_tag":[181,177,180,175,176,167,428],"class_list":{"0":"post-3010","1":"product","2":"type-product","3":"status-publish","4":"has-post-thumbnail","6":"product_brand-tiscontrol","7":"product_cat-actuators","8":"product_cat-dimmers","9":"product_tag-0-10v-dimmer","10":"product_tag-aydinlatma-otomasyonu","11":"product_tag-balast","12":"product_tag-dimmer","13":"product_tag-enerji-tasarrufu","14":"product_tag-otomasyon","15":"product_tag-tiscontrol","17":"first","18":"onbackorder","19":"taxable","20":"shipping-taxable","21":"product-type-simple","22":"add-to-wishlist-after_add_to_cart"},"acf":[],"_links":{"self":[{"href":"https:\/\/dealer.tiscontrol.com.tr\/en\/wp-json\/wp\/v2\/product\/3010","targetHints":{"allow":["GET"]}}],"collection":[{"href":"https:\/\/dealer.tiscontrol.com.tr\/en\/wp-json\/wp\/v2\/product"}],"about":[{"href":"https:\/\/dealer.tiscontrol.com.tr\/en\/wp-json\/wp\/v2\/types\/product"}],"replies":[{"embeddable":true,"href":"https:\/\/dealer.tiscontrol.com.tr\/en\/wp-json\/wp\/v2\/comments?post=3010"}],"wp:featuredmedia":[{"embeddable":true,"href":"https:\/\/dealer.tiscontrol.com.tr\/en\/wp-json\/wp\/v2\/media\/2696"}],"wp:attachment":[{"href":"https:\/\/dealer.tiscontrol.com.tr\/en\/wp-json\/wp\/v2\/media?parent=3010"}],"wp:term":[{"taxonomy":"product_brand","embeddable":true,"href":"https:\/\/dealer.tiscontrol.com.tr\/en\/wp-json\/wp\/v2\/product_brand?post=3010"},{"taxonomy":"product_cat","embeddable":true,"href":"https:\/\/dealer.tiscontrol.com.tr\/en\/wp-json\/wp\/v2\/product_cat?post=3010"},{"taxonomy":"product_tag","embeddable":true,"href":"https:\/\/dealer.tiscontrol.com.tr\/en\/wp-json\/wp\/v2\/product_tag?post=3010"}],"curies":[{"name":"wp","href":"https:\/\/api.w.org\/{rel}","templated":true}]}}