{"id":3028,"date":"2025-01-19T12:31:59","date_gmt":"2025-01-19T12:31:59","guid":{"rendered":"https:\/\/dealer.tiscontrol.com.tr\/?post_type=product&#038;p=3028"},"modified":"2026-01-18T00:37:35","modified_gmt":"2026-01-17T21:37:35","slug":"dali-4-cikisli-dc-yatay-led-surucu","status":"publish","type":"product","link":"https:\/\/dealer.tiscontrol.com.tr\/en\/product\/dali-4-cikisli-dc-yatay-led-surucu\/","title":{"rendered":"Dali 4 \u00c7\u0131k\u0131\u015fl\u0131 DC Yatay Led S\u00fcr\u00fcc\u00fc"},"content":{"rendered":"<h2 data-pm-slice=\"1 1 []\"><strong>G\u00f6z Al\u0131c\u0131 Ayd\u0131nlatma Deneyimi<\/strong><\/h2>\n<p data-pm-slice=\"1 1 []\">DALI 4 \u00c7\u0131k\u0131\u015fl\u0131 DC Yatay Led S\u00fcr\u00fcc\u00fc, ayd\u0131nlatma sisteminizi bir \u00fcst seviyeye ta\u015f\u0131yor. Diyece\u011fim \u015fu ki, 0%-100% aras\u0131 p\u00fcr\u00fczs\u00fcz bir dimleme \u00f6zelli\u011fine sahip. Bu sayede, g\u00f6zleriniz i\u00e7in en uygun \u0131\u015f\u0131k seviyesini ayarlayabilirsiniz. Logaritmik dimleme teknolojisi, insan g\u00f6z\u00fcn\u00fcn do\u011fal alg\u0131s\u0131na uygun bir ayd\u0131nlatma Sunar. B\u00f6ylece evinizde veya i\u015f yerinizde rahat &amp; konforlu bir atmosfer yaratabilirsiniz.<\/p>\n<h3><strong>Esnek ve G\u00fc\u00e7l\u00fc Kontrol<\/strong><\/h3>\n<p data-pm-slice=\"1 1 []\">\u00dcr\u00fcn, 4 kanal ve her kanal i\u00e7in 8A \u00e7\u0131k\u0131\u015f kapasitesi ile esnek kontrol imkan\u0131. DALI protokol\u00fcne uygun olarak, tek DALI adresi \u00fczerinden d\u00f6rt kanal\u0131 senkronize kontrol edebilirsiniz (ger\u00e7ekten harika). \u0130ster manuel ister ana kontrol cihazlar\u0131yla otomatik DALI adresi atay\u0131n. Bu \u00f6zellik (bence \u00e7ok kullan\u0131\u015fl\u0131), ayd\u0131nlatma sisteminizi ki\u015fiselle\u015ftirmenize ve ihtiya\u00e7lar\u0131n\u0131za g\u00f6re optimize etmenize olanak tan\u0131r.<\/p>\n<h3><strong>G\u00fcvenilir ve Sertifikal\u0131 Performans<\/strong><\/h3>\n<p data-pm-slice=\"1 1 []\">DALI 4 \u00c7\u0131k\u0131\u015fl\u0131 DC Yatay Led S\u00fcr\u00fcc\u00fc TUV CE sertifikal\u0131d\u0131r. Uluslararas\u0131 DALI standartlar\u0131na (IEC 62386-102, IEC 62386-207) uygundur. \u00dcr\u00fcn\u00fcn g\u00fcvenilirli\u011fini garantiler ve di\u011fer uluslararas\u0131 DALI \u00fcr\u00fcnleriyle uyumlu \u00e7al\u0131\u015fabilmesini de Sa\u011flar. LED \u0131\u015f\u0131klarla birlikte g\u00fczel bir sistem kurabilir ve g\u00fc\u00e7 tekrarlay\u0131c\u0131lar ile \u00e7\u0131k\u0131\u015f\u0131 Geni\u015fletebilirsiniz.<\/p>\n","protected":false},"excerpt":{"rendered":"<p>\ud83c\udf1f DALI 4 \u00c7\u0131k\u0131\u015fl\u0131 DC Yatay Led S\u00fcr\u00fcc\u00fc, 0%-100% aras\u0131 p\u00fcr\u00fczs\u00fcz dimleme \u00f6zelli\u011fi sunarak g\u00f6zler i\u00e7in en uygun \u0131\u015f\u0131k seviyesini ayarlama imkan\u0131 sa\u011flar.<\/p>\n<p>\ud83c\udfe1 Logaritmik dimleme teknolojisi, insan g\u00f6z\u00fcn\u00fcn do\u011fal alg\u0131s\u0131na uygun bir ayd\u0131nlatma sunarak rahat ve konforlu bir atmosfer yarat\u0131r.<\/p>\n<p>\ud83d\udd04 \u00dcr\u00fcn, 4 kanal ve her kanal i\u00e7in 8A \u00e7\u0131k\u0131\u015f kapasitesi ile esnek kontrol imkan\u0131 sunar.<\/p>\n<p>\ud83d\udce1 DALI protokol\u00fcne uygun olarak, tek DALI adresi \u00fczerinden d\u00f6rt kanal\u0131 senkronize kontrol edebilme \u00f6zelli\u011fi mevcuttur.<\/p>\n<p>\u2705 TUV CE sertifikal\u0131 olan \u00fcr\u00fcn, uluslararas\u0131 DALI standartlar\u0131na uygundur ve g\u00fcvenilir performans sunar.<\/p>\n<p>\ud83d\udd0c Di\u011fer uluslararas\u0131 DALI \u00fcr\u00fcnleriyle uyumlu \u00e7al\u0131\u015fabilir ve g\u00fc\u00e7 tekrarlay\u0131c\u0131lar ile \u00e7\u0131k\u0131\u015f\u0131 geni\u015fletebilirsiniz.<\/p>\n<p>\ud83c\udf9b\ufe0f Ayd\u0131nlatma sisteminizi ki\u015fiselle\u015ftirmenize ve optimize etmenize olanak tan\u0131r.<\/p>\n","protected":false},"featured_media":2746,"comment_status":"open","ping_status":"closed","template":"","meta":{"_acf_changed":false},"product_brand":[433],"product_cat":[101,108],"product_tag":[177,175,182,176,188,167,189,428],"class_list":{"0":"post-3028","1":"product","2":"type-product","3":"status-publish","4":"has-post-thumbnail","6":"product_brand-tiscontrol","7":"product_cat-actuators","8":"product_cat-led-driver","9":"product_tag-aydinlatma-otomasyonu","10":"product_tag-dimmer","11":"product_tag-dmx","12":"product_tag-enerji-tasarrufu","13":"product_tag-led-surucu","14":"product_tag-otomasyon","15":"product_tag-rgb-renk-kontrol","16":"product_tag-tiscontrol","18":"first","19":"onbackorder","20":"taxable","21":"shipping-taxable","22":"product-type-simple","23":"add-to-wishlist-after_add_to_cart"},"acf":[],"_links":{"self":[{"href":"https:\/\/dealer.tiscontrol.com.tr\/en\/wp-json\/wp\/v2\/product\/3028","targetHints":{"allow":["GET"]}}],"collection":[{"href":"https:\/\/dealer.tiscontrol.com.tr\/en\/wp-json\/wp\/v2\/product"}],"about":[{"href":"https:\/\/dealer.tiscontrol.com.tr\/en\/wp-json\/wp\/v2\/types\/product"}],"replies":[{"embeddable":true,"href":"https:\/\/dealer.tiscontrol.com.tr\/en\/wp-json\/wp\/v2\/comments?post=3028"}],"wp:featuredmedia":[{"embeddable":true,"href":"https:\/\/dealer.tiscontrol.com.tr\/en\/wp-json\/wp\/v2\/media\/2746"}],"wp:attachment":[{"href":"https:\/\/dealer.tiscontrol.com.tr\/en\/wp-json\/wp\/v2\/media?parent=3028"}],"wp:term":[{"taxonomy":"product_brand","embeddable":true,"href":"https:\/\/dealer.tiscontrol.com.tr\/en\/wp-json\/wp\/v2\/product_brand?post=3028"},{"taxonomy":"product_cat","embeddable":true,"href":"https:\/\/dealer.tiscontrol.com.tr\/en\/wp-json\/wp\/v2\/product_cat?post=3028"},{"taxonomy":"product_tag","embeddable":true,"href":"https:\/\/dealer.tiscontrol.com.tr\/en\/wp-json\/wp\/v2\/product_tag?post=3028"}],"curies":[{"name":"wp","href":"https:\/\/api.w.org\/{rel}","templated":true}]}}