{"id":3044,"date":"2025-01-19T17:06:52","date_gmt":"2025-01-19T17:06:52","guid":{"rendered":"https:\/\/dealer.tiscontrol.com.tr\/?post_type=product&#038;p=3044"},"modified":"2026-01-18T00:37:35","modified_gmt":"2026-01-17T21:37:35","slug":"hava-kalite-sensoru","status":"publish","type":"product","link":"https:\/\/dealer.tiscontrol.com.tr\/en\/product\/hava-kalite-sensoru\/","title":{"rendered":"Hava Kalite Sens\u00f6r\u00fc"},"content":{"rendered":"<h2 data-pm-slice=\"1 1 []\">G\u00fcvenli ve Sa\u011fl\u0131kl\u0131 Bir Ortam \u0130\u00e7in<\/h2>\n<p data-pm-slice=\"1 1 []\">TIS hava Kalite sens\u00f6r\u00fc var ya, hastaneler, klinikler ve diyet sa\u011fl\u0131k kurumlar\u0131nda \u00e7al\u0131\u015f\u0131r. Hava kalitesini \u00fcst d\u00fczeYde tutuyor diyebiliriz. Bu cihaz\u0131n i\u00e7inde <strong>karbon monoksit (CO)<\/strong>, <strong>karbondioksit (CO2)<\/strong>, <strong>u\u00e7ucu organik bile\u015fikler (VOC)<\/strong> gibi bir\u00e7ok hassas sens\u00f6r var. Art\u0131 <strong>s\u0131cakl\u0131k<\/strong>, <strong>NEM<\/strong>, <strong>\u0131\u015f\u0131k yo\u011funlu\u011fu<\/strong> ve <strong>hareket<\/strong> i\u00e7in de sens\u00f6rler i\u00e7eriyor. \u0130\u00e7 mek\u00e2n havas\u0131n\u0131 temiz tutmak i\u00e7in yap\u0131ld\u0131 bu. \u00d6zellikle i\u00e7erideki havalarda, kap\u0131 ve pencereler a\u00e7\u0131k oldu\u011funda ki mesela yaz zaman\u0131 b\u00f6yle oluyor, hava kalitesi k\u00f6t\u00fcle\u015febiliyor. TIS sens\u00f6r\u00fc i\u015fte bu zararl\u0131 gazlar\u0131 tespit edip temiz havay\u0131 korur.<\/p>\n<h2>Ev ve Ticari Kullan\u0131m \u0130\u00e7in \u0130deal<\/h2>\n<p data-pm-slice=\"1 1 []\">Bu sens\u00f6r sadece sa\u011fl\u0131k yerleri i\u00e7in de\u011fil evde ya da ba\u015fka ticari projelerde de \u00e7ok i\u015fine yar\u0131yor. Hani bir &#8216;sessiz katil&#8217; vard\u0131r ya, me\u015fhur karbon monoksit gaz\u0131 i\u015fte onu buluyor hemen &amp; t\u0131k diye fan\u0131 a\u00e7\u0131yor ve size haber veriyor. Ayr\u0131ca odan\u0131n s\u0131cakl\u0131\u011f\u0131 ile nemi dengede tutuyor ki duvarlar k\u00fcflenmesin diye. S\u0131cakl\u0131klar aniden de\u011fi\u015fti\u011finde, ortamdaki hava ko\u015fullar\u0131n\u0131 g\u00fcvenli h\u00e2le getirir.<\/p>\n<h2>Aile ve Ya\u015fl\u0131 Bak\u0131m\u0131 \u0130\u00e7in Ekstra G\u00fcvenlik<\/h2>\n<p data-pm-slice=\"1 1 []\">TIS Hava Kalite Sens\u00f6r\u00fc, ya\u015fl\u0131lar ve bebekler i\u00e7inde ekstra g\u00fcvence sa\u011flar \u00e7\u00fcnk\u00fc \u00f6zel mikrofonu var. Ya\u015fl\u0131 biri yard\u0131m istedi\u011finde TIS hemen mobil uygulaman\u0131za haber g\u00f6nderiyor (\u00e7ok pratik!). Bebek odas\u0131nda ise s\u0131cakl\u0131k ve nemi en iyi seviyede tutup ani bebek \u00f6l\u00fcm\u00fc sendromu (SIDS) riskini azalt\u0131r. Bebek a\u011flay\u0131nca sensor sayesinde \u00e7abucak uyar\u0131l\u0131rs\u0131n\u0131z. Ekstra bir enerjiyi de tasarruf ettiriyor; TIS PIR Hareket Sens\u00f6r\u00fc ile u\u011fra\u015f\u0131nca bu enerjiyi harika \u015fekilde kullan\u0131yor.<\/p>\n","protected":false},"excerpt":{"rendered":"<p>\ud83c\udfe5 <strong>Sa\u011fl\u0131k Kurumlar\u0131 \u0130\u00e7in Tasar\u0131m:<\/strong> TIS Hava Kalite Sens\u00f6r\u00fc, hastaneler ve klinikler gibi sa\u011fl\u0131k kurumlar\u0131nda hava kalitesini en \u00fcst d\u00fczeyde tutmak i\u00e7in tasarlanm\u0131\u015ft\u0131r.<\/p>\n<p>\ud83c\udf2c\ufe0f <strong>\u00c7ok Y\u00f6nl\u00fc Sens\u00f6rler:<\/strong> Cihaz, karbon monoksit, karbondioksit, u\u00e7ucu organik bile\u015fikler, s\u0131cakl\u0131k, nem, \u0131\u015f\u0131k yo\u011funlu\u011fu ve hareket sens\u00f6rleri ile donat\u0131lm\u0131\u015ft\u0131r.<\/p>\n<p>\ud83c\udfe0 <strong>Ev ve Ticari Kullan\u0131m:<\/strong> Sens\u00f6r, sadece sa\u011fl\u0131k kurumlar\u0131 i\u00e7in de\u011fil, ev ve ticari projeler i\u00e7in de uygundur ve karbon monoksit tespit etti\u011finde otomatik olarak fan\u0131 \u00e7al\u0131\u015ft\u0131r\u0131r.<\/p>\n<p>\ud83d\udc76 <strong>Aile ve Ya\u015fl\u0131 Bak\u0131m\u0131:<\/strong> Ya\u015fl\u0131lar ve bebekler i\u00e7in ekstra g\u00fcvenlik sa\u011flar; mikrofon teknolojisi ile yard\u0131m \u00e7a\u011fr\u0131lar\u0131n\u0131 alg\u0131lar ve bebek odas\u0131nda ideal s\u0131cakl\u0131k ve nem seviyesini korur.<\/p>\n<p>\ud83d\udd14 <strong>Otomatik Uyar\u0131 Sistemi:<\/strong> Bebek a\u011flad\u0131\u011f\u0131nda veya ya\u015fl\u0131 bir aile \u00fcyesi yard\u0131m \u00e7a\u011f\u0131rd\u0131\u011f\u0131nda, TIS mobil uygulamas\u0131 \u00fczerinden uyar\u0131 g\u00f6nderir.<\/p>\n<p>\ud83c\udf21\ufe0f <strong>Hava Ko\u015fullar\u0131n\u0131 D\u00fczenleme:<\/strong> Ani s\u0131cakl\u0131k de\u011fi\u015fikliklerinde, hava ko\u015fullar\u0131n\u0131 g\u00fcvenli ve uygun hale getirir, duvarlarda k\u00fcf olu\u015fumunu engeller.<\/p>\n<p>\ud83d\udca1 <strong>Enerji Tasarrufu:<\/strong> TIS PIR Hareket sens\u00f6r\u00fc ile uyumlu \u00e7al\u0131\u015farak enerji tasarrufu sa\u011flar.<\/p>\n","protected":false},"featured_media":2649,"comment_status":"open","ping_status":"closed","template":"","meta":{"_acf_changed":false},"product_brand":[433],"product_cat":[111,110],"product_tag":[176,193,196,197,428],"class_list":{"0":"post-3044","1":"product","2":"type-product","3":"status-publish","4":"has-post-thumbnail","6":"product_brand-tiscontrol","7":"product_cat-bus-sensors","8":"product_cat-sensors","9":"product_tag-enerji-tasarrufu","10":"product_tag-hareket-sensoru","11":"product_tag-siva-alti","12":"product_tag-siva-ustu","13":"product_tag-tiscontrol","15":"first","16":"onbackorder","17":"taxable","18":"shipping-taxable","19":"product-type-simple","20":"add-to-wishlist-after_add_to_cart"},"acf":[],"_links":{"self":[{"href":"https:\/\/dealer.tiscontrol.com.tr\/en\/wp-json\/wp\/v2\/product\/3044","targetHints":{"allow":["GET"]}}],"collection":[{"href":"https:\/\/dealer.tiscontrol.com.tr\/en\/wp-json\/wp\/v2\/product"}],"about":[{"href":"https:\/\/dealer.tiscontrol.com.tr\/en\/wp-json\/wp\/v2\/types\/product"}],"replies":[{"embeddable":true,"href":"https:\/\/dealer.tiscontrol.com.tr\/en\/wp-json\/wp\/v2\/comments?post=3044"}],"wp:featuredmedia":[{"embeddable":true,"href":"https:\/\/dealer.tiscontrol.com.tr\/en\/wp-json\/wp\/v2\/media\/2649"}],"wp:attachment":[{"href":"https:\/\/dealer.tiscontrol.com.tr\/en\/wp-json\/wp\/v2\/media?parent=3044"}],"wp:term":[{"taxonomy":"product_brand","embeddable":true,"href":"https:\/\/dealer.tiscontrol.com.tr\/en\/wp-json\/wp\/v2\/product_brand?post=3044"},{"taxonomy":"product_cat","embeddable":true,"href":"https:\/\/dealer.tiscontrol.com.tr\/en\/wp-json\/wp\/v2\/product_cat?post=3044"},{"taxonomy":"product_tag","embeddable":true,"href":"https:\/\/dealer.tiscontrol.com.tr\/en\/wp-json\/wp\/v2\/product_tag?post=3044"}],"curies":[{"name":"wp","href":"https:\/\/api.w.org\/{rel}","templated":true}]}}