{"id":3065,"date":"2025-01-21T19:35:36","date_gmt":"2025-01-21T19:35:36","guid":{"rendered":"https:\/\/dealer.tiscontrol.com.tr\/?post_type=product&#038;p=3065"},"modified":"2026-01-18T00:33:39","modified_gmt":"2026-01-17T21:33:39","slug":"vrf-ag-gecidi","status":"publish","type":"product","link":"https:\/\/dealer.tiscontrol.com.tr\/en\/product\/vrf-ag-gecidi\/","title":{"rendered":"VRF A\u011f Ge\u00e7idi"},"content":{"rendered":"<h2 data-pm-slice=\"1 1 []\">Enerji Tasarrufu ve Konforun Anahtar\u0131: VRF A\u011f Ge\u00e7idi<\/h2>\n<h3><strong>Ak\u0131ll\u0131 \u0130klimlendirme \u00c7\u00f6z\u00fcmleri<\/strong><\/h3>\n<p data-pm-slice=\"1 1 []\">VRF A\u011f Ge\u00e7idi, ev veya i\u015f yerinde iklim konforunu art\u0131rmak i\u00e7in geli\u015ftirilen bir sistem. De\u011fi\u015fken so\u011futucu ak\u0131\u015f (VRF) teknolojisiyle \u00e7al\u0131\u015f\u0131yor. \u015eimdi, i\u00e7eride tam do\u011fru miktarda \u0131s\u0131tma ya da so\u011futma sa\u011fl\u0131yor bu sistem. B\u00f6ylece enerji israf\u0131 en aza iniyor ve konfor art\u0131yor. TIS VRF Mod\u00fcl\u00fc, TIS otomasyon a\u011f\u0131 ile uyum i\u00e7inde \u00e7al\u0131\u015f\u0131r. Birden fazla i\u00e7 \u00fcnitenin (veya b\u00f6lgelerin) en iyi \u015fekilde i\u015f yapmas\u0131n\u0131 sa\u011flar. Bu nedenle, farkl\u0131 odalarda farkl\u0131 s\u0131cakl\u0131k seviyeleri ayarland\u0131\u011f\u0131nda herkesin diledi\u011fi konfora ula\u015fmas\u0131 m\u00fcmk\u00fcn hale gelir.<\/p>\n<h3><strong>Sessiz ve Verimli \u00c7al\u0131\u015fma<\/strong><\/h3>\n<p data-pm-slice=\"1 1 []\">VRF A\u011f Ge\u00e7idi, eski tip HVAC sistemlere g\u00f6re pek sessiz \u00e7al\u0131\u015f\u0131r. Hem i\u00e7inde hem de d\u0131\u015far\u0131da rahats\u0131z edici g\u00fcr\u00fclt\u00fcler kalkar ortadan. Yaln\u0131z taze hava ak\u0131\u015f\u0131n\u0131 hissedersiniz. Bununla birlikte, y\u00fcksek enerji verimlili\u011fi sunar bu mod\u00fcl. B\u00fcy\u00fck bina kompleksleri, yurtlar, ticaret merkezleri ve hastaneler i\u00e7in uygundur. Is\u0131 pompas\u0131 ve \u0131s\u0131 geri kazan\u0131m sistemi gibi \u00e7al\u0131\u015f\u0131r ayn\u0131 anda; hem \u0131s\u0131tma hem de so\u011futma g\u00f6revini \u00fcstlenebilir.<\/p>\n<h3><strong>Kolay Kurulum ve Hafif Tasar\u0131m<\/strong><\/h3>\n<p data-pm-slice=\"1 1 []\">TIS VRF ekipman\u0131, kanall\u0131 ekipmanlardan \u00e7ok daha hafif oldu\u011fu i\u00e7in kurulumu h\u0131zl\u0131 ve kolayd\u0131r. Bu \u00f6zelliklerle zaman ve enerjiden tasarruf sa\u011flan\u0131r. Ak\u0131ll\u0131 ev sisteminizin bir par\u00e7as\u0131 olarak VRF Mod\u00fcl\u00fc ile iklimlendirme ihtiya\u00e7lar\u0131n\u0131z\u0131 kolayca kar\u015f\u0131layabilirsiniz. Bir tane edinin bug\u00fcn; b\u00f6ylece konforunuz ve enerji tasarrufunuz arts\u0131n!<\/p>\n","protected":false},"excerpt":{"rendered":"<p>\ud83c\udf21\ufe0f <strong>\u0130klim Konforu:<\/strong> VRF A\u011f Ge\u00e7idi, de\u011fi\u015fken so\u011futucu ak\u0131\u015f (VRF) teknolojisiyle \u00e7al\u0131\u015farak ev veya i\u015f yerinde iklim konforunu art\u0131r\u0131r.<\/p>\n<p>\ud83d\udd0b <strong>Enerji Verimlili\u011fi:<\/strong> Sistem, tam do\u011fru miktarda \u0131s\u0131tma veya so\u011futma sa\u011flayarak enerji israf\u0131n\u0131 en aza indirir.<\/p>\n<p>\ud83e\udd1d <strong>Uyumlu \u00c7al\u0131\u015fma:<\/strong> TIS VRF Mod\u00fcl\u00fc, TIS otomasyon a\u011f\u0131 ile uyum i\u00e7inde \u00e7al\u0131\u015farak birden fazla i\u00e7 \u00fcnitenin en iyi \u015fekilde i\u015f yapmas\u0131n\u0131 sa\u011flar.<\/p>\n<p>\ud83d\udd07 <strong>Sessiz \u00c7al\u0131\u015fma:<\/strong> VRF A\u011f Ge\u00e7idi, eski tip HVAC sistemlere g\u00f6re daha sessiz \u00e7al\u0131\u015f\u0131r, rahats\u0131z edici g\u00fcr\u00fclt\u00fcleri ortadan kald\u0131r\u0131r.<\/p>\n<p>\ud83c\udfe2 <strong>Geni\u015f Uygulama Alan\u0131:<\/strong> B\u00fcy\u00fck bina kompleksleri, yurtlar, ticaret merkezleri ve hastaneler i\u00e7in uygundur.<\/p>\n<p>\u2699\ufe0f <strong>Kolay Kurulum:<\/strong> TIS VRF ekipman\u0131, hafif tasar\u0131m\u0131 sayesinde h\u0131zl\u0131 ve kolay kurulum imkan\u0131 sunar.<\/p>\n<p>\ud83c\udfe0 <strong>Ak\u0131ll\u0131 Ev Entegrasyonu:<\/strong> VRF Mod\u00fcl\u00fc, ak\u0131ll\u0131 ev sistemlerinin bir par\u00e7as\u0131 olarak iklimlendirme ihtiya\u00e7lar\u0131n\u0131 kar\u015f\u0131lar.<\/p>\n","protected":false},"featured_media":3066,"comment_status":"open","ping_status":"closed","template":"","meta":{"_acf_changed":false},"product_brand":[433],"product_cat":[134,135],"product_tag":[219,221,218,428,220],"class_list":{"0":"post-3065","1":"product","2":"type-product","3":"status-publish","4":"has-post-thumbnail","6":"product_brand-tiscontrol","7":"product_cat-gateways","8":"product_cat-bus-gateways","9":"product_tag-ag-gecidi","10":"product_tag-knx","11":"product_tag-modbus","12":"product_tag-tiscontrol","13":"product_tag-vrf","15":"first","16":"onbackorder","17":"taxable","18":"shipping-taxable","19":"product-type-simple","20":"add-to-wishlist-after_add_to_cart"},"acf":[],"_links":{"self":[{"href":"https:\/\/dealer.tiscontrol.com.tr\/en\/wp-json\/wp\/v2\/product\/3065","targetHints":{"allow":["GET"]}}],"collection":[{"href":"https:\/\/dealer.tiscontrol.com.tr\/en\/wp-json\/wp\/v2\/product"}],"about":[{"href":"https:\/\/dealer.tiscontrol.com.tr\/en\/wp-json\/wp\/v2\/types\/product"}],"replies":[{"embeddable":true,"href":"https:\/\/dealer.tiscontrol.com.tr\/en\/wp-json\/wp\/v2\/comments?post=3065"}],"wp:featuredmedia":[{"embeddable":true,"href":"https:\/\/dealer.tiscontrol.com.tr\/en\/wp-json\/wp\/v2\/media\/3066"}],"wp:attachment":[{"href":"https:\/\/dealer.tiscontrol.com.tr\/en\/wp-json\/wp\/v2\/media?parent=3065"}],"wp:term":[{"taxonomy":"product_brand","embeddable":true,"href":"https:\/\/dealer.tiscontrol.com.tr\/en\/wp-json\/wp\/v2\/product_brand?post=3065"},{"taxonomy":"product_cat","embeddable":true,"href":"https:\/\/dealer.tiscontrol.com.tr\/en\/wp-json\/wp\/v2\/product_cat?post=3065"},{"taxonomy":"product_tag","embeddable":true,"href":"https:\/\/dealer.tiscontrol.com.tr\/en\/wp-json\/wp\/v2\/product_tag?post=3065"}],"curies":[{"name":"wp","href":"https:\/\/api.w.org\/{rel}","templated":true}]}}