{"id":3072,"date":"2025-01-21T19:49:57","date_gmt":"2025-01-21T19:49:57","guid":{"rendered":"https:\/\/dealer.tiscontrol.com.tr\/?post_type=product&#038;p=3072"},"modified":"2026-01-18T00:33:39","modified_gmt":"2026-01-17T21:33:39","slug":"ac-gateway-iklimlendirme-ag-gecidi","status":"publish","type":"product","link":"https:\/\/dealer.tiscontrol.com.tr\/en\/product\/ac-gateway-iklimlendirme-ag-gecidi\/","title":{"rendered":"AC Gateway iklimlendirme a\u011f ge\u00e7idi"},"content":{"rendered":"<h2 data-pm-slice=\"1 1 []\">\u00dcst\u00fcn \u0130klimlendirme A\u011f Ge\u00e7idi ile Konforu Yakalay\u0131n<\/h2>\n<h3>\u00c7oklu Marka Deste\u011fi ile Esneklik<\/h3>\n<p data-pm-slice=\"1 1 []\">\u0130klimlendirme a\u011f ge\u00e7idimiz <strong>Daikin, Midea, Mitsubishi Gree, Hitachi<\/strong> &amp; daha bir\u00e7ok pop\u00fcler klima markas\u0131n\u0131 destekler. Bu geni\u015f uyum sayesinde evinizde ya da i\u015f yerinizde hangi marka kullan\u0131yor olursan\u0131z olun, bu cihazla kolayca entegre edebilirsiniz. TIS protokol\u00fcyle \u00e7al\u0131\u015fan bu cihaz, farkl\u0131 klimalar\u0131 tek bir merkezden kontrol etmenizi sa\u011flar. Bu esneklik, kullan\u0131c\u0131lar\u0131n farkl\u0131 markalar aras\u0131nda ge\u00e7i\u015f yaparken konforlar\u0131n\u0131 kaybetmemelerini sa\u011flar.<\/p>\n<h3>Kolay Kurulum ve Kullan\u0131m<\/h3>\n<p data-pm-slice=\"1 1 []\">Bu iklimlendirme a\u011f ge\u00e7idi harici g\u00fc\u00e7 kayna\u011f\u0131 gerektirmeden \u00e7al\u0131\u015f\u0131r ki bu da kurulumu olduk\u00e7a basitle\u015ftirir. Duvara monte edebilir ya da masa \u00fcst\u00fcnde serbest\u00e7e yerle\u015ftirebilirsiniz. Size yerle\u015ftirme konusunda tam bir esneklik sa\u011fl\u0131yor. Basit kablolama sistemi sayesinde, cihaz\u0131 h\u0131zla kurup hemen kullanmaya ba\u015flayabilirsiniz. Ayr\u0131ca uzaktan sorun giderme i\u015fleviyle herhangi bir problem ya\u015fad\u0131\u011f\u0131n\u0131zda h\u0131zl\u0131 \u00e7\u00f6z\u00fcm bulabilirsiniz.<\/p>\n<h3>Geli\u015fmi\u015f Kontrol \u00d6zellikleri<\/h3>\n<p data-pm-slice=\"1 1 []\">Bu a\u011f ge\u00e7idi fan h\u0131z\u0131n\u0131 y\u00fcksek, orta ve d\u00fc\u015f\u00fck seviyelerde ayarlama imkan\u0131 sunar. Is\u0131tma ve so\u011futma fonksiyonlar\u0131n\u0131 da kontrol edebilirsiniz. Bu \u00f6zelliklerle kullan\u0131c\u0131lar ortam s\u0131cakl\u0131\u011f\u0131n\u0131 tam istedikleri gibi ayarlayabilirler. Bluetooth&#8217;la dahili i\u015flev y\u00fckseltme \u00f6zelli\u011fi g\u00fcncel tutar ve en yeni \u00f6zelliklerden faydalanman\u0131z\u0131 sa\u011flar. Ters polarite korumas\u0131 &amp; h\u0131zl\u0131 tepki s\u00fcresi ile g\u00fcvenli ve etkili kullan\u0131m sunar.<\/p>\n","protected":false},"excerpt":{"rendered":"<p>\ud83c\udf2c\ufe0f <strong>\u00c7oklu Marka Deste\u011fi:<\/strong> \u0130klimlendirme a\u011f ge\u00e7idi, Daikin, Midea, Mitsubishi, Gree, Hitachi gibi bir\u00e7ok pop\u00fcler klima markas\u0131n\u0131 destekler, bu da farkl\u0131 markalarla kolay entegrasyon sa\u011flar.<\/p>\n<p>\ud83d\udd04 <strong>Esneklik ve Konfor:<\/strong> TIS protokol\u00fc sayesinde farkl\u0131 klimalar\u0131 tek bir merkezden kontrol etme imkan\u0131 sunar, b\u00f6ylece kullan\u0131c\u0131lar marka de\u011fi\u015ftirirken konforlar\u0131n\u0131 kaybetmezler.<\/p>\n<p>\ud83d\udee0\ufe0f <strong>Kolay Kurulum:<\/strong> Harici g\u00fc\u00e7 kayna\u011f\u0131 gerektirmeyen sistem, duvara monte edilebilir veya masa \u00fcst\u00fcnde serbest\u00e7e yerle\u015ftirilebilir, bu da kurulum ve kullan\u0131mda esneklik sa\u011flar.<\/p>\n<p>\u26a1 <strong>Basit Kablolama:<\/strong> H\u0131zl\u0131 kurulum ve kullan\u0131m i\u00e7in basit kablolama sistemi sunar, ayr\u0131ca uzaktan sorun giderme i\u015flevi ile h\u0131zl\u0131 \u00e7\u00f6z\u00fcm imkan\u0131 tan\u0131r.<\/p>\n<p>\ud83c\udf21\ufe0f <strong>Geli\u015fmi\u015f Kontrol \u00d6zellikleri:<\/strong> Fan h\u0131z\u0131n\u0131 ayarlama, \u0131s\u0131tma ve so\u011futma fonksiyonlar\u0131n\u0131 kontrol etme gibi \u00f6zellikler sunar, b\u00f6ylece kullan\u0131c\u0131lar ortam s\u0131cakl\u0131\u011f\u0131n\u0131 istedikleri gibi ayarlayabilirler.<\/p>\n<p>\ud83d\udcf2 <strong>Bluetooth ve G\u00fcvenlik:<\/strong> Bluetooth ile dahili i\u015flev y\u00fckseltme, ters polarite korumas\u0131 ve h\u0131zl\u0131 tepki s\u00fcresi ile g\u00fcvenli ve etkili kullan\u0131m sa\u011flar.<\/p>\n<p>\ud83d\udd27 <strong>G\u00fcncel Teknoloji:<\/strong> Cihaz, en yeni \u00f6zelliklerden faydalanman\u0131z\u0131 sa\u011flayarak s\u00fcrekli g\u00fcncel kal\u0131r.<\/p>\n","protected":false},"featured_media":3073,"comment_status":"open","ping_status":"closed","template":"","meta":{"_acf_changed":false},"product_brand":[433],"product_cat":[134,135],"product_tag":[219,218,428,220],"class_list":{"0":"post-3072","1":"product","2":"type-product","3":"status-publish","4":"has-post-thumbnail","6":"product_brand-tiscontrol","7":"product_cat-gateways","8":"product_cat-bus-gateways","9":"product_tag-ag-gecidi","10":"product_tag-modbus","11":"product_tag-tiscontrol","12":"product_tag-vrf","14":"first","15":"onbackorder","16":"taxable","17":"shipping-taxable","18":"product-type-simple","19":"add-to-wishlist-after_add_to_cart"},"acf":[],"_links":{"self":[{"href":"https:\/\/dealer.tiscontrol.com.tr\/en\/wp-json\/wp\/v2\/product\/3072","targetHints":{"allow":["GET"]}}],"collection":[{"href":"https:\/\/dealer.tiscontrol.com.tr\/en\/wp-json\/wp\/v2\/product"}],"about":[{"href":"https:\/\/dealer.tiscontrol.com.tr\/en\/wp-json\/wp\/v2\/types\/product"}],"replies":[{"embeddable":true,"href":"https:\/\/dealer.tiscontrol.com.tr\/en\/wp-json\/wp\/v2\/comments?post=3072"}],"wp:featuredmedia":[{"embeddable":true,"href":"https:\/\/dealer.tiscontrol.com.tr\/en\/wp-json\/wp\/v2\/media\/3073"}],"wp:attachment":[{"href":"https:\/\/dealer.tiscontrol.com.tr\/en\/wp-json\/wp\/v2\/media?parent=3072"}],"wp:term":[{"taxonomy":"product_brand","embeddable":true,"href":"https:\/\/dealer.tiscontrol.com.tr\/en\/wp-json\/wp\/v2\/product_brand?post=3072"},{"taxonomy":"product_cat","embeddable":true,"href":"https:\/\/dealer.tiscontrol.com.tr\/en\/wp-json\/wp\/v2\/product_cat?post=3072"},{"taxonomy":"product_tag","embeddable":true,"href":"https:\/\/dealer.tiscontrol.com.tr\/en\/wp-json\/wp\/v2\/product_tag?post=3072"}],"curies":[{"name":"wp","href":"https:\/\/api.w.org\/{rel}","templated":true}]}}