{"id":3084,"date":"2025-01-21T20:33:11","date_gmt":"2025-01-21T20:33:11","guid":{"rendered":"https:\/\/dealer.tiscontrol.com.tr\/?post_type=product&#038;p=3084"},"modified":"2026-01-18T00:33:39","modified_gmt":"2026-01-17T21:33:39","slug":"akilli-guvenlik-modulu","status":"publish","type":"product","link":"https:\/\/dealer.tiscontrol.com.tr\/en\/product\/akilli-guvenlik-modulu\/","title":{"rendered":"Ak\u0131ll\u0131 G\u00fcvenlik Mod\u00fcl\u00fc"},"content":{"rendered":"<h2 data-pm-slice=\"1 1 []\">G\u00fcvenli\u011finizi Y\u00fckseltin: Ak\u0131ll\u0131 G\u00fcvenlik Mod\u00fcl\u00fc ile Tan\u0131\u015f\u0131n<\/h2>\n<h3><strong>Evinizde G\u00fcvende Hissedin<\/strong><\/h3>\n<p data-pm-slice=\"1 1 []\">Ak\u0131ll\u0131 G\u00fcvenlik Mod\u00fcl\u00fc, evinizin g\u00fcvenlik seviyesini art\u0131r\u0131yor. Bu mod\u00fcl, TIS Smart Home Company taraf\u0131ndan geli\u015ftirilmi\u015ftir ve t\u00fcm TIS hareket sens\u00f6rleri &amp; dijital giri\u015flerle uyumludur. 3000&#8217;den fazla BUS giri\u015fini 8 farkl\u0131 b\u00f6lgede kapsayabilir. Bu sayede, evinizin her k\u00f6\u015fesi korunmu\u015f olur. Duman dedekt\u00f6r\u00fcn\u00fcz s\u00fcrekli aktif kalabilir, arka kap\u0131 sens\u00f6r\u00fcn\u00fcz ise yaln\u0131zca evde olmad\u0131\u011f\u0131n\u0131zda devreye girebilir. \u0130\u015fte bu t\u00fcr bir esneklik, g\u00fcvenli\u011finizi ki\u015fiselle\u015ftirmenize olanak tan\u0131r.<\/p>\n<h3><strong>G\u00fcvenlik Modlar\u0131n\u0131z\u0131 Ki\u015fiselle\u015ftirin<\/strong><\/h3>\n<p data-pm-slice=\"1 1 []\">Ak\u0131ll\u0131 G\u00fcvenlik Mod\u00fcl\u00fc ile g\u00fcvenlik sisteminizin farkl\u0131 modlarda etkinle\u015ftirilip devreden \u00e7\u0131kar\u0131lmas\u0131n\u0131 sa\u011flayabilirsiniz. Tatil modu, d\u0131\u015far\u0131dayken, g\u00fcnd\u00fcz ya da gece modlar\u0131 aras\u0131nda se\u00e7im yapabilirsiniz. Dahili saat fonksiyonu ile bu mod\u00fcller kendili\u011finden ayarlanabilir. \u00d6rne\u011fin, sisteminizi her sabah saat 8&#8217;de devreden \u00e7\u0131karabilir &amp; ak\u015fam 7&#8217;de tekrar etkinle\u015ftirebilirsiniz. Hafta sonlar\u0131nda tatil modu otomatik olarak aktive edilebilir. Bu \u00f6zellikler sayesinde g\u00fcvenli\u011finizi g\u00fcnl\u00fck ya\u015fam\u0131n\u0131za entegre etme \u015fans\u0131n\u0131z artar.<\/p>\n<h3><strong>Otomasyon Projelerinizin Vazge\u00e7ilmezi<\/strong><\/h3>\n<p data-pm-slice=\"1 1 []\">Ak\u0131ll\u0131 G\u00fcvenlik Mod\u00fcl\u00fc, otomasyon projeleriniz i\u00e7in vazge\u00e7ilmez olabilir. Sistem, izinsiz giri\u015f tespit etti\u011finde t\u00fcm \u0131\u015f\u0131klar\u0131 yakar, alarm\u0131 etkinle\u015ftirir &amp; en yak\u0131n polis merkezine otomatik \u00e7a\u011fr\u0131 g\u00f6nderir. Yang\u0131n sens\u00f6r\u00fc bir \u015fey alg\u0131lad\u0131\u011f\u0131nda ise t\u00fcm klima ve vantilat\u00f6r sistemlerini durdurarak yang\u0131n\u0131n yay\u0131lmas\u0131n\u0131 \u00f6nler. Bu ak\u0131ll\u0131 \u00e7\u00f6z\u00fcmler sadece g\u00fcvenli\u011finizi art\u0131rmakla kalmaz, ayn\u0131 zamanda ya\u015fam kalitenizi de y\u00fckseltir.<\/p>\n","protected":false},"excerpt":{"rendered":"<p><strong>\ud83c\udfe0 Geli\u015fmi\u015f G\u00fcvenlik<\/strong>: Ak\u0131ll\u0131 G\u00fcvenlik Mod\u00fcl\u00fc, TIS Smart Home Company taraf\u0131ndan geli\u015ftirilmi\u015f olup, evinizin g\u00fcvenlik seviyesini art\u0131r\u0131r.<\/p>\n<p><strong>\ud83d\udd17 Uyumluluk<\/strong>: T\u00fcm TIS hareket sens\u00f6rleri ve dijital giri\u015flerle uyumludur, 3000&#8217;den fazla BUS giri\u015fini 8 farkl\u0131 b\u00f6lgede kapsayabilir.<\/p>\n<p><strong>\ud83d\udd12 Ki\u015fiselle\u015ftirilmi\u015f G\u00fcvenlik<\/strong>: Duman dedekt\u00f6rleri s\u00fcrekli aktif kalabilirken, arka kap\u0131 sens\u00f6rleri yaln\u0131zca evde olmad\u0131\u011f\u0131n\u0131zda devreye girebilir.<\/p>\n<p><strong>\u23f0 Esnek G\u00fcvenlik Modlar\u0131<\/strong>: Tatil, g\u00fcnd\u00fcz, gece gibi farkl\u0131 modlar aras\u0131nda se\u00e7im yapabilir ve dahili saat fonksiyonu ile otomatik ayarlamalar yapabilirsiniz.<\/p>\n<p><strong>\ud83d\udea8 Otomasyon Entegrasyonu<\/strong>: \u0130zinsiz giri\u015f tespit edildi\u011finde \u0131\u015f\u0131klar\u0131 yakar, alarm\u0131 etkinle\u015ftirir ve polis merkezine otomatik \u00e7a\u011fr\u0131 g\u00f6nderir.<\/p>\n<p><strong>\ud83d\udd25 Yang\u0131n G\u00fcvenli\u011fi<\/strong>: Yang\u0131n sens\u00f6r\u00fc bir \u015fey alg\u0131lad\u0131\u011f\u0131nda klima ve vantilat\u00f6r sistemlerini durdurarak yang\u0131n\u0131n yay\u0131lmas\u0131n\u0131 \u00f6nler.<\/p>\n<p><strong>\ud83c\udf1f Ya\u015fam Kalitesi<\/strong>: Bu ak\u0131ll\u0131 \u00e7\u00f6z\u00fcmler, g\u00fcvenli\u011finizi art\u0131rman\u0131n yan\u0131 s\u0131ra ya\u015fam kalitenizi de y\u00fckseltir.<\/p>\n","protected":false},"featured_media":3090,"comment_status":"open","ping_status":"closed","template":"","meta":{"_acf_changed":false},"product_brand":[433],"product_cat":[143],"product_tag":[227,229,428,228],"class_list":{"0":"post-3084","1":"product","2":"type-product","3":"status-publish","4":"has-post-thumbnail","6":"product_brand-tiscontrol","7":"product_cat-controllers","8":"product_tag-akilli-hirsiz-alarm","9":"product_tag-akilli-yangin-alarm","10":"product_tag-tiscontrol","11":"product_tag-yangin-alarm","13":"first","14":"onbackorder","15":"taxable","16":"shipping-taxable","17":"product-type-simple","18":"add-to-wishlist-after_add_to_cart"},"acf":[],"_links":{"self":[{"href":"https:\/\/dealer.tiscontrol.com.tr\/en\/wp-json\/wp\/v2\/product\/3084","targetHints":{"allow":["GET"]}}],"collection":[{"href":"https:\/\/dealer.tiscontrol.com.tr\/en\/wp-json\/wp\/v2\/product"}],"about":[{"href":"https:\/\/dealer.tiscontrol.com.tr\/en\/wp-json\/wp\/v2\/types\/product"}],"replies":[{"embeddable":true,"href":"https:\/\/dealer.tiscontrol.com.tr\/en\/wp-json\/wp\/v2\/comments?post=3084"}],"wp:featuredmedia":[{"embeddable":true,"href":"https:\/\/dealer.tiscontrol.com.tr\/en\/wp-json\/wp\/v2\/media\/3090"}],"wp:attachment":[{"href":"https:\/\/dealer.tiscontrol.com.tr\/en\/wp-json\/wp\/v2\/media?parent=3084"}],"wp:term":[{"taxonomy":"product_brand","embeddable":true,"href":"https:\/\/dealer.tiscontrol.com.tr\/en\/wp-json\/wp\/v2\/product_brand?post=3084"},{"taxonomy":"product_cat","embeddable":true,"href":"https:\/\/dealer.tiscontrol.com.tr\/en\/wp-json\/wp\/v2\/product_cat?post=3084"},{"taxonomy":"product_tag","embeddable":true,"href":"https:\/\/dealer.tiscontrol.com.tr\/en\/wp-json\/wp\/v2\/product_tag?post=3084"}],"curies":[{"name":"wp","href":"https:\/\/api.w.org\/{rel}","templated":true}]}}