{"id":3124,"date":"2025-01-30T18:55:13","date_gmt":"2025-01-30T18:55:13","guid":{"rendered":"https:\/\/dealer.tiscontrol.com.tr\/?post_type=product&#038;p=3124"},"modified":"2026-01-18T00:33:39","modified_gmt":"2026-01-17T21:33:39","slug":"knx-ag-gecidi","status":"publish","type":"product","link":"https:\/\/dealer.tiscontrol.com.tr\/en\/product\/knx-ag-gecidi\/","title":{"rendered":"KNX A\u011f ge\u00e7idi"},"content":{"rendered":"<h2 data-pm-slice=\"1 1 []\">Ak\u0131ll\u0131 Evlerinizi D\u00f6n\u00fc\u015ft\u00fcr\u00fcn: TIS BUS-KNX A\u011f Ge\u00e7idi<\/h2>\n<h3><strong>1. Ak\u0131ll\u0131 Ev Uyumlu: TIS BUS-KNX ile Her \u015eey Kontrol Alt\u0131nda<\/strong><\/h3>\n<p data-pm-slice=\"1 1 []\">TIS BUS-KNX A\u011f Ge\u00e7idi, ak\u0131ll\u0131 ev sistemlerinizi daha da ak\u0131ll\u0131 yap\u0131yor diyebiliriz. Bu cihaz, TIS BUS a\u011f\u0131n\u0131z\u0131 Avrupa&#8217;n\u0131n pop\u00fcler KNX a\u011f\u0131na ba\u011flayarak (evinizdeki t\u00fcm cihazlar\u0131) tek bir yerden kontrol etmenizi sa\u011fl\u0131yor. I\u015f\u0131klar &amp; s\u0131cakl\u0131k ile kilitler ve g\u00fcvenlik sistemleri gibi bir\u00e7ok unsuru y\u00f6netmek \u00e7ok kolay oluyor. E\u011fer KNX protokol\u00fcyle \u00e7al\u0131\u015fan bir ak\u0131ll\u0131 eviniz varsa, i\u015fler bu \u00fcr\u00fcnle \u00e7ok daha kolay hale geliyor. Evinizin IQ&#8217;sunu art\u0131rmak isteyenler i\u00e7in TIS BUS-KNX harika bir se\u00e7enek olabilir!<\/p>\n<h3><strong>2. Enerji Tasarrufu ve Konfor: TIS BUS-KNX ile Daha Azla Daha Fazlas\u0131n\u0131 Yap\u0131n<\/strong><\/h3>\n<p data-pm-slice=\"1 1 []\">TIS BUS-KNX sadece konforu art\u0131rm\u0131yor, ayn\u0131 zamanda daha az enerji kullanarak tasarruf yapman\u0131za yard\u0131mc\u0131 oluyor. Is\u0131tma &amp; enerji maliyetlerini azaltarak, daha iyi rutinler geli\u015ftirebilirsiniz. Mesela, KNX ile uyumlu panjurlar\u0131n\u0131z\u0131 \u00f6\u011fle vakti otomatik kapatabilirsiniz. B\u00f6ylece, evinizi ak\u0131ll\u0131 yapmak i\u00e7in bir\u00e7ok farkl\u0131 \u00e7\u00f6z\u00fcm alman\u0131za gerek kalmaz. Cihazlar\u0131n\u0131z, TIS BUS-KNX ile tam bir uyum i\u00e7inde \u00e7al\u0131\u015f\u0131r ve size maksimum konfor sa\u011flar.<\/p>\n<h3><strong>3. Sevdiklerinize \u00d6zel Bir Hediye: TIS BUS-KNX ile Ak\u0131ll\u0131 Evler<\/strong><\/h3>\n<p data-pm-slice=\"1 1 []\">TIS BUS-KNX mod\u00fcl\u00fc, yaln\u0131zca kendi eviniz i\u00e7in de\u011fil, sevdikleriniz i\u00e7in de s\u00fcper bir hediye se\u00e7ene\u011fi sunar. Tatil al\u0131\u015fveri\u015fi ya da yeni bir eve ta\u015f\u0131nan yak\u0131n\u0131n\u0131za hediye ararken bu mod\u00fcl m\u00fckemmel olabilir. Sevdiklerinize evlerini daha modern ve ak\u0131ll\u0131 hale getirme f\u0131rsat\u0131 vererek onlar\u0131 sevindirebilirsiniz. TIS ile s\u0131n\u0131rlar\u0131n \u00f6tesine ge\u00e7in &amp; evinizi daha d\u00fc\u015f\u00fck maliyetle dijital bir d\u00fcnya yap\u0131n.<\/p>\n","protected":false},"excerpt":{"rendered":"<p><strong>\ud83d\udd0c Ak\u0131ll\u0131 Ev Uyumlu<\/strong>: TIS BUS-KNX A\u011f Ge\u00e7idi, TIS BUS a\u011f\u0131n\u0131z\u0131 KNX a\u011f\u0131na ba\u011flayarak evdeki t\u00fcm cihazlar\u0131 tek bir yerden kontrol etmenizi sa\u011flar.<\/p>\n<p><strong>\ud83c\udf3f Enerji Tasarrufu<\/strong>: Bu cihaz, enerji maliyetlerini azaltarak daha az enerji kullanman\u0131za ve konforu art\u0131rman\u0131za yard\u0131mc\u0131 olur.<\/p>\n<p><strong>\ud83d\udd12 Kolay Y\u00f6netim<\/strong>: I\u015f\u0131klar, s\u0131cakl\u0131k, kilitler ve g\u00fcvenlik sistemleri gibi bir\u00e7ok unsuru y\u00f6netmek TIS BUS-KNX ile \u00e7ok kolay hale gelir.<\/p>\n<p><strong>\u23f0 Otomasyon \u00c7\u00f6z\u00fcmleri<\/strong>: KNX ile uyumlu panjurlar\u0131n\u0131z\u0131 otomatik kapatarak enerji tasarrufu sa\u011flayabilirsiniz.<\/p>\n","protected":false},"featured_media":3125,"comment_status":"open","ping_status":"closed","template":"","meta":{"_acf_changed":false},"product_brand":[433],"product_cat":[134,135],"product_tag":[221,247,246,428],"class_list":{"0":"post-3124","1":"product","2":"type-product","3":"status-publish","4":"has-post-thumbnail","6":"product_brand-tiscontrol","7":"product_cat-gateways","8":"product_cat-bus-gateways","9":"product_tag-knx","10":"product_tag-knx-akilli-ev-sistemleri","11":"product_tag-knx-otomasyon","12":"product_tag-tiscontrol","14":"first","15":"onbackorder","16":"taxable","17":"shipping-taxable","18":"product-type-simple","19":"add-to-wishlist-after_add_to_cart"},"acf":[],"_links":{"self":[{"href":"https:\/\/dealer.tiscontrol.com.tr\/en\/wp-json\/wp\/v2\/product\/3124","targetHints":{"allow":["GET"]}}],"collection":[{"href":"https:\/\/dealer.tiscontrol.com.tr\/en\/wp-json\/wp\/v2\/product"}],"about":[{"href":"https:\/\/dealer.tiscontrol.com.tr\/en\/wp-json\/wp\/v2\/types\/product"}],"replies":[{"embeddable":true,"href":"https:\/\/dealer.tiscontrol.com.tr\/en\/wp-json\/wp\/v2\/comments?post=3124"}],"wp:featuredmedia":[{"embeddable":true,"href":"https:\/\/dealer.tiscontrol.com.tr\/en\/wp-json\/wp\/v2\/media\/3125"}],"wp:attachment":[{"href":"https:\/\/dealer.tiscontrol.com.tr\/en\/wp-json\/wp\/v2\/media?parent=3124"}],"wp:term":[{"taxonomy":"product_brand","embeddable":true,"href":"https:\/\/dealer.tiscontrol.com.tr\/en\/wp-json\/wp\/v2\/product_brand?post=3124"},{"taxonomy":"product_cat","embeddable":true,"href":"https:\/\/dealer.tiscontrol.com.tr\/en\/wp-json\/wp\/v2\/product_cat?post=3124"},{"taxonomy":"product_tag","embeddable":true,"href":"https:\/\/dealer.tiscontrol.com.tr\/en\/wp-json\/wp\/v2\/product_tag?post=3124"}],"curies":[{"name":"wp","href":"https:\/\/api.w.org\/{rel}","templated":true}]}}