{"id":3147,"date":"2025-01-31T18:33:28","date_gmt":"2025-01-31T18:33:28","guid":{"rendered":"https:\/\/dealer.tiscontrol.com.tr\/?post_type=product&#038;p=3147"},"modified":"2026-01-18T00:29:33","modified_gmt":"2026-01-17T21:29:33","slug":"4-inc-saturn-android-tabanli-ekran","status":"publish","type":"product","link":"https:\/\/dealer.tiscontrol.com.tr\/en\/product\/4-inc-saturn-android-tabanli-ekran\/","title":{"rendered":"4 in\u00e7 Sat\u00fcrn Android Tabanl\u0131 Ekran"},"content":{"rendered":"<h3 data-pm-slice=\"1 1 []\"><strong>Kompakt ve \u015e\u0131k Tasar\u0131m<\/strong><\/h3>\n<p data-pm-slice=\"1 1 []\">Saturn 40, evinize \u015eIK bir dokunu\u015f getiren 4 in\u00e7lik parlak ekran\u0131yla dikkat \u00e7eker. Kompakt BOYUTU sayesinde, her t\u00fcrl\u00fc ev &amp; bina i\u00e7in ideal bir \u00e7\u00f6z\u00fcm sunar. Zarif tasar\u0131m\u0131 sayesinde, farkl\u0131 ZEWK ve ihtiya\u00e7lara sahip kullan\u0131c\u0131lar i\u00e7in benzersiz bir ak\u0131ll\u0131 kontrol DENEY\u0130M\u0130 yarat\u0131r. Bu ekran, odan\u0131z\u0131n atmosferini de\u011fi\u015ftirirken t\u00fcm kontrol\u00fc elinize alman\u0131z\u0131 sa\u011flar.<\/p>\n<h3><strong>Kolay ve H\u0131zl\u0131 Kurulum<\/strong><\/h3>\n<p data-pm-slice=\"1 1 []\">Saturn 40\u2019\u0131n kurulumu OLDUK\u00c7A basittir. PoE \u00f6zelli\u011fi ile, bu ak\u0131ll\u0131 ekran\u0131 ev veya bina otomasyon sisteminize kolayca entegre edebilirsiniz. WiFi, TIS-BUS &amp; Bluetooth ba\u011flant\u0131 se\u00e7enekleriyle sorunsuz bir entegrasyonu m\u00fcmk\u00fcn k\u0131lar. B\u00f6ylece, ak\u0131ll\u0131 ev sisteminizi h\u0131zla kurup kullanmaya ba\u015flayabilirsiniz.<\/p>\n<h3><strong>Geli\u015fmi\u015f Kontrol ve Entegrasyon \u00d6zellikleri<\/strong><\/h3>\n<p data-pm-slice=\"1 1 []\">Saturn 40, \u00e7evrenizdeki her \u015feyin kontrol\u00fcn\u00fc sa\u011flar. 3D harita \u00f6zelli\u011fi ile ak\u0131ll\u0131 ev kontrol\u00fcn\u00fc e\u011flenceli bir MACERA\u2019ya d\u00f6n\u00fc\u015ft\u00fcr\u00fcr. Dahili hoparl\u00f6r ile mikrofonu sayesinde interkom \u00e7a\u011fr\u0131lar\u0131n\u0131 yan\u0131tlayabilir; yo\u011fun g\u00fcnlerde kap\u0131y\u0131 kolayca a\u00e7abilirsiniz. Elektrikli cihazlar &amp; \u0131s\u0131tma-so\u011futma sistemlerini tek bir aray\u00fczden y\u00f6neterek FARKLI kumandalar ve kontrol platformlar\u0131 kullanma zahmetinden kurtulursunuz.<\/p>\n<h3><strong>G\u00f6z Al\u0131c\u0131 G\u00f6r\u00fcnt\u00fc Kalitesi<\/strong><\/h3>\n<p data-pm-slice=\"1 1 []\">4 in\u00e7lik ekran\u0131n \u00e7arp\u0131c\u0131 netli\u011fi, favori videolar\u0131n\u0131z\u0131 izlerken foto\u011fraflar\u0131n\u0131za g\u00f6z atarken ya da sevdi\u011finiz kitab\u0131n PDF\u2019ini okurken t\u00fcm detaylar\u0131 canland\u0131r\u0131r. Saturn 40 ile grafikler G\u00d6Z ALICI ve etkileyici bir \u015fekilde hayat bulur. Bu ekran, kullan\u0131c\u0131 dostu ARAY\u00dcZ\u00dc ile herkesin kolayca kullanabilece\u011fi bir \u00e7\u00f6z\u00fcm sunar.<\/p>\n","protected":false},"excerpt":{"rendered":"<p>\ud83c\udfe0 Kompakt ve \u015f\u0131k tasar\u0131m\u0131yla Saturn 40, 4 in\u00e7lik parlak ekran\u0131yla dikkat \u00e7eker ve her t\u00fcrl\u00fc ev veya bina i\u00e7in ideal bir \u00e7\u00f6z\u00fcm sunar.<\/p>\n<p>\ud83d\udd0c Kolay ve h\u0131zl\u0131 kurulum imkan\u0131 sunan Saturn 40, WiFi, TIS-BUS ve Bluetooth ba\u011flant\u0131 se\u00e7enekleriyle sorunsuz entegrasyon sa\u011flar.<\/p>\n<p>\ud83c\udfae Geli\u015fmi\u015f kontrol ve entegrasyon \u00f6zellikleri sayesinde, dahili hoparl\u00f6r ile mikrofon gibi \u00f6zelliklerle ak\u0131ll\u0131 ev kontrol\u00fcn\u00fc e\u011flenceli hale getirir.<\/p>\n<p>\ud83d\udcfa 4 in\u00e7lik ekran\u0131n \u00e7arp\u0131c\u0131 netli\u011fi, grafiklerin g\u00f6z al\u0131c\u0131 ve etkileyici bir \u015fekilde hayat bulmas\u0131n\u0131 sa\u011flar.<\/p>\n<p>\ud83d\udc65 Kullan\u0131c\u0131 dostu aray\u00fcz\u00fc ile herkesin kolayca kullanabilece\u011fi bir \u00e7\u00f6z\u00fcm sunar.<\/p>\n","protected":false},"featured_media":3150,"comment_status":"open","ping_status":"closed","template":"","meta":{"_acf_changed":false},"product_brand":[433],"product_cat":[115,121],"product_tag":[275,274,273,272,428],"class_list":{"0":"post-3147","1":"product","2":"type-product","3":"status-publish","4":"has-post-thumbnail","6":"product_brand-tiscontrol","7":"product_cat-interfaces","8":"product_cat-saturn-series","9":"product_tag-4-inc-ekran","10":"product_tag-akilli-ev","11":"product_tag-android","12":"product_tag-dokunmatik-ekran","13":"product_tag-tiscontrol","15":"first","16":"onbackorder","17":"taxable","18":"shipping-taxable","19":"product-type-simple","20":"add-to-wishlist-after_add_to_cart"},"acf":[],"_links":{"self":[{"href":"https:\/\/dealer.tiscontrol.com.tr\/en\/wp-json\/wp\/v2\/product\/3147","targetHints":{"allow":["GET"]}}],"collection":[{"href":"https:\/\/dealer.tiscontrol.com.tr\/en\/wp-json\/wp\/v2\/product"}],"about":[{"href":"https:\/\/dealer.tiscontrol.com.tr\/en\/wp-json\/wp\/v2\/types\/product"}],"replies":[{"embeddable":true,"href":"https:\/\/dealer.tiscontrol.com.tr\/en\/wp-json\/wp\/v2\/comments?post=3147"}],"wp:featuredmedia":[{"embeddable":true,"href":"https:\/\/dealer.tiscontrol.com.tr\/en\/wp-json\/wp\/v2\/media\/3150"}],"wp:attachment":[{"href":"https:\/\/dealer.tiscontrol.com.tr\/en\/wp-json\/wp\/v2\/media?parent=3147"}],"wp:term":[{"taxonomy":"product_brand","embeddable":true,"href":"https:\/\/dealer.tiscontrol.com.tr\/en\/wp-json\/wp\/v2\/product_brand?post=3147"},{"taxonomy":"product_cat","embeddable":true,"href":"https:\/\/dealer.tiscontrol.com.tr\/en\/wp-json\/wp\/v2\/product_cat?post=3147"},{"taxonomy":"product_tag","embeddable":true,"href":"https:\/\/dealer.tiscontrol.com.tr\/en\/wp-json\/wp\/v2\/product_tag?post=3147"}],"curies":[{"name":"wp","href":"https:\/\/api.w.org\/{rel}","templated":true}]}}