{"id":3154,"date":"2025-01-31T19:10:17","date_gmt":"2025-01-31T19:10:17","guid":{"rendered":"https:\/\/dealer.tiscontrol.com.tr\/?post_type=product&#038;p=3154"},"modified":"2026-01-18T00:29:33","modified_gmt":"2026-01-17T21:29:33","slug":"luna-tft-termostatli-dokunmatik-panel","status":"publish","type":"product","link":"https:\/\/dealer.tiscontrol.com.tr\/en\/product\/luna-tft-termostatli-dokunmatik-panel\/","title":{"rendered":"Luna TFT Termostatl\u0131 Dokunmatik Panel"},"content":{"rendered":"<h2 data-pm-slice=\"1 1 []\"><strong>Evinizin Kontrol\u00fc Parmaklar\u0131n\u0131z\u0131n Ucunda<\/strong><\/h2>\n<p data-pm-slice=\"1 1 []\">Luna TFT Termostatl\u0131 Dokunmatik Panel, evinizdeki kontrol\u00fc tek bir panelde birle\u015ftirir. (I\u015f\u0131klar &amp; perdeler) yan\u0131 s\u0131ra, ses sistemi ve g\u00fcvenlik gibi bir\u00e7ok \u00f6zelli\u011fi de sunar. Hem de 256 Renk se\u00e7ene\u011fi ile RGB \u0131\u015f\u0131klar\u0131n\u0131z\u0131 diledi\u011finiz gibi ayarlay\u0131p evinizin atmosferini de\u011fi\u015ftirebilirsiniz. Bu panel siyah veya beyaz renk se\u00e7enekleriyle, ev dekorasyonunuza Uyum sa\u011flamak amac\u0131yla sunulmaktad\u0131r.<\/p>\n<h3><strong>Ki\u015fiselle\u015ftirilebilir ve Kullan\u0131c\u0131 Dostu Tasar\u0131m<\/strong><\/h3>\n<p data-pm-slice=\"1 1 []\">Luna TFT panel, kullan\u0131c\u0131 dostu aray\u00fcz\u00fcyle \u00f6ne \u00e7\u0131kar. \u00dc\u00e7 farkl\u0131 sayfa d\u00fczeni sayesinde toplamda 18 farkl\u0131 komutla s\u0131n\u0131rs\u0131z \u0131\u015f\u0131k kontrol\u00fc sa\u011flar. Ayr\u0131ca dil ve resim \u00f6zelle\u015ftirme se\u00e7enekleri ile ev cihazlar\u0131n\u0131 ki\u015fiselle\u015ftirip her birine isim koyabilirsiniz. B\u00f6ylece hangi kap\u0131n\u0131n yada pencerenin a\u00e7\u0131k kald\u0131\u011f\u0131n\u0131 asla unutmazs\u0131n\u0131z.<\/p>\n<h3><strong>G\u00fcvenlik ve Enerji Tasarrufu Bir Arada<\/strong><\/h3>\n<p data-pm-slice=\"1 1 []\">Luna TFT panel, g\u00fcvenlik modlar\u0131 ile Evinizi korur. Tatil, Uzakta, Gece ve Panik Butonu gibi modlar sayesinde,kontrol sizde olur. Art\u0131 olarak enerji \u00f6l\u00e7er \u00f6zelli\u011fiyle elektrik t\u00fcketiminizi izleyip faturalar\u0131n\u0131z\u0131 kontrol alt\u0131nda tutabilirsiniz. Dijital termostat fonksiyonu ise ev s\u0131cakl\u0131\u011f\u0131n\u0131 otomatik ayarlayarak enerji tasarrufu sa\u011flar.<\/p>\n","protected":false},"excerpt":{"rendered":"<p>\ud83c\udf1f <strong>\u00c7ok Fonksiyonlu Kontrol Paneli:<\/strong> Luna TFT Termostatl\u0131 Dokunmatik Panel, evdeki \u0131\u015f\u0131klar, perdeler, ses sistemi ve g\u00fcvenlik gibi bir\u00e7ok \u00f6zelli\u011fi tek bir panelde birle\u015ftirir.<\/p>\n<p>\ud83c\udfa8 <strong>Kapsaml\u0131 Renk Se\u00e7enekleri:<\/strong> 256 renk se\u00e7ene\u011fi ile RGB \u0131\u015f\u0131klar\u0131n\u0131z\u0131 ayarlayarak evinizin atmosferini de\u011fi\u015ftirebilirsiniz.<\/p>\n<p>\ud83c\udfe0 <strong>Dekorasyon Uyumlu Tasar\u0131m:<\/strong> Panel, siyah veya beyaz renk se\u00e7enekleriyle sunulmakta olup, ev dekorasyonunuza uyum sa\u011flar.<\/p>\n<p>\ud83d\udc65 <strong>Ki\u015fiselle\u015ftirilebilir Kullan\u0131c\u0131 Aray\u00fcz\u00fc:<\/strong> Kullan\u0131c\u0131 dostu aray\u00fcz\u00fc ve \u00fc\u00e7 farkl\u0131 sayfa d\u00fczeni ile toplamda 18 farkl\u0131 komutla s\u0131n\u0131rs\u0131z \u0131\u015f\u0131k kontrol\u00fc sunar.<\/p>\n<p>\ud83d\udd12 <strong>G\u00fcvenlik Modlar\u0131:<\/strong> Tatil, Uzakta, Gece ve Panik Butonu gibi modlar sayesinde ev g\u00fcvenli\u011fini art\u0131r\u0131r.<\/p>\n<p>\ud83d\udca1 <strong>Enerji Tasarrufu ve \u0130zleme:<\/strong> Enerji \u00f6l\u00e7er \u00f6zelli\u011fi ile elektrik t\u00fcketiminizi izleyebilir ve dijital termostat fonksiyonu ile ev s\u0131cakl\u0131\u011f\u0131n\u0131 otomatik ayarlayarak enerji tasarrufu sa\u011flayabilirsiniz.<\/p>\n<p>\ud83d\udcf1 <strong>Ki\u015fiselle\u015ftirme Se\u00e7enekleri:<\/strong> Dil ve resim \u00f6zelle\u015ftirme se\u00e7enekleri ile ev cihazlar\u0131n\u0131 ki\u015fiselle\u015ftirip her birine isim koyabilirsiniz.<\/p>\n","protected":false},"featured_media":3159,"comment_status":"open","ping_status":"closed","template":"","meta":{"_acf_changed":false},"product_brand":[433],"product_cat":[115,116],"product_tag":[274,272,276,428],"class_list":{"0":"post-3154","1":"product","2":"type-product","3":"status-publish","4":"has-post-thumbnail","6":"product_brand-tiscontrol","7":"product_cat-interfaces","8":"product_cat-luna-series","9":"product_tag-akilli-ev","10":"product_tag-dokunmatik-ekran","11":"product_tag-termostatli-panel","12":"product_tag-tiscontrol","14":"first","15":"onbackorder","16":"taxable","17":"shipping-taxable","18":"product-type-variable","19":"has-default-attributes","20":"add-to-wishlist-after_add_to_cart"},"acf":[],"_links":{"self":[{"href":"https:\/\/dealer.tiscontrol.com.tr\/en\/wp-json\/wp\/v2\/product\/3154","targetHints":{"allow":["GET"]}}],"collection":[{"href":"https:\/\/dealer.tiscontrol.com.tr\/en\/wp-json\/wp\/v2\/product"}],"about":[{"href":"https:\/\/dealer.tiscontrol.com.tr\/en\/wp-json\/wp\/v2\/types\/product"}],"replies":[{"embeddable":true,"href":"https:\/\/dealer.tiscontrol.com.tr\/en\/wp-json\/wp\/v2\/comments?post=3154"}],"wp:featuredmedia":[{"embeddable":true,"href":"https:\/\/dealer.tiscontrol.com.tr\/en\/wp-json\/wp\/v2\/media\/3159"}],"wp:attachment":[{"href":"https:\/\/dealer.tiscontrol.com.tr\/en\/wp-json\/wp\/v2\/media?parent=3154"}],"wp:term":[{"taxonomy":"product_brand","embeddable":true,"href":"https:\/\/dealer.tiscontrol.com.tr\/en\/wp-json\/wp\/v2\/product_brand?post=3154"},{"taxonomy":"product_cat","embeddable":true,"href":"https:\/\/dealer.tiscontrol.com.tr\/en\/wp-json\/wp\/v2\/product_cat?post=3154"},{"taxonomy":"product_tag","embeddable":true,"href":"https:\/\/dealer.tiscontrol.com.tr\/en\/wp-json\/wp\/v2\/product_tag?post=3154"}],"curies":[{"name":"wp","href":"https:\/\/api.w.org\/{rel}","templated":true}]}}