{"id":3169,"date":"2025-01-31T19:43:55","date_gmt":"2025-01-31T19:43:55","guid":{"rendered":"https:\/\/dealer.tiscontrol.com.tr\/?post_type=product&#038;p=3169"},"modified":"2026-01-18T00:29:33","modified_gmt":"2026-01-17T21:29:33","slug":"luna-9g-dokunmatik-panel","status":"publish","type":"product","link":"https:\/\/dealer.tiscontrol.com.tr\/en\/product\/luna-9g-dokunmatik-panel\/","title":{"rendered":"Luna 9G Dokunmatik Panel"},"content":{"rendered":"<h2 data-pm-slice=\"1 1 []\">Minimalist Tasar\u0131m ve Fonksiyonellik<\/h2>\n<p data-pm-slice=\"1 1 []\">Luna 9G Dokunmatik Panel, TIS Smart Home&#8217;un zarif tasar\u0131m\u0131 &amp; \u00fcst\u00fcn fonksiyonelli\u011fiyle i\u00e7 mekan\u0131n\u0131z\u0131n tasar\u0131m\u0131n\u0131 tamamlamak i\u00e7in tasarlanm\u0131\u015f. Minimalist \u015fekli (evet, \u00e7ok basit g\u00f6r\u00fcnse de) ve dikkat \u00e7ekici \u00f6zellikleriyle, klasik \u0131\u015f\u0131k anahtarlar\u0131n\u0131n karma\u015f\u0131k kablolama gereksinimlerini yok eder. Luna 9G, odan\u0131zdaki ayd\u0131nlatmay\u0131 tek bir panelden kontrol etmenize imk\u00e2n tan\u0131r. Bu sayede hem zamandan hem de enerjiden tasarruf edersiniz, modern teknolojinin keyfini \u00e7\u0131kar\u0131rs\u0131n\u0131z.<\/p>\n<h3>Ki\u015fiselle\u015ftirilebilir LED Butonlar<\/h3>\n<p data-pm-slice=\"1 1 []\">Luna 9G&#8217;nin \u015f\u0131k 9 d\u00fc\u011fmeli LED dokunmatik ekran\u0131, siyah veya beyaz renk se\u00e7enekleriyle gelir. 265 farkl\u0131 renkte \u00f6zelle\u015ftirilebilen LED ekran, RGB arka ayd\u0131nlatmas\u0131 sayesinde gece kullan\u0131m\u0131nda kolayca bulunur. Her bir d\u00fc\u011fme, \u00e7ift t\u0131klama ile farkl\u0131 komutlar ger\u00e7ekle\u015ftirir ve bu da paneli \u00e7ok y\u00f6nl\u00fc yapar. Luna 9G, tam 9 farkl\u0131 senaryo ger\u00e7ekle\u015ftirme kapasitesine sahip; b\u00f6ylece AC&#8217;yi, \u0131\u015f\u0131klar\u0131, perdeleri ve ses sistemlerinizi programlayarak her ruh haline uygun ortam yaratabilirsiniz.<\/p>\n<h3>G\u00fcvenli ve \u00c7ok Y\u00f6nl\u00fc Kullan\u0131m<\/h3>\n<p data-pm-slice=\"1 1 []\">Luna 9G&#8217;nin ekran\u0131, parmak ucunuzla kayd\u0131r\u0131larak rahat\u00e7a kilitlenebilir &amp; ayn\u0131 \u015fekilde a\u00e7\u0131labilir. Gerekirse bir kilit s\u00fcresi de ayarlayabilirsiniz. Bu \u00f6zellik cihaz\u0131 ticari ve end\u00fcstriyel kullan\u0131mlar i\u00e7in uygun hale getirir; mesela otel lobilerinde, restoranlarda &amp; hastanelerde etkili bir \u015fekilde i\u015f g\u00f6r\u00fcr. Ayr\u0131ca Luna 9G&#8217;nin k\u0131z\u0131l\u00f6tesi \u00f6zelli\u011fi ile uzaktan kumanda komutlar\u0131 da m\u00fcmk\u00fcnd\u00fcr. Bu se\u00e7enek, evini butonlar\u0131 kullanarak kontrol etmeyi tercih edenler i\u00e7in de\u011ferlidir.<\/p>\n","protected":false},"excerpt":{"rendered":"<p>\ud83c\udfe0 Luna 9G Dokunmatik Panel, minimalist tasar\u0131m\u0131 ve \u00fcst\u00fcn fonksiyonelli\u011fiyle i\u00e7 mekan tasar\u0131m\u0131n\u0131 tamamlar.<\/p>\n<p>\ud83d\udca1 Klasik \u0131\u015f\u0131k anahtarlar\u0131n\u0131n karma\u015f\u0131k kablolama gereksinimlerini ortadan kald\u0131rarak, ayd\u0131nlatmay\u0131 tek bir panelden kontrol etme imkan\u0131 sunar.<\/p>\n<p>\ud83c\udfa8 Ki\u015fiselle\u015ftirilebilir 9 d\u00fc\u011fmeli LED ekran, siyah veya beyaz renk se\u00e7enekleriyle gelir ve 265 farkl\u0131 renkte \u00f6zelle\u015ftirilebilir.<\/p>\n<p>\ud83d\udd04 Her bir d\u00fc\u011fme, \u00e7ift t\u0131klama ile farkl\u0131 komutlar ger\u00e7ekle\u015ftirir ve 9 farkl\u0131 senaryo ger\u00e7ekle\u015ftirme kapasitesine sahiptir.<\/p>\n<p>\ud83d\udd12 Ekran, parmak ucuyla kayd\u0131r\u0131larak kilitlenebilir ve a\u00e7\u0131labilir, bu da ticari ve end\u00fcstriyel kullan\u0131mlar i\u00e7in uygundur.<\/p>\n<p>\ud83d\udce1 K\u0131z\u0131l\u00f6tesi \u00f6zelli\u011fi sayesinde uzaktan kumanda komutlar\u0131 da m\u00fcmk\u00fcnd\u00fcr, bu da ev kontrol\u00fcn\u00fc kolayla\u015ft\u0131r\u0131r.<\/p>\n<p>\ud83c\udfe8 Luna 9G, otel lobileri, restoranlar ve hastaneler gibi yerlerde etkili bir \u015fekilde kullan\u0131labilir.<\/p>\n","protected":false},"featured_media":3175,"comment_status":"open","ping_status":"closed","template":"","meta":{"_acf_changed":false},"product_brand":[433],"product_cat":[115,116],"product_tag":[274,277,428],"class_list":{"0":"post-3169","1":"product","2":"type-product","3":"status-publish","4":"has-post-thumbnail","6":"product_brand-tiscontrol","7":"product_cat-interfaces","8":"product_cat-luna-series","9":"product_tag-akilli-ev","10":"product_tag-dokunmatik-anahtar","11":"product_tag-tiscontrol","13":"first","14":"onbackorder","15":"taxable","16":"shipping-taxable","17":"product-type-variable","18":"has-default-attributes","19":"add-to-wishlist-after_add_to_cart"},"acf":[],"_links":{"self":[{"href":"https:\/\/dealer.tiscontrol.com.tr\/en\/wp-json\/wp\/v2\/product\/3169","targetHints":{"allow":["GET"]}}],"collection":[{"href":"https:\/\/dealer.tiscontrol.com.tr\/en\/wp-json\/wp\/v2\/product"}],"about":[{"href":"https:\/\/dealer.tiscontrol.com.tr\/en\/wp-json\/wp\/v2\/types\/product"}],"replies":[{"embeddable":true,"href":"https:\/\/dealer.tiscontrol.com.tr\/en\/wp-json\/wp\/v2\/comments?post=3169"}],"wp:featuredmedia":[{"embeddable":true,"href":"https:\/\/dealer.tiscontrol.com.tr\/en\/wp-json\/wp\/v2\/media\/3175"}],"wp:attachment":[{"href":"https:\/\/dealer.tiscontrol.com.tr\/en\/wp-json\/wp\/v2\/media?parent=3169"}],"wp:term":[{"taxonomy":"product_brand","embeddable":true,"href":"https:\/\/dealer.tiscontrol.com.tr\/en\/wp-json\/wp\/v2\/product_brand?post=3169"},{"taxonomy":"product_cat","embeddable":true,"href":"https:\/\/dealer.tiscontrol.com.tr\/en\/wp-json\/wp\/v2\/product_cat?post=3169"},{"taxonomy":"product_tag","embeddable":true,"href":"https:\/\/dealer.tiscontrol.com.tr\/en\/wp-json\/wp\/v2\/product_tag?post=3169"}],"curies":[{"name":"wp","href":"https:\/\/api.w.org\/{rel}","templated":true}]}}