{"id":3181,"date":"2025-01-31T20:21:06","date_gmt":"2025-01-31T20:21:06","guid":{"rendered":"https:\/\/dealer.tiscontrol.com.tr\/?post_type=product&#038;p=3181"},"modified":"2026-01-18T00:29:33","modified_gmt":"2026-01-17T21:29:33","slug":"luna-bedside-yatak-basi-panel","status":"publish","type":"product","link":"https:\/\/dealer.tiscontrol.com.tr\/en\/product\/luna-bedside-yatak-basi-panel\/","title":{"rendered":"Luna Bedside Yatak Ba\u015f\u0131 Panel"},"content":{"rendered":"<h2 data-pm-slice=\"1 1 []\">Konforlu Uyku Deneyimi \u0130\u00e7in \u0130deal \u00c7\u00f6z\u00fcm<\/h2>\n<h3><strong>Luna Bedside Yatak Ba\u015f\u0131 Panel ile S\u0131cakl\u0131k Kontrol\u00fc<\/strong><\/h3>\n<p data-pm-slice=\"1 1 []\">Luna Bedside Yatak Ba\u015f\u0131 Termostatl\u0131 Panel, yatak odan\u0131z\u0131n s\u0131cakl\u0131\u011f\u0131n\u0131 &amp; fan h\u0131z\u0131n\u0131 kolayca kontrol etmenizi sa\u011flar. Gece boyunca rahat bir uyku i\u00e7in ideal s\u0131cakl\u0131\u011f\u0131 ayarlay\u0131n ve termal rahats\u0131zl\u0131klardan kurtulun. (\u00d6zellikle so\u011fuk ve ya\u011fmurlu g\u00fcnlerde) Yerden \u0131s\u0131tma se\u00e7ene\u011fi ekstra konfor sunar. Tek dokunu\u015fla istenen s\u0131cakl\u0131\u011fa ula\u015farak huzurlu uyku \u00e7ekin.<\/p>\n<h3>Ayd\u0131nlatma ve Atmosfer Kontrol\u00fc<\/h3>\n<p><strong>I\u015f\u0131klar ve Senaryolar ile Kendi Atmosferinizi Yarat\u0131n<\/strong><\/p>\n<p data-pm-slice=\"1 1 []\">Luna Bedside Yatak Ba\u015f\u0131 Panel, odan\u0131zdaki t\u00fcm \u0131\u015f\u0131klar\u0131 kontrol etmenize olanak sa\u011flar. T\u00fcm \u0131\u015f\u0131klar\u0131 kapatmay\u0131, ya da sadece okuma lambas\u0131n\u0131 a\u00e7may\u0131 tercih edin; her \u015fey elinizin alt\u0131nda olsun. Ayr\u0131ca, sekiz farkl\u0131 senaryo olu\u015fturma imkan\u0131 da mevcuttur. Yatmadan \u00f6nce bir esinti, hafif \u0131\u015f\u0131k &amp; sakin m\u00fczikle rahatlay\u0131n. Sabah olunca perdeler a\u00e7\u0131l\u0131r, kahve makinesi \u00e7al\u0131\u015f\u0131r &amp; favori \u015fark\u0131n\u0131zla g\u00fcne enerjik ba\u015flay\u0131n.<\/p>\n<h3>\u015e\u0131k Tasar\u0131m ve Kullan\u0131m Kolayl\u0131\u011f\u0131<\/h3>\n<p><strong>Estetik ve Fonksiyonel Tasar\u0131m<\/strong><\/p>\n<p data-pm-slice=\"1 1 []\">Luna Bedside Yatak Ba\u015f\u0131 Panel&#8217;in \u015f\u0131k siyah cam tasar\u0131m\u0131 &amp; 12 d\u00fc\u011fmeli dokunmatik ekran\u0131 her yatak odas\u0131 dekoruyla uyum i\u00e7indedir. (Her d\u00fc\u011fme, kullan\u0131m\u0131 basit olan minimal ikonlarla tasarlanm\u0131\u015ft\u0131r.) D\u00fc\u011fme renkleri, 265 renk se\u00e7ene\u011fiyle ki\u015fiselle\u015ftirilebilir. \u00c7ift t\u0131klama \u00f6zelli\u011fi sayesinde her d\u00fc\u011fmeye iki farkl\u0131 komut atayarak istedi\u011finiz i\u015flemi ger\u00e7ekle\u015ftirin.<\/p>\n","protected":false},"excerpt":{"rendered":"<p>\ud83c\udf21\ufe0f <strong>S\u0131cakl\u0131k Kontrol\u00fc:<\/strong> Luna Yatak Ba\u015f\u0131 Termostatl\u0131 Panel, yatak odas\u0131n\u0131n s\u0131cakl\u0131\u011f\u0131n\u0131 ve fan h\u0131z\u0131n\u0131 kontrol etme imkan\u0131 sunar, b\u00f6ylece termal rahats\u0131zl\u0131klardan kurtulabilirsiniz. \u00d6zellikle so\u011fuk ve ya\u011fmurlu g\u00fcnlerde yerden \u0131s\u0131tma se\u00e7ene\u011fi ekstra konfor sa\u011flar.<\/p>\n<p>\ud83d\udca1 <strong>Ayd\u0131nlatma ve Atmosfer:<\/strong> Panel, odadaki t\u00fcm \u0131\u015f\u0131klar\u0131 kontrol etmenizi sa\u011flar ve sekiz farkl\u0131 senaryo olu\u015fturma imkan\u0131 sunar. Bu sayede, yatmadan \u00f6nce rahatlat\u0131c\u0131 bir atmosfer yaratabilir veya sabahlar\u0131 enerjik bir ba\u015flang\u0131\u00e7 yapabilirsiniz.<\/p>\n<p>\ud83c\udfa8 <strong>Tasar\u0131m ve Ki\u015fiselle\u015ftirme:<\/strong> \u015e\u0131k siyah cam tasar\u0131m\u0131 ve 12 d\u00fc\u011fmeli dokunmatik ekran\u0131 ile her yatak odas\u0131 dekoruna uyum sa\u011flar. D\u00fc\u011fme renkleri 265 farkl\u0131 se\u00e7enekle ki\u015fiselle\u015ftirilebilir ve \u00e7ift t\u0131klama \u00f6zelli\u011fi ile her d\u00fc\u011fmeye iki farkl\u0131 komut atanabilir.<\/p>\n<p>\ud83d\udecc <strong>Konforlu Uyku:<\/strong> \u0130deal s\u0131cakl\u0131k ayar\u0131 ile gece boyunca rahat bir uyku deneyimi sunar. Tek dokunu\u015fla istenen s\u0131cakl\u0131\u011fa ula\u015farak huzurlu bir uyku \u00e7ekebilirsiniz.<\/p>\n<p>\ud83c\udfb6 <strong>Otomasyon ve Senaryolar:<\/strong> Sabahlar\u0131 perdelerin otomatik a\u00e7\u0131lmas\u0131, kahve makinesinin \u00e7al\u0131\u015fmas\u0131 ve favori \u015fark\u0131n\u0131zla g\u00fcne ba\u015flama gibi otomasyonlar sunar.<\/p>\n<p>\ud83d\uddbc\ufe0f <strong>Estetik ve Fonksiyonellik:<\/strong> Estetik ve fonksiyonel tasar\u0131m\u0131, kullan\u0131m kolayl\u0131\u011f\u0131 ile birle\u015ftirir. Minimal ikonlarla tasarlanm\u0131\u015f d\u00fc\u011fmeler, kullan\u0131c\u0131 dostu bir deneyim sunar.<\/p>\n<p>\ud83d\udd04 <strong>\u00c7ok Y\u00f6nl\u00fcl\u00fck:<\/strong> Her d\u00fc\u011fmeye iki farkl\u0131 komut atayarak, kullan\u0131m esnekli\u011fi sa\u011flar ve ki\u015fisel ihtiya\u00e7lara g\u00f6re \u00f6zelle\u015ftirilebilir.<\/p>\n","protected":false},"featured_media":3182,"comment_status":"open","ping_status":"closed","template":"","meta":{"_acf_changed":false},"product_brand":[433],"product_cat":[115,116],"product_tag":[428,278,279],"class_list":{"0":"post-3181","1":"product","2":"type-product","3":"status-publish","4":"has-post-thumbnail","6":"product_brand-tiscontrol","7":"product_cat-interfaces","8":"product_cat-luna-series","9":"product_tag-tiscontrol","10":"product_tag-yatak-basi-anahtar","11":"product_tag-yatak-basi-termostat","13":"first","14":"onbackorder","15":"taxable","16":"shipping-taxable","17":"product-type-simple","18":"add-to-wishlist-after_add_to_cart"},"acf":[],"_links":{"self":[{"href":"https:\/\/dealer.tiscontrol.com.tr\/en\/wp-json\/wp\/v2\/product\/3181","targetHints":{"allow":["GET"]}}],"collection":[{"href":"https:\/\/dealer.tiscontrol.com.tr\/en\/wp-json\/wp\/v2\/product"}],"about":[{"href":"https:\/\/dealer.tiscontrol.com.tr\/en\/wp-json\/wp\/v2\/types\/product"}],"replies":[{"embeddable":true,"href":"https:\/\/dealer.tiscontrol.com.tr\/en\/wp-json\/wp\/v2\/comments?post=3181"}],"wp:featuredmedia":[{"embeddable":true,"href":"https:\/\/dealer.tiscontrol.com.tr\/en\/wp-json\/wp\/v2\/media\/3182"}],"wp:attachment":[{"href":"https:\/\/dealer.tiscontrol.com.tr\/en\/wp-json\/wp\/v2\/media?parent=3181"}],"wp:term":[{"taxonomy":"product_brand","embeddable":true,"href":"https:\/\/dealer.tiscontrol.com.tr\/en\/wp-json\/wp\/v2\/product_brand?post=3181"},{"taxonomy":"product_cat","embeddable":true,"href":"https:\/\/dealer.tiscontrol.com.tr\/en\/wp-json\/wp\/v2\/product_cat?post=3181"},{"taxonomy":"product_tag","embeddable":true,"href":"https:\/\/dealer.tiscontrol.com.tr\/en\/wp-json\/wp\/v2\/product_tag?post=3181"}],"curies":[{"name":"wp","href":"https:\/\/api.w.org\/{rel}","templated":true}]}}