{"id":3232,"date":"2025-02-01T22:08:47","date_gmt":"2025-02-01T22:08:47","guid":{"rendered":"https:\/\/dealer.tiscontrol.com.tr\/?post_type=product&#038;p=3232"},"modified":"2026-01-18T00:23:57","modified_gmt":"2026-01-17T21:23:57","slug":"io-enerji-saver-paneli","status":"publish","type":"product","link":"https:\/\/dealer.tiscontrol.com.tr\/en\/product\/io-enerji-saver-paneli\/","title":{"rendered":"IO Enerji Saver Paneli"},"content":{"rendered":"<h2 data-pm-slice=\"1 1 []\">Enerji Tasarrufu ve \u00c7evre Dostu Teknoloji<\/h2>\n<p data-pm-slice=\"1 1 []\">IO Enerji Saver Paneli herkes i\u00e7in ideal bir \u00e7\u00f6z\u00fcm olabilir. Neden mi? \u00c7\u00fcnk\u00fc enerji tasarrufu yapman\u0131za yard\u0131m eder. Evinizin enerji t\u00fcketimini optimize ederek tasarruf sa\u011flar, \u00e7evreye de katk\u0131da bulunur. H\u00e2l b\u00f6yle olunca elektrik faturalar\u0131n\u0131z da d\u00fc\u015fer. Enerji verimlili\u011fiyle ve \u00e7evre dostu teknolojisiyle, s\u00fcrd\u00fcr\u00fclebilir bir ya\u015fam arayanlar i\u00e7in harika bir tercih.<\/p>\n<h3>Ak\u0131ll\u0131 Ev Otomasyonu ile Konfor<\/h3>\n<p data-pm-slice=\"1 1 []\">IO Enerji Saver Paneli, ev otomasyon sistemlerine uyar. Bu uyum, ya\u015fam alan\u0131n\u0131z\u0131 konforlu h\u00e2le getirir. Bir bak\u0131ma ak\u0131ll\u0131 ev teknolojisiyle \u0131\u015f\u0131klar\u0131n\u0131z\u0131, s\u0131cakl\u0131\u011f\u0131n\u0131z\u0131 &amp; di\u011fer cihazlar\u0131n\u0131z\u0131 rahatl\u0131kla kontrol etmenizi sa\u011flar. Bu panel, eve konfor getiriyor ayr\u0131ca g\u00fcvenlik de sa\u011flam\u0131\u015f oluyor.<\/p>\n<h3>\u015e\u0131k Tasar\u0131m ve Kullan\u0131m Kolayl\u0131\u011f\u0131<\/h3>\n<p data-pm-slice=\"1 1 []\">Bu panelin modern ve \u015f\u0131k tasar\u0131m\u0131 dikkat \u00e7eker. \u0130\u015fte burada estetik ile fonksiyonellik bulu\u015fuyor. Herkesin kolayca kullanabilece\u011fi kullan\u0131c\u0131 dostu aray\u00fcz\u00fc vard\u0131r. Evinizin dekoruyla b\u00fct\u00fcnle\u015fmekle kalmaz; ayn\u0131 zamanda \u00f6zelle\u015ftirilebilir se\u00e7enekler sunar.<\/p>\n<h3>Retro Tasar\u0131m ile Modern Fonksiyonellik<\/h3>\n<p data-pm-slice=\"1 1 []\">New Old-but-Gold Switches retro g\u00f6r\u00fcn\u00fcme sahiptir ama ayn\u0131 zamanda modern i\u015flevsellik sunar. Bu anahtarlar nostaljik g\u00f6r\u00fcn\u00fcrken, g\u00fcn\u00fcm\u00fcz teknolojisinin t\u00fcm avantajlar\u0131n\u0131 da sa\u011flamaktan geri kalmaz. Evinize zamans\u0131z bir zarafet katmay\u0131 arzulayanlar i\u00e7in bu anahtarlar harikulade bir se\u00e7enektir.<\/p>\n<h3>Dayan\u0131kl\u0131l\u0131k ve Uzun \u00d6m\u00fcr<\/h3>\n<p data-pm-slice=\"1 1 []\">New Old-but-Gold Switches&#8217;in dayan\u0131kl\u0131 ve uzun \u00f6m\u00fcrl\u00fc olmas\u0131 ayr\u0131 bir \u00fcst\u00fcnl\u00fck sa\u011flar. Bunlar eskimez; y\u0131llarca sorunsuz \u00e7al\u0131\u015f\u0131r bu anahtarlar, y\u00fcksek kaliteli malzemelerden \u00fcretilmi\u015ftir yani g\u00fcvenilir performans sunar ve bu da elektrik sisteminizde g\u00fcvenli\u011fi art\u0131r\u0131r.<\/p>\n<h3>Kolay Kurulum ve Kullan\u0131m<\/h3>\n<p data-pm-slice=\"1 1 []\">Kurulumu da kullan\u0131m\u0131 da gayet basit olan bu anahtarlar \u00e7ok dikkat \u00e7eker. Herkes taraf\u0131ndan kolayca monte edilebilir ve kullan\u0131labilir durumdad\u0131r. Elektrik sistemini yenilemek isteyenler i\u00e7in olduk\u00e7a idealdir \u00e7\u00fcnk\u00fc kullan\u0131c\u0131 dostudur ve geni\u015f kitlelere hitap eder.<\/p>\n","protected":false},"excerpt":{"rendered":"<p>\ud83c\udf0d <strong>Enerji Tasarrufu ve \u00c7evre Dostu Teknoloji:<\/strong> IO Enerji Saver Paneli, enerji t\u00fcketimini optimize ederek tasarruf sa\u011flar ve \u00e7evreye katk\u0131da bulunur.<\/p>\n<p>\ud83d\udca1 <strong>Ak\u0131ll\u0131 Otel Otomasyonu:<\/strong> Panel, otel otomasyon sistemleriyle uyumlu \u00e7al\u0131\u015farak konfor ve enerji tasarrufu sa\u011flar.<\/p>\n<p>\ud83c\udfa8 <strong>G\u00f6z Al\u0131c\u0131 Tasar\u0131m:<\/strong> Modern ve \u015f\u0131k tasar\u0131m\u0131yla dikkat \u00e7eken panel, kullan\u0131c\u0131 dostu aray\u00fcz\u00fcyle kolay kullan\u0131m sunar.<\/p>\n<p>\ud83d\udd70\ufe0f <strong>Retro Tasar\u0131m ve Modern \u0130\u015flevsellik:<\/strong> New Old-but-Gold Switches, nostaljik g\u00f6r\u00fcn\u00fcmle modern i\u015flevselli\u011fi birle\u015ftirir.<\/p>\n<p>\ud83d\udd27 <strong>Dayan\u0131kl\u0131l\u0131k ve Uzun S\u00fcreli Kullan\u0131m:<\/strong> Bu anahtarlar, y\u00fcksek kaliteli malzemelerden \u00fcretilmi\u015f olup uzun \u00f6m\u00fcrl\u00fc ve g\u00fcvenilir performans sunar.<\/p>\n<p>\ud83d\udee0\ufe0f <strong>Kolay Kurulum ve Kullan\u0131m:<\/strong> New Old-but-Gold Switches, kolay monte edilebilir ve kullan\u0131c\u0131 dostu bir yap\u0131ya sahiptir.<\/p>\n","protected":false},"featured_media":3245,"comment_status":"open","ping_status":"closed","template":"","meta":{"_acf_changed":false},"product_brand":[433],"product_cat":[115,125],"product_tag":[283,287,286,288,428],"class_list":{"0":"post-3232","1":"product","2":"type-product","3":"status-publish","4":"has-post-thumbnail","6":"product_brand-tiscontrol","7":"product_cat-interfaces","8":"product_cat-io-series","9":"product_tag-akilli-otel","10":"product_tag-card-holder","11":"product_tag-enerji-saver","12":"product_tag-otel-otomasyon","13":"product_tag-tiscontrol","15":"first","16":"onbackorder","17":"taxable","18":"shipping-taxable","19":"product-type-variable","20":"add-to-wishlist-after_add_to_cart"},"acf":[],"_links":{"self":[{"href":"https:\/\/dealer.tiscontrol.com.tr\/en\/wp-json\/wp\/v2\/product\/3232","targetHints":{"allow":["GET"]}}],"collection":[{"href":"https:\/\/dealer.tiscontrol.com.tr\/en\/wp-json\/wp\/v2\/product"}],"about":[{"href":"https:\/\/dealer.tiscontrol.com.tr\/en\/wp-json\/wp\/v2\/types\/product"}],"replies":[{"embeddable":true,"href":"https:\/\/dealer.tiscontrol.com.tr\/en\/wp-json\/wp\/v2\/comments?post=3232"}],"wp:featuredmedia":[{"embeddable":true,"href":"https:\/\/dealer.tiscontrol.com.tr\/en\/wp-json\/wp\/v2\/media\/3245"}],"wp:attachment":[{"href":"https:\/\/dealer.tiscontrol.com.tr\/en\/wp-json\/wp\/v2\/media?parent=3232"}],"wp:term":[{"taxonomy":"product_brand","embeddable":true,"href":"https:\/\/dealer.tiscontrol.com.tr\/en\/wp-json\/wp\/v2\/product_brand?post=3232"},{"taxonomy":"product_cat","embeddable":true,"href":"https:\/\/dealer.tiscontrol.com.tr\/en\/wp-json\/wp\/v2\/product_cat?post=3232"},{"taxonomy":"product_tag","embeddable":true,"href":"https:\/\/dealer.tiscontrol.com.tr\/en\/wp-json\/wp\/v2\/product_tag?post=3232"}],"curies":[{"name":"wp","href":"https:\/\/api.w.org\/{rel}","templated":true}]}}