{"id":3337,"date":"2025-02-04T21:14:30","date_gmt":"2025-02-04T21:14:30","guid":{"rendered":"https:\/\/dealer.tiscontrol.com.tr\/?post_type=product&#038;p=3337"},"modified":"2026-01-18T00:18:13","modified_gmt":"2026-01-17T21:18:13","slug":"mars-4-butonlu-akilli-panel","status":"publish","type":"product","link":"https:\/\/dealer.tiscontrol.com.tr\/en\/product\/mars-4-butonlu-akilli-panel\/","title":{"rendered":"Mars 4 Butonlu Ak\u0131ll\u0131 Panel"},"content":{"rendered":"<h3 data-pm-slice=\"1 1 []\">Modern Ya\u015fam\u0131n Vazge\u00e7ilmezi: Ak\u0131ll\u0131 Panel Teknolojisi<\/h3>\n<p data-pm-slice=\"1 1 []\">Mars 4 Butonlu Ak\u0131ll\u0131 Panel, modern ya\u015fam\u0131n t\u00fcm gerekliliklerini kar\u015f\u0131lamak i\u00e7in tasarlanan yenilik\u00e7i bir \u00e7\u00f6z\u00fcm. H\u0131zl\u0131 ayd\u0131nlatma ayarlamalar\u0131 sunarak kullan\u0131c\u0131ya, ister evde, otel odas\u0131nda, ya da ofiste olmak \u00fczere, an\u0131nda istedi\u011finiz atmosferi yaratma imkan\u0131 sunar. Panel, TIS \u00e7\u00f6z\u00fcmleriyle de uyumlu. I\u015f\u0131k, perde &amp; panjur kontrollerini tek bir yerden yapabilirsiniz. Daha konforlu &amp; i\u015flevsel ya\u015fam alanlar\u0131 i\u00e7in bu panel ideal.<\/p>\n<h3>Kullan\u0131c\u0131 Dostu Tasar\u0131m: Herkes \u0130\u00e7in Kolay Kullan\u0131m<\/h3>\n<p data-pm-slice=\"1 1 []\">Mars 4 Butonlu Ak\u0131ll\u0131 Panel, uzaktan kumandayla kontrol imkan\u0131 sa\u011fl\u0131yor \u2014 \u00f6zellikle ya\u015fl\u0131lar i\u00e7in b\u00fcy\u00fck fayda. Klasik ve yeni teknolojilerin birle\u015fimi bu panel, her ya\u015ftan kullan\u0131c\u0131ya hitap eder. Programlanabilir sahneler ve \u00f6n ayarlar ile mekanlar\u0131n\u0131z\u0131 ki\u015fiselle\u015ftirin. Rutinlerinizi basit hale getirin. Ayr\u0131ca TIS Uygulamas\u0131 arac\u0131l\u0131\u011f\u0131yla mobil cihazlar\u0131n\u0131zdan kolayca kontrol edebilirsiniz.<\/p>\n<h3>Estetik ve Dayan\u0131kl\u0131: Her Ortama Uygun Tasar\u0131m<\/h3>\n<p data-pm-slice=\"1 1 []\">Renk se\u00e7enekleri siyah, beyaz, \u015fampanya ve titanyum olan Mars 4 Butonlu Ak\u0131ll\u0131 Panel her dekorasyon stiline uyum g\u00f6sterir. Arka ayd\u0131nlatmal\u0131 itme d\u00fc\u011fmeleri ile estetik ve i\u015flevsellik bir arada sunulur. T\u00fcm arka kutularla uyumlu olup -10 ile 60\u00b0C aras\u0131nda \u00e7al\u0131\u015fabilir &amp; neredeyse her ortamda g\u00fcvenle&#8230; kullanabilirsiniz! IP 30 koruma derecesiyle uzun \u00f6m\u00fcrl\u00fc ve dayan\u0131kl\u0131d\u0131r.<\/p>\n","protected":false},"excerpt":{"rendered":"<p>\ud83c\udf1f <strong>Yenilik\u00e7i \u00c7\u00f6z\u00fcm:<\/strong> Mars 4 Butonlu Ak\u0131ll\u0131 Panel, modern ya\u015fam\u0131n gerekliliklerini kar\u015f\u0131lamak i\u00e7in tasarlanm\u0131\u015f yenilik\u00e7i bir \u00e7\u00f6z\u00fcmd\u00fcr.<\/p>\n<p>\ud83d\udca1 <strong>H\u0131zl\u0131 Ayd\u0131nlatma Ayarlamalar\u0131:<\/strong> Kullan\u0131c\u0131ya, evde, otel odas\u0131nda veya ofiste an\u0131nda istenilen atmosferi yaratma imkan\u0131 sunar.<\/p>\n<p>\ud83c\udfe0 <strong>TIS Uyumlulu\u011fu:<\/strong> I\u015f\u0131k, perde ve panjur kontrollerini tek bir yerden yapabilme imkan\u0131 sa\u011flar.<\/p>\n<p>\ud83d\udc75 <strong>Kullan\u0131c\u0131 Dostu Tasar\u0131m:<\/strong> Uzaktan kumanda ile kontrol imkan\u0131 sunarak \u00f6zellikle ya\u015fl\u0131lar i\u00e7in b\u00fcy\u00fck kolayl\u0131k sa\u011flar.<\/p>\n<p>\ud83d\udcf1 <strong>Mobil Kontrol:<\/strong> TIS Uygulamas\u0131 arac\u0131l\u0131\u011f\u0131yla mobil cihazlardan kolayca kontrol edilebilir.<\/p>\n<p>\ud83c\udfa8 <strong>Estetik ve Dayan\u0131kl\u0131 Tasar\u0131m:<\/strong> Siyah, beyaz, \u015fampanya ve titanyum renk se\u00e7enekleri ile her dekorasyon stiline uyum sa\u011flar.<\/p>\n<p>\ud83d\udd27 <strong>Geni\u015f \u00c7al\u0131\u015fma Aral\u0131\u011f\u0131:<\/strong> -10 ile 60\u00b0C aras\u0131nda \u00e7al\u0131\u015fabilir ve IP 30 koruma derecesiyle uzun \u00f6m\u00fcrl\u00fcd\u00fcr.<\/p>\n","protected":false},"featured_media":3275,"comment_status":"open","ping_status":"closed","template":"","meta":{"_acf_changed":false},"product_brand":[433],"product_cat":[115,118],"product_tag":[274,162,296,292,428],"class_list":{"0":"post-3337","1":"product","2":"type-product","3":"status-publish","4":"has-post-thumbnail","6":"product_brand-tiscontrol","7":"product_cat-interfaces","8":"product_cat-mars-series","9":"product_tag-akilli-ev","10":"product_tag-aydinlatma-kontrolu","11":"product_tag-butonlu-anahtar","12":"product_tag-senaryo-anahtari","13":"product_tag-tiscontrol","15":"first","16":"onbackorder","17":"taxable","18":"shipping-taxable","19":"product-type-variable","20":"has-default-attributes","21":"add-to-wishlist-after_add_to_cart"},"acf":[],"_links":{"self":[{"href":"https:\/\/dealer.tiscontrol.com.tr\/en\/wp-json\/wp\/v2\/product\/3337","targetHints":{"allow":["GET"]}}],"collection":[{"href":"https:\/\/dealer.tiscontrol.com.tr\/en\/wp-json\/wp\/v2\/product"}],"about":[{"href":"https:\/\/dealer.tiscontrol.com.tr\/en\/wp-json\/wp\/v2\/types\/product"}],"replies":[{"embeddable":true,"href":"https:\/\/dealer.tiscontrol.com.tr\/en\/wp-json\/wp\/v2\/comments?post=3337"}],"wp:featuredmedia":[{"embeddable":true,"href":"https:\/\/dealer.tiscontrol.com.tr\/en\/wp-json\/wp\/v2\/media\/3275"}],"wp:attachment":[{"href":"https:\/\/dealer.tiscontrol.com.tr\/en\/wp-json\/wp\/v2\/media?parent=3337"}],"wp:term":[{"taxonomy":"product_brand","embeddable":true,"href":"https:\/\/dealer.tiscontrol.com.tr\/en\/wp-json\/wp\/v2\/product_brand?post=3337"},{"taxonomy":"product_cat","embeddable":true,"href":"https:\/\/dealer.tiscontrol.com.tr\/en\/wp-json\/wp\/v2\/product_cat?post=3337"},{"taxonomy":"product_tag","embeddable":true,"href":"https:\/\/dealer.tiscontrol.com.tr\/en\/wp-json\/wp\/v2\/product_tag?post=3337"}],"curies":[{"name":"wp","href":"https:\/\/api.w.org\/{rel}","templated":true}]}}