{"id":3342,"date":"2025-02-06T08:00:20","date_gmt":"2025-02-06T08:00:20","guid":{"rendered":"https:\/\/dealer.tiscontrol.com.tr\/?post_type=product&#038;p=3342"},"modified":"2026-01-18T00:18:13","modified_gmt":"2026-01-17T21:18:13","slug":"terre-4-butonlu-direkt-bus-akilli-panel","status":"publish","type":"product","link":"https:\/\/dealer.tiscontrol.com.tr\/en\/product\/terre-4-butonlu-direkt-bus-akilli-panel\/","title":{"rendered":"Terre 4 Butonlu Direkt Bus Ak\u0131ll\u0131 Panel"},"content":{"rendered":"<h2 data-pm-slice=\"1 1 []\">Ak\u0131ll\u0131 Evlerin Vazge\u00e7ilmezi<\/h2>\n<p data-pm-slice=\"1 1 []\">Terre 4 Butonlu Direkt Bus Ak\u0131ll\u0131 Panel, evinizi, otelinizi &amp; ofisinizi daha ak\u0131ll\u0131 yapmak \u00fczere tasarlanm\u0131\u015f bir dokunmatik anahtard\u0131r. Bu panel, \u0131\u015f\u0131klar\u0131n\u0131z\u0131 ve motorlu perdelerinizi kontrol etme imkan\u0131 sunar. TIS \u00e7\u00f6z\u00fcmleriyle uyumlu olmas\u0131, ak\u0131ll\u0131 ortamlar i\u00e7in ideal bir \u00e7\u00f6z\u00fcm olmas\u0131n\u0131 sa\u011flar. Kullan\u0131c\u0131 dostu TIS Uygulamas\u0131, uzaktan kontrol ve programlama imkan\u0131 tan\u0131r, b\u00f6ylece g\u00fcnl\u00fck ya\u015fam\u0131n\u0131za konfor katar.<\/p>\n<h3>Ki\u015fiselle\u015ftirilebilir Tasar\u0131m ve Entegrasyon<\/h3>\n<p data-pm-slice=\"1 1 []\">Bu ak\u0131ll\u0131 panel, farkl\u0131 i\u00e7 mekan tasar\u0131mlar\u0131na m\u00fckemmel uyum g\u00f6sterecek \u015fekilde ki\u015fiselle\u015ftirilebilir. Arka ayd\u0131nlatma renkleri ve \u00e7er\u00e7eve kapaklar\u0131, dekorunuzla uyumlu olacak \u015fekilde ayarlanabilir. Ayr\u0131ca, \u00e7e\u015fitli arka kutu tiplerini desteklemesi kurulum esnekli\u011fi sa\u011flar. Bu \u00f6zellikler, panelin her t\u00fcrl\u00fc i\u00e7 mekana kolayca entegre edilmesine imkan tan\u0131r.<\/p>\n<h3>G\u00fcvenilirlik ve Dayan\u0131kl\u0131l\u0131k<\/h3>\n<p data-pm-slice=\"1 1 []\">Terre 4 Butonlu Direkt Bus Ak\u0131ll\u0131 Panel, sa\u011flam koruma \u00f6zellikleriyle \u00f6ne \u00e7\u0131kar. Ters polarite korumas\u0131 &amp; ESD korumas\u0131, cihaz\u0131n g\u00fcvenli ve uzun \u00f6m\u00fcrl\u00fc \u00e7al\u0131\u015fmas\u0131n\u0131 sa\u011flar. -10 ile 60\u00b0C aras\u0131nda geni\u015f bir s\u0131cakl\u0131k aral\u0131\u011f\u0131nda etkili bi\u00e7imde \u00e7al\u0131\u015fabilir, bu da onu farkl\u0131 iklim ko\u015fullar\u0131nda kullan\u0131ma uygun hale getirir. Yang\u0131na dayan\u0131kl\u0131 malzemelerden \u00fcretilmi\u015f olmas\u0131 ise g\u00fcvenli\u011fi \u00f6n planda tutar.<\/p>\n","protected":false},"excerpt":{"rendered":"<p>\ud83c\udfe0 <strong>Ak\u0131ll\u0131 Ev \u00c7\u00f6z\u00fcm\u00fc<\/strong>: Terre 4 Butonlu Direkt Bus Ak\u0131ll\u0131 Panel, ev, otel ve ofisler i\u00e7in tasarlanm\u0131\u015f bir dokunmatik anahtard\u0131r ve \u0131\u015f\u0131klar ile motorlu perdeleri kontrol etme imkan\u0131 sunar.<\/p>\n<p>\ud83d\udcf1 <strong>TIS Uygulamas\u0131 ile Uyum<\/strong>: TIS \u00e7\u00f6z\u00fcmleriyle uyumlu olan bu panel, kullan\u0131c\u0131 dostu TIS Uygulamas\u0131 sayesinde uzaktan kontrol ve programlama imkan\u0131 tan\u0131r.<\/p>\n<p>\ud83c\udfa8 <strong>Ki\u015fiselle\u015ftirilebilir Tasar\u0131m<\/strong>: Panel, arka ayd\u0131nlatma renkleri ve \u00e7er\u00e7eve kapaklar\u0131 ile farkl\u0131 i\u00e7 mekan tasar\u0131mlar\u0131na uyum sa\u011flayacak \u015fekilde ki\u015fiselle\u015ftirilebilir.<\/p>\n<p>\ud83d\udd27 <strong>Kurulum Esnekli\u011fi<\/strong>: \u00c7e\u015fitli arka kutu tiplerini desteklemesi, panelin her t\u00fcrl\u00fc i\u00e7 mekana kolayca entegre edilmesine olanak tan\u0131r.<\/p>\n<p>\ud83d\udd12 <strong>G\u00fcvenilirlik ve Dayan\u0131kl\u0131l\u0131k<\/strong>: Ters polarite ve ESD korumas\u0131 ile donat\u0131lm\u0131\u015f olan panel, -10 ile 60\u00b0C aras\u0131nda geni\u015f bir s\u0131cakl\u0131k aral\u0131\u011f\u0131nda \u00e7al\u0131\u015fabilir.<\/p>\n<p>\ud83d\udd25 <strong>Yang\u0131na Dayan\u0131kl\u0131 Malzeme<\/strong>: Panel, yang\u0131na dayan\u0131kl\u0131 malzemelerden \u00fcretilmi\u015ftir, bu da g\u00fcvenli\u011fi \u00f6n planda tutar.<\/p>\n<p>\ud83c\udf0d <strong>\u00c7e\u015fitli \u0130klim Ko\u015fullar\u0131na Uygunluk<\/strong>: Geni\u015f s\u0131cakl\u0131k aral\u0131\u011f\u0131 sayesinde farkl\u0131 iklim ko\u015fullar\u0131nda etkili bir \u015fekilde kullan\u0131labilir.<\/p>\n","protected":false},"featured_media":3347,"comment_status":"open","ping_status":"closed","template":"","meta":{"_acf_changed":false},"product_brand":[433],"product_cat":[115,117],"product_tag":[274,162,277,292,428],"class_list":{"0":"post-3342","1":"product","2":"type-product","3":"status-publish","4":"has-post-thumbnail","6":"product_brand-tiscontrol","7":"product_cat-interfaces","8":"product_cat-terre-series","9":"product_tag-akilli-ev","10":"product_tag-aydinlatma-kontrolu","11":"product_tag-dokunmatik-anahtar","12":"product_tag-senaryo-anahtari","13":"product_tag-tiscontrol","15":"first","16":"onbackorder","17":"taxable","18":"shipping-taxable","19":"product-type-simple","20":"add-to-wishlist-after_add_to_cart"},"acf":[],"_links":{"self":[{"href":"https:\/\/dealer.tiscontrol.com.tr\/en\/wp-json\/wp\/v2\/product\/3342","targetHints":{"allow":["GET"]}}],"collection":[{"href":"https:\/\/dealer.tiscontrol.com.tr\/en\/wp-json\/wp\/v2\/product"}],"about":[{"href":"https:\/\/dealer.tiscontrol.com.tr\/en\/wp-json\/wp\/v2\/types\/product"}],"replies":[{"embeddable":true,"href":"https:\/\/dealer.tiscontrol.com.tr\/en\/wp-json\/wp\/v2\/comments?post=3342"}],"wp:featuredmedia":[{"embeddable":true,"href":"https:\/\/dealer.tiscontrol.com.tr\/en\/wp-json\/wp\/v2\/media\/3347"}],"wp:attachment":[{"href":"https:\/\/dealer.tiscontrol.com.tr\/en\/wp-json\/wp\/v2\/media?parent=3342"}],"wp:term":[{"taxonomy":"product_brand","embeddable":true,"href":"https:\/\/dealer.tiscontrol.com.tr\/en\/wp-json\/wp\/v2\/product_brand?post=3342"},{"taxonomy":"product_cat","embeddable":true,"href":"https:\/\/dealer.tiscontrol.com.tr\/en\/wp-json\/wp\/v2\/product_cat?post=3342"},{"taxonomy":"product_tag","embeddable":true,"href":"https:\/\/dealer.tiscontrol.com.tr\/en\/wp-json\/wp\/v2\/product_tag?post=3342"}],"curies":[{"name":"wp","href":"https:\/\/api.w.org\/{rel}","templated":true}]}}