{"id":3370,"date":"2025-02-06T16:05:44","date_gmt":"2025-02-06T16:05:44","guid":{"rendered":"https:\/\/dealer.tiscontrol.com.tr\/?post_type=product&#038;p=3370"},"modified":"2026-01-18T00:18:13","modified_gmt":"2026-01-17T21:18:13","slug":"terre-direkt-bus-muzik-kontrol-paneli","status":"publish","type":"product","link":"https:\/\/dealer.tiscontrol.com.tr\/en\/product\/terre-direkt-bus-muzik-kontrol-paneli\/","title":{"rendered":"Terre Direkt Bus M\u00fczik Kontrol Paneli"},"content":{"rendered":"<h3 data-pm-slice=\"1 1 []\">Kusursuz M\u00fczik Deneyimi \u0130\u00e7in Tasarland\u0131<\/h3>\n<p data-pm-slice=\"1 1 []\">Terre Direkt Otob\u00fcs M\u00fczik Kontrol Paneli, evinizde, otelinizde ya da ofisinizde m\u00fczi\u011fi kontrol etmenin en basit yolunu sunar. Evet, 1&#8243; OLED ekran\u0131 var. Bu ekran sayesinde an\u0131nda, m\u00fczik kaynaklar\u0131 ve par\u00e7alar hakk\u0131nda bilgi edinebilir, b\u00f6ylece kullan\u0131c\u0131 deneyiminden tam anlam\u0131yla faydalanabilirsiniz. Dokunmatik tu\u015flar ki\u015fiselle\u015ftirilebilir. Arka ayd\u0131nlatma var. Hepsi estetik ve kullan\u0131m kolayl\u0131\u011f\u0131 sa\u011flamak \u00fczere tasarlanm\u0131\u015f. Cihaz\u0131 kendi stilinize g\u00f6re ayarlamak gayet m\u00fcmk\u00fcn.<\/p>\n<h3>Ak\u0131ll\u0131 Entegrasyon ve Kolay Kurulum<\/h3>\n<p data-pm-slice=\"1 1 []\">Bu m\u00fczik kontrol paneli, di\u011fer TIS \u00e7\u00f6z\u00fcmleriyle uyumlu \u00e7al\u0131\u015f\u0131r. Ak\u0131ll\u0131 ev ya da ofis ortam\u0131n\u0131z\u0131 daha entegre hale getirir. Kurulumu kolayd\u0131r. Yani, EU\/UK arka kutular\u0131na uygun olarak tasarlanm\u0131\u015f &amp; h\u0131zl\u0131ca monte edilebilir. Ters polarite ve ESD korumas\u0131 (olduk\u00e7a \u00f6nemli), yanl\u0131\u015f ba\u011flant\u0131 ve elektrik dalgalanmalar\u0131na kar\u015f\u0131 cihaz\u0131n\u0131z\u0131 korur.<\/p>\n<h3>Geni\u015fletilebilirlik ve Dayan\u0131kl\u0131l\u0131k<\/h3>\n<p data-pm-slice=\"1 1 []\">Terre Direkt Otob\u00fcs M\u00fczik Kontrol Paneli, tek bir TIS hatt\u0131nda (dikkat edin, 64 cihaz) kadar ba\u011flant\u0131 olana\u011f\u0131 sunar. B\u00f6ylece, daha geni\u015f kurulumlar i\u00e7in \u00f6l\u00e7eklenebilirlik m\u00fcmk\u00fcnd\u00fcr. Ayr\u0131ca, yang\u0131na dayan\u0131kl\u0131 malzemelerden \u00fcretilmi\u015f. Zorlu \u00e7al\u0131\u015fma \u015fartlar\u0131na ra\u011fmen dayan\u0131kl\u0131 kal\u0131r. Bu sa\u011flam tasar\u0131m, uzun \u00f6m\u00fcrl\u00fc ve g\u00fcvenilir kullan\u0131m sa\u011flar.<\/p>\n","protected":false},"excerpt":{"rendered":"<p>\ud83c\udfb5 Terre Direkt Otob\u00fcs M\u00fczik Kontrol Paneli, ev, otel ve ofislerde m\u00fczi\u011fi kontrol etmenin en basit yolunu sunar.<\/p>\n<p>\ud83d\udcfa 1&#8243; OLED ekran\u0131 sayesinde m\u00fczik kaynaklar\u0131 ve par\u00e7alar hakk\u0131nda an\u0131nda bilgi edinilebilir.<\/p>\n<p>\u2728 Dokunmatik tu\u015flar ki\u015fiselle\u015ftirilebilir ve arka ayd\u0131nlatma ile estetik bir kullan\u0131m sunar.<\/p>\n<p>\ud83c\udfe0 Di\u011fer TIS \u00e7\u00f6z\u00fcmleriyle uyumlu \u00e7al\u0131\u015farak ak\u0131ll\u0131 ev veya ofis entegrasyonunu kolayla\u015ft\u0131r\u0131r.<\/p>\n<p>\ud83d\udd27 EU\/UK arka kutular\u0131na uygun tasar\u0131m\u0131 sayesinde kolayca monte edilebilir.<\/p>\n<p>\u26a1 Ters polarite ve ESD korumas\u0131 ile cihaz\u0131 yanl\u0131\u015f ba\u011flant\u0131 ve elektrik dalgalanmalar\u0131na kar\u015f\u0131 korur.<\/p>\n<p>\ud83d\udd25 64 cihaza kadar ba\u011flant\u0131 olana\u011f\u0131 sunarak geni\u015fletilebilirlik sa\u011flar ve yang\u0131na dayan\u0131kl\u0131 malzemelerden \u00fcretilmi\u015ftir.<\/p>\n","protected":false},"featured_media":3371,"comment_status":"open","ping_status":"closed","template":"","meta":{"_acf_changed":false},"product_brand":[433],"product_cat":[115,117],"product_tag":[274,302,301,428],"class_list":{"0":"post-3370","1":"product","2":"type-product","3":"status-publish","4":"has-post-thumbnail","6":"product_brand-tiscontrol","7":"product_cat-interfaces","8":"product_cat-terre-series","9":"product_tag-akilli-ev","10":"product_tag-akilli-muzik-sistemi","11":"product_tag-muzik-kontrol","12":"product_tag-tiscontrol","14":"first","15":"onbackorder","16":"taxable","17":"shipping-taxable","18":"product-type-simple","19":"add-to-wishlist-after_add_to_cart"},"acf":[],"_links":{"self":[{"href":"https:\/\/dealer.tiscontrol.com.tr\/en\/wp-json\/wp\/v2\/product\/3370","targetHints":{"allow":["GET"]}}],"collection":[{"href":"https:\/\/dealer.tiscontrol.com.tr\/en\/wp-json\/wp\/v2\/product"}],"about":[{"href":"https:\/\/dealer.tiscontrol.com.tr\/en\/wp-json\/wp\/v2\/types\/product"}],"replies":[{"embeddable":true,"href":"https:\/\/dealer.tiscontrol.com.tr\/en\/wp-json\/wp\/v2\/comments?post=3370"}],"wp:featuredmedia":[{"embeddable":true,"href":"https:\/\/dealer.tiscontrol.com.tr\/en\/wp-json\/wp\/v2\/media\/3371"}],"wp:attachment":[{"href":"https:\/\/dealer.tiscontrol.com.tr\/en\/wp-json\/wp\/v2\/media?parent=3370"}],"wp:term":[{"taxonomy":"product_brand","embeddable":true,"href":"https:\/\/dealer.tiscontrol.com.tr\/en\/wp-json\/wp\/v2\/product_brand?post=3370"},{"taxonomy":"product_cat","embeddable":true,"href":"https:\/\/dealer.tiscontrol.com.tr\/en\/wp-json\/wp\/v2\/product_cat?post=3370"},{"taxonomy":"product_tag","embeddable":true,"href":"https:\/\/dealer.tiscontrol.com.tr\/en\/wp-json\/wp\/v2\/product_tag?post=3370"}],"curies":[{"name":"wp","href":"https:\/\/api.w.org\/{rel}","templated":true}]}}