{"id":3375,"date":"2025-02-06T16:20:20","date_gmt":"2025-02-06T16:20:20","guid":{"rendered":"https:\/\/dealer.tiscontrol.com.tr\/?post_type=product&#038;p=3375"},"modified":"2026-01-18T00:18:12","modified_gmt":"2026-01-17T21:18:12","slug":"terre-panel-eklenti-ozellikli-muzik-kontrol-paneli","status":"publish","type":"product","link":"https:\/\/dealer.tiscontrol.com.tr\/en\/product\/terre-panel-eklenti-ozellikli-muzik-kontrol-paneli\/","title":{"rendered":"Terre Panel Eklenti \u00d6zellikli M\u00fczik Kontrol Paneli"},"content":{"rendered":"<p data-pm-slice=\"1 1 []\"><strong>Kusursuz M\u00fczik Deneyimi \u0130\u00e7in Tasarland\u0131<\/strong><\/p>\n<p data-pm-slice=\"1 1 []\">TIS TERRE PANEL, m\u00fczik kontrol\u00fcn\u00fc yepyeni bir boyuta ta\u015f\u0131r. Bu cihaz, 1&#8243; OLED ekran\u0131 ile m\u00fczik kaynaklar\u0131 &amp; par\u00e7alar hakk\u0131nda anl\u0131k bilgi sunar. Kullan\u0131c\u0131lar, bu \u00f6zellik ile m\u00fczik deneyimlerini diledikleri gibi ki\u015fiselle\u015ftirebilir. Ayr\u0131ca, \u00f6zelle\u015ftirilebilir dokunmatik butonlar (ve arka ayd\u0131nlatma) estetik ile kullan\u0131m kolayl\u0131\u011f\u0131n\u0131 bir araya getirir. Evde, otelde veya ofiste, her ortamda m\u00fckemmel bir m\u00fczik keyfi i\u00e7in ideal bir \u00e7\u00f6z\u00fcmd\u00fcr.<\/p>\n<p><strong>Ak\u0131ll\u0131 Entegrasyon ve Esneklik<\/strong><\/p>\n<p data-pm-slice=\"1 1 []\">TIS TERRE PANEL, di\u011fer TIS \u00e7\u00f6z\u00fcmleri ile uyum i\u00e7inde \u00e7al\u0131\u015farak ak\u0131ll\u0131 ev veya ofis ortam\u0131n\u0131z\u0131 daha da b\u00fct\u00fcnle\u015ftirir. Tek bir TIS hatt\u0131nda (64 cihaza kadar) ba\u011flant\u0131 imkan\u0131 sunmak, geni\u015f \u00f6l\u00e7ekli kurulumlar i\u00e7in harika bir se\u00e7enek sunar. Buna ek olarak, panel eklentileri sayesinde ayd\u0131nlatma, perde veya fan coil sistemlerini kontrol edebilme yetene\u011fi, cihaz\u0131n esnekli\u011fini art\u0131r\u0131r. B\u00f6ylece kullan\u0131c\u0131lar, ihtiya\u00e7lar\u0131na g\u00f6re \u00f6zel bir kontrol sistemi olu\u015fturabilirler.<\/p>\n<p><strong>G\u00fcvenilir ve Dayan\u0131kl\u0131 Tasar\u0131m<\/strong><\/p>\n<p data-pm-slice=\"1 1 []\">TIS TERRE PANEL, yang\u0131na dayan\u0131kl\u0131 malzemelerle \u00fcretilmi\u015f ve ters polarite, ESD korumas\u0131 gibi g\u00fcvenlik \u00f6zelliklerine sahiptir. Bu g\u00fcvenlik \u00f6zellikleri ise yanl\u0131\u015f kablolama &amp; elektriksel dalgalanmalara kar\u015f\u0131 koruma sa\u011flar. 12-32 V DC voltaj aral\u0131\u011f\u0131nda \u00e7al\u0131\u015fan cihaz, d\u00fc\u015f\u00fck enerji t\u00fcketimi ile dikkat \u00e7eker. Avrupa ve \u0130ngiltere standartlar\u0131na uygun arka kutulara kolayca monte edilebilir; bu da kurulum s\u00fcrecini olduk\u00e7a basit hale getirir.<\/p>\n","protected":false},"excerpt":{"rendered":"<p>\ud83c\udfb5 <strong>M\u00fczik Kontrol\u00fc:<\/strong> TIS TERRE PANEL, 1&#8243; OLED ekran\u0131 ile m\u00fczik kaynaklar\u0131 ve par\u00e7alar hakk\u0131nda anl\u0131k bilgi sunarak kullan\u0131c\u0131lar\u0131n m\u00fczik deneyimlerini ki\u015fiselle\u015ftirmelerine olanak tan\u0131r.<\/p>\n<p>\ud83d\uddb1\ufe0f <strong>Kullan\u0131c\u0131 Dostu Tasar\u0131m:<\/strong> \u00d6zelle\u015ftirilebilir dokunmatik butonlar ve arka ayd\u0131nlatma, estetik ve kullan\u0131m kolayl\u0131\u011f\u0131n\u0131 bir araya getirir.<\/p>\n<p>\ud83c\udfe0 <strong>\u00c7ok Y\u00f6nl\u00fc Kullan\u0131m:<\/strong> Ev, otel veya ofis gibi farkl\u0131 ortamlarda m\u00fckemmel bir m\u00fczik deneyimi sunar.<\/p>\n<p>\ud83d\udd17 <strong>Ak\u0131ll\u0131 Entegrasyon:<\/strong> Di\u011fer TIS \u00e7\u00f6z\u00fcmleri ile uyumlu \u00e7al\u0131\u015farak ak\u0131ll\u0131 ev veya ofis sistemlerini b\u00fct\u00fcnle\u015ftirir ve 64 cihaza kadar ba\u011flant\u0131 imkan\u0131 sunar.<\/p>\n<p>\ud83d\udca1 <strong>Esnek Kontrol:<\/strong> Panel eklentileri sayesinde ayd\u0131nlatma, perde veya fan coil sistemlerini kontrol edebilme yetene\u011fi sunar.<\/p>\n<p>\ud83d\udd12 <strong>G\u00fcvenlik ve Dayan\u0131kl\u0131l\u0131k:<\/strong> Yang\u0131na dayan\u0131kl\u0131 malzemeler, ters polarite ve ESD korumas\u0131 gibi g\u00fcvenlik \u00f6zellikleri ile donat\u0131lm\u0131\u015ft\u0131r.<\/p>\n<p>\u26a1 <strong>Enerji Verimlili\u011fi:<\/strong> 12-32 V DC voltaj aral\u0131\u011f\u0131nda \u00e7al\u0131\u015f\u0131r ve d\u00fc\u015f\u00fck enerji t\u00fcketimi ile dikkat \u00e7eker.<\/p>\n","protected":false},"featured_media":3371,"comment_status":"open","ping_status":"closed","template":"","meta":{"_acf_changed":false},"product_brand":[433],"product_cat":[115,117],"product_tag":[274,303,304,428],"class_list":{"0":"post-3375","1":"product","2":"type-product","3":"status-publish","4":"has-post-thumbnail","6":"product_brand-tiscontrol","7":"product_cat-interfaces","8":"product_cat-terre-series","9":"product_tag-akilli-ev","10":"product_tag-muzik-kontrolu","11":"product_tag-panel-eklenti","12":"product_tag-tiscontrol","14":"first","15":"onbackorder","16":"taxable","17":"shipping-taxable","18":"product-type-simple","19":"add-to-wishlist-after_add_to_cart"},"acf":[],"_links":{"self":[{"href":"https:\/\/dealer.tiscontrol.com.tr\/en\/wp-json\/wp\/v2\/product\/3375","targetHints":{"allow":["GET"]}}],"collection":[{"href":"https:\/\/dealer.tiscontrol.com.tr\/en\/wp-json\/wp\/v2\/product"}],"about":[{"href":"https:\/\/dealer.tiscontrol.com.tr\/en\/wp-json\/wp\/v2\/types\/product"}],"replies":[{"embeddable":true,"href":"https:\/\/dealer.tiscontrol.com.tr\/en\/wp-json\/wp\/v2\/comments?post=3375"}],"wp:featuredmedia":[{"embeddable":true,"href":"https:\/\/dealer.tiscontrol.com.tr\/en\/wp-json\/wp\/v2\/media\/3371"}],"wp:attachment":[{"href":"https:\/\/dealer.tiscontrol.com.tr\/en\/wp-json\/wp\/v2\/media?parent=3375"}],"wp:term":[{"taxonomy":"product_brand","embeddable":true,"href":"https:\/\/dealer.tiscontrol.com.tr\/en\/wp-json\/wp\/v2\/product_brand?post=3375"},{"taxonomy":"product_cat","embeddable":true,"href":"https:\/\/dealer.tiscontrol.com.tr\/en\/wp-json\/wp\/v2\/product_cat?post=3375"},{"taxonomy":"product_tag","embeddable":true,"href":"https:\/\/dealer.tiscontrol.com.tr\/en\/wp-json\/wp\/v2\/product_tag?post=3375"}],"curies":[{"name":"wp","href":"https:\/\/api.w.org\/{rel}","templated":true}]}}