{"id":3800,"date":"2025-02-16T12:19:55","date_gmt":"2025-02-16T12:19:55","guid":{"rendered":"https:\/\/dealer.tiscontrol.com.tr\/?post_type=product&#038;p=3800"},"modified":"2026-01-17T23:28:37","modified_gmt":"2026-01-17T20:28:37","slug":"tis-duvar-tipi-hoparlor","status":"publish","type":"product","link":"https:\/\/dealer.tiscontrol.com.tr\/en\/product\/tis-duvar-tipi-hoparlor\/","title":{"rendered":"TIS Duvar Tipi Hoparl\u00f6r"},"content":{"rendered":"<h2 data-pm-slice=\"1 1 []\">G\u00fc\u00e7l\u00fc ve Etkileyici Ses Deneyimi<\/h2>\n<p data-pm-slice=\"1 1 []\">TIS Duvar Tipi Hoparl\u00f6r, 100 watt g\u00fc\u00e7 kapasitesi (baya\u011f\u0131 iyi bir g\u00fc\u00e7) ile hem evde hem de profesyonel alanlarda \u00fcst\u00fcn bir ses deneyimi sunar. <strong>Geni\u015f frekans yan\u0131t aral\u0131\u011f\u0131 (80 Hz &#8211; 20,000 Hz)<\/strong> sayesinde, m\u00fczi\u011fin her bir detay\u0131n\u0131 a\u00e7\u0131k\u00e7a duyabilirsiniz. 88 dB hassasiyet derecesi sayesinde hoparl\u00f6r daha az g\u00fc\u00e7le daha y\u00fcksek ses \u00fcretebilir. Bu sayede enerji tasarrufu yaparken &amp; etkileyici bir ses kalitesi yakalamak kolay olur.<\/p>\n<h2>Dayan\u0131kl\u0131 ve \u015e\u0131k Tasar\u0131m<\/h2>\n<p data-pm-slice=\"1 1 []\">Hoparl\u00f6r, polipropilen g\u00f6vde ve al\u00fcminyum \u0131zgarayla \u00fcretildi\u011fi i\u00e7in dayan\u0131kl\u0131l\u0131\u011f\u0131 art\u0131r\u0131r ve estetik bir g\u00f6r\u00fcn\u00fcm sa\u011flar. Siyah &amp; beyaz renk se\u00e7enekleriyle dekorasyonunuza uygun se\u00e7im yapabilirsiniz. Kompakt boyutlar\u0131 (135 x 205 x 136 mm) ile duvara kolayca monte edilebilir &amp; yerden tasarruf sa\u011flar.<\/p>\n<h2>Geni\u015f Uyumluluk ve Kullan\u0131m Kolayl\u0131\u011f\u0131<\/h2>\n<p data-pm-slice=\"1 1 []\">8 ohm empedans de\u011feri mevcut oldu\u011fundan TIS Duvar Tipi Hoparl\u00f6r bir\u00e7ok ses sistemi ile uyumlu hale gelir, bu da hoparl\u00f6r\u00fc mevcut sisteminize rahat\u00e7a ekleyebilece\u011finiz anlam\u0131na gelir. Hem evde hem de i\u015f yerinde kullan\u0131lmaya uygun olan bu hoparl\u00f6r, her t\u00fcrl\u00fc ortamda kaliteli bir ses deneyimi sunar.<\/p>\n","protected":false},"excerpt":{"rendered":"<p>\ud83d\udd0a <strong>\u00dcst\u00fcn Ses Deneyimi:<\/strong> TIS Duvar Tipi Hoparl\u00f6r, 100 watt g\u00fc\u00e7 kapasitesi ile hem evde hem de profesyonel alanlarda \u00fcst\u00fcn bir ses deneyimi sunar.<\/p>\n<p>\ud83c\udfb5 <strong>Geni\u015f Frekans Yan\u0131t Aral\u0131\u011f\u0131:<\/strong> 80 Hz &#8211; 20,000 Hz frekans yan\u0131t aral\u0131\u011f\u0131 sayesinde m\u00fczi\u011fin her detay\u0131n\u0131 a\u00e7\u0131k\u00e7a duyabilirsiniz.<\/p>\n<p>\ud83d\udd0b <strong>Enerji Tasarrufu:<\/strong> 88 dB hassasiyet derecesi, hoparl\u00f6r\u00fcn daha az g\u00fc\u00e7le daha y\u00fcksek ses \u00fcretmesini sa\u011flar, bu da enerji tasarrufu yaparken etkileyici bir ses kalitesi sunar.<\/p>\n<p>\ud83d\udee1\ufe0f <strong>Dayan\u0131kl\u0131 ve \u015e\u0131k Tasar\u0131m:<\/strong> Polipropilen g\u00f6vde ve al\u00fcminyum \u0131zgara ile dayan\u0131kl\u0131l\u0131\u011f\u0131 art\u0131r\u0131lm\u0131\u015f ve estetik bir g\u00f6r\u00fcn\u00fcm sa\u011flanm\u0131\u015ft\u0131r.<\/p>\n<p>\ud83c\udfa8 <strong>Renk Se\u00e7enekleri ve Kompakt Boyutlar:<\/strong> Siyah ve beyaz renk se\u00e7enekleri ile dekorasyonunuza uygun se\u00e7im yapabilir, kompakt boyutlar\u0131 sayesinde duvara kolayca monte edebilirsiniz.<\/p>\n<p>\ud83d\udd04 <strong>Geni\u015f Uyumluluk:<\/strong> 8 ohm empedans de\u011feri ile bir\u00e7ok ses sistemi ile uyumlu olup, mevcut sisteminize rahat\u00e7a eklenebilir.<\/p>\n<p>\ud83c\udfe0 <strong>\u00c7ok Y\u00f6nl\u00fc Kullan\u0131m:<\/strong> Hem evde hem de i\u015f yerinde kullan\u0131lmaya uygun olup, her t\u00fcrl\u00fc ortamda kaliteli bir ses deneyimi sunar.<\/p>\n","protected":false},"featured_media":2940,"comment_status":"open","ping_status":"closed","template":"","meta":{"_acf_changed":false},"product_brand":[433],"product_cat":[139,142],"product_tag":[363,428],"class_list":{"0":"post-3800","1":"product","2":"type-product","3":"status-publish","4":"has-post-thumbnail","6":"product_brand-tiscontrol","7":"product_cat-audio-video","8":"product_cat-speakers","9":"product_tag-hoparlor","10":"product_tag-tiscontrol","12":"first","13":"onbackorder","14":"taxable","15":"shipping-taxable","16":"product-type-simple","17":"add-to-wishlist-after_add_to_cart"},"acf":[],"_links":{"self":[{"href":"https:\/\/dealer.tiscontrol.com.tr\/en\/wp-json\/wp\/v2\/product\/3800","targetHints":{"allow":["GET"]}}],"collection":[{"href":"https:\/\/dealer.tiscontrol.com.tr\/en\/wp-json\/wp\/v2\/product"}],"about":[{"href":"https:\/\/dealer.tiscontrol.com.tr\/en\/wp-json\/wp\/v2\/types\/product"}],"replies":[{"embeddable":true,"href":"https:\/\/dealer.tiscontrol.com.tr\/en\/wp-json\/wp\/v2\/comments?post=3800"}],"wp:featuredmedia":[{"embeddable":true,"href":"https:\/\/dealer.tiscontrol.com.tr\/en\/wp-json\/wp\/v2\/media\/2940"}],"wp:attachment":[{"href":"https:\/\/dealer.tiscontrol.com.tr\/en\/wp-json\/wp\/v2\/media?parent=3800"}],"wp:term":[{"taxonomy":"product_brand","embeddable":true,"href":"https:\/\/dealer.tiscontrol.com.tr\/en\/wp-json\/wp\/v2\/product_brand?post=3800"},{"taxonomy":"product_cat","embeddable":true,"href":"https:\/\/dealer.tiscontrol.com.tr\/en\/wp-json\/wp\/v2\/product_cat?post=3800"},{"taxonomy":"product_tag","embeddable":true,"href":"https:\/\/dealer.tiscontrol.com.tr\/en\/wp-json\/wp\/v2\/product_tag?post=3800"}],"curies":[{"name":"wp","href":"https:\/\/api.w.org\/{rel}","templated":true}]}}