{"id":3821,"date":"2025-02-16T17:41:52","date_gmt":"2025-02-16T17:41:52","guid":{"rendered":"https:\/\/dealer.tiscontrol.com.tr\/?post_type=product&#038;p=3821"},"modified":"2026-01-17T23:24:46","modified_gmt":"2026-01-17T20:24:46","slug":"tis-villa-tipi-zil-paneli","status":"publish","type":"product","link":"https:\/\/dealer.tiscontrol.com.tr\/en\/product\/tis-villa-tipi-zil-paneli\/","title":{"rendered":"TIS Villa Tipi Zil Paneli"},"content":{"rendered":"<h2 data-pm-slice=\"1 1 []\">G\u00fcvenli ve Dayan\u0131kl\u0131 Tasar\u0131m<\/h2>\n<p data-pm-slice=\"1 1 []\">TIS Villa Tipi Zil Paneli, estetik ve sa\u011flam al\u00fcminyum ala\u015f\u0131ml\u0131 paneliyle \u00f6ne \u00e7\u0131kar. IP65 sertifikas\u0131na sahip, zorlu hava ko\u015fullar\u0131ndan etkilenmez ve eksi 40 dereceden 55 dereceye kadar s\u0131k\u0131nt\u0131s\u0131z \u00e7al\u0131\u015f\u0131r. Bu \u00f6zellikler, evinizin emniyetini sa\u011flarken uzun s\u00fcre kullan\u0131m sunar. \u00dcstelik sabotaj alarm\u0131, yetkisiz m\u00fcdahalelere kar\u015f\u0131 ekstra koruma verir.<\/p>\n<h3>Geli\u015fmi\u015f Kamera ve Geni\u015f G\u00f6r\u00fc\u015f A\u00e7\u0131s\u0131<\/h3>\n<p data-pm-slice=\"1 1 []\"><strong>110\u00b0 geni\u015f a\u00e7\u0131l\u0131 2MP HD kameras\u0131<\/strong>, otomatik ayd\u0131nlatma \u00f6zelli\u011fi ile her zaman net g\u00f6r\u00fcnt\u00fcler sa\u011flar\u2014gece ya da g\u00fcnd\u00fcz. B\u00f6ylece, kap\u0131n\u0131za gelenleri her zaman net \u015fekilde g\u00f6rebilirsiniz. Kamera, ailenizin g\u00fcvende oldu\u011funu bilmenin huzurunu ya\u015fat\u0131r, ev emniyetini art\u0131r\u0131r.<\/p>\n<h3>\u00c7ok Y\u00f6nl\u00fc Giri\u015f Se\u00e7enekleri<\/h3>\n<p data-pm-slice=\"1 1 []\">TIS Villa Tipi Zil Paneli, \u00e7a\u011fr\u0131, IC kart (13.56MHz), ID kart (125kHz) ve uygulama gibi \u00e7e\u015fitli giri\u015f yollar\u0131n\u0131 destekler. 60 bin karta kadar destek sunar, bu da geni\u015f aileler ve i\u015f yerleri i\u00e7in idealdir. SIP 2.0 protokol\u00fc ile di\u011fer SIP cihazlar\u0131yla kolayca uyum sa\u011flar ve g\u00fcvenlik sisteminize rahat\u00e7a eklenebilir.<\/p>\n","protected":false},"excerpt":{"rendered":"<p>\ud83d\udee1\ufe0f Al\u00fcminyum ala\u015f\u0131ml\u0131 panel, dayan\u0131kl\u0131l\u0131k ve estetik sa\u011flar.<\/p>\n<p>\ud83d\udcf7 110\u00b0 geni\u015f a\u00e7\u0131l\u0131 2MP HD kamera, otomatik ayd\u0131nlatma ile net g\u00f6r\u00fcnt\u00fcler sunar.<\/p>\n<p>\ud83d\udeaa Kap\u0131 giri\u015f y\u00f6ntemleri: arama, IC kart (13.56MHz), ID kart (125kHz), uygulama.<\/p>\n<p>\ud83d\udcb3 60.000 karta kadar destek kapasitesi.<\/p>\n<p>\ud83d\udd04 3 entegre g\u00f6sterge ile durum takibi kolayla\u015f\u0131r.<\/p>\n<p>\ud83c\udf27\ufe0f IP65 sertifikas\u0131, suya ve toza kar\u015f\u0131 dayan\u0131kl\u0131l\u0131\u011f\u0131 garanti eder.<\/p>\n<p>\ud83d\udea8 Sabotaj alarm\u0131, g\u00fcvenli\u011fi art\u0131r\u0131r.<\/p>\n<p>\ud83d\udd0c Standart PoE (IEEE802.3af) \/ 12V DC ile enerji verimlili\u011fi sa\u011flar.<\/p>\n<p>\u2744\ufe0f D\u00fc\u015f\u00fck s\u0131cakl\u0131k direnci (-40\u2103 ila 55\u2103), zorlu hava ko\u015fullar\u0131nda \u00e7al\u0131\u015fabilir.<\/p>\n<p>\ud83d\udee0\ufe0f Y\u00fczey ve g\u00f6mme montaj deste\u011fi, kurulum esnekli\u011fi sunar.<\/p>\n<p>\ud83d\udcde SIP 2.0 protokol\u00fc ile di\u011fer SIP cihazlar\u0131yla kolay entegrasyon sa\u011flar.<\/p>\n","protected":false},"featured_media":3809,"comment_status":"open","ping_status":"closed","template":"","meta":{"_acf_changed":false},"product_brand":[433],"product_cat":[149,151],"product_tag":[369,428],"class_list":{"0":"post-3821","1":"product","2":"type-product","3":"status-publish","4":"has-post-thumbnail","6":"product_brand-tiscontrol","7":"product_cat-video-door-phone-smart-lock","8":"product_cat-outdoor-unit","9":"product_tag-akilli-diafon","10":"product_tag-tiscontrol","12":"first","13":"onbackorder","14":"taxable","15":"shipping-taxable","16":"product-type-variable","17":"add-to-wishlist-after_add_to_cart"},"acf":[],"_links":{"self":[{"href":"https:\/\/dealer.tiscontrol.com.tr\/en\/wp-json\/wp\/v2\/product\/3821","targetHints":{"allow":["GET"]}}],"collection":[{"href":"https:\/\/dealer.tiscontrol.com.tr\/en\/wp-json\/wp\/v2\/product"}],"about":[{"href":"https:\/\/dealer.tiscontrol.com.tr\/en\/wp-json\/wp\/v2\/types\/product"}],"replies":[{"embeddable":true,"href":"https:\/\/dealer.tiscontrol.com.tr\/en\/wp-json\/wp\/v2\/comments?post=3821"}],"wp:featuredmedia":[{"embeddable":true,"href":"https:\/\/dealer.tiscontrol.com.tr\/en\/wp-json\/wp\/v2\/media\/3809"}],"wp:attachment":[{"href":"https:\/\/dealer.tiscontrol.com.tr\/en\/wp-json\/wp\/v2\/media?parent=3821"}],"wp:term":[{"taxonomy":"product_brand","embeddable":true,"href":"https:\/\/dealer.tiscontrol.com.tr\/en\/wp-json\/wp\/v2\/product_brand?post=3821"},{"taxonomy":"product_cat","embeddable":true,"href":"https:\/\/dealer.tiscontrol.com.tr\/en\/wp-json\/wp\/v2\/product_cat?post=3821"},{"taxonomy":"product_tag","embeddable":true,"href":"https:\/\/dealer.tiscontrol.com.tr\/en\/wp-json\/wp\/v2\/product_tag?post=3821"}],"curies":[{"name":"wp","href":"https:\/\/api.w.org\/{rel}","templated":true}]}}