{"id":3839,"date":"2025-02-17T12:00:48","date_gmt":"2025-02-17T12:00:48","guid":{"rendered":"https:\/\/dealer.tiscontrol.com.tr\/?post_type=product&#038;p=3839"},"modified":"2026-01-17T23:18:52","modified_gmt":"2026-01-17T20:18:52","slug":"gercek-varlik-sensoru","status":"publish","type":"product","link":"https:\/\/dealer.tiscontrol.com.tr\/en\/product\/gercek-varlik-sensoru\/","title":{"rendered":"Ger\u00e7ek Varl\u0131k Sens\u00f6r\u00fc"},"content":{"rendered":"<h2 data-pm-slice=\"1 1 []\">Ak\u0131ll\u0131 Evlerde Enerji Verimlili\u011fi<\/h2>\n<p data-pm-slice=\"1 1 []\">TIS Ger\u00e7ek Varl\u0131k Sens\u00f6r\u00fc, enerjiyi daha az harcaman\u0131z i\u00e7in harika bir \u00e7\u00f6z\u00fcm. Hareket alg\u0131lama ile evinizdeki her k\u00f6\u015fede enerji kullan\u0131m\u0131 artar. I\u015f\u0131k sens\u00f6rleri ve ak\u0131ll\u0131 mant\u0131\u011f\u0131 sayesinde en ufak hareketleri bile g\u00f6r\u00fcr. Farkl\u0131 kara ko\u015fullar\u0131na uyum sa\u011flar. B\u00f6ylece, her t\u00fcrl\u00fc \u0131\u015f\u0131k durumunda enerji tasarrufu sa\u011flan\u0131r. Evinizde konfor &amp; verimlili\u011fi bulu\u015fturup, ak\u0131ll\u0131 ev deneyiminizi \u00fcst seviyeye \u00e7\u0131kar\u0131n.<\/p>\n<h3>Ak\u0131ll\u0131 Otellerde Enerji Y\u00f6netimi<\/h3>\n<p data-pm-slice=\"1 1 []\">TIS Ger\u00e7ek Varl\u0131k Sens\u00f6r\u00fc, ak\u0131ll\u0131 oteller i\u00e7in m\u00fckemmel tercihtir. \u0130nsanlar\u0131n varl\u0131\u011f\u0131n\u0131 hemen fark eder, ayd\u0131nlatma ve HVAC sistemini ayarlar ve enerji israf\u0131n\u0131 \u00f6nler. B\u00f6ylece otelinizde daha dengeli ve maliyet dostu bir ortam yaratabilirsiniz. Misafirlerinizin rahat\u0131 artarken, enerjiyi minimumda tutarak \u00e7evreye arkada\u015f olman\u0131n tad\u0131n\u0131 \u00e7\u0131kar\u0131n.<\/p>\n<h3>Ofislerde ve \u0130\u015f Yerlerinde Ak\u0131ll\u0131 \u00c7\u00f6z\u00fcmler<\/h3>\n<p data-pm-slice=\"1 1 []\">Ofis binalar\u0131n\u0131z\u0131 ve i\u015f yerlerinizi ak\u0131lland\u0131rmak i\u00e7in TIS Ger\u00e7ek Varl\u0131k Sens\u00f6r\u00fc&#8217;ne g\u00fcvenebilirsiniz. \u00c7al\u0131\u015fma ortam\u0131n\u0131n kalitesinden \u00f6d\u00fcn vermeden, so\u011futma, \u0131s\u0131tma ve ayd\u0131nlatma sistemlerini yaln\u0131zca gerekti\u011finde \u00e7al\u0131\u015ft\u0131rarak karbon ayak izinizi k\u00fc\u00e7\u00fclt\u00fcn. Bu etkili k\u00fc\u00e7\u00fck yard\u0131mc\u0131, i\u015f yerinizde enerjiden tasarruf ederken, \u00e7al\u0131\u015fanlar\u0131n\u0131z\u0131n rahat\u0131n\u0131 da art\u0131r\u0131r.<\/p>\n","protected":false},"excerpt":{"rendered":"<p>\ud83c\udfe0 <strong>Ak\u0131ll\u0131 Evlerde Enerji Verimlili\u011fi:<\/strong> TIS Ger\u00e7ek Varl\u0131k Sens\u00f6r\u00fc, hareket alg\u0131lama ve \u0131\u015f\u0131k sens\u00f6rleri ile enerji kullan\u0131m\u0131n\u0131 optimize eder, farkl\u0131 \u0131\u015f\u0131k ko\u015fullar\u0131na uyum sa\u011flar ve enerji tasarrufu sa\u011flar.<\/p>\n<p>\ud83c\udfe8 <strong>Ak\u0131ll\u0131 Otellerde Enerji Y\u00f6netimi:<\/strong> TIS Sens\u00f6r\u00fc, otellerde insan varl\u0131\u011f\u0131n\u0131 alg\u0131layarak ayd\u0131nlatma ve HVAC sistemlerini ayarlar, enerji israf\u0131n\u0131 \u00f6nler ve misafir konforunu art\u0131r\u0131r.<\/p>\n<p>\ud83c\udfe2 <strong>Ofislerde ve \u0130\u015f Yerlerinde Ak\u0131ll\u0131 \u00c7\u00f6z\u00fcmler:<\/strong> TIS Sens\u00f6r\u00fc, ofislerde so\u011futma, \u0131s\u0131tma ve ayd\u0131nlatma sistemlerini yaln\u0131zca gerekti\u011finde \u00e7al\u0131\u015ft\u0131rarak enerji tasarrufu sa\u011flar ve karbon ayak izini k\u00fc\u00e7\u00fclt\u00fcr.<\/p>\n<p>\ud83c\udf0d <strong>\u00c7evre Dostu Yakla\u015f\u0131m:<\/strong> TIS Sens\u00f6r\u00fc, enerji t\u00fcketimini azaltarak \u00e7evreye dost bir yakla\u015f\u0131m sunar ve s\u00fcrd\u00fcr\u00fclebilirlik hedeflerine katk\u0131da bulunur.<\/p>\n<p>\ud83d\udca1 <strong>Konfor ve Verimlilik:<\/strong> TIS Sens\u00f6r\u00fc, konfor ve verimlili\u011fi bir araya getirerek ak\u0131ll\u0131 ev, otel ve ofis deneyimini \u00fcst seviyeye \u00e7\u0131kar\u0131r.<\/p>\n","protected":false},"featured_media":2814,"comment_status":"open","ping_status":"closed","template":"","meta":{"_acf_changed":false},"product_brand":[433],"product_cat":[111,110],"product_tag":[176,428,375],"class_list":{"0":"post-3839","1":"product","2":"type-product","3":"status-publish","4":"has-post-thumbnail","6":"product_brand-tiscontrol","7":"product_cat-bus-sensors","8":"product_cat-sensors","9":"product_tag-enerji-tasarrufu","10":"product_tag-tiscontrol","11":"product_tag-varlik-sensoru","13":"first","14":"onbackorder","15":"taxable","16":"shipping-taxable","17":"product-type-simple","18":"add-to-wishlist-after_add_to_cart"},"acf":[],"_links":{"self":[{"href":"https:\/\/dealer.tiscontrol.com.tr\/en\/wp-json\/wp\/v2\/product\/3839","targetHints":{"allow":["GET"]}}],"collection":[{"href":"https:\/\/dealer.tiscontrol.com.tr\/en\/wp-json\/wp\/v2\/product"}],"about":[{"href":"https:\/\/dealer.tiscontrol.com.tr\/en\/wp-json\/wp\/v2\/types\/product"}],"replies":[{"embeddable":true,"href":"https:\/\/dealer.tiscontrol.com.tr\/en\/wp-json\/wp\/v2\/comments?post=3839"}],"wp:featuredmedia":[{"embeddable":true,"href":"https:\/\/dealer.tiscontrol.com.tr\/en\/wp-json\/wp\/v2\/media\/2814"}],"wp:attachment":[{"href":"https:\/\/dealer.tiscontrol.com.tr\/en\/wp-json\/wp\/v2\/media?parent=3839"}],"wp:term":[{"taxonomy":"product_brand","embeddable":true,"href":"https:\/\/dealer.tiscontrol.com.tr\/en\/wp-json\/wp\/v2\/product_brand?post=3839"},{"taxonomy":"product_cat","embeddable":true,"href":"https:\/\/dealer.tiscontrol.com.tr\/en\/wp-json\/wp\/v2\/product_cat?post=3839"},{"taxonomy":"product_tag","embeddable":true,"href":"https:\/\/dealer.tiscontrol.com.tr\/en\/wp-json\/wp\/v2\/product_tag?post=3839"}],"curies":[{"name":"wp","href":"https:\/\/api.w.org\/{rel}","templated":true}]}}