{"id":4008,"date":"2025-02-21T19:36:51","date_gmt":"2025-02-21T19:36:51","guid":{"rendered":"https:\/\/dealer.tiscontrol.com.tr\/?post_type=product&#038;p=4008"},"modified":"2026-01-17T22:11:22","modified_gmt":"2026-01-17T19:11:22","slug":"zigbee-manyetik-kontak","status":"publish","type":"product","link":"https:\/\/dealer.tiscontrol.com.tr\/en\/product\/zigbee-manyetik-kontak\/","title":{"rendered":"Zigbee Manyetik Kontak"},"content":{"rendered":"<h2 data-pm-slice=\"1 1 []\">Zigbee Manyetik Kontak ile G\u00fcvenli\u011finizi Maksimuma \u00c7\u0131kar\u0131n: Kablosuz \u00c7\u00f6z\u00fcm<\/h2>\n<p data-pm-slice=\"1 1 [&quot;bulletList&quot;,null,&quot;listItem&quot;,{&quot;task&quot;:false,&quot;checked&quot;:false,&quot;rawHTML&quot;:null}]\">Zigbee Manyetik Kontak, Zigbee 3.0 teknolojisi ile donat\u0131lm\u0131\u015f olup kap\u0131 ve pencerelerinizin durumunu s\u00fcrekli izleyerek g\u00fcvenli\u011finizi maksimuma \u00e7\u0131kar\u0131r. \u0130leri seviye g\u00fcvenlik sistemleriyle uyumlu olan bu \u00fcr\u00fcn, hem eviniz hem de i\u015f yeriniz i\u00e7in \u00fcst\u00fcn koruma sunmaktad\u0131r. Karma\u015f\u0131k kablolama gerektirmeyen kablosuz manyetik kontak sayesinde geni\u015f a\u00e7\u0131yla koruma sa\u011flayarak her k\u00f6\u015feyi g\u00fcvenceye alabilirsiniz.<\/p>\n<h3>24\/7 Kesintisiz \u0130zleme ve H\u0131zl\u0131 Bildirim<\/h3>\n<p data-pm-slice=\"1 1 [&quot;bulletList&quot;,null,&quot;listItem&quot;,{&quot;task&quot;:false,&quot;checked&quot;:false,&quot;rawHTML&quot;:null}]\">Zigbee Manyetik Kontak, s\u00fcrekli izleme yetene\u011fi ile gece g\u00fcnd\u00fcz hizmetinizdedir. E\u011fer gece balkon kap\u0131n\u0131z a\u00e7\u0131k kal\u0131rsa ya da i\u015f \u00e7\u0131k\u0131\u015f\u0131n\u0131zda garaj kap\u0131n\u0131z tam kapanmazsa, hemen bildirim alarak m\u00fcdahale edebilirsiniz. Tatilde dahi huzurunuzu koruyabilirsiniz. Ayr\u0131ca D\u0131\u015far\u0131 Modu\u2019muz ile evden \u00e7\u0131kt\u0131\u011f\u0131n\u0131zda g\u00fcvenlik seviyenizi art\u0131rabilirsiniz.<\/p>\n<h3>Kullan\u0131m Kolayl\u0131\u011f\u0131 ve Pratik Kurulum<\/h3>\n<p data-pm-slice=\"1 1 [&quot;bulletList&quot;,null,&quot;listItem&quot;,{&quot;task&quot;:false,&quot;checked&quot;:false,&quot;rawHTML&quot;:null}]\">Kablosuz manyetik kontak, h\u0131zl\u0131 ve pratik kurulum s\u00fcreci sunar. \u0130\u00e7erisinde yap\u0131\u015fkan bantlar\u0131 bulundurarak kap\u0131 ve pencerelere monte etmek olduk\u00e7a kolayd\u0131r ve uzun \u00f6m\u00fcrl\u00fc pil \u00f6mr\u00fcyle uzun s\u00fcre hizmet sunar. Evler, ofisler, otel odalar\u0131 ve garajlar gibi pek \u00e7ok farkl\u0131 mekanda kullan\u0131labilir. Ki\u015fisel ve kurumsal alanlar\u0131n\u0131z\u0131 y\u00fcksek g\u00fcvenlikle donatman\u0131z\u0131 sa\u011flar.<\/p>\n<p data-pm-slice=\"1 1 [&quot;bulletList&quot;,null,&quot;listItem&quot;,{&quot;task&quot;:false,&quot;checked&quot;:false,&quot;rawHTML&quot;:null}]\">Zigbee teknolojisinin sundu\u011fu kolayl\u0131klarla g\u00fcvenli\u011finizi art\u0131rmak daha kolayd\u0131r. Kablosuz manyetik kontak ekipmanlar\u0131 ile ev ve i\u015fyerlerinizi modernize edebilirsiniz.<\/p>\n","protected":false},"excerpt":{"rendered":"<p>\ud83d\udeaa <strong>Zigbee 3.0 Teknolojisi<\/strong>: Zigbee Manyetik Kontak, kap\u0131 ve pencerelerin durumunu s\u00fcrekli izleyerek g\u00fcvenli\u011fi art\u0131rmak i\u00e7in Zigbee 3.0 teknolojisi ile donat\u0131lm\u0131\u015ft\u0131r.<\/p>\n<p>\ud83d\udd12 <strong>\u00dcst\u00fcn Koruma<\/strong>: Hem ev hem de i\u015f yerleri i\u00e7in ileri seviyede g\u00fcvenlik sistemleriyle uyumludur ve kablosuz yap\u0131s\u0131 sayesinde geni\u015f a\u00e7\u0131da koruma sa\u011flar.<\/p>\n<p>\ud83c\udf19 <strong>24\/7 \u0130zleme ve Bildirim<\/strong>: S\u00fcrekli izleme yetene\u011fi ile gece-g\u00fcnd\u00fcz bilgilendirme yapar, olas\u0131 a\u00e7\u0131k kap\u0131 ve pencerelere kar\u015f\u0131 h\u0131zl\u0131 bildirim imkan\u0131 sunar.<\/p>\n<p>\ud83c\udfe0 <strong>Kolay Kurulum<\/strong>: Yap\u0131\u015fkan bantlarla kolayca monte edilebilen kablosuz manyetik kontak, uzun \u00f6m\u00fcrl\u00fc pilleriyle pratik bir kurulum s\u00fcreci sa\u011flar.<\/p>\n<p>\u2699\ufe0f <strong>\u00c7ok Y\u00f6nl\u00fc Kullan\u0131m<\/strong>: Evler, ofisler, otel odalar\u0131 ve garajlar gibi \u00e7e\u015fitli mekanlarda kullan\u0131labilir, ki\u015fisel ve kurumsal alanlar i\u00e7in tasarlanm\u0131\u015ft\u0131r.<\/p>\n<p>\ud83d\udcf1 <strong>Modernizasyon \u0130mkan\u0131<\/strong>: Zigbee teknolojisi ile mekanlar\u0131n\u0131z\u0131 modernize ederken, g\u00fcvenlik seviyesini de art\u0131rabilirsiniz.<\/p>\n","protected":false},"featured_media":4009,"comment_status":"open","ping_status":"closed","template":"","meta":{"_acf_changed":false},"product_brand":[433],"product_cat":[110,114],"product_tag":[428,386],"class_list":{"0":"post-4008","1":"product","2":"type-product","3":"status-publish","4":"has-post-thumbnail","6":"product_brand-tiscontrol","7":"product_cat-sensors","8":"product_cat-zigbee-sensors","9":"product_tag-tiscontrol","10":"product_tag-zigbee-3","12":"first","13":"onbackorder","14":"taxable","15":"shipping-taxable","16":"product-type-simple","17":"add-to-wishlist-after_add_to_cart"},"acf":[],"_links":{"self":[{"href":"https:\/\/dealer.tiscontrol.com.tr\/en\/wp-json\/wp\/v2\/product\/4008","targetHints":{"allow":["GET"]}}],"collection":[{"href":"https:\/\/dealer.tiscontrol.com.tr\/en\/wp-json\/wp\/v2\/product"}],"about":[{"href":"https:\/\/dealer.tiscontrol.com.tr\/en\/wp-json\/wp\/v2\/types\/product"}],"replies":[{"embeddable":true,"href":"https:\/\/dealer.tiscontrol.com.tr\/en\/wp-json\/wp\/v2\/comments?post=4008"}],"wp:featuredmedia":[{"embeddable":true,"href":"https:\/\/dealer.tiscontrol.com.tr\/en\/wp-json\/wp\/v2\/media\/4009"}],"wp:attachment":[{"href":"https:\/\/dealer.tiscontrol.com.tr\/en\/wp-json\/wp\/v2\/media?parent=4008"}],"wp:term":[{"taxonomy":"product_brand","embeddable":true,"href":"https:\/\/dealer.tiscontrol.com.tr\/en\/wp-json\/wp\/v2\/product_brand?post=4008"},{"taxonomy":"product_cat","embeddable":true,"href":"https:\/\/dealer.tiscontrol.com.tr\/en\/wp-json\/wp\/v2\/product_cat?post=4008"},{"taxonomy":"product_tag","embeddable":true,"href":"https:\/\/dealer.tiscontrol.com.tr\/en\/wp-json\/wp\/v2\/product_tag?post=4008"}],"curies":[{"name":"wp","href":"https:\/\/api.w.org\/{rel}","templated":true}]}}