{"id":4069,"date":"2025-02-28T19:23:17","date_gmt":"2025-02-28T19:23:17","guid":{"rendered":"https:\/\/dealer.tiscontrol.com.tr\/?post_type=product&#038;p=4069"},"modified":"2026-01-17T21:42:38","modified_gmt":"2026-01-17T18:42:38","slug":"zigbee-dion-ikili-anahtar","status":"publish","type":"product","link":"https:\/\/dealer.tiscontrol.com.tr\/en\/product\/zigbee-dion-ikili-anahtar\/","title":{"rendered":"Zigbee Dion \u0130kili Anahtar"},"content":{"rendered":"<h2>Zigbee Teknolojisi ile Ak\u0131ll\u0131 Kontrol<\/h2>\n<p data-pm-slice=\"1 1 []\">Zigbee Dion \u0130kili Anahtar, evinizdeki ayd\u0131nlatmay\u0131 ak\u0131ll\u0131 hale getirmenin ger\u00e7ekten en basit ve en etkili yollar\u0131ndan biridir. Zigbee teknolojisi ile bu anahtar, eski \u0131\u015f\u0131k anahtarlar\u0131n\u0131z\u0131 ak\u0131ll\u0131 sisteme kolayca d\u00f6n\u00fc\u015ft\u00fcr\u00fcr. Evinizden uzakta olsa da ayd\u0131nlatmay\u0131 kontrol edersiniz, yine de manuel kontrol\u00fcn pratikli\u011fini kaybetmeden ak\u0131ll\u0131 bir deneyim ya\u015fars\u0131n\u0131z. \u00c7ocu\u011funuzun gece korkular\u0131n\u0131 gidermek i\u00e7in \u0131\u015f\u0131klar\u0131 a\u00e7\u0131k b\u0131rakabilir; ard\u0131ndan telefonunuzdan kapatabilirsiniz.<\/p>\n<h3>Sesli Komutlarla Konforlu Ayd\u0131nlatma<\/h3>\n<p data-pm-slice=\"1 1 []\">Dion Anahtarlar\u0131, sesli komutlarla ayd\u0131nlatma kontrol\u00fcn\u00fc \u00e7ok daha kolay hale getiriyor. Alexa veya Google Asistan\u2019\u0131n\u0131za oturma odas\u0131n\u0131 ayd\u0131nlatmas\u0131n\u0131 ya da \u0131\u015f\u0131klar\u0131 k\u0131smas\u0131n\u0131 s\u00f6ylemek m\u00fcmk\u00fcn. Eve an\u0131nda farkl\u0131 bir atmosfer kat\u0131yor bu \u00f6zellik. G\u00fczel yani, \u00f6zellikle elleriniz doluyken ya da rahat\u00e7a otururken konfor sa\u011fl\u0131yor.<\/p>\n<h3>Her Ortama Uygun Pratik Kurulum<\/h3>\n<p data-pm-slice=\"1 1 []\">Dion Anahtarlar\u0131; mutfak, oturma odas\u0131, yatak odas\u0131 gibi \u00e7e\u015fitli alanlarda kullan\u0131labilece\u011fi gibi ofis gibi i\u015f yerlerinde de \u00e7ok i\u015flevsel. Hastaneler ve ma\u011fazalar dahil ticari alanlarda da Ak\u0131ll\u0131 Ayd\u0131nlatma Sistemine ge\u00e7ebilirsiniz. Sadece uygun yere monte etmek son derece basit!<\/p>\n","protected":false},"excerpt":{"rendered":"<div class=\"toastui-editor-toolbar\">\n<div class=\"toastui-editor-defaultUI-toolbar\">\n<div class=\"toastui-editor-toolbar-group\">\n<p>\ud83c\udfe0 <strong>Zigbee Teknolojisi:<\/strong> Zigbee Dion \u0130kili Anahtar, eski \u0131\u015f\u0131k anahtarlar\u0131n\u0131 ak\u0131ll\u0131 sisteme d\u00f6n\u00fc\u015ft\u00fcrerek evdeki ayd\u0131nlatmay\u0131 kontrol etmeyi kolayla\u015ft\u0131r\u0131r.<\/p>\n<p>\ud83d\udcf1 <strong>Uzaktan Kontrol:<\/strong> Evinizden uzakta olsan\u0131z bile ayd\u0131nlatmay\u0131 kontrol edebilir, manuel kontrol\u00fcn pratikli\u011fini kaybetmeden ak\u0131ll\u0131 bir deneyim ya\u015fayabilirsiniz.<\/p>\n<p>\ud83c\udf19 <strong>Gece Kullan\u0131m\u0131:<\/strong> \u00c7ocu\u011funuzun gece korkular\u0131n\u0131 gidermek i\u00e7in \u0131\u015f\u0131klar\u0131 a\u00e7\u0131k b\u0131rakabilir ve ard\u0131ndan telefonunuzdan kapatabilirsiniz.<\/p>\n<p>\ud83c\udf99\ufe0f <strong>Sesli Komutlar:<\/strong> Dion Anahtarlar\u0131, Alexa veya Google Asistan ile sesli komutlar kullanarak ayd\u0131nlatmay\u0131 kontrol etmenizi sa\u011flar, bu da elleriniz doluyken veya rahat\u00e7a otururken konfor sunar.<\/p>\n<p>\ud83c\udfe2 <strong>\u00c7ok Y\u00f6nl\u00fc Kullan\u0131m:<\/strong> Dion Anahtarlar\u0131, evdeki \u00e7e\u015fitli alanlarda ve ofis, hastane, ma\u011faza gibi ticari alanlarda kullan\u0131labilir.<\/p>\n<p>\ud83d\udd27 <strong>Kolay Kurulum:<\/strong> Dion Anahtarlar\u0131n\u0131n kurulumu son derece basittir ve her ortama uyum sa\u011flar.<\/p>\n<p>\ud83c\udf1f <strong>Atmosfer De\u011fi\u015fikli\u011fi:<\/strong> Sesli komutlar sayesinde eve an\u0131nda farkl\u0131 bir atmosfer katmak m\u00fcmk\u00fcnd\u00fcr.<\/p>\n<\/div>\n<\/div>\n<\/div>\n","protected":false},"featured_media":4080,"comment_status":"open","ping_status":"closed","template":"","meta":{"_acf_changed":false},"product_brand":[433],"product_cat":[115,129],"product_tag":[428,386],"class_list":{"0":"post-4069","1":"product","2":"type-product","3":"status-publish","4":"has-post-thumbnail","6":"product_brand-tiscontrol","7":"product_cat-interfaces","8":"product_cat-dion-series","9":"product_tag-tiscontrol","10":"product_tag-zigbee-3","12":"first","13":"outofstock","14":"taxable","15":"shipping-taxable","16":"product-type-variable","17":"add-to-wishlist-after_add_to_cart"},"acf":[],"_links":{"self":[{"href":"https:\/\/dealer.tiscontrol.com.tr\/en\/wp-json\/wp\/v2\/product\/4069","targetHints":{"allow":["GET"]}}],"collection":[{"href":"https:\/\/dealer.tiscontrol.com.tr\/en\/wp-json\/wp\/v2\/product"}],"about":[{"href":"https:\/\/dealer.tiscontrol.com.tr\/en\/wp-json\/wp\/v2\/types\/product"}],"replies":[{"embeddable":true,"href":"https:\/\/dealer.tiscontrol.com.tr\/en\/wp-json\/wp\/v2\/comments?post=4069"}],"wp:featuredmedia":[{"embeddable":true,"href":"https:\/\/dealer.tiscontrol.com.tr\/en\/wp-json\/wp\/v2\/media\/4080"}],"wp:attachment":[{"href":"https:\/\/dealer.tiscontrol.com.tr\/en\/wp-json\/wp\/v2\/media?parent=4069"}],"wp:term":[{"taxonomy":"product_brand","embeddable":true,"href":"https:\/\/dealer.tiscontrol.com.tr\/en\/wp-json\/wp\/v2\/product_brand?post=4069"},{"taxonomy":"product_cat","embeddable":true,"href":"https:\/\/dealer.tiscontrol.com.tr\/en\/wp-json\/wp\/v2\/product_cat?post=4069"},{"taxonomy":"product_tag","embeddable":true,"href":"https:\/\/dealer.tiscontrol.com.tr\/en\/wp-json\/wp\/v2\/product_tag?post=4069"}],"curies":[{"name":"wp","href":"https:\/\/api.w.org\/{rel}","templated":true}]}}