{"id":4130,"date":"2025-03-01T16:47:39","date_gmt":"2025-03-01T16:47:39","guid":{"rendered":"https:\/\/dealer.tiscontrol.com.tr\/?post_type=product&#038;p=4130"},"modified":"2026-01-17T21:42:17","modified_gmt":"2026-01-17T18:42:17","slug":"zigbee-akilli-priz","status":"publish","type":"product","link":"https:\/\/dealer.tiscontrol.com.tr\/en\/product\/zigbee-akilli-priz\/","title":{"rendered":"Zigbee Ak\u0131ll\u0131 Priz"},"content":{"rendered":"<h2 data-pm-slice=\"1 1 []\">Evinizi Ak\u0131ll\u0131 Hale Getirmenin Yolu<\/h2>\n<p data-pm-slice=\"1 1 []\">Zigbee Ak\u0131ll\u0131 Priz ile evdeki cihazlar\u0131n\u0131z\u0131 internet \u00fczerinden basit\u00e7e kontrol etmenin tad\u0131n\u0131 \u00e7\u0131kar\u0131n. Bu muhte\u015fem priz, E\u015fyalar\u0131n\u0131z\u0131 uzaktan y\u00f6netmenizi sa\u011flar &amp; g\u00fcndelik ya\u015fam\u0131n\u0131z\u0131 \u00e7ok daha kolay yapar. Sabahlar\u0131 kahve makineniz otomatik \u00e7al\u0131\u015f\u0131p sizi taptaze kahve kokusuyla uyand\u0131rabilir. Hatta \u00e7ocuklar Ders \u00c7al\u0131\u015f\u0131rken oyun konsolunu kapatmak i\u00e7in telefonunuz bile i\u015fe yarayabilir. (Unutmay\u0131n ki!) Bu prizi her cihaz\u0131n\u0131zla kullanabilir, hayat\u0131n\u0131za rahatl\u0131k katabilirsiniz.<\/p>\n<h3>G\u00fcvenli ve Pratik Tasar\u0131m<\/h3>\n<p data-pm-slice=\"1 1 []\">Zigbee Ak\u0131ll\u0131 Priz, hem UK hem de EU priz kutular\u0131yla uyumludur. K\u00fc\u00e7\u00fck ve kompakt yap\u0131s\u0131yla her yere kolayca s\u0131\u011far. Cihazlar\u0131n\u0131z\u0131n ba\u011flant\u0131s\u0131n\u0131n sa\u011flam oldu\u011funa g\u00fcvenebilirsiniz ve k\u0131sa devre olas\u0131l\u0131\u011f\u0131na endi\u015fe etmeden rahat\u00e7a kullanabilirsiniz. Ayr\u0131ca belirli senaryolar haz\u0131rlay\u0131p, \u00f6n ayarlar belirleyerek daha etkili y\u00f6netim sa\u011flayabilirsiniz. Her k\u00f6\u015fede g\u00fcvenli &amp; pratik bir \u00e7\u00f6z\u00fcm.<\/p>\n<h3>Ekonomik ve Etkili \u00c7\u00f6z\u00fcm<\/h3>\n<p data-pm-slice=\"1 1 []\">Bu Zigbee Ak\u0131ll\u0131 Priz, uygun maliyetli bir teknolojik \u00fcr\u00fcn olarak, evdeki \u0131\u015f\u0131klar\u0131n\u0131z\u0131 ve k\u00fc\u00e7\u00fck e\u015fyalar\u0131n\u0131z\u0131 kontrol etmenize yard\u0131mc\u0131 olur. Bir ak\u0131ll\u0131 merkezle e\u015flenip uzaktan kontrol imkan\u0131 sunarak enerji tasarrufunu destekler ve bu prizi kullanarak enerji t\u00fcketiminizi azaltabilir, elektrik faturalar\u0131n\u0131z\u0131 d\u00fc\u015f\u00fcrebilirsiniz. \u00c7evre dostu ve b\u00fct\u00e7e dostu bir \u00e7\u00f6z\u00fcm istiyorsan\u0131z, Zigbee Ak\u0131ll\u0131 Priz sizin i\u00e7in harika bir se\u00e7im.<\/p>\n","protected":false},"excerpt":{"rendered":"<div class=\"toastui-editor-toolbar\">\n<div class=\"toastui-editor-defaultUI-toolbar\">\n<div class=\"toastui-editor-toolbar-group\">\n<p>\ud83c\udf10 <strong>Uzaktan Kontrol \u0130mkan\u0131:<\/strong> Zigbee Ak\u0131ll\u0131 Priz, evdeki cihazlar\u0131n\u0131z\u0131 internet \u00fczerinden kontrol etmenizi sa\u011flar, b\u00f6ylece g\u00fcnl\u00fck ya\u015fam\u0131n\u0131z\u0131 kolayla\u015ft\u0131r\u0131r.<\/p>\n<p>\u2615 <strong>Otomasyon \u00d6zellikleri:<\/strong> Sabahlar\u0131 kahve makinenizi otomatik \u00e7al\u0131\u015ft\u0131rarak taze kahve kokusuyla uyanman\u0131z\u0131 sa\u011flar.<\/p>\n<p>\ud83c\udfae <strong>\u00c7ocuklar \u0130\u00e7in Kontrol:<\/strong> \u00c7ocuklar ders \u00e7al\u0131\u015f\u0131rken oyun konsolunu kapatmak i\u00e7in telefonunuzu kullanabilirsiniz.<\/p>\n<p>\ud83d\udd0c <strong>G\u00fcvenli ve Pratik Tasar\u0131m:<\/strong> Hem UK hem de AB priz kutular\u0131yla uyumlu olan bu priz, k\u0131sa devre endi\u015fesi olmadan g\u00fcvenli kullan\u0131m sunar.<\/p>\n<p>\ud83d\udca1 <strong>Enerji Tasarrufu:<\/strong> Zigbee Ak\u0131ll\u0131 Priz, enerji t\u00fcketimini azaltarak elektrik faturalar\u0131n\u0131z\u0131 d\u00fc\u015f\u00fcrmenize yard\u0131mc\u0131 olur.<\/p>\n<p>\ud83c\udf0d <strong>\u00c7evre Dostu \u00c7\u00f6z\u00fcm:<\/strong> \u00c7evre dostu ve b\u00fct\u00e7e dostu bir \u00e7\u00f6z\u00fcm sunarak enerji tasarrufunu destekler.<\/p>\n<p>\ud83c\udfe0 <strong>Uyumlu ve Kompakt:<\/strong> K\u00fc\u00e7\u00fck ve kompakt yap\u0131s\u0131yla her yere kolayca s\u0131\u011far ve her cihazla uyumlu \u00e7al\u0131\u015f\u0131r.<\/p>\n<\/div>\n<\/div>\n<\/div>\n","protected":false},"featured_media":4131,"comment_status":"open","ping_status":"closed","template":"","meta":{"_acf_changed":false},"product_brand":[433],"product_cat":[101,106],"product_tag":[391,428,386],"class_list":{"0":"post-4130","1":"product","2":"type-product","3":"status-publish","4":"has-post-thumbnail","6":"product_brand-tiscontrol","7":"product_cat-actuators","8":"product_cat-zigbee-actuators","9":"product_tag-priz","10":"product_tag-tiscontrol","11":"product_tag-zigbee-3","13":"first","14":"onbackorder","15":"taxable","16":"shipping-taxable","17":"product-type-variable","18":"add-to-wishlist-after_add_to_cart"},"acf":[],"_links":{"self":[{"href":"https:\/\/dealer.tiscontrol.com.tr\/en\/wp-json\/wp\/v2\/product\/4130","targetHints":{"allow":["GET"]}}],"collection":[{"href":"https:\/\/dealer.tiscontrol.com.tr\/en\/wp-json\/wp\/v2\/product"}],"about":[{"href":"https:\/\/dealer.tiscontrol.com.tr\/en\/wp-json\/wp\/v2\/types\/product"}],"replies":[{"embeddable":true,"href":"https:\/\/dealer.tiscontrol.com.tr\/en\/wp-json\/wp\/v2\/comments?post=4130"}],"wp:featuredmedia":[{"embeddable":true,"href":"https:\/\/dealer.tiscontrol.com.tr\/en\/wp-json\/wp\/v2\/media\/4131"}],"wp:attachment":[{"href":"https:\/\/dealer.tiscontrol.com.tr\/en\/wp-json\/wp\/v2\/media?parent=4130"}],"wp:term":[{"taxonomy":"product_brand","embeddable":true,"href":"https:\/\/dealer.tiscontrol.com.tr\/en\/wp-json\/wp\/v2\/product_brand?post=4130"},{"taxonomy":"product_cat","embeddable":true,"href":"https:\/\/dealer.tiscontrol.com.tr\/en\/wp-json\/wp\/v2\/product_cat?post=4130"},{"taxonomy":"product_tag","embeddable":true,"href":"https:\/\/dealer.tiscontrol.com.tr\/en\/wp-json\/wp\/v2\/product_tag?post=4130"}],"curies":[{"name":"wp","href":"https:\/\/api.w.org\/{rel}","templated":true}]}}