{"id":4162,"date":"2025-03-02T09:36:26","date_gmt":"2025-03-02T09:36:26","guid":{"rendered":"https:\/\/dealer.tiscontrol.com.tr\/?post_type=product&#038;p=4162"},"modified":"2026-01-17T21:41:59","modified_gmt":"2026-01-17T18:41:59","slug":"zigbee-venera-dortlu-anahtar","status":"publish","type":"product","link":"https:\/\/dealer.tiscontrol.com.tr\/en\/product\/zigbee-venera-dortlu-anahtar\/","title":{"rendered":"Zigbee Venera D\u00f6rtl\u00fc Anahtar"},"content":{"rendered":"<h2 data-pm-slice=\"1 1 []\">Ak\u0131ll\u0131 Kontrol ve Enerji Tasarrufu<\/h2>\n<p>Zigbee Venera D\u00f6rtl\u00fc Anahtar, evinizi daha ak\u0131ll\u0131 hale getirmenin en basit ve etkili yollar\u0131ndan biri. Zigbee teknolojisi sayesinde \u0131\u015f\u0131klar\u0131, perdeleri ve panjurlar\u0131 kontrol etmek art\u0131k \u00e7ok daha kolay. Her odan\u0131n \u0131\u015f\u0131\u011f\u0131n\u0131 istedi\u011finiz gibi ayarlayarak enerji tasarrufu yapabilirsiniz. Bu anahtar, evde olmad\u0131\u011f\u0131n\u0131z anlarda bile \u0131\u015f\u0131klar\u0131 y\u00f6netmenizi sa\u011flar. B\u00fcy\u00fck aile toplant\u0131lar\u0131nda veya \u00e7ocuklarla ve evcil hayvanlarla u\u011fra\u015f\u0131rken enerji tasarrufu hi\u00e7 bu kadar basit olmam\u0131\u015ft\u0131.<\/p>\n<h2>Zamanlay\u0131c\u0131 ile Konforlu Ya\u015fam<\/h2>\n<p>Venera&#8217;n\u0131n zamanlay\u0131c\u0131 \u00f6zelli\u011fi, g\u00fcnl\u00fck ya\u015fam\u0131n\u0131z\u0131 daha konforlu hale getirir. Bah\u00e7e \u0131\u015f\u0131klar\u0131n\u0131 yatmadan \u00f6nce kapatmay\u0131 m\u0131 unuttunuz? Hi\u00e7 endi\u015felenmeyin, \u00f6nceden ayarlad\u0131\u011f\u0131n\u0131z zamanlay\u0131c\u0131 devreye girer. Yoga yaparken farkl\u0131 bir ortam m\u0131 istiyorsunuz? I\u015f\u0131klar\u0131 ayarlay\u0131n, m\u00fczi\u011fi a\u00e7\u0131n ve huzur dolu bir ortam olu\u015fturun. Venera, siz an\u0131n tad\u0131n\u0131 \u00e7\u0131kar\u0131rken ve sevdiklerinizle g\u00fczel vakit ge\u00e7irirken hep yan\u0131n\u0131zda olacak.<\/p>\n<h2>Estetik Tasar\u0131m ve \u0130\u015flevsellik<\/h2>\n<p>Zigbee Venera D\u00f6rtl\u00fc Anahtar, \u015f\u0131k tasar\u0131m\u0131 ve arka ayd\u0131nlatmal\u0131 LED ikonlar\u0131yla evinize \u00f6zel bir zarafet katar. Herhangi bir duvara basit\u00e7e monte edilebilir ve Zigbee stilindeki evinize kalite katar. Venera, gelecekte yeni f\u0131rsatlar sunacak geli\u015fmi\u015f \u00f6zellikleri de bar\u0131nd\u0131r\u0131yor. Hemen \u015fimdi kurulumunuzu yap\u0131n ve ak\u0131ll\u0131 ev maceran\u0131za ba\u015flay\u0131n!<\/p>\n","protected":false},"excerpt":{"rendered":"<div class=\"toastui-editor-toolbar\">\n<div class=\"toastui-editor-defaultUI-toolbar\">\n<div class=\"toastui-editor-toolbar-group\">\n<p>\ud83c\udf10 <strong>Zigbee Teknolojisi:<\/strong> Zigbee Venera D\u00f6rtl\u00fc Anahtar, evinizi ak\u0131ll\u0131 hale getirmenin en basit ve etkili yollar\u0131ndan biridir. I\u015f\u0131klar\u0131, perdeleri ve panjurlar\u0131 kontrol etmeyi kolayla\u015ft\u0131r\u0131r.<\/p>\n<p>\ud83d\udca1 <strong>Enerji Tasarrufu:<\/strong> Her odan\u0131n \u0131\u015f\u0131\u011f\u0131n\u0131 istedi\u011finiz gibi ayarlayarak enerji tasarrufu yapabilirsiniz. Anahtar, evde olmasan\u0131z bile \u0131\u015f\u0131klar\u0131 kontrol etme imkan\u0131 sunar.<\/p>\n<p>\u23f0 <strong>Zamanlay\u0131c\u0131 \u00d6zelli\u011fi:<\/strong> Venera zamanlay\u0131c\u0131s\u0131, g\u00fcnl\u00fck ya\u015fam\u0131 daha konforlu hale getirir. \u00d6nceden ayarlanan zamanlay\u0131c\u0131 sayesinde bah\u00e7e \u0131\u015f\u0131klar\u0131n\u0131 kapatmay\u0131 unutma derdi ortadan kalkar.<\/p>\n<p>\ud83e\uddd8 <strong>Rahat Ya\u015fam:<\/strong> Yoga yaparken veya farkl\u0131 bir ortam yaratmak istedi\u011finizde \u0131\u015f\u0131klar\u0131 ve m\u00fczi\u011fi ayarlayarak huzur dolu bir atmosfer olu\u015fturabilirsiniz.<\/p>\n<p>\ud83c\udfa8 <strong>Estetik Tasar\u0131m:<\/strong> Zigbee Venera D\u00f6rtl\u00fc Anahtar, \u015f\u0131k tasar\u0131m\u0131 ve arkadan ayd\u0131nlatmal\u0131 LED ikonlar\u0131yla evinize zarafet katar. Herhangi bir duvara kolayca monte edilebilir.<\/p>\n<p>\ud83d\udd27 <strong>Kolay Kurulum:<\/strong> Zigbee stilindeki evinize kalite katan bu anahtar, basit bir kurulumla ak\u0131ll\u0131 ev maceran\u0131za ba\u015flaman\u0131z\u0131 sa\u011flar.<\/p>\n<p>\ud83d\ude80 <strong>Geli\u015fmi\u015f \u00d6zellikler:<\/strong> Venera, ileride yeni f\u0131rsatlar sunacak geli\u015fmi\u015f \u00f6zellikleri de i\u00e7erir.<\/p>\n<\/div>\n<\/div>\n<\/div>\n","protected":false},"featured_media":4155,"comment_status":"open","ping_status":"closed","template":"","meta":{"_acf_changed":false},"product_brand":[433],"product_cat":[115,128],"product_tag":[277,428,386],"class_list":{"0":"post-4162","1":"product","2":"type-product","3":"status-publish","4":"has-post-thumbnail","6":"product_brand-tiscontrol","7":"product_cat-interfaces","8":"product_cat-venera-bee","9":"product_tag-dokunmatik-anahtar","10":"product_tag-tiscontrol","11":"product_tag-zigbee-3","13":"first","14":"onbackorder","15":"taxable","16":"shipping-taxable","17":"product-type-variable","18":"add-to-wishlist-after_add_to_cart"},"acf":[],"_links":{"self":[{"href":"https:\/\/dealer.tiscontrol.com.tr\/en\/wp-json\/wp\/v2\/product\/4162","targetHints":{"allow":["GET"]}}],"collection":[{"href":"https:\/\/dealer.tiscontrol.com.tr\/en\/wp-json\/wp\/v2\/product"}],"about":[{"href":"https:\/\/dealer.tiscontrol.com.tr\/en\/wp-json\/wp\/v2\/types\/product"}],"replies":[{"embeddable":true,"href":"https:\/\/dealer.tiscontrol.com.tr\/en\/wp-json\/wp\/v2\/comments?post=4162"}],"wp:featuredmedia":[{"embeddable":true,"href":"https:\/\/dealer.tiscontrol.com.tr\/en\/wp-json\/wp\/v2\/media\/4155"}],"wp:attachment":[{"href":"https:\/\/dealer.tiscontrol.com.tr\/en\/wp-json\/wp\/v2\/media?parent=4162"}],"wp:term":[{"taxonomy":"product_brand","embeddable":true,"href":"https:\/\/dealer.tiscontrol.com.tr\/en\/wp-json\/wp\/v2\/product_brand?post=4162"},{"taxonomy":"product_cat","embeddable":true,"href":"https:\/\/dealer.tiscontrol.com.tr\/en\/wp-json\/wp\/v2\/product_cat?post=4162"},{"taxonomy":"product_tag","embeddable":true,"href":"https:\/\/dealer.tiscontrol.com.tr\/en\/wp-json\/wp\/v2\/product_tag?post=4162"}],"curies":[{"name":"wp","href":"https:\/\/api.w.org\/{rel}","templated":true}]}}