{"id":4180,"date":"2025-03-02T11:54:48","date_gmt":"2025-03-02T11:54:48","guid":{"rendered":"https:\/\/dealer.tiscontrol.com.tr\/?post_type=product&#038;p=4180"},"modified":"2026-01-17T21:41:58","modified_gmt":"2026-01-17T18:41:58","slug":"tis-zigbee-akilli-motorlu-perde-icin-guc-kaynagi","status":"publish","type":"product","link":"https:\/\/dealer.tiscontrol.com.tr\/en\/product\/tis-zigbee-akilli-motorlu-perde-icin-guc-kaynagi\/","title":{"rendered":"TIS Zigbee Ak\u0131ll\u0131 Motorlu Perde i\u00e7in G\u00fc\u00e7 Kayna\u011f\u0131"},"content":{"rendered":"","protected":false},"excerpt":{"rendered":"<p>\ud83d\udd0b TIS Zigbee Ak\u0131ll\u0131 Motorlu Perde i\u00e7in ak\u00fc, elektrik kesintileri s\u0131ras\u0131nda bile perdelerin \u00e7al\u0131\u015fmas\u0131n\u0131 sa\u011flar.<\/p>\n<p>\ud83c\udfe1 Bu ak\u00fc, evdeki konfor ve mahremiyeti koruyarak kesintisiz bir ya\u015fam alan\u0131 sunar.<\/p>\n<p>\ud83d\udd27 Kurulumu olduk\u00e7a basit olup, kablo karma\u015fas\u0131 olmadan h\u0131zl\u0131 ve kolay bir \u015fekilde yap\u0131labilir.<\/p>\n<p>\ud83d\udc65 Kullan\u0131c\u0131 dostu tasar\u0131m\u0131 sayesinde teknik bilgi gerektirmeden kolayca kullan\u0131labilir.<\/p>\n<p>\ud83d\udee0\ufe0f Y\u00fcksek kaliteli malzemelerden \u00fcretilmi\u015f olan ak\u00fc, uzun \u00f6m\u00fcrl\u00fc ve g\u00fcvenilir bir performans sunar.<\/p>\n<p>\u23f3 Uzun s\u00fcreli kullan\u0131mlarda bile performans kayb\u0131 ya\u015famadan dayan\u0131kl\u0131l\u0131\u011f\u0131n\u0131 korur.<\/p>\n<p>\ud83c\udfe0 TIS Zigbee ak\u00fc, evin vazge\u00e7ilmez bir par\u00e7as\u0131 haline gelir.<\/p>\n","protected":false},"featured_media":0,"comment_status":"open","ping_status":"closed","template":"","meta":{"_acf_changed":false},"product_brand":[433],"product_cat":[160,106],"product_tag":[339,338,428,386],"class_list":{"0":"post-4180","1":"product","2":"type-product","3":"status-publish","5":"product_brand-tiscontrol","6":"product_cat-accessories","7":"product_cat-zigbee-actuators","8":"product_tag-akilli-ev-motorlu-perde","9":"product_tag-motorlu-perde","10":"product_tag-tiscontrol","11":"product_tag-zigbee-3","13":"first","14":"onbackorder","15":"taxable","16":"shipping-taxable","17":"product-type-simple","18":"add-to-wishlist-after_add_to_cart"},"acf":[],"_links":{"self":[{"href":"https:\/\/dealer.tiscontrol.com.tr\/en\/wp-json\/wp\/v2\/product\/4180","targetHints":{"allow":["GET"]}}],"collection":[{"href":"https:\/\/dealer.tiscontrol.com.tr\/en\/wp-json\/wp\/v2\/product"}],"about":[{"href":"https:\/\/dealer.tiscontrol.com.tr\/en\/wp-json\/wp\/v2\/types\/product"}],"replies":[{"embeddable":true,"href":"https:\/\/dealer.tiscontrol.com.tr\/en\/wp-json\/wp\/v2\/comments?post=4180"}],"wp:attachment":[{"href":"https:\/\/dealer.tiscontrol.com.tr\/en\/wp-json\/wp\/v2\/media?parent=4180"}],"wp:term":[{"taxonomy":"product_brand","embeddable":true,"href":"https:\/\/dealer.tiscontrol.com.tr\/en\/wp-json\/wp\/v2\/product_brand?post=4180"},{"taxonomy":"product_cat","embeddable":true,"href":"https:\/\/dealer.tiscontrol.com.tr\/en\/wp-json\/wp\/v2\/product_cat?post=4180"},{"taxonomy":"product_tag","embeddable":true,"href":"https:\/\/dealer.tiscontrol.com.tr\/en\/wp-json\/wp\/v2\/product_tag?post=4180"}],"curies":[{"name":"wp","href":"https:\/\/api.w.org\/{rel}","templated":true}]}}