{"id":4181,"date":"2025-03-02T12:11:28","date_gmt":"2025-03-02T12:11:28","guid":{"rendered":"https:\/\/dealer.tiscontrol.com.tr\/?post_type=product&#038;p=4181"},"modified":"2026-01-17T21:41:58","modified_gmt":"2026-01-17T18:41:58","slug":"tis-zigbee-akilli-motorlu-perde-aku-sarj-aleti","status":"publish","type":"product","link":"https:\/\/dealer.tiscontrol.com.tr\/en\/product\/tis-zigbee-akilli-motorlu-perde-aku-sarj-aleti\/","title":{"rendered":"TIS Zigbee Ak\u0131ll\u0131 Motorlu Perde Ak\u00fc \u015earj Aleti"},"content":{"rendered":"","protected":false},"excerpt":{"rendered":"","protected":false},"featured_media":0,"comment_status":"open","ping_status":"closed","template":"","meta":{"_acf_changed":false},"product_brand":[433],"product_cat":[160,106],"product_tag":[339,338,428],"class_list":{"0":"post-4181","1":"product","2":"type-product","3":"status-publish","5":"product_brand-tiscontrol","6":"product_cat-accessories","7":"product_cat-zigbee-actuators","8":"product_tag-akilli-ev-motorlu-perde","9":"product_tag-motorlu-perde","10":"product_tag-tiscontrol","12":"first","13":"onbackorder","14":"taxable","15":"shipping-taxable","16":"product-type-simple","17":"add-to-wishlist-after_add_to_cart"},"acf":[],"_links":{"self":[{"href":"https:\/\/dealer.tiscontrol.com.tr\/en\/wp-json\/wp\/v2\/product\/4181","targetHints":{"allow":["GET"]}}],"collection":[{"href":"https:\/\/dealer.tiscontrol.com.tr\/en\/wp-json\/wp\/v2\/product"}],"about":[{"href":"https:\/\/dealer.tiscontrol.com.tr\/en\/wp-json\/wp\/v2\/types\/product"}],"replies":[{"embeddable":true,"href":"https:\/\/dealer.tiscontrol.com.tr\/en\/wp-json\/wp\/v2\/comments?post=4181"}],"wp:attachment":[{"href":"https:\/\/dealer.tiscontrol.com.tr\/en\/wp-json\/wp\/v2\/media?parent=4181"}],"wp:term":[{"taxonomy":"product_brand","embeddable":true,"href":"https:\/\/dealer.tiscontrol.com.tr\/en\/wp-json\/wp\/v2\/product_brand?post=4181"},{"taxonomy":"product_cat","embeddable":true,"href":"https:\/\/dealer.tiscontrol.com.tr\/en\/wp-json\/wp\/v2\/product_cat?post=4181"},{"taxonomy":"product_tag","embeddable":true,"href":"https:\/\/dealer.tiscontrol.com.tr\/en\/wp-json\/wp\/v2\/product_tag?post=4181"}],"curies":[{"name":"wp","href":"https:\/\/api.w.org\/{rel}","templated":true}]}}