{"id":4195,"date":"2025-03-02T14:34:45","date_gmt":"2025-03-02T14:34:45","guid":{"rendered":"https:\/\/dealer.tiscontrol.com.tr\/?post_type=product&#038;p=4195"},"modified":"2026-01-17T21:41:59","modified_gmt":"2026-01-17T18:41:59","slug":"wifi-venera-air-uclu-dokunmatik-anahtar","status":"publish","type":"product","link":"https:\/\/dealer.tiscontrol.com.tr\/en\/product\/wifi-venera-air-uclu-dokunmatik-anahtar\/","title":{"rendered":"WiFi Venera Air \u00dc\u00e7l\u00fc Dokunmatik Anahtar"},"content":{"rendered":"<h2 data-pm-slice=\"1 1 []\">\u00dcst\u00fcn Ba\u011flant\u0131 ve Entegrasyon<\/h2>\n<p data-pm-slice=\"1 1 []\">TIS Venera Serisi Dokunmatik Duvar Anahtar\u0131, WiFi&#8217;ye direkt ba\u011flanabiliyor, b\u00f6ylece di\u011fer ak\u0131ll\u0131 ev aletleriyle kolayca entegre oluyor! Bu, kullan\u0131c\u0131lar\u0131n farkl\u0131 sistemleri tek bir uygulama \u00fczerinden toplamalar\u0131 i\u00e7in harika bir f\u0131rsat sunuyor. Zamane ak\u0131ll\u0131 evlerde cihazlar\u0131n uyumlu olmas\u0131 giderek daha \u00e7ok isteniyor, bu t\u00fcr ba\u011flant\u0131lar da kullan\u0131c\u0131 rahatl\u0131\u011f\u0131n\u0131 art\u0131r\u0131yor.<\/p>\n<h3>Estetik ve Ki\u015fiselle\u015ftirme<\/h3>\n<p data-pm-slice=\"1 1 []\">\u00d6zelle\u015ftirilen arka \u0131\u015f\u0131k renkleri ve kapak se\u00e7enekleriyle, kullan\u0131c\u0131lar dokunmatik anahtar\u0131 i\u00e7 mekanlar\u0131na kolayca dahil edebiliyorlar. Bu ki\u015fiselle\u015ftirme ne mi yap\u0131yor? Hem g\u00f6z al\u0131c\u0131l\u0131\u011f\u0131 art\u0131r\u0131yor hem de teknolojiyle insan\u0131n tercihlerinin ve evin dekoru uyumlu hale geliyor. Ya\u015fama alanlar\u0131nda \u015f\u0131kl\u0131\u011f\u0131 arayanlar i\u00e7in bu \u00f6zellik olduk\u00e7a cazip!<\/p>\n<h3>Enerji Verimlili\u011fi ve S\u00fcrd\u00fcr\u00fclebilirlik<\/h3>\n<p data-pm-slice=\"1 1 []\">TIS Venera Serisi, enerji tasarrufunu art\u0131rmak i\u00e7in tasarland\u0131. B\u00f6ylece, onu kullananlar i\u00e7in daha s\u00fcrd\u00fcr\u00fclebilir bir se\u00e7im oluyor. Programlanabilir sahneler ve ayarlarla, kullan\u0131c\u0131lar \u0131\u015f\u0131\u011f\u0131 daha verimli kullan\u0131p elektrik faturalar\u0131n\u0131 azaltabiliyor. Ayr\u0131ca, di\u011fer TIS \u00e7\u00f6z\u00fcmleriyle uyumu da \u00e7evreyi d\u00fc\u015f\u00fcnen t\u00fcketicilere de\u011fer katan b\u00fct\u00fcnsel bir enerji y\u00f6netimi yakla\u015f\u0131m\u0131na destek sa\u011fl\u0131yor.<\/p>\n<h3>Kullan\u0131c\u0131 Dostu Kontrol<\/h3>\n<p data-pm-slice=\"1 1 []\">TIS Venera Serisi, \u00f6zel bir uygulama ile kontrol imkan\u0131 sunarak her yerden \u0131\u015f\u0131klar\u0131 ayarlamay\u0131 sa\u011fl\u0131yor! Kullan\u0131c\u0131 aray\u00fcz\u00fc ise teknolojiye \u00e7ok da al\u0131\u015fk\u0131n olmayanlar i\u00e7in bile olduk\u00e7a kullan\u0131\u015fl\u0131 (bu da herkesin tecr\u00fcbesini iyile\u015ftiriyor).<\/p>\n<h3>Dayan\u0131kl\u0131 Performans<\/h3>\n<p data-pm-slice=\"1 1 []\">Tam tam\u0131na 10 milyondan fazla mekanik i\u015flem \u00f6mr\u00fcyle TIS Venera Serisi, uzun s\u00fcre s\u00fcrecek bir performans vaat ediyor. Bu dayan\u0131kl\u0131l\u0131k, ak\u0131ll\u0131 teknolojiye uzun vadeli yat\u0131r\u0131m yapmay\u0131 d\u00fc\u015f\u00fcnenler i\u00e7in \u00f6nemli ve s\u0131k s\u0131k yenileme ve bak\u0131m gereklili\u011fini azalt\u0131yor.<\/p>\n","protected":false},"excerpt":{"rendered":"<div class=\"toastui-editor-toolbar\">\n<div class=\"toastui-editor-defaultUI-toolbar\">\n<div class=\"toastui-editor-toolbar-group\">\n<p>\ud83c\udf10 <strong>\u00dcst\u00fcn Ba\u011flant\u0131 &amp; Entegrasyon:<\/strong> TIS Venera Serisi Dokunmatik Duvar Anahtar\u0131, WiFi&#8217;ye direkt ba\u011flanarak di\u011fer ak\u0131ll\u0131 ev aletleriyle kolayca entegre olabiliyor. Bu, kullan\u0131c\u0131lar\u0131n farkl\u0131 sistemleri tek bir uygulama \u00fczerinden y\u00f6netmelerine olanak tan\u0131yor.<\/p>\n<p>\ud83c\udfa8 <strong>Estetik &amp; Ki\u015fiselle\u015ftirme:<\/strong> \u00d6zelle\u015ftirilebilir arka \u0131\u015f\u0131k renkleri ve kapak se\u00e7enekleri sayesinde, kullan\u0131c\u0131lar anahtar\u0131 i\u00e7 mekanlar\u0131na estetik bir \u015fekilde entegre edebiliyor. Bu \u00f6zellik, ev dekorasyonuna uyum sa\u011fl\u0131yor ve ki\u015fisel tercihleri yans\u0131t\u0131yor.<\/p>\n<p>\ud83c\udf31 <strong>Enerji Verimlili\u011fi &amp; S\u00fcrd\u00fcr\u00fclebilirlik:<\/strong> Enerji tasarrufunu art\u0131rmak i\u00e7in tasarlanan TIS Venera Serisi, programlanabilir sahneler ve ayarlarla elektrik t\u00fcketimini azaltarak s\u00fcrd\u00fcr\u00fclebilir bir se\u00e7enek sunuyor.<\/p>\n<p>\ud83d\udcf1 <strong>Kullan\u0131c\u0131 Dostu Kontrol:<\/strong> \u00d6zel bir uygulama ile her yerden kontrol imkan\u0131 sunan TIS Venera Serisi, kullan\u0131c\u0131 dostu aray\u00fcz\u00fc sayesinde teknolojiye a\u015fina olmayanlar i\u00e7in bile kolay kullan\u0131m sa\u011fl\u0131yor.<\/p>\n<p>\ud83d\udd27 <strong>Dayan\u0131kl\u0131 Performans:<\/strong> 10 milyondan fazla mekanik i\u015flem \u00f6mr\u00fcyle uzun s\u00fcreli performans sunan TIS Venera Serisi, s\u0131k yenileme ve bak\u0131m gereksinimini azaltarak uzun vadeli bir yat\u0131r\u0131m imkan\u0131 sunuyor.<\/p>\n<\/div>\n<\/div>\n<\/div>\n","protected":false},"featured_media":4153,"comment_status":"open","ping_status":"closed","template":"","meta":{"_acf_changed":false},"product_brand":[433],"product_cat":[115,127],"product_tag":[277,428,393],"class_list":{"0":"post-4195","1":"product","2":"type-product","3":"status-publish","4":"has-post-thumbnail","6":"product_brand-tiscontrol","7":"product_cat-interfaces","8":"product_cat-venera-air","9":"product_tag-dokunmatik-anahtar","10":"product_tag-tiscontrol","11":"product_tag-wifi","13":"first","14":"onbackorder","15":"taxable","16":"shipping-taxable","17":"product-type-variable","18":"add-to-wishlist-after_add_to_cart"},"acf":[],"_links":{"self":[{"href":"https:\/\/dealer.tiscontrol.com.tr\/en\/wp-json\/wp\/v2\/product\/4195","targetHints":{"allow":["GET"]}}],"collection":[{"href":"https:\/\/dealer.tiscontrol.com.tr\/en\/wp-json\/wp\/v2\/product"}],"about":[{"href":"https:\/\/dealer.tiscontrol.com.tr\/en\/wp-json\/wp\/v2\/types\/product"}],"replies":[{"embeddable":true,"href":"https:\/\/dealer.tiscontrol.com.tr\/en\/wp-json\/wp\/v2\/comments?post=4195"}],"wp:featuredmedia":[{"embeddable":true,"href":"https:\/\/dealer.tiscontrol.com.tr\/en\/wp-json\/wp\/v2\/media\/4153"}],"wp:attachment":[{"href":"https:\/\/dealer.tiscontrol.com.tr\/en\/wp-json\/wp\/v2\/media?parent=4195"}],"wp:term":[{"taxonomy":"product_brand","embeddable":true,"href":"https:\/\/dealer.tiscontrol.com.tr\/en\/wp-json\/wp\/v2\/product_brand?post=4195"},{"taxonomy":"product_cat","embeddable":true,"href":"https:\/\/dealer.tiscontrol.com.tr\/en\/wp-json\/wp\/v2\/product_cat?post=4195"},{"taxonomy":"product_tag","embeddable":true,"href":"https:\/\/dealer.tiscontrol.com.tr\/en\/wp-json\/wp\/v2\/product_tag?post=4195"}],"curies":[{"name":"wp","href":"https:\/\/api.w.org\/{rel}","templated":true}]}}