{"id":4287,"date":"2025-03-02T22:07:50","date_gmt":"2025-03-02T22:07:50","guid":{"rendered":"https:\/\/dealer.tiscontrol.com.tr\/?post_type=product&#038;p=4287"},"modified":"2026-01-17T20:39:05","modified_gmt":"2026-01-17T17:39:05","slug":"wifi-acm-kuru-kontak-modulu","status":"publish","type":"product","link":"https:\/\/dealer.tiscontrol.com.tr\/en\/product\/wifi-acm-kuru-kontak-modulu\/","title":{"rendered":"WiFi ACM Kuru Kontak Mod\u00fcl\u00fc"},"content":{"rendered":"<h2 data-pm-slice=\"1 3 []\">Ak\u0131ll\u0131 Evler \u0130\u00e7in Yenilik\u00e7i \u00c7\u00f6z\u00fcm: WiFi ACM Kuru Kontak Mod\u00fcl\u00fc<\/h2>\n<h3>Kolay Kullan\u0131m ve Sorunsuz Uyum<\/h3>\n<p>WiFi ACM Kuru Kontak Mod\u00fcl\u00fc, ak\u0131ll\u0131 evlerinizi daha da iyi hale getirmek i\u00e7in tasarlanm\u0131\u015f harika bir \u00e7\u00f6z\u00fcm. Tamamen TIS \u00e7\u00f6z\u00fcmleriyle uyumlu. Ba\u015fka ak\u0131ll\u0131 ev cihazlar\u0131yla problemsiz birle\u015fir. Ne i\u015fe yar\u0131yor? Evinizdeki cihazlar\u0131 birle\u015ftirip, daha fazla b\u00fct\u00fcnl\u00fckle bir ak\u0131ll\u0131 ev deneyimi olu\u015fturman\u0131z\u0131 sa\u011fl\u0131yor. \u0130laveten, ba\u015fka sistemlerle de uyumlu olmas\u0131 sayesinde kullan\u0131m alan\u0131 geni\u015fliyor. Bu da ev otomasyonunda yenilikler yapman\u0131za kap\u0131 a\u00e7\u0131yor.<\/p>\n<h3>G\u00fc\u00e7l\u00fc Wi-Fi Ba\u011flant\u0131s\u0131 ve Kolay Kontrol<\/h3>\n<p>Bu mod\u00fcl, 2.4 GHz Wi-Fi sinyaliyle \u00e7al\u0131\u015f\u0131yor. Yani \u00e7o\u011fu evin internet sistemi ile uyumlu. Kullan\u0131c\u0131lar bu cihaz\u0131 kolayca kurup, kullanabiliyorlar. TIS uygulamas\u0131 sayesinde uzaktan kontrol imkan\u0131 var. I\u015f\u0131k ve perde ayarlar\u0131n\u0131, nerede olursan\u0131z olun de\u011fi\u015ftirebilirsiniz. H\u0131zl\u0131 &amp; yo\u011fun bir ya\u015fam tarz\u0131na sahip olanlara b\u00fcy\u00fck kolayl\u0131k!<\/p>\n<h3>H\u0131zl\u0131 Kurulum ve Dayan\u0131kl\u0131 Yap\u0131<\/h3>\n<p>Kurulumu? \u00c7ok basit! Az kablo ile \u00e7abucak yapabilirsiniz. Zaman\u0131n\u0131z size kal\u0131r. K\u00fc\u00e7\u00fck boyutlar\u0131 (20mm \u00d7 49mm \u00d7 49mm) her yere monte edilebilir yapar. -10 ile 60\u00b0C aras\u0131ndaki s\u0131cakl\u0131klarda da \u00e7al\u0131\u015f\u0131r, dayan\u0131kl\u0131 yani! Ate\u015fe dayan\u0131kl\u0131 malzemelerden yap\u0131ld\u0131\u011f\u0131 i\u00e7in g\u00fcvenli. IP 50 koruma seviyesi, y\u00fcksek emniyet ve sa\u011flaml\u0131k sunar.<\/p>\n","protected":false},"excerpt":{"rendered":"<div class=\"toastui-editor-toolbar\">\n<div class=\"toastui-editor-defaultUI-toolbar\">\n<div class=\"toastui-editor-toolbar-group\">\n<p><strong>\ud83c\udf10 Kolay Entegrasyon<\/strong>: WiFi ACM Kuru Kontak Mod\u00fcl\u00fc, TIS \u00e7\u00f6z\u00fcmleriyle tamamen uyumlu olup, di\u011fer ak\u0131ll\u0131 ev cihazlar\u0131yla sorunsuz bir \u015fekilde birle\u015fir.<\/p>\n<p><strong>\ud83c\udfe0 Geni\u015f Kullan\u0131m Alan\u0131<\/strong>: Ba\u015fka sistemlerle de uyumlu olmas\u0131, ev otomasyonunda yenilikler yapman\u0131za olanak tan\u0131r.<\/p>\n<p><strong>\ud83d\udcf6 G\u00fc\u00e7l\u00fc Wi-Fi Ba\u011flant\u0131s\u0131<\/strong>: 2.4 GHz Wi-Fi sinyaliyle \u00e7al\u0131\u015farak \u00e7o\u011fu evin internet sistemiyle uyumludur.<\/p>\n<p><strong>\ud83d\udcf1 Uzaktan Kontrol \u0130mkan\u0131<\/strong>: TIS uygulamas\u0131 sayesinde \u0131\u015f\u0131k ve perde ayarlar\u0131n\u0131 uzaktan kontrol edebilirsiniz.<\/p>\n<p><strong>\ud83d\udd27 H\u0131zl\u0131 ve Kolay Kurulum<\/strong>: Az kablo ile h\u0131zl\u0131 kurulum imkan\u0131 sunar, k\u00fc\u00e7\u00fck boyutlar\u0131 sayesinde her yere monte edilebilir.<\/p>\n<p><strong>\ud83d\udd12 Dayan\u0131kl\u0131 ve G\u00fcvenli Yap\u0131<\/strong>: -10 ile 60\u00b0C aras\u0131ndaki s\u0131cakl\u0131klarda \u00e7al\u0131\u015fabilir, ate\u015fe dayan\u0131kl\u0131 malzemelerden yap\u0131lm\u0131\u015ft\u0131r ve IP 50 koruma seviyesine sahiptir.<\/p>\n<p><strong>\u23f1\ufe0f Kullan\u0131c\u0131 Dostu Tasar\u0131m<\/strong>: H\u0131zl\u0131 ve yo\u011fun ya\u015fam tarz\u0131na sahip olanlar i\u00e7in b\u00fcy\u00fck kolayl\u0131k sa\u011flar.<\/p>\n<\/div>\n<\/div>\n<\/div>\n","protected":false},"featured_media":4289,"comment_status":"open","ping_status":"closed","template":"","meta":{"_acf_changed":false},"product_brand":[433],"product_cat":[110,113],"product_tag":[170,428,393],"class_list":{"0":"post-4287","1":"product","2":"type-product","3":"status-publish","4":"has-post-thumbnail","6":"product_brand-tiscontrol","7":"product_cat-sensors","8":"product_cat-wifi-sensors","9":"product_tag-kuru-kontak-girisi","10":"product_tag-tiscontrol","11":"product_tag-wifi","13":"first","14":"onbackorder","15":"taxable","16":"shipping-taxable","17":"product-type-simple","18":"add-to-wishlist-after_add_to_cart"},"acf":[],"_links":{"self":[{"href":"https:\/\/dealer.tiscontrol.com.tr\/en\/wp-json\/wp\/v2\/product\/4287","targetHints":{"allow":["GET"]}}],"collection":[{"href":"https:\/\/dealer.tiscontrol.com.tr\/en\/wp-json\/wp\/v2\/product"}],"about":[{"href":"https:\/\/dealer.tiscontrol.com.tr\/en\/wp-json\/wp\/v2\/types\/product"}],"replies":[{"embeddable":true,"href":"https:\/\/dealer.tiscontrol.com.tr\/en\/wp-json\/wp\/v2\/comments?post=4287"}],"wp:featuredmedia":[{"embeddable":true,"href":"https:\/\/dealer.tiscontrol.com.tr\/en\/wp-json\/wp\/v2\/media\/4289"}],"wp:attachment":[{"href":"https:\/\/dealer.tiscontrol.com.tr\/en\/wp-json\/wp\/v2\/media?parent=4287"}],"wp:term":[{"taxonomy":"product_brand","embeddable":true,"href":"https:\/\/dealer.tiscontrol.com.tr\/en\/wp-json\/wp\/v2\/product_brand?post=4287"},{"taxonomy":"product_cat","embeddable":true,"href":"https:\/\/dealer.tiscontrol.com.tr\/en\/wp-json\/wp\/v2\/product_cat?post=4287"},{"taxonomy":"product_tag","embeddable":true,"href":"https:\/\/dealer.tiscontrol.com.tr\/en\/wp-json\/wp\/v2\/product_tag?post=4287"}],"curies":[{"name":"wp","href":"https:\/\/api.w.org\/{rel}","templated":true}]}}