{"id":4320,"date":"2025-03-04T09:28:54","date_gmt":"2025-03-04T09:28:54","guid":{"rendered":"https:\/\/dealer.tiscontrol.com.tr\/?post_type=product&#038;p=4320"},"modified":"2026-01-17T21:13:45","modified_gmt":"2026-01-17T18:13:45","slug":"sirius-dort-butonlu-panel","status":"publish","type":"product","link":"https:\/\/dealer.tiscontrol.com.tr\/en\/product\/sirius-dort-butonlu-panel\/","title":{"rendered":"Sirius D\u00f6rt Butonlu Panel"},"content":{"rendered":"<h2 data-pm-slice=\"1 1 []\"><strong>Kolay ve Merkezi Kontrol<\/strong><\/h2>\n<p data-pm-slice=\"1 1 []\">Sirius D\u00f6rt Butonlu Panel, evde kontrol\u00fc kolayla\u015ft\u0131r\u0131r ve tek bir noktada toplar. Ayd\u0131nlatma, \u0131s\u0131tma-so\u011futma ve perdeleri tek bir panelden y\u00f6netebilirsiniz. Evinizin her yerine da\u011f\u0131lm\u0131\u015f anahtarlarla u\u011fra\u015fmaya SON. Bir dokunu\u015fla evinizi diledi\u011finiz gibi ayarlay\u0131n. Bu \u00f6zellik, g\u00fcnl\u00fck i\u015fleri basit hale getirir ve zamandan tasarruf etmenizi sa\u011flar.<\/p>\n<h3><strong>\u015e\u0131k ve Modern Tasar\u0131m<\/strong><\/h3>\n<p data-pm-slice=\"1 1 []\">Sirius serisi, siyah ile beyaz renk se\u00e7eneklerine sahip, ve her t\u00fcrl\u00fc dekorasyona uyumlu. Duvarlara modern (ve estetik) bir dokunu\u015f ekler. Siyah\u0131n modas\u0131 asla ge\u00e7mez ya da beyaz\u0131n sade g\u00fczelli\u011fiyle evinizin havas\u0131n\u0131 de\u011fi\u015ftirebilirsiniz. Bu paneller, i\u00e7 mekan tasar\u0131m\u0131n\u0131za uyum sa\u011flar ve evinize \u015f\u0131kl\u0131k katar.<\/p>\n<h3><strong>Esnek ve \u00d6l\u00e7eklenebilir \u00c7\u00f6z\u00fcmler<\/strong><\/h3>\n<p data-pm-slice=\"1 1 []\">Sirius serisi, farkl\u0131 ihtiya\u00e7lara uygun olarak 4 ve 8 buton se\u00e7enekleri sunar. K\u00fc\u00e7\u00fck veya b\u00fcy\u00fck olsun, her alan i\u00e7in FLEKS\u0130B\u0130L\u0130TE sa\u011flar. Evinizin boyutuna ve ihtiya\u00e7lar\u0131n\u0131za en uygun se\u00e7ene\u011fi se\u00e7ebilirsiniz. Bu esneklik, ya\u015fam alan\u0131n\u0131z\u0131 daha etkin ve KONFORLU yapman\u0131za yard\u0131mc\u0131 olur.<\/p>\n","protected":false},"excerpt":{"rendered":"<p>\ud83c\udfe0 <strong>Kolay ve Merkezi Kontrol:<\/strong> Sirius D\u00f6rt Butonlu Panel, evdeki ayd\u0131nlatma, \u0131s\u0131tma-so\u011futma ve perdeleri tek bir noktadan y\u00f6netme imkan\u0131 sunar, b\u00f6ylece evin her yerine da\u011f\u0131lm\u0131\u015f anahtarlarla u\u011fra\u015fmaya son verir.<\/p>\n<p>\u23f1\ufe0f <strong>Zamandan Tasarruf:<\/strong> G\u00fcnl\u00fck i\u015fleri basit hale getirerek zamandan tasarruf etmenizi sa\u011flar.<\/p>\n<p>\ud83c\udfa8 <strong>\u015e\u0131k ve Modern Tasar\u0131m:<\/strong> Siyah ve beyaz renk se\u00e7enekleriyle her t\u00fcrl\u00fc dekorasyona uyum sa\u011flar, duvarlara modern ve estetik bir dokunu\u015f ekler.<\/p>\n<p>\ud83d\udda4 <strong>Renk Se\u00e7enekleri:<\/strong> Siyah\u0131n modas\u0131 ge\u00e7mezken, beyaz\u0131n sade g\u00fczelli\u011fi evin havas\u0131n\u0131 de\u011fi\u015ftirir.<\/p>\n<p>\ud83d\udd04 <strong>Esnek ve \u00d6l\u00e7eklenebilir \u00c7\u00f6z\u00fcmler:<\/strong> 4, 6 ve 8 buton se\u00e7enekleriyle farkl\u0131 ihtiya\u00e7lara uygun esneklik sunar, her alan i\u00e7in uygun \u00e7\u00f6z\u00fcmler sa\u011flar.<\/p>\n<p>\ud83c\udfe1 <strong>Konforlu Ya\u015fam Alanlar\u0131:<\/strong> Evinizin boyutuna ve ihtiya\u00e7lar\u0131na g\u00f6re en uygun se\u00e7ene\u011fi se\u00e7erek ya\u015fam alan\u0131n\u0131z\u0131 daha etkin ve konforlu hale getirebilirsiniz.<\/p>\n<p>\ud83c\udf1f <strong>Dekoratif Uyum:<\/strong> \u0130\u00e7 mekan tasar\u0131m\u0131n\u0131za uyum sa\u011flayarak evinize \u015f\u0131kl\u0131k katar.<\/p>\n","protected":false},"featured_media":4327,"comment_status":"open","ping_status":"closed","template":"","meta":{"_acf_changed":false},"product_brand":[433],"product_cat":[115,124],"product_tag":[296,327,196,428],"class_list":{"0":"post-4320","1":"product","2":"type-product","3":"status-publish","4":"has-post-thumbnail","6":"product_brand-tiscontrol","7":"product_cat-interfaces","8":"product_cat-sirius-series","9":"product_tag-butonlu-anahtar","10":"product_tag-fircalanmis-metal","11":"product_tag-siva-alti","12":"product_tag-tiscontrol","14":"first","15":"onbackorder","16":"taxable","17":"shipping-taxable","18":"product-type-variable","19":"add-to-wishlist-after_add_to_cart"},"acf":[],"_links":{"self":[{"href":"https:\/\/dealer.tiscontrol.com.tr\/en\/wp-json\/wp\/v2\/product\/4320","targetHints":{"allow":["GET"]}}],"collection":[{"href":"https:\/\/dealer.tiscontrol.com.tr\/en\/wp-json\/wp\/v2\/product"}],"about":[{"href":"https:\/\/dealer.tiscontrol.com.tr\/en\/wp-json\/wp\/v2\/types\/product"}],"replies":[{"embeddable":true,"href":"https:\/\/dealer.tiscontrol.com.tr\/en\/wp-json\/wp\/v2\/comments?post=4320"}],"wp:featuredmedia":[{"embeddable":true,"href":"https:\/\/dealer.tiscontrol.com.tr\/en\/wp-json\/wp\/v2\/media\/4327"}],"wp:attachment":[{"href":"https:\/\/dealer.tiscontrol.com.tr\/en\/wp-json\/wp\/v2\/media?parent=4320"}],"wp:term":[{"taxonomy":"product_brand","embeddable":true,"href":"https:\/\/dealer.tiscontrol.com.tr\/en\/wp-json\/wp\/v2\/product_brand?post=4320"},{"taxonomy":"product_cat","embeddable":true,"href":"https:\/\/dealer.tiscontrol.com.tr\/en\/wp-json\/wp\/v2\/product_cat?post=4320"},{"taxonomy":"product_tag","embeddable":true,"href":"https:\/\/dealer.tiscontrol.com.tr\/en\/wp-json\/wp\/v2\/product_tag?post=4320"}],"curies":[{"name":"wp","href":"https:\/\/api.w.org\/{rel}","templated":true}]}}