{"id":7558,"date":"2026-01-21T12:33:42","date_gmt":"2026-01-21T09:33:42","guid":{"rendered":"https:\/\/dealer.tiscontrol.com.tr\/?post_type=product&#038;p=7558"},"modified":"2026-01-21T12:40:18","modified_gmt":"2026-01-21T09:40:18","slug":"click-seri-iki-haneli-cerceve","status":"publish","type":"product","link":"https:\/\/dealer.tiscontrol.com.tr\/en\/product\/click-seri-iki-haneli-cerceve\/","title":{"rendered":"Click Seri \u0130ki Haneli \u00c7er\u00e7eve"},"content":{"rendered":"","protected":false},"excerpt":{"rendered":"","protected":false},"featured_media":7562,"comment_status":"open","ping_status":"closed","template":"","meta":{"_acf_changed":false},"product_brand":[433],"product_cat":[144,147],"product_tag":[295,327,428],"class_list":{"0":"post-7558","1":"product","2":"type-product","3":"status-publish","4":"has-post-thumbnail","6":"product_brand-tiscontrol","7":"product_cat-switch-socket","8":"product_cat-click-switch-socket","9":"product_tag-cerceve","10":"product_tag-fircalanmis-metal","11":"product_tag-tiscontrol","13":"first","14":"onbackorder","15":"taxable","16":"shipping-taxable","17":"product-type-variable","18":"add-to-wishlist-after_add_to_cart"},"acf":[],"_links":{"self":[{"href":"https:\/\/dealer.tiscontrol.com.tr\/en\/wp-json\/wp\/v2\/product\/7558","targetHints":{"allow":["GET"]}}],"collection":[{"href":"https:\/\/dealer.tiscontrol.com.tr\/en\/wp-json\/wp\/v2\/product"}],"about":[{"href":"https:\/\/dealer.tiscontrol.com.tr\/en\/wp-json\/wp\/v2\/types\/product"}],"replies":[{"embeddable":true,"href":"https:\/\/dealer.tiscontrol.com.tr\/en\/wp-json\/wp\/v2\/comments?post=7558"}],"wp:featuredmedia":[{"embeddable":true,"href":"https:\/\/dealer.tiscontrol.com.tr\/en\/wp-json\/wp\/v2\/media\/7562"}],"wp:attachment":[{"href":"https:\/\/dealer.tiscontrol.com.tr\/en\/wp-json\/wp\/v2\/media?parent=7558"}],"wp:term":[{"taxonomy":"product_brand","embeddable":true,"href":"https:\/\/dealer.tiscontrol.com.tr\/en\/wp-json\/wp\/v2\/product_brand?post=7558"},{"taxonomy":"product_cat","embeddable":true,"href":"https:\/\/dealer.tiscontrol.com.tr\/en\/wp-json\/wp\/v2\/product_cat?post=7558"},{"taxonomy":"product_tag","embeddable":true,"href":"https:\/\/dealer.tiscontrol.com.tr\/en\/wp-json\/wp\/v2\/product_tag?post=7558"}],"curies":[{"name":"wp","href":"https:\/\/api.w.org\/{rel}","templated":true}]}}