{"id":3011,"date":"2025-01-19T10:40:32","date_gmt":"2025-01-19T10:40:32","guid":{"rendered":"https:\/\/dealer.tiscontrol.com.tr\/?post_type=product&#038;p=3011"},"modified":"2026-01-18T00:37:35","modified_gmt":"2026-01-17T21:37:35","slug":"dmx-ag-gecidi","status":"publish","type":"product","link":"https:\/\/dealer.tiscontrol.com.tr\/fa\/product\/dmx-ag-gecidi\/","title":{"rendered":"DMX A\u011f Ge\u00e7idi"},"content":{"rendered":"<h2 data-pm-slice=\"1 1 []\">I\u015f\u0131klarla D\u00fcnyan\u0131z\u0131 De\u011fi\u015ftirin<\/h2>\n<h3>Parti Atmosferini Evinize Ta\u015f\u0131y\u0131n<\/h3>\n<p><strong>DMX A\u011f Ge\u00e7idi ile E\u011flencenin Kontrol\u00fc Sizde!<\/strong><\/p>\n<p>Partileri seviyor musunuz? Dans \u0131\u015f\u0131klar\u0131 ilginizi \u00e7eker mi? Evinizi bir dans pisti yapmaya ne dersiniz? \u0130\u015fte sizin i\u00e7in ke\u015ffedilecek bir \u00fcr\u00fcn: DMX A\u011f Ge\u00e7idi. Bu cihaz partinizi hayalinizin \u00f6tesine ta\u015f\u0131r. I\u015f\u0131klar\u0131 a\u00e7\u0131p kapaman\u0131n \u00f6tesinde, renkler ve efektlerle sizi b\u00fcy\u00fcler. DMX512 protokol\u00fcyle \u00e7al\u0131\u015fan her \u015feyi kontrol eder. TIS-BUS sistemine ba\u011fland\u0131\u011f\u0131n\u0131zda, eviniz dev bir sahneye d\u00f6n\u00fc\u015f\u00fcr. Hepsini etkinlik i\u00e7in gerekti\u011fi gibi y\u00f6netebilirsiniz. \u00d6zel bir g\u00fcn m\u00fc? Romantik bir m\u00fczikle k\u0131rm\u0131z\u0131 \u0131\u015f\u0131k efektleri yarat\u0131n &amp; partnerinizi dansa \u00e7a\u011f\u0131r\u0131n.<\/p>\n<h3>Sonsuz I\u015f\u0131k Se\u00e7enekleri<\/h3>\n<p data-pm-slice=\"1 1 []\">TIS DMX Kontrol Cihaz\u0131 pek \u00e7ok WRGB \u0131\u015f\u0131k t\u00fcr\u00fc ile ayarlanabilir. Bekarl\u0131\u011fa veda partisi yap\u0131l\u0131yor mu? Binan\u0131z\u0131n renklerini belirli bir saatte mi de\u011fi\u015ftirmek istiyorsunuz? Ya da o\u011flunuz arkada\u015flar\u0131yla m\u0131 tak\u0131lacak? \u0130\u015fte t\u00fcm se\u00e7enekler sizde. Kendi DJ&#8217;iniz olun; tonunuzu, efektlerinizi ve \u0131\u015f\u0131klar\u0131n\u0131z\u0131 DMX Kontrol Cihaz\u0131 ile ayarlay\u0131n.<\/p>\n<h3><strong>Ak\u0131ll\u0131 Telefonunuzla I\u015f\u0131klar\u0131n Efendisi Olun<\/strong><\/h3>\n<p data-pm-slice=\"1 1 []\">Bu \u00e7\u00f6z\u00fcm\u00fc kullanmak ger\u00e7ekten basit. Telefonunuz sihirli de\u011fne\u011finiz olur. I\u015f\u0131klar\u0131 avucunuzun i\u00e7inde kontrol edin ya da karart\u0131n! TIS DMX Kontrol Cihaz\u0131, bir DJ DMX konsolunu kolayca de\u011fi\u015ftirebilir. Bu cihaz\u0131n sundu\u011fu basitlik ve rahatt\u0131r. DMX48 modeli, 48 kanall\u0131 bir cihazd\u0131r ve TIS-BUS platformunda \u00e7al\u0131\u015ft\u0131\u011f\u0131 i\u00e7in bu kanallar\u0131 ba\u011flamak, s\u0131n\u0131rs\u0131z say\u0131daki DMX aletini kontrol etmek demektir. B\u00fcy\u00fck konser salonlar\u0131, moda g\u00f6steri sahneleri veya restoran kompleksleri gibi yerlerde de kullan\u0131labilir.&#8221;<\/p>\n","protected":false},"excerpt":{"rendered":"<p>\ud83d\udd0c <strong>DMX Ba\u011flant\u0131 Standartlar\u0131:<\/strong> DMX portlar\u0131, TIS veri yolu ile uyumludur ve maksimum 64 cihaz\u0131 destekler.<\/p>\n<p>\ud83d\udd0b <strong>G\u00fc\u00e7 ve T\u00fcketim:<\/strong> Veri yolu voltaj\u0131 DC 12-32V, ak\u0131m t\u00fcketimi ise 25 mA&#8217;den azd\u0131r.<\/p>\n<p>\ud83d\udd04 <strong>Koruma ve Tepki S\u00fcresi:<\/strong> Ters polarite korumas\u0131 mevcuttur ve yakla\u015f\u0131k tepki s\u00fcresi 20 ms&#8217;dir.<\/p>\n<p>\ud83c\udf9b\ufe0f <strong>DMX Fonksiyonlar\u0131:<\/strong> 24 alan, 12 sahne ve 16 s\u0131ra fonksiyonu bulunmaktad\u0131r.<\/p>\n<p>\ud83d\udee0\ufe0f <strong>Montaj ve Ba\u011flant\u0131:<\/strong> 35 mm DIN ray standard\u0131na uygun montaj ve duvara vidal\u0131 montaj imkan\u0131 sunar.<\/p>\n<p>\ud83d\udccf <strong>Boyutlar ve A\u011f\u0131rl\u0131k:<\/strong> Boyutlar 90 mm x 73 mm x 76 mm olup, a\u011f\u0131rl\u0131k ambalaj hari\u00e7 210 g&#8217;d\u0131r.<\/p>\n<p>\ud83c\udf21\ufe0f <strong>\u00c7al\u0131\u015fma Ko\u015fullar\u0131:<\/strong> \u00c7al\u0131\u015fma s\u0131cakl\u0131\u011f\u0131 -30\u00b0C ile 60\u00b0C aras\u0131nda, depolama s\u0131cakl\u0131\u011f\u0131 -20\u00b0C ile 60\u00b0C aras\u0131ndad\u0131r. Nem oran\u0131 %85&#8217;ten az olmal\u0131d\u0131r.<\/p>\n","protected":false},"featured_media":3017,"comment_status":"open","ping_status":"closed","template":"","meta":{"_acf_changed":false},"product_brand":[433],"product_cat":[134,135],"product_tag":[177,175,182,184,183,176,167,187,428],"class_list":{"0":"post-3011","1":"product","2":"type-product","3":"status-publish","4":"has-post-thumbnail","6":"product_brand-tiscontrol","7":"product_cat-gateways","8":"product_cat-bus-gateways","9":"product_tag-aydinlatma-otomasyonu","10":"product_tag-dimmer","11":"product_tag-dmx","12":"product_tag-dmx-ag-gecidi","13":"product_tag-dmx512","14":"product_tag-enerji-tasarrufu","15":"product_tag-otomasyon","16":"product_tag-sahne-isigi","17":"product_tag-tiscontrol","19":"first","20":"onbackorder","21":"taxable","22":"shipping-taxable","23":"product-type-simple","24":"add-to-wishlist-after_add_to_cart"},"acf":[],"_links":{"self":[{"href":"https:\/\/dealer.tiscontrol.com.tr\/fa\/wp-json\/wp\/v2\/product\/3011","targetHints":{"allow":["GET"]}}],"collection":[{"href":"https:\/\/dealer.tiscontrol.com.tr\/fa\/wp-json\/wp\/v2\/product"}],"about":[{"href":"https:\/\/dealer.tiscontrol.com.tr\/fa\/wp-json\/wp\/v2\/types\/product"}],"replies":[{"embeddable":true,"href":"https:\/\/dealer.tiscontrol.com.tr\/fa\/wp-json\/wp\/v2\/comments?post=3011"}],"wp:featuredmedia":[{"embeddable":true,"href":"https:\/\/dealer.tiscontrol.com.tr\/fa\/wp-json\/wp\/v2\/media\/3017"}],"wp:attachment":[{"href":"https:\/\/dealer.tiscontrol.com.tr\/fa\/wp-json\/wp\/v2\/media?parent=3011"}],"wp:term":[{"taxonomy":"product_brand","embeddable":true,"href":"https:\/\/dealer.tiscontrol.com.tr\/fa\/wp-json\/wp\/v2\/product_brand?post=3011"},{"taxonomy":"product_cat","embeddable":true,"href":"https:\/\/dealer.tiscontrol.com.tr\/fa\/wp-json\/wp\/v2\/product_cat?post=3011"},{"taxonomy":"product_tag","embeddable":true,"href":"https:\/\/dealer.tiscontrol.com.tr\/fa\/wp-json\/wp\/v2\/product_tag?post=3011"}],"curies":[{"name":"wp","href":"https:\/\/api.w.org\/{rel}","templated":true}]}}