{"id":3027,"date":"2025-01-19T12:15:03","date_gmt":"2025-01-19T12:15:03","guid":{"rendered":"https:\/\/dealer.tiscontrol.com.tr\/?post_type=product&#038;p=3027"},"modified":"2026-01-18T00:37:35","modified_gmt":"2026-01-17T21:37:35","slug":"dmx-2-cikisli-sabit-akim-yatay-led-surucu","status":"publish","type":"product","link":"https:\/\/dealer.tiscontrol.com.tr\/fa\/product\/dmx-2-cikisli-sabit-akim-yatay-led-surucu\/","title":{"rendered":"DMX 2 \u00c7\u0131k\u0131\u015fl\u0131 Sabit Ak\u0131m Yatay Led S\u00fcr\u00fcc\u00fc"},"content":{"rendered":"<h2 data-pm-slice=\"1 1 []\">Y\u00fcksek Performans ve Verimlilik<\/h2>\n<p data-pm-slice=\"1 1 []\">DMX 2 \u00c7\u0131k\u0131\u015fl\u0131 Sabit Ak\u0131m Yatay LED S\u00fcr\u00fcc\u00fc, LED ayd\u0131nlatma sistemlerinize 50W maksimum \u00e7\u0131k\u0131\u015f g\u00fcc\u00fc ile ola\u011fan\u00fcst\u00fc performans sunar. 200-240VAC giri\u015f voltaj\u0131, farkl\u0131 kullan\u0131m alanlar\u0131 sa\u011flar. %86&#8217;n\u0131n \u00fcst\u00fcnde verim &amp; 0.93&#8217;\u00fcn \u00fczerinde g\u00fc\u00e7 fakt\u00f6r\u00fc sunarak enerji tasarrufu yapman\u0131za olanak tan\u0131r. Bu \u00f6zellikler \u00e7evre dostu ve ekonomik bir \u00e7\u00f6z\u00fcm arayanlar i\u00e7in ger\u00e7ekten \u0130DEALD\u0130R.<\/p>\n<h2>Esnek ve Hassas Ayarlama<\/h2>\n<p data-pm-slice=\"1 1 []\">Bu LED s\u00fcr\u00fcc\u00fc, 250mA&#8217;dan 1500mA&#8217;ya kadar ayarlanabilir sabit ak\u0131mla \u00e7e\u015fitli LED \u0131\u015f\u0131klar i\u00e7in uyumlu hale gelir. DIP anahtarlar\u0131 sayesinde ak\u0131m ayar\u0131 kolayd\u0131r; ihtiya\u00e7lar\u0131n\u0131z do\u011frultusunda \u00f6zelle\u015ftirin. Ayr\u0131ca, DMX adresi manuel atanabilir &#8211; dijital ekranda da g\u00f6sterilir, b\u00f6ylece kullan\u0131c\u0131 dostu bir deneyim sunulur.<\/p>\n<h2>Sorunsuz ve Derin Dimleme<\/h2>\n<p data-pm-slice=\"1 1 []\">DMX 2 \u00c7\u0131k\u0131\u015fl\u0131 Sabit Ak\u0131m Yatay LED S\u00fcr\u00fcc\u00fc, %0.1&#8217;e kadar sorunsuz ve derin dim yapma imkan\u0131 tan\u0131r. Titremesiz ve sessiz bir ayd\u0131nlatma deneyimi sa\u011flayarak \u00f6zellikle titiz ayd\u0131nlatma ihtiya\u00e7lar\u0131 olan yerler i\u00e7in harika bir se\u00e7imdir. DMX512(2008) &amp; DMX512-A uyumluluk ile evrensel DMX master kontrol\u00f6rlerle sorunsuz \u00e7al\u0131\u015f\u0131r.<\/p>\n","protected":false},"excerpt":{"rendered":"<p>\ud83c\udf1f <strong>Y\u00fcksek Performans:<\/strong> DMX 2 \u00c7\u0131k\u0131\u015fl\u0131 Sabit Ak\u0131m Yatay LED S\u00fcr\u00fcc\u00fc, 50W maksimum \u00e7\u0131k\u0131\u015f g\u00fcc\u00fc ile LED ayd\u0131nlatma sistemlerinde ola\u011fan\u00fcst\u00fc performans sunar.<\/p>\n<p>\u26a1 <strong>Enerji Verimlili\u011fi:<\/strong> %86&#8217;n\u0131n \u00fczerinde verim ve 0.93&#8217;\u00fcn \u00fczerinde g\u00fc\u00e7 fakt\u00f6r\u00fc ile enerji tasarrufu sa\u011flar, \u00e7evre dostu ve ekonomik bir \u00e7\u00f6z\u00fcm sunar.<\/p>\n<p>\ud83d\udd04 <strong>Esnek Ayar Se\u00e7enekleri:<\/strong> 250mA&#8217;dan 1500mA&#8217;ya kadar ayarlanabilir sabit ak\u0131m ile \u00e7e\u015fitli LED \u0131\u015f\u0131klar i\u00e7in uyumludur; DIP anahtarlar\u0131 ile kolayca \u00f6zelle\u015ftirilebilir.<\/p>\n<p>\ud83d\udda5\ufe0f <strong>Kullan\u0131c\u0131 Dostu Deneyim:<\/strong> DMX adresi manuel atanabilir ve dijital ekranda g\u00f6sterilir, bu da kullan\u0131c\u0131 dostu bir deneyim sunar.<\/p>\n<p>\ud83c\udf11 <strong>Derin Dim Yapabilme:<\/strong> %0.1&#8217;e kadar sorunsuz ve derin dim yapma imkan\u0131 tan\u0131r, titremesiz ve sessiz bir ayd\u0131nlatma deneyimi sa\u011flar.<\/p>\n<p>\ud83c\udf10 <strong>Geni\u015f Uyumluluk:<\/strong> DMX512(2008) &amp; DMX512-A uyumlulu\u011fu ile evrensel DMX master kontrol\u00f6rlerle sorunsuz \u00e7al\u0131\u015f\u0131r.<\/p>\n<p>\ud83d\udd0c <strong>Geni\u015f Giri\u015f Voltaj\u0131 Aral\u0131\u011f\u0131:<\/strong> 200-240VAC giri\u015f voltaj\u0131 ile farkl\u0131 kullan\u0131m alanlar\u0131 sunar.<\/p>\n","protected":false},"featured_media":3019,"comment_status":"open","ping_status":"closed","template":"","meta":{"_acf_changed":false},"product_brand":[433],"product_cat":[101,108],"product_tag":[177,175,182,176,188,167,189,428],"class_list":{"0":"post-3027","1":"product","2":"type-product","3":"status-publish","4":"has-post-thumbnail","6":"product_brand-tiscontrol","7":"product_cat-actuators","8":"product_cat-led-driver","9":"product_tag-aydinlatma-otomasyonu","10":"product_tag-dimmer","11":"product_tag-dmx","12":"product_tag-enerji-tasarrufu","13":"product_tag-led-surucu","14":"product_tag-otomasyon","15":"product_tag-rgb-renk-kontrol","16":"product_tag-tiscontrol","18":"first","19":"onbackorder","20":"taxable","21":"shipping-taxable","22":"product-type-simple","23":"add-to-wishlist-after_add_to_cart"},"acf":[],"_links":{"self":[{"href":"https:\/\/dealer.tiscontrol.com.tr\/fa\/wp-json\/wp\/v2\/product\/3027","targetHints":{"allow":["GET"]}}],"collection":[{"href":"https:\/\/dealer.tiscontrol.com.tr\/fa\/wp-json\/wp\/v2\/product"}],"about":[{"href":"https:\/\/dealer.tiscontrol.com.tr\/fa\/wp-json\/wp\/v2\/types\/product"}],"replies":[{"embeddable":true,"href":"https:\/\/dealer.tiscontrol.com.tr\/fa\/wp-json\/wp\/v2\/comments?post=3027"}],"wp:featuredmedia":[{"embeddable":true,"href":"https:\/\/dealer.tiscontrol.com.tr\/fa\/wp-json\/wp\/v2\/media\/3019"}],"wp:attachment":[{"href":"https:\/\/dealer.tiscontrol.com.tr\/fa\/wp-json\/wp\/v2\/media?parent=3027"}],"wp:term":[{"taxonomy":"product_brand","embeddable":true,"href":"https:\/\/dealer.tiscontrol.com.tr\/fa\/wp-json\/wp\/v2\/product_brand?post=3027"},{"taxonomy":"product_cat","embeddable":true,"href":"https:\/\/dealer.tiscontrol.com.tr\/fa\/wp-json\/wp\/v2\/product_cat?post=3027"},{"taxonomy":"product_tag","embeddable":true,"href":"https:\/\/dealer.tiscontrol.com.tr\/fa\/wp-json\/wp\/v2\/product_tag?post=3027"}],"curies":[{"name":"wp","href":"https:\/\/api.w.org\/{rel}","templated":true}]}}