{"id":3036,"date":"2025-01-19T15:32:20","date_gmt":"2025-01-19T15:32:20","guid":{"rendered":"https:\/\/dealer.tiscontrol.com.tr\/?post_type=product&#038;p=3036"},"modified":"2026-01-18T00:37:35","modified_gmt":"2026-01-17T21:37:35","slug":"cok-fonksiyonlu-10f-sensor","status":"publish","type":"product","link":"https:\/\/dealer.tiscontrol.com.tr\/fa\/product\/cok-fonksiyonlu-10f-sensor\/","title":{"rendered":"\u00c7ok Fonksiyonlu 10F Sens\u00f6r"},"content":{"rendered":"<h2 data-pm-slice=\"1 1 []\">Enerji Tasarrufu ve Verimlilik<\/h2>\n<h3><strong>Ak\u0131ll\u0131 Enerji Y\u00f6netimi ile Tasarruf Edin<\/strong><\/h3>\n<p data-pm-slice=\"1 1 []\">\u00c7ok Fonksiyonlu 10F Sens\u00f6r, <strong>enerji TASARRUFU<\/strong> sa\u011flamak i\u00e7in geli\u015ftirilmi\u015f yepyeni bir cihazd\u0131r. PIR hareket sens\u00f6r\u00fc &amp; \u0131\u015f\u0131k hasat sens\u00f6r\u00fc ile odada kimse yoksa veya yeterli g\u00fcn \u0131\u015f\u0131\u011f\u0131 varsa otomatik olarak \u0131\u015f\u0131klar\u0131 kapat\u0131r. Bu harika \u00f6zellikler, enerji t\u00fcketiminizi %60 oran\u0131nda azalt\u0131r ve y\u0131lda yakla\u015f\u0131k 240 DOLAR cebinizde kal\u0131r. Ak\u0131ll\u0131 enerji y\u00f6netimiyle hem \u00e7evreye yard\u0131m edin hem faturalar\u0131n\u0131z\u0131 d\u00fc\u015f\u00fcr\u00fcn.<\/p>\n<h3>Konfor ve Kontrol<\/h3>\n<p data-pm-slice=\"1 1 []\">Bu sens\u00f6r iOS ve Android uygulamalar\u0131 \u00fczerinden UZAKTAN kontrol edilebilir. Tatildeyken bile evinizi kontrol edebilirsiniz. Ayr\u0131ca, IR g\u00f6nderme\/alma i\u015flevi sayesinde uzaktan kumandayla da kullan\u0131labilir. Bu, ya\u015fl\u0131 aile \u00fcyeleri i\u00e7in B\u00dcY\u00dcK bir kolayl\u0131k demek. Evinizin konforunu art\u0131rmak istiyorsan\u0131z bu teknoloji harikas\u0131n\u0131 se\u00e7in.<\/p>\n<h3><strong>G\u00fcvenli\u011finiz \u0130\u00e7in Ak\u0131ll\u0131 \u00c7\u00f6z\u00fcmler<\/strong><\/h3>\n<p data-pm-slice=\"1 1 []\">\u00c7ok Fonksiyonlu 10F Sens\u00f6r, hareket alg\u0131lama, yang\u0131n ALARM\u0131 ve kap\u0131\/pencere a\u00e7\u0131k uyar\u0131s\u0131 gibi g\u00fcvenlik \u00f6zellikleri sunar. Ba\u015fka markalar\u0131n sens\u00f6rleriyle uyumlu \u00e7al\u0131\u015fabilir ve 12V \u00e7\u0131k\u0131\u015f\u0131yla su\/gaz KA\u00c7A\u011eI sens\u00f6rlerini de destekler. Ayr\u0131ca, Amazon Alexa ile entegrasyonu sayesinde sesli komutlarla KONTROL edilebilir. Bu da hareket k\u0131s\u0131tl\u0131l\u0131\u011f\u0131 olanlar i\u00e7in b\u00fcy\u00fck bir avantaj. G\u00fcvenli\u011finiz i\u00e7in bu ak\u0131ll\u0131 \u00e7\u00f6z\u00fcm\u00fc tercih edin!<\/p>\n","protected":false},"excerpt":{"rendered":"<p>\ud83d\udccf PIR alg\u0131lama aral\u0131\u011f\u0131 4-6 metre olup, 110\u00b0 alg\u0131lama a\u00e7\u0131s\u0131na sahiptir.<\/p>\n<p>\ud83d\udce1 Dijital giri\u015f kanallar\u0131 2 adet kapal\u0131\/a\u00e7\u0131k olarak tan\u0131mlanm\u0131\u015ft\u0131r.<\/p>\n<p>\ud83d\udca1 I\u015f\u0131k sens\u00f6r\u00fc, 0 ile 8000 lux aras\u0131nda \u0131\u015f\u0131k yo\u011funlu\u011funu alg\u0131layabilir.<\/p>\n<p>\ud83d\udcf6 K\u0131z\u0131l\u00f6tesi al\u0131c\u0131 ve verici kodlar\u0131 ile donat\u0131lm\u0131\u015ft\u0131r.<\/p>\n<p>\ud83d\udd0b \u00c7al\u0131\u015fma voltaj\u0131 DC 12-32 V olup, maksimum 64 cihaz destekler.<\/p>\n<p>\ud83d\udd12 Sens\u00f6r \u00fczerinden bir adet s\u0131cakl\u0131k sens\u00f6r\u00fc yer almaktad\u0131r.<\/p>\n","protected":false},"featured_media":3037,"comment_status":"open","ping_status":"closed","template":"","meta":{"_acf_changed":false},"product_brand":[433],"product_cat":[111,110],"product_tag":[176,193,194,195,428],"class_list":{"0":"post-3036","1":"product","2":"type-product","3":"status-publish","4":"has-post-thumbnail","6":"product_brand-tiscontrol","7":"product_cat-bus-sensors","8":"product_cat-sensors","9":"product_tag-enerji-tasarrufu","10":"product_tag-hareket-sensoru","11":"product_tag-isik-sensoru","12":"product_tag-sicaklik-sensoru","13":"product_tag-tiscontrol","15":"first","16":"onbackorder","17":"featured","18":"taxable","19":"shipping-taxable","20":"product-type-simple","21":"add-to-wishlist-after_add_to_cart"},"acf":[],"_links":{"self":[{"href":"https:\/\/dealer.tiscontrol.com.tr\/fa\/wp-json\/wp\/v2\/product\/3036","targetHints":{"allow":["GET"]}}],"collection":[{"href":"https:\/\/dealer.tiscontrol.com.tr\/fa\/wp-json\/wp\/v2\/product"}],"about":[{"href":"https:\/\/dealer.tiscontrol.com.tr\/fa\/wp-json\/wp\/v2\/types\/product"}],"replies":[{"embeddable":true,"href":"https:\/\/dealer.tiscontrol.com.tr\/fa\/wp-json\/wp\/v2\/comments?post=3036"}],"wp:featuredmedia":[{"embeddable":true,"href":"https:\/\/dealer.tiscontrol.com.tr\/fa\/wp-json\/wp\/v2\/media\/3037"}],"wp:attachment":[{"href":"https:\/\/dealer.tiscontrol.com.tr\/fa\/wp-json\/wp\/v2\/media?parent=3036"}],"wp:term":[{"taxonomy":"product_brand","embeddable":true,"href":"https:\/\/dealer.tiscontrol.com.tr\/fa\/wp-json\/wp\/v2\/product_brand?post=3036"},{"taxonomy":"product_cat","embeddable":true,"href":"https:\/\/dealer.tiscontrol.com.tr\/fa\/wp-json\/wp\/v2\/product_cat?post=3036"},{"taxonomy":"product_tag","embeddable":true,"href":"https:\/\/dealer.tiscontrol.com.tr\/fa\/wp-json\/wp\/v2\/product_tag?post=3036"}],"curies":[{"name":"wp","href":"https:\/\/api.w.org\/{rel}","templated":true}]}}