{"id":3041,"date":"2025-01-19T16:24:11","date_gmt":"2025-01-19T16:24:11","guid":{"rendered":"https:\/\/dealer.tiscontrol.com.tr\/?post_type=product&#038;p=3041"},"modified":"2026-01-21T11:56:36","modified_gmt":"2026-01-21T08:56:36","slug":"bus-hareket-sensoru","status":"publish","type":"product","link":"https:\/\/dealer.tiscontrol.com.tr\/fa\/product\/bus-hareket-sensoru\/","title":{"rendered":"Bus Hareket Sens\u00f6r\u00fc"},"content":{"rendered":"<h2 data-pm-slice=\"1 1 []\">Enerji Tasarrufu ve \u00c7evre Dostu Teknoloji<\/h2>\n<p data-pm-slice=\"1 1 []\">TIS Bus Hareket Sens\u00f6r\u00fc, enerji tasarrufu SA\u011eLARKEN \u00e7evreye Duyarl\u0131 bir Ya\u015fam tarz\u0131n\u0131 BEN\u0130MSEMEN\u0130ZE yard\u0131mc\u0131 olur. Bu ufak cihaz, hareket, \u0131\u015f\u0131k miktar\u0131 &amp; zaman gibi fakt\u00f6rlere g\u00f6re \u00e7al\u0131\u015f\u0131r. Enerji HARCAMASINI minimumda TUTAR. Kalabal\u0131k YERLERDE\u2014\u00f6\u011frenci yurdu, \u00f6rne\u011fin\u2014gereksiz t\u00fcketimi KESER, do\u011faya KATKIDA bulunur. Hareket OLDU\u011eUNDA, sens\u00f6r \u0131\u015f\u0131klar\u0131 a\u00e7\u0131p kapar (otomatik olarak). Hem konfor SA\u011eLAR hem TASARRUF.<\/p>\n<h2>Ak\u0131ll\u0131 Ayd\u0131nlatma Kontrol\u00fc<\/h2>\n<p data-pm-slice=\"1 1 []\">TIS Bus Hareket Sens\u00f6r\u00fc \u00fczerindeki lux metre ile \u00e7evresindeki do\u011fal \u0131\u015f\u0131\u011f\u0131 \u00f6l\u00e7er. Ayd\u0131nlatmay\u0131 buna g\u00f6re AYARLAR. Bu \u00d6zellik mevsimsel \u0131\u015f\u0131k DE\u011e\u0130\u015e\u0130MLER\u0130NE uyumlu. Yeterli do\u011fal \u0131\u015f\u0131k YOKSA sadece o vakit \u0131\u015f\u0131klar\u0131 a\u00e7ar. B\u00f6ylelikle, ofisler, mutfaklar &amp; benzeri yerlerde enerji verimlili\u011fi MAX seviyeye \u00e7\u0131kar\u0131l\u0131r. Ayr\u0131ca sens\u00f6r\u00fcn 8 farkl\u0131 MANTIK ve zamanlay\u0131c\u0131 \u00f6zellikleri var ki, NE Zaman a\u00e7\u0131l\u0131p kapanaca\u011f\u0131n\u0131 belirleyebilirsiniz.<\/p>\n<h2>Ki\u015fiselle\u015ftirilmi\u015f Kullan\u0131m Modlar\u0131<\/h2>\n<p data-pm-slice=\"1 1 []\">TIS Bus Hareket Sens\u00f6r\u00fc sizin gereksinimlerinize g\u00f6re programlanabilir. \u00d6rne\u011fin &#8220;\u00e7al\u0131\u015fma&#8221; ve &#8220;uyku&#8221; modlar\u0131yla \u0131\u015f\u0131klar\u0131n ne Zaman a\u00e7\u0131k kalaca\u011f\u0131n\u0131 ya da kapanaca\u011f\u0131n\u0131 AYARLAYAB\u0130L\u0130RS\u0130N\u0130Z. B\u00f6ylece kitap okurken SADECE hareketsiz kald\u0131\u011f\u0131n\u0131zda I\u015f\u0131klar kapanmaz sorun ya\u015famazs\u0131n\u0131z! Siz belirledi\u011finiz s\u00fcreyle i\u015f\u0131klar a\u00e7\u0131k kal\u0131r ya da uyurken kapal\u0131 kals\u0131n saglar.<\/p>\n","protected":false},"excerpt":{"rendered":"<p>\ud83c\udf3f TIS Bus Hareket Sens\u00f6r\u00fc, enerji tasarrufu sa\u011flarken \u00e7evre dostu bir ya\u015fam tarz\u0131n\u0131 benimsemenize yard\u0131mc\u0131 olur.<\/p>\n<p>\ud83d\udca1 Sens\u00f6r, hareket, \u0131\u015f\u0131k miktar\u0131 ve zaman gibi fakt\u00f6rlere g\u00f6re \u00e7al\u0131\u015farak enerji harcamas\u0131n\u0131 minimumda tutar.<\/p>\n<p>\ud83c\udfe2 Kalabal\u0131k yerlerde, \u00f6rne\u011fin \u00f6\u011frenci yurtlar\u0131nda, gereksiz enerji t\u00fcketimini keserek do\u011faya katk\u0131da bulunur.<\/p>\n<p>\ud83d\udd04 Sens\u00f6r, hareket alg\u0131land\u0131\u011f\u0131nda \u0131\u015f\u0131klar\u0131 otomatik olarak a\u00e7\u0131p kapatarak hem konfor sa\u011flar hem de tasarruf eder.<\/p>\n<p>\ud83c\udf1e \u00dczerindeki lux metre ile \u00e7evresindeki do\u011fal \u0131\u015f\u0131\u011f\u0131 \u00f6l\u00e7er ve ayd\u0131nlatmay\u0131 buna g\u00f6re ayarlar, mevsimsel \u0131\u015f\u0131k de\u011fi\u015fimlerine uyum sa\u011flar.<\/p>\n<p>\u23f2\ufe0f Sens\u00f6r\u00fcn 8 farkl\u0131 mant\u0131k ve zamanlay\u0131c\u0131 \u00f6zellikleri sayesinde ne zaman a\u00e7\u0131l\u0131p kapanaca\u011f\u0131n\u0131 belirleyebilirsiniz.<\/p>\n<p>\ud83d\udee0\ufe0f Ki\u015fiselle\u015ftirilmi\u015f kullan\u0131m modlar\u0131 ile \u0131\u015f\u0131klar\u0131n ne zaman a\u00e7\u0131k kalaca\u011f\u0131n\u0131 veya kapanaca\u011f\u0131n\u0131 ayarlayabilirsiniz; s\u0131va alt\u0131 ve s\u0131va \u00fcst\u00fc se\u00e7enekleri mevcuttur.<\/p>\n","protected":false},"featured_media":2664,"comment_status":"open","ping_status":"closed","template":"","meta":{"_acf_changed":false},"product_brand":[433],"product_cat":[111,110],"product_tag":[176,193,196,197,428],"class_list":{"0":"post-3041","1":"product","2":"type-product","3":"status-publish","4":"has-post-thumbnail","6":"product_brand-tiscontrol","7":"product_cat-bus-sensors","8":"product_cat-sensors","9":"product_tag-enerji-tasarrufu","10":"product_tag-hareket-sensoru","11":"product_tag-siva-alti","12":"product_tag-siva-ustu","13":"product_tag-tiscontrol","15":"first","16":"onbackorder","17":"taxable","18":"shipping-taxable","19":"product-type-variable","20":"add-to-wishlist-after_add_to_cart"},"acf":[],"_links":{"self":[{"href":"https:\/\/dealer.tiscontrol.com.tr\/fa\/wp-json\/wp\/v2\/product\/3041","targetHints":{"allow":["GET"]}}],"collection":[{"href":"https:\/\/dealer.tiscontrol.com.tr\/fa\/wp-json\/wp\/v2\/product"}],"about":[{"href":"https:\/\/dealer.tiscontrol.com.tr\/fa\/wp-json\/wp\/v2\/types\/product"}],"replies":[{"embeddable":true,"href":"https:\/\/dealer.tiscontrol.com.tr\/fa\/wp-json\/wp\/v2\/comments?post=3041"}],"wp:featuredmedia":[{"embeddable":true,"href":"https:\/\/dealer.tiscontrol.com.tr\/fa\/wp-json\/wp\/v2\/media\/2664"}],"wp:attachment":[{"href":"https:\/\/dealer.tiscontrol.com.tr\/fa\/wp-json\/wp\/v2\/media?parent=3041"}],"wp:term":[{"taxonomy":"product_brand","embeddable":true,"href":"https:\/\/dealer.tiscontrol.com.tr\/fa\/wp-json\/wp\/v2\/product_brand?post=3041"},{"taxonomy":"product_cat","embeddable":true,"href":"https:\/\/dealer.tiscontrol.com.tr\/fa\/wp-json\/wp\/v2\/product_cat?post=3041"},{"taxonomy":"product_tag","embeddable":true,"href":"https:\/\/dealer.tiscontrol.com.tr\/fa\/wp-json\/wp\/v2\/product_tag?post=3041"}],"curies":[{"name":"wp","href":"https:\/\/api.w.org\/{rel}","templated":true}]}}