{"id":3047,"date":"2025-01-20T08:53:06","date_gmt":"2025-01-20T08:53:06","guid":{"rendered":"https:\/\/dealer.tiscontrol.com.tr\/?post_type=product&#038;p=3047"},"modified":"2026-01-18T00:37:35","modified_gmt":"2026-01-17T21:37:35","slug":"duvar-tipi-kuru-kontak-cikisli-hareket-sensoru","status":"publish","type":"product","link":"https:\/\/dealer.tiscontrol.com.tr\/fa\/product\/duvar-tipi-kuru-kontak-cikisli-hareket-sensoru\/","title":{"rendered":"Duvar Tipi Kuru Kontak \u00c7\u0131k\u0131\u015fl\u0131 PIR Sens\u00f6r\u00fc"},"content":{"rendered":"<h2 data-pm-slice=\"1 1 []\">Geni\u015f A\u00e7\u0131 Tespiti ile Geli\u015fmi\u015f G\u00fcvenlik<\/h2>\n<p><strong>Geni\u015f Alan Kapsama: <\/strong>PIR Sens\u00f6r\u00fc, 110 derece geni\u015f a\u00e7\u0131 tespiti ile evler, ofisler &amp; depolar gibi geni\u015f alanlar\u0131 g\u00fcvenli hale getirir. Bu sens\u00f6r, tek bir cihazla daha fazla alan\u0131 kapsar. B\u00f6ylece de\u011ferli varl\u0131klar\u0131n\u0131z g\u00fcvende olur. En iyi g\u00fcvenlik \u00e7\u00f6z\u00fcm\u00fcn\u00fc ar\u0131yorsan\u0131z, bu sens\u00f6r size g\u00f6re.<\/p>\n<h2>Uzun Menzilli Alg\u0131lama ile Erken Uyar\u0131<\/h2>\n<p><strong>Erken Tespit Avantaj\u0131: <\/strong>PIR hareket sens\u00f6r\u00fc 12 metre alg\u0131lama mesafesiyle uzaktan hareketi fark edebilir. Bu da potansiyel tehditlere kar\u015f\u0131 \u00f6nceden uyar\u0131 yaparak \u00f6nlem alman\u0131za olanak tan\u0131r. B\u00f6ylece g\u00fcvenli\u011finiz i\u00e7in erken uyar\u0131 sistemine sahip olursunuz ve huzur i\u00e7inde ya\u015fars\u0131n\u0131z.<\/p>\n<h2>Kolay Kurulum ve G\u00fcvenilir Performans<\/h2>\n<p><strong>Kullan\u0131c\u0131 Dostu Kurulum: <\/strong>Kolay Kurulum: PIR-Wall-NC, 1.7m ila 2.5m y\u00fckseklik aras\u0131nda monte edilebilir ki bu da onu hem i\u00e7 hem d\u0131\u015f ortamlar i\u00e7in uygun yapar. Kullan\u0131c\u0131 dostu kurulum s\u00fcreci, h\u0131zl\u0131 ve etkili bir kurulum imk\u00e2n\u0131 sunar (evet, ger\u00e7ekten \u00f6yle). Ayr\u0131ca, 5% ila 95% yo\u011fu\u015fmas\u0131z nem oran\u0131nda \u00e7al\u0131\u015farak tutarl\u0131 performans sa\u011flar. Tozlu ya da nemli ko\u015fullarda bile g\u00fcvenilirdir.<\/p>\n<h2>Enerji Verimlili\u011fi ile Tasarruf<\/h2>\n<p><strong>D\u00fc\u015f\u00fck Enerji T\u00fcketimi: <\/strong>PIR-Wall-NC, yaln\u0131zca 10mA (24V DC) d\u00fc\u015f\u00fck ak\u0131m t\u00fcketimi sayesinde enerji verimlili\u011fi sunar ve g\u00fc\u00e7 kayna\u011f\u0131n\u0131z\u0131 zorlamaz. B\u00fct\u00e7esine \u00f6nem verenler i\u00e7in idealdir. Enerji tasarrufu yaparken g\u00fcvenli\u011finizden asla taviz vermeyin!<\/p>\n","protected":false},"excerpt":{"rendered":"<p>\ud83d\udcd0 <strong>Geni\u015f Alan Kapsama<\/strong>: PIR-Wall-NC, 110 derece geni\u015f a\u00e7\u0131 tespiti ile evler, ofisler ve depolar gibi geni\u015f alanlar\u0131 kapsar, b\u00f6ylece de\u011ferli varl\u0131klar\u0131n\u0131z\u0131 korur.<\/p>\n<p>\ud83d\udea8 <strong>Uzun Menzilli Alg\u0131lama<\/strong>: 12 metre alg\u0131lama mesafesi ile PIR hareket sens\u00f6r\u00fc, potansiyel tehditlere kar\u015f\u0131 erken uyar\u0131 sa\u011flar ve g\u00fcvenli\u011finizi art\u0131r\u0131r.<\/p>\n<p>\ud83d\udd27 <strong>Kolay Kurulum<\/strong>: 1.7m ila 2.5m y\u00fckseklik aras\u0131nda monte edilebilen sens\u00f6r, hem i\u00e7 hem d\u0131\u015f mekanlar i\u00e7in uygundur ve kullan\u0131c\u0131 dostu bir kurulum s\u00fcreci sunar.<\/p>\n<p>\ud83c\udf27\ufe0f <strong>G\u00fcvenilir Performans<\/strong>: 5% ila 95% yo\u011fu\u015fmas\u0131z nem oran\u0131nda \u00e7al\u0131\u015farak tozlu ve nemli ko\u015fullarda bile tutarl\u0131 performans g\u00f6sterir.<\/p>\n<p>\ud83d\udca1 <strong>Enerji Verimlili\u011fi<\/strong>: Yaln\u0131zca 10mA (24V DC) d\u00fc\u015f\u00fck ak\u0131m t\u00fcketimi ile enerji verimlili\u011fi sa\u011flar ve b\u00fct\u00e7enizi zorlamaz.<\/p>\n","protected":false},"featured_media":3048,"comment_status":"open","ping_status":"closed","template":"","meta":{"_acf_changed":false},"product_brand":[433],"product_cat":[112,110],"product_tag":[198,193,199,428],"class_list":{"0":"post-3047","1":"product","2":"type-product","3":"status-publish","4":"has-post-thumbnail","6":"product_brand-tiscontrol","7":"product_cat-no-nc-sensors","8":"product_cat-sensors","9":"product_tag-duvar-tipi-pir","10":"product_tag-hareket-sensoru","11":"product_tag-pir","12":"product_tag-tiscontrol","14":"first","15":"onbackorder","16":"taxable","17":"shipping-taxable","18":"product-type-simple","19":"add-to-wishlist-after_add_to_cart"},"acf":[],"_links":{"self":[{"href":"https:\/\/dealer.tiscontrol.com.tr\/fa\/wp-json\/wp\/v2\/product\/3047","targetHints":{"allow":["GET"]}}],"collection":[{"href":"https:\/\/dealer.tiscontrol.com.tr\/fa\/wp-json\/wp\/v2\/product"}],"about":[{"href":"https:\/\/dealer.tiscontrol.com.tr\/fa\/wp-json\/wp\/v2\/types\/product"}],"replies":[{"embeddable":true,"href":"https:\/\/dealer.tiscontrol.com.tr\/fa\/wp-json\/wp\/v2\/comments?post=3047"}],"wp:featuredmedia":[{"embeddable":true,"href":"https:\/\/dealer.tiscontrol.com.tr\/fa\/wp-json\/wp\/v2\/media\/3048"}],"wp:attachment":[{"href":"https:\/\/dealer.tiscontrol.com.tr\/fa\/wp-json\/wp\/v2\/media?parent=3047"}],"wp:term":[{"taxonomy":"product_brand","embeddable":true,"href":"https:\/\/dealer.tiscontrol.com.tr\/fa\/wp-json\/wp\/v2\/product_brand?post=3047"},{"taxonomy":"product_cat","embeddable":true,"href":"https:\/\/dealer.tiscontrol.com.tr\/fa\/wp-json\/wp\/v2\/product_cat?post=3047"},{"taxonomy":"product_tag","embeddable":true,"href":"https:\/\/dealer.tiscontrol.com.tr\/fa\/wp-json\/wp\/v2\/product_tag?post=3047"}],"curies":[{"name":"wp","href":"https:\/\/api.w.org\/{rel}","templated":true}]}}