{"id":3050,"date":"2025-01-21T16:00:58","date_gmt":"2025-01-21T16:00:58","guid":{"rendered":"https:\/\/dealer.tiscontrol.com.tr\/?post_type=product&#038;p=3050"},"modified":"2026-01-18T00:37:35","modified_gmt":"2026-01-17T21:37:35","slug":"manyetik-kontak","status":"publish","type":"product","link":"https:\/\/dealer.tiscontrol.com.tr\/fa\/product\/manyetik-kontak\/","title":{"rendered":"Manyetik Kontak"},"content":{"rendered":"<h2 data-pm-slice=\"1 1 []\">Enerji Tasarrufu Sa\u011flayan Ak\u0131ll\u0131 \u00c7\u00f6z\u00fcmler<\/h2>\n<p data-pm-slice=\"1 1 []\">Biliyor musunuz, Manyetik Kontaklar? Onlar pencere ve kap\u0131larda kullan\u0131larak enerji tasarrufu sa\u011flar. Bu cihaz\u0131n kuru kontak \u00e7\u0131k\u0131\u015f\u0131 vard\u0131r, yani kap\u0131 ya da pencere a\u00e7\u0131l\u0131rsa otomasyon sisteminizle entegre olur. Mesela, \u0131s\u0131tma &amp; so\u011futma sistemlerini kapatabilir. B\u00f6ylece gereksiz enerji t\u00fcketimi olmuyor; do\u011fa korunuyor &amp; faturalar\u0131n\u0131z d\u00fc\u015f\u00fcyor. Ak\u0131ll\u0131 ev sisteminizin bir par\u00e7as\u0131 olarak her k\u00f6\u015fede konforu ve tasarrufu bir arada ya\u015fars\u0131n\u0131z.<\/p>\n<h2>G\u00fcvenli\u011finizi Art\u0131ran H\u0131rs\u0131z Alarm Sistemi<\/h2>\n<p data-pm-slice=\"1 1 []\">Evinizin g\u00fcvenli\u011fini art\u0131rmak m\u0131 istiyorsunuz? Manyetik kontak kullanabilirsiniz. Kap\u0131 ya da pencere a\u00e7\u0131ld\u0131\u011f\u0131nda, h\u0131rs\u0131z alarm sistemi devreye girer ve sireni aktif eder (evet bu kadar basit). Ayr\u0131ca alarm sistemi, kap\u0131 ya da pencere a\u00e7\u0131kken kurulmaz ve kullan\u0131c\u0131y\u0131 bilgilendirir. Bu \u00f6zellik sizin evde olmad\u0131\u011f\u0131n\u0131z zamanlarda bile i\u00e7 rahatl\u0131\u011f\u0131 sa\u011flar. G\u00fcvenlik \u00f6nemli! Ak\u0131ll\u0131 \u00e7\u00f6z\u00fcmler sunan bu cihaz, evinizi koruma alt\u0131na al\u0131r.<\/p>\n<h2>Kolay Kurulum ve Kullan\u0131m<\/h2>\n<p data-pm-slice=\"1 1 []\">Manyetik kontak, <strong>s\u0131va alt\u0131 kurulum<\/strong> sayesinde estetik bir g\u00f6r\u00fcn\u00fcm sunar. Ger\u00e7ekten kolay bir kurulumu var; pencere &amp; kap\u0131larda rahat\u00e7a kullan\u0131labilir. Kullan\u0131c\u0131 dostu! Herkes rahatl\u0131kla kurabilir ve kullanabilir. Evinizin g\u00fcvenli\u011fi ve konforunu art\u0131rmak i\u00e7in ideal bir se\u00e7im de\u011fil mi?<\/p>\n","protected":false},"excerpt":{"rendered":"<p>\ud83d\udeaa Ak\u0131ll\u0131 ev h\u0131rs\u0131z alarm sistemi, kap\u0131 veya pencere a\u00e7\u0131ld\u0131\u011f\u0131nda sireni aktif edebilir.<\/p>\n<p>\ud83d\udd14 Kap\u0131 veya pencere a\u00e7\u0131k oldu\u011funda, alarm sistemi kurulmaz ve kullan\u0131c\u0131ya bilgi verilir.<\/p>\n<p>\ud83c\udfe0 Sistem, ev g\u00fcvenli\u011fini art\u0131rmak i\u00e7in tasarlanm\u0131\u015ft\u0131r.<\/p>\n<p>\ud83d\udcf1 Kullan\u0131c\u0131ya bilgi verme \u00f6zelli\u011fi, sistemin kullan\u0131c\u0131 dostu oldu\u011funu g\u00f6sterir.<\/p>\n<p>\ud83d\udd12 Alarm sistemi, evdeki giri\u015f noktalar\u0131n\u0131 s\u00fcrekli izler.<\/p>\n","protected":false},"featured_media":3051,"comment_status":"open","ping_status":"closed","template":"","meta":{"_acf_changed":false},"product_brand":[433],"product_cat":[112,110],"product_tag":[204,203,202,428],"class_list":{"0":"post-3050","1":"product","2":"type-product","3":"status-publish","4":"has-post-thumbnail","6":"product_brand-tiscontrol","7":"product_cat-no-nc-sensors","8":"product_cat-sensors","9":"product_tag-gomme-manyetik-kontak","10":"product_tag-kablolu-manyetik-kontak","11":"product_tag-manyetik-kontak","12":"product_tag-tiscontrol","14":"first","15":"onbackorder","16":"taxable","17":"shipping-taxable","18":"product-type-simple","19":"add-to-wishlist-after_add_to_cart"},"acf":[],"_links":{"self":[{"href":"https:\/\/dealer.tiscontrol.com.tr\/fa\/wp-json\/wp\/v2\/product\/3050","targetHints":{"allow":["GET"]}}],"collection":[{"href":"https:\/\/dealer.tiscontrol.com.tr\/fa\/wp-json\/wp\/v2\/product"}],"about":[{"href":"https:\/\/dealer.tiscontrol.com.tr\/fa\/wp-json\/wp\/v2\/types\/product"}],"replies":[{"embeddable":true,"href":"https:\/\/dealer.tiscontrol.com.tr\/fa\/wp-json\/wp\/v2\/comments?post=3050"}],"wp:featuredmedia":[{"embeddable":true,"href":"https:\/\/dealer.tiscontrol.com.tr\/fa\/wp-json\/wp\/v2\/media\/3051"}],"wp:attachment":[{"href":"https:\/\/dealer.tiscontrol.com.tr\/fa\/wp-json\/wp\/v2\/media?parent=3050"}],"wp:term":[{"taxonomy":"product_brand","embeddable":true,"href":"https:\/\/dealer.tiscontrol.com.tr\/fa\/wp-json\/wp\/v2\/product_brand?post=3050"},{"taxonomy":"product_cat","embeddable":true,"href":"https:\/\/dealer.tiscontrol.com.tr\/fa\/wp-json\/wp\/v2\/product_cat?post=3050"},{"taxonomy":"product_tag","embeddable":true,"href":"https:\/\/dealer.tiscontrol.com.tr\/fa\/wp-json\/wp\/v2\/product_tag?post=3050"}],"curies":[{"name":"wp","href":"https:\/\/api.w.org\/{rel}","templated":true}]}}