{"id":3055,"date":"2025-01-21T16:55:26","date_gmt":"2025-01-21T16:55:26","guid":{"rendered":"https:\/\/dealer.tiscontrol.com.tr\/?post_type=product&#038;p=3055"},"modified":"2026-01-18T00:37:35","modified_gmt":"2026-01-17T21:37:35","slug":"4lu-kuru-kontak-giris-modulu","status":"publish","type":"product","link":"https:\/\/dealer.tiscontrol.com.tr\/fa\/product\/4lu-kuru-kontak-giris-modulu\/","title":{"rendered":"4l\u00fc Kuru Kontak Giri\u015f Mod\u00fcl\u00fc"},"content":{"rendered":"<h3 data-pm-slice=\"1 1 []\">G\u00fcvenli\u011finizi Art\u0131r\u0131n: An\u0131nda Uyar\u0131 Sistemi<\/h3>\n<p data-pm-slice=\"1 1 []\">TIS&#8217;in 4&#8217;l\u00fc Kuru Kontak Giri\u015f Mod\u00fcl\u00fc evinizin g\u00fcvenli\u011fini artt\u0131r\u0131r. K\u00fc\u00e7\u00fck ama g\u00fc\u00e7l\u00fc bir mod\u00fcl! \u0130\u015fte bu mod\u00fcl, duman dedekt\u00f6rleri veya su s\u0131z\u0131nt\u0131 sens\u00f6rleri gibi dijital sens\u00f6rlerinizi ak\u0131ll\u0131 ev a\u011f\u0131n\u0131za ba\u011fl\u0131yor. Sistem duman veya su s\u0131z\u0131nt\u0131s\u0131 alg\u0131larsa, HEMEN uyar\u0131 al\u0131rs\u0131n\u0131z &amp; gerekli \u00f6nlemleri alabilirsiniz. B\u00f6ylece yang\u0131n ya da su pompas\u0131 sorunlar\u0131 gibi acil durumlarda m\u00fclk\u00fcn\u00fcz zarar g\u00f6rmez. K\u0131sacas\u0131, g\u00fcvenli bir hayat sizi bekliyor.<\/p>\n<h3>Eski Anahtarlar\u0131n\u0131z\u0131 Yenileyin: Kolay Kurulum ve Kullan\u0131m<\/h3>\n<p data-pm-slice=\"1 1 []\">Eski duvar anahtarlar\u0131n\u0131z\u0131 veya dimmerlerinizi de\u011fi\u015ftirmeye gerek kalmadan, TIS&#8217;in 4DI mod\u00fcl\u00fc ile kolayca g\u00fcncelleyebilirsiniz. Ekstra kablolamaya ihtiya\u00e7 duymadan, bu mod\u00fcl\u00fc kurarak evinizi en \u00fcst d\u00fczeyde konforla kontrol edebilirsiniz. \u00d6rne\u011fin, bir senaryo tan\u0131mlayarak, bir anahtar\u0131 a\u015fa\u011f\u0131ya itti\u011finizde t\u00fcm mutfak \u0131\u015f\u0131klar\u0131n\u0131n yanmas\u0131n\u0131 veya yukar\u0131ya itti\u011finizde sadece ana avizenin yanmas\u0131n\u0131 sa\u011flayabilirsiniz.<\/p>\n<h3>G\u00fcvenlik Sisteminizde Yeni Bir D\u00f6nem: Kap\u0131 ve Pencere Kontrol\u00fc<\/h3>\n<p data-pm-slice=\"1 1 []\">TIS 4DI mod\u00fcl\u00fc, kap\u0131 m\u0131knat\u0131slar\u0131 ile TIS-Bus a\u011f\u0131 \u00fczerinden ba\u011flant\u0131 kurarak, kap\u0131 veya pencerenin a\u00e7\u0131k kal\u0131p kalmad\u0131\u011f\u0131n\u0131 size bildirir. Bu \u00f6zellik, evinizin g\u00fcvenli\u011fini art\u0131rarak, istenmeyen durumlar\u0131n \u00f6n\u00fcne ge\u00e7menize yard\u0131mc\u0131 olur. Art\u0131k evinizdeki her kap\u0131 ve pencereyi kontrol alt\u0131nda tutabilirsiniz.<\/p>\n","protected":false},"excerpt":{"rendered":"<p>\ud83d\udd12 <strong>G\u00fcvenlik Art\u0131\u015f\u0131:<\/strong> TIS&#8217;in 4&#8217;l\u00fc Kuru Kontak Giri\u015f Mod\u00fcl\u00fc, evinizin g\u00fcvenli\u011fini art\u0131rarak duman dedekt\u00f6rleri ve su s\u0131z\u0131nt\u0131 sens\u00f6rlerini ak\u0131ll\u0131 ev a\u011f\u0131na ba\u011flar.<\/p>\n<p>\ud83d\udea8 <strong>An\u0131nda Uyar\u0131:<\/strong> Sistem, duman veya su s\u0131z\u0131nt\u0131s\u0131 alg\u0131lad\u0131\u011f\u0131nda hemen uyar\u0131 verir, b\u00f6ylece yang\u0131n veya su pompas\u0131 sorunlar\u0131 gibi acil durumlarda m\u00fclk\u00fcn\u00fcz zarar g\u00f6rmez.<\/p>\n<p>\ud83c\udfe0 <strong>Kolay Kurulum:<\/strong> Duvar anahtarlar\u0131n\u0131z\u0131 de\u011fi\u015ftirmeden, TIS&#8217;in 4DI mod\u00fcl\u00fc ile kolayca g\u00fcncelleyebilir ve ekstra kabloya ihtiya\u00e7 duymadan evinizi kontrol edebilirsiniz.<\/p>\n<p>\ud83d\udca1 <strong>Senaryo Olu\u015fturma:<\/strong> Mod\u00fcl ile senaryolar olu\u015fturarak, bir anahtar\u0131 a\u015fa\u011f\u0131 ittirdi\u011finizde t\u00fcm mutfak \u0131\u015f\u0131klar\u0131n\u0131 yakabilir veya yukar\u0131 ittirdi\u011finizde sadece avizenin yanmas\u0131n\u0131 sa\u011flayabilirsiniz.<\/p>\n<p>\ud83d\udeaa <strong>Kap\u0131 ve Pencere Kontrol\u00fc:<\/strong> TIS 4DI mod\u00fcl\u00fc, kap\u0131 m\u0131knat\u0131slar\u0131 ile TIS-Bus a\u011f\u0131na ba\u011flanarak kap\u0131 veya pencerenizin a\u00e7\u0131k kal\u0131p kalmad\u0131\u011f\u0131n\u0131 bildirir, b\u00f6ylece evinizin g\u00fcvenli\u011fi artar.<\/p>\n<p>\ud83d\udee1\ufe0f <strong>G\u00fcvenli Ya\u015fam:<\/strong> Bu sistemler sayesinde, evinizde g\u00fcvenli bir ya\u015fam sizi bekliyor.<\/p>\n","protected":false},"featured_media":2725,"comment_status":"open","ping_status":"closed","template":"","meta":{"_acf_changed":false},"product_brand":[433],"product_cat":[111,110],"product_tag":[212,213,214,211,428],"class_list":{"0":"post-3055","1":"product","2":"type-product","3":"status-publish","4":"has-post-thumbnail","6":"product_brand-tiscontrol","7":"product_cat-bus-sensors","8":"product_cat-sensors","9":"product_tag-binary-input","10":"product_tag-digital-input","11":"product_tag-dijital-input","12":"product_tag-kuru-kontak-modulu","13":"product_tag-tiscontrol","15":"first","16":"onbackorder","17":"taxable","18":"shipping-taxable","19":"product-type-simple","20":"add-to-wishlist-after_add_to_cart"},"acf":[],"_links":{"self":[{"href":"https:\/\/dealer.tiscontrol.com.tr\/fa\/wp-json\/wp\/v2\/product\/3055","targetHints":{"allow":["GET"]}}],"collection":[{"href":"https:\/\/dealer.tiscontrol.com.tr\/fa\/wp-json\/wp\/v2\/product"}],"about":[{"href":"https:\/\/dealer.tiscontrol.com.tr\/fa\/wp-json\/wp\/v2\/types\/product"}],"replies":[{"embeddable":true,"href":"https:\/\/dealer.tiscontrol.com.tr\/fa\/wp-json\/wp\/v2\/comments?post=3055"}],"wp:featuredmedia":[{"embeddable":true,"href":"https:\/\/dealer.tiscontrol.com.tr\/fa\/wp-json\/wp\/v2\/media\/2725"}],"wp:attachment":[{"href":"https:\/\/dealer.tiscontrol.com.tr\/fa\/wp-json\/wp\/v2\/media?parent=3055"}],"wp:term":[{"taxonomy":"product_brand","embeddable":true,"href":"https:\/\/dealer.tiscontrol.com.tr\/fa\/wp-json\/wp\/v2\/product_brand?post=3055"},{"taxonomy":"product_cat","embeddable":true,"href":"https:\/\/dealer.tiscontrol.com.tr\/fa\/wp-json\/wp\/v2\/product_cat?post=3055"},{"taxonomy":"product_tag","embeddable":true,"href":"https:\/\/dealer.tiscontrol.com.tr\/fa\/wp-json\/wp\/v2\/product_tag?post=3055"}],"curies":[{"name":"wp","href":"https:\/\/api.w.org\/{rel}","templated":true}]}}