{"id":3078,"date":"2025-01-21T20:07:11","date_gmt":"2025-01-21T20:07:11","guid":{"rendered":"https:\/\/dealer.tiscontrol.com.tr\/?post_type=product&#038;p=3078"},"modified":"2026-01-18T00:33:39","modified_gmt":"2026-01-17T21:33:39","slug":"otomasyon-zamanlayici","status":"publish","type":"product","link":"https:\/\/dealer.tiscontrol.com.tr\/fa\/product\/otomasyon-zamanlayici\/","title":{"rendered":"Otomasyon Zamanlay\u0131c\u0131"},"content":{"rendered":"<h2 data-pm-slice=\"1 1 []\">Zaman\u0131 Kontrol Alt\u0131na Al\u0131n: Otomasyon Zamanlay\u0131c\u0131<\/h2>\n<h3><strong>G\u00fcnl\u00fck Hayat\u0131n\u0131z\u0131 Kolayla\u015ft\u0131r\u0131n<\/strong><\/h3>\n<p data-pm-slice=\"1 1 []\">Otomasyon Zamanlay\u0131c\u0131, ya\u015fam\u0131n\u0131za d\u00fczen &amp; verim katmak i\u00e7in tasarlanm\u0131\u015f bir cihazd\u0131r. Zaman y\u00f6netiminde size destek olurken, programlanabilir \u00f6zellikleriyle anlar\u0131n\u0131z\u0131 planlaman\u0131z\u0131 sa\u011flar. Sabahlar\u0131 uyanmak i\u00e7in bir ALARM kurabilir ya da ak\u015famlar\u0131 \u0131\u015f\u0131klar\u0131n\u0131z\u0131 otomatik kapatabilirsiniz. Bu cihaz, g\u00fcnl\u00fck rutininizi kolayla\u015ft\u0131r\u0131r ve size fazladan zaman kazand\u0131r\u0131r.<\/p>\n<h3><strong>Kesintisiz \u00c7al\u0131\u015fma G\u00fcvencesi<\/strong><\/h3>\n<p data-pm-slice=\"1 1 []\">Elektrik kesintileri veya internet ba\u011flant\u0131 sorunlar\u0131 art\u0131k problem olmaktan \u00e7\u0131kt\u0131! Otomasyon Zamanlay\u0131c\u0131, yerle\u015fik yedek piline sahiptir ve kesintisiz \u00e7al\u0131\u015farak ayarlar\u0131n\u0131z\u0131 korur. G\u00fcvenilir &amp; s\u00fcrekli bir hizmet arayanlar i\u00e7in ideal \u00e7\u00f6z\u00fcm sunar. Enerji tasarrufu sa\u011flayarak, gereksiz enerji t\u00fcketiminden ka\u00e7\u0131n\u0131r ve \u00e7evreyi koruyan bir kullan\u0131m sunar.<\/p>\n<h3><strong>Ki\u015fiselle\u015ftirilebilir ve Esnek Kullan\u0131m<\/strong><\/h3>\n<p data-pm-slice=\"1 1 []\">Bu zamanlay\u0131c\u0131, <strong>240 bayrak<\/strong> ile <strong>800 mant\u0131k<\/strong> hatt\u0131 sayesinde tamamen ki\u015fiselle\u015ftirilebilir. AND\/OR\/XOR\/NAND gibi mant\u0131k se\u00e7enekleriyle s\u0131n\u0131rs\u0131z programlama imk\u00e2n\u0131 sunar. Co\u011frafi koordinat sistemi ile g\u00fcn do\u011fumu &amp; bat\u0131m\u0131n\u0131 otomatik alg\u0131lar ve programlar\u0131n\u0131z\u0131 buna g\u00f6re ayarlar. Mevsimsel de\u011fi\u015fikliklerle uyumlu \u00e7al\u0131\u015farak, daima do\u011fru zamanda do\u011fru i\u015flemi ger\u00e7ekle\u015ftirir.<\/p>\n<h3><strong>\u0130badet ve Topluluk Alanlar\u0131 \u0130\u00e7in \u0130deal<\/strong><\/h3>\n<p data-pm-slice=\"1 1 []\">Otomasyon Zamanlay\u0131c\u0131, ezan saatlerini destekler; bu y\u00fczden camiler ve di\u011fer ibadet alanlar\u0131 i\u00e7in m\u00fckemmel bir se\u00e7imdir. Ye\u015fil Cami politikalar\u0131na uygun hareket ederek enerji tasarrufu sa\u011flar &amp; gereksiz enerji t\u00fcketimi \u00f6nler. \u0130\u00e7 mek\u00e2n s\u0131cakl\u0131\u011f\u0131n\u0131 izleyerek gereksiz klima kullan\u0131m\u0131n\u0131 engeller ve konforlu bir ortam sunar.<\/p>\n<h3><strong>Hafta \u0130\u00e7i ve Hafta Sonu Programlar\u0131<\/strong><\/h3>\n<p data-pm-slice=\"1 1 []\">Hafta i\u00e7i &amp; hafta sonu i\u00e7in farkl\u0131 program olu\u015fturmaya olanak tan\u0131r. Hafta i\u00e7i sabahlar\u0131 enerjik bir radyo istasyonu ile uyanmak ister misiniz? \u0130\u015fte bu noktada Otomasyon Zamanlay\u0131c\u0131 ki\u015fisel tercihleriniz i\u00e7in m\u00fckemmel yard\u0131mc\u0131n\u0131z olacakt\u0131r. Tatil g\u00fcnleri veya \u00f6zel g\u00fcnler i\u00e7in de ayr\u0131 programlar olu\u015fturabilirsiniz.<\/p>\n","protected":false},"excerpt":{"rendered":"<p><strong>\u23f0 D\u00fczen ve Verimlilik<\/strong>: Otomasyon Zamanlay\u0131c\u0131, ya\u015fam\u0131n\u0131za d\u00fczen ve verim katmak i\u00e7in tasarlanm\u0131\u015f bir cihazd\u0131r. Sabahlar\u0131 alarm kurabilir veya ak\u015famlar\u0131 \u0131\u015f\u0131klar\u0131 otomatik kapatabilirsiniz.<\/p>\n<p><strong>\ud83d\udd0b Kesintisiz \u00c7al\u0131\u015fma<\/strong>: Elektrik kesintileri veya internet sorunlar\u0131 durumunda yerle\u015fik yedek pili sayesinde kesintisiz \u00e7al\u0131\u015f\u0131r ve ayarlar\u0131n\u0131z\u0131 korur.<\/p>\n<p><strong>\ud83c\udf0d Enerji Tasarrufu<\/strong>: Gereksiz enerji t\u00fcketiminden ka\u00e7\u0131narak \u00e7evreyi koruyan bir kullan\u0131m sunar.<\/p>\n<p><strong>\ud83d\udcca Ki\u015fiselle\u015ftirilebilirlik<\/strong>: 240 bayrak ve 800 mant\u0131k hatt\u0131 ile tamamen ki\u015fiselle\u015ftirilebilir, AND\/OR\/XOR\/NAND gibi mant\u0131k se\u00e7enekleri sunar.<\/p>\n<p><strong>\ud83d\udd4c\u0130badet Alanlar\u0131 \u0130\u00e7in Uygunluk<\/strong>: Ezan saatlerini destekler ve camiler gibi ibadet alanlar\u0131 i\u00e7in idealdir. Enerji tasarrufu sa\u011flar ve i\u00e7 mek\u00e2n s\u0131cakl\u0131\u011f\u0131n\u0131 izler.<\/p>\n<p><strong>\ud83d\udcc5 Esnek Programlama<\/strong>: Hafta i\u00e7i ve hafta sonu i\u00e7in farkl\u0131 programlar olu\u015fturabilir, tatil g\u00fcnleri veya \u00f6zel g\u00fcnler i\u00e7in ayr\u0131 programlar ayarlayabilirsiniz.<\/p>\n<p><strong>\ud83c\udf05 Mevsimsel Uyum<\/strong>: Co\u011frafi koordinat sistemi ile g\u00fcn do\u011fumu ve bat\u0131m\u0131n\u0131 otomatik alg\u0131lar, mevsimsel de\u011fi\u015fikliklerle uyumlu \u00e7al\u0131\u015f\u0131r.<\/p>\n","protected":false},"featured_media":3079,"comment_status":"open","ping_status":"closed","template":"","meta":{"_acf_changed":false},"product_brand":[433],"product_cat":[143],"product_tag":[219,218,428,220],"class_list":{"0":"post-3078","1":"product","2":"type-product","3":"status-publish","4":"has-post-thumbnail","6":"product_brand-tiscontrol","7":"product_cat-controllers","8":"product_tag-ag-gecidi","9":"product_tag-modbus","10":"product_tag-tiscontrol","11":"product_tag-vrf","13":"first","14":"onbackorder","15":"taxable","16":"shipping-taxable","17":"product-type-simple","18":"add-to-wishlist-after_add_to_cart"},"acf":[],"_links":{"self":[{"href":"https:\/\/dealer.tiscontrol.com.tr\/fa\/wp-json\/wp\/v2\/product\/3078","targetHints":{"allow":["GET"]}}],"collection":[{"href":"https:\/\/dealer.tiscontrol.com.tr\/fa\/wp-json\/wp\/v2\/product"}],"about":[{"href":"https:\/\/dealer.tiscontrol.com.tr\/fa\/wp-json\/wp\/v2\/types\/product"}],"replies":[{"embeddable":true,"href":"https:\/\/dealer.tiscontrol.com.tr\/fa\/wp-json\/wp\/v2\/comments?post=3078"}],"wp:featuredmedia":[{"embeddable":true,"href":"https:\/\/dealer.tiscontrol.com.tr\/fa\/wp-json\/wp\/v2\/media\/3079"}],"wp:attachment":[{"href":"https:\/\/dealer.tiscontrol.com.tr\/fa\/wp-json\/wp\/v2\/media?parent=3078"}],"wp:term":[{"taxonomy":"product_brand","embeddable":true,"href":"https:\/\/dealer.tiscontrol.com.tr\/fa\/wp-json\/wp\/v2\/product_brand?post=3078"},{"taxonomy":"product_cat","embeddable":true,"href":"https:\/\/dealer.tiscontrol.com.tr\/fa\/wp-json\/wp\/v2\/product_cat?post=3078"},{"taxonomy":"product_tag","embeddable":true,"href":"https:\/\/dealer.tiscontrol.com.tr\/fa\/wp-json\/wp\/v2\/product_tag?post=3078"}],"curies":[{"name":"wp","href":"https:\/\/api.w.org\/{rel}","templated":true}]}}