{"id":3129,"date":"2025-01-30T19:17:50","date_gmt":"2025-01-30T19:17:50","guid":{"rendered":"https:\/\/dealer.tiscontrol.com.tr\/?post_type=product&#038;p=3129"},"modified":"2026-01-18T00:29:33","modified_gmt":"2026-01-17T21:29:33","slug":"akilli-termostatli-petek-vanasi","status":"publish","type":"product","link":"https:\/\/dealer.tiscontrol.com.tr\/fa\/product\/akilli-termostatli-petek-vanasi\/","title":{"rendered":"Ak\u0131ll\u0131 Termostatl\u0131 Petek Vanas\u0131"},"content":{"rendered":"<h2 data-pm-slice=\"1 1 []\">Ak\u0131ll\u0131 Is\u0131tma: Konfor &amp; Tasarrufu Bulu\u015fturuyor<\/h2>\n<h3>Enerji Tasarrufu ve Konforun Dengelemesi<\/h3>\n<p data-pm-slice=\"1 1 []\">Ak\u0131ll\u0131 Termostatl\u0131 Petek Vanas\u0131, evinizde her odaya en uygun s\u0131cakl\u0131\u011f\u0131 sunmak i\u00e7in tasarlanm\u0131\u015ft\u0131r. Bu yenilik\u00e7i cihaz enerji maliyetlerini art\u0131rmadan odalar\u0131 \u0131s\u0131tma g\u00f6revini, otomasyon zekas\u0131yla \u00fcstlenir. Kablosuz ve pil ile \u00e7al\u0131\u015f\u0131r (zamanlama &amp; do\u011fru oda s\u0131cakl\u0131\u011f\u0131 analizi sunar). Art\u0131k her oday\u0131 ayr\u0131 ayr\u0131 kontrol edebilir; uzaktan eri\u015fimle enerji tasarrufu yaparken konforu da ya\u015fayabilirsiniz.<\/p>\n<h3>Basit Kullan\u0131m ve Uzaktan Kontrol Olana\u011f\u0131<\/h3>\n<p>Bu ak\u0131ll\u0131 vana, radyat\u00f6rleri ayr\u0131 ayr\u0131 uzaktan ayarlayabilmenize olanak tan\u0131r. TIS uygulamas\u0131 sayesinde internet ba\u011flant\u0131n\u0131z varsa telefonunuzdan s\u0131cakl\u0131k ayar\u0131 yapabilir, cihaz\u0131n \u00fczerindeki d\u00fc\u011fmeler, arka \u0131\u015f\u0131k ve LCD ekranla manuel kontrol sa\u011flayabilirsiniz. Ayr\u0131ca, otomatik ve zamanlama se\u00e7enekleriyle radyat\u00f6rlerinizi y\u00f6netmenin bir\u00e7ok yolu vard\u0131r. Bu \u015fekilde evinizin her noktas\u0131nda istedi\u011finiz s\u0131cakl\u0131\u011f\u0131 kolayca elde edebilirsiniz.<\/p>\n<h3>Geo-Lokasyon Teknolojisiyle Ak\u0131ll\u0131 Is\u0131tma<\/h3>\n<p data-pm-slice=\"1 1 []\">TIS Termostatl\u0131 Petek Vanas\u0131, geo-lokasyon teknolojisiyle uyumludur. Bu teknoloji sayesinde evden \u00e7\u0131karken ya da d\u00f6nerken cihaz bunu alg\u0131lar ve radyat\u00f6rleri en uygun anda a\u00e7arak sizi s\u0131cak bir atmosferle kar\u015f\u0131lar. So\u011fuk g\u00fcnlerde i\u015ften d\u00f6nd\u00fc\u011f\u00fcn\u00fczde sizi s\u0131cac\u0131k bir ev kar\u015f\u0131lar (bu keyfi ya\u015fay\u0131n). Ayr\u0131ca sadece ihtiya\u00e7 duydu\u011funuz odalar\u0131 \u0131s\u0131tarak enerji faturalar\u0131n\u0131z\u0131 d\u00fc\u015f\u00fcrmek olduk\u00e7a kolayd\u0131r.<\/p>\n","protected":false},"excerpt":{"rendered":"<p><strong>\ud83d\udd0b Enerji Tasarrufu ve Konfor<\/strong>: Ak\u0131ll\u0131 Termostatl\u0131 Petek Vanas\u0131, her odaya en uygun s\u0131cakl\u0131\u011f\u0131 sunarak enerji maliyetlerini art\u0131rmadan konfor sa\u011flar.<\/p>\n<p><strong>\ud83d\udce1 Kablosuz ve Pil ile \u00c7al\u0131\u015fma<\/strong>: Cihaz, kablosuz ve pil ile \u00e7al\u0131\u015farak zamanlama ve do\u011fru oda s\u0131cakl\u0131\u011f\u0131 analizi sunar.<\/p>\n<p><strong>\ud83d\udcf1 Uzaktan Kontrol<\/strong>: TIS uygulamas\u0131 ile internet ba\u011flant\u0131s\u0131 \u00fczerinden telefonla s\u0131cakl\u0131k ayar\u0131 yap\u0131labilir, manuel kontrol i\u00e7in cihaz \u00fczerinde d\u00fc\u011fmeler ve LCD ekran bulunur.<\/p>\n<p><strong>Otomatik ve Zamanlama Se\u00e7enekleri<\/strong>: Radyat\u00f6rlerin otomatik ve zamanlama se\u00e7enekleriyle y\u00f6netilmesi, her odada istenilen s\u0131cakl\u0131\u011f\u0131n kolayca elde edilmesini sa\u011flar. \u23f0<\/p>\n<p><strong>\ud83c\udf0d Geo-Lokasyon Teknolojisi<\/strong>: Cihaz, geo-lokasyon teknolojisi ile evden \u00e7\u0131karken veya d\u00f6nerken radyat\u00f6rleri otomatik olarak ayarlayarak enerji tasarrufu sa\u011flar.<\/p>\n<p><strong>\ud83d\udca1 Enerji Faturalar\u0131nda Azalma<\/strong>: Sadece ihtiya\u00e7 duyulan odalar\u0131n \u0131s\u0131t\u0131lmas\u0131, enerji faturalar\u0131n\u0131n d\u00fc\u015fmesine yard\u0131mc\u0131 olur.<\/p>\n<p><strong>\ud83c\udfe0 Konforlu Atmosfer<\/strong>: So\u011fuk g\u00fcnlerde i\u015ften d\u00f6nd\u00fc\u011f\u00fcn\u00fczde s\u0131cak bir ev ortam\u0131 sunar.<\/p>\n","protected":false},"featured_media":3130,"comment_status":"open","ping_status":"closed","template":"","meta":{"_acf_changed":false},"product_brand":[433],"product_cat":[101,105],"product_tag":[250,249,248,428,251],"class_list":{"0":"post-3129","1":"product","2":"type-product","3":"status-publish","4":"has-post-thumbnail","6":"product_brand-tiscontrol","7":"product_cat-actuators","8":"product_cat-wifi-actuators","9":"product_tag-petek","10":"product_tag-termostat","11":"product_tag-termostatli-petek-vana","12":"product_tag-tiscontrol","13":"product_tag-vana","15":"first","16":"onbackorder","17":"taxable","18":"shipping-taxable","19":"product-type-simple","20":"add-to-wishlist-after_add_to_cart"},"acf":[],"_links":{"self":[{"href":"https:\/\/dealer.tiscontrol.com.tr\/fa\/wp-json\/wp\/v2\/product\/3129","targetHints":{"allow":["GET"]}}],"collection":[{"href":"https:\/\/dealer.tiscontrol.com.tr\/fa\/wp-json\/wp\/v2\/product"}],"about":[{"href":"https:\/\/dealer.tiscontrol.com.tr\/fa\/wp-json\/wp\/v2\/types\/product"}],"replies":[{"embeddable":true,"href":"https:\/\/dealer.tiscontrol.com.tr\/fa\/wp-json\/wp\/v2\/comments?post=3129"}],"wp:featuredmedia":[{"embeddable":true,"href":"https:\/\/dealer.tiscontrol.com.tr\/fa\/wp-json\/wp\/v2\/media\/3130"}],"wp:attachment":[{"href":"https:\/\/dealer.tiscontrol.com.tr\/fa\/wp-json\/wp\/v2\/media?parent=3129"}],"wp:term":[{"taxonomy":"product_brand","embeddable":true,"href":"https:\/\/dealer.tiscontrol.com.tr\/fa\/wp-json\/wp\/v2\/product_brand?post=3129"},{"taxonomy":"product_cat","embeddable":true,"href":"https:\/\/dealer.tiscontrol.com.tr\/fa\/wp-json\/wp\/v2\/product_cat?post=3129"},{"taxonomy":"product_tag","embeddable":true,"href":"https:\/\/dealer.tiscontrol.com.tr\/fa\/wp-json\/wp\/v2\/product_tag?post=3129"}],"curies":[{"name":"wp","href":"https:\/\/api.w.org\/{rel}","templated":true}]}}