{"id":3214,"date":"2025-02-01T20:14:32","date_gmt":"2025-02-01T20:14:32","guid":{"rendered":"https:\/\/dealer.tiscontrol.com.tr\/?post_type=product&#038;p=3214"},"modified":"2026-01-18T00:23:57","modified_gmt":"2026-01-17T21:23:57","slug":"titan-4-tuslu-dokunmatik-panel","status":"publish","type":"product","link":"https:\/\/dealer.tiscontrol.com.tr\/fa\/product\/titan-4-tuslu-dokunmatik-panel\/","title":{"rendered":"Titan 4 Tu\u015flu Dokunmatik Panel"},"content":{"rendered":"<h2 data-pm-slice=\"1 1 []\">\u015e\u0131kl\u0131k ve Fonksiyonelli\u011fi Bir Arada Sunan Tasar\u0131m<\/h2>\n<p data-pm-slice=\"1 1 []\">Titan 4 Tu\u015flu Dokunmatik Panel, Ev, otel veya ofis dekorasyonunuza zarif bir Dokunu\u015f katmak i\u00e7in tasarlanm\u0131\u015ft\u0131r. Farkl\u0131 kaplama malzemeleri ile sunulan bu panel, her t\u00fcrl\u00fc i\u00e7 mekana uyum sa\u011flar. Arka ayd\u0131nlatmal\u0131 dokunmatik tu\u015flar&#8230; hem estetik hem de kolay kullan\u0131m sunar. \u00dcstelik bu Panel, TIS uygulamas\u0131yla kontrol edilebilir. Bu Sayede ayd\u0131nlatma ve di\u011fer ayg\u0131tlar\u0131n\u0131z\u0131 rahat\u00e7a y\u00f6netebilirsiniz.<\/p>\n<h3>Kullan\u0131c\u0131 Dostu ve Esnek Kontrol Se\u00e7enekleri<\/h3>\n<p data-pm-slice=\"1 1 []\">Titan 4 Tu\u015flu Dokunmatik Panel, programlanabilir sahneler ve \u00d6n ayarlar ile kullan\u0131c\u0131lar\u0131na esneklik sunar. Bu \u00f6zellik sayesinde, \u00e7e\u015fitli ortamlar i\u00e7in \u00f6nceden ayarlanm\u0131\u015f sahneler olu\u015fturabilirsiniz &amp; tek dokunu\u015fla bu sahneleri aktif hale getirebilirsiniz. <strong>4 kanall\u0131 r\u00f6le \u00e7\u0131k\u0131\u015flar\u0131<\/strong> da farkl\u0131 cihazlar\u0131 kontrol etme \u0130mkan\u0131 sa\u011flar. Ayr\u0131ca&#8230; IP 50 koruma derecesiyle toz ve d\u0131\u015f etkenlere kar\u015f\u0131 diren\u00e7lidir.<\/p>\n<h3>Dayan\u0131kl\u0131 ve G\u00fcvenilir Performans<\/h3>\n<p data-pm-slice=\"1 1 []\">Titan 4 Tu\u015flu Dokunmatik Panel, -10\u00b0C ile 60\u00b0C aras\u0131nda De\u011fi\u015fen \u00e7al\u0131\u015fma s\u0131cakl\u0131\u011f\u0131 aral\u0131\u011f\u0131nda her t\u00fcrl\u00fc iklim ko\u015fulunda g\u00fcvenilir performans sunar. UK (Titan) ve US (Titania) arka kutular\u0131na uygun montaj se\u00e7enekleriyle farkl\u0131 standartlara uyumludur. Bu panel, hem ev hem ticari alanlarda uzun \u00f6m\u00fcrl\u00fc ve g\u00fcvenilir \u00e7\u00f6z\u00fcm sunar &amp; Size kolayl\u0131k getirir!<\/p>\n","protected":false},"excerpt":{"rendered":"<p>\ud83c\udfe2 <strong>\u015e\u0131kl\u0131k ve Fonksiyonellik:<\/strong> Titan 4 Tu\u015flu Dokunmatik Panel, ev, otel veya ofis dekorasyonuna zarif bir dokunu\u015f katmak i\u00e7in tasarlanm\u0131\u015ft\u0131r. Farkl\u0131 kaplama malzemeleri ile her t\u00fcrl\u00fc i\u00e7 mekana uyum sa\u011flar.<\/p>\n<p>\ud83d\udca1 <strong>Estetik ve Kullan\u0131m Kolayl\u0131\u011f\u0131:<\/strong> Arka ayd\u0131nlatmal\u0131 dokunmatik tu\u015flar, hem estetik hem de kolay kullan\u0131m sunar. TIS uygulamas\u0131yla kontrol edilebilir, b\u00f6ylece ayd\u0131nlatma ve di\u011fer ayg\u0131tlar\u0131n\u0131z\u0131 rahat\u00e7a y\u00f6netebilirsiniz.<\/p>\n<p>\ud83c\udf9b\ufe0f <strong>Kullan\u0131c\u0131 Dostu ve Esnek Kontrol:<\/strong> Programlanabilir sahneler ve \u00f6n ayarlar ile kullan\u0131c\u0131lar\u0131na esneklik sunar. Tek dokunu\u015fla \u00f6nceden ayarlanm\u0131\u015f sahneleri aktif hale getirebilirsiniz.<\/p>\n<p>\ud83d\udd0c <strong>\u00c7oklu Cihaz Kontrol\u00fc:<\/strong> 4 kanall\u0131 r\u00f6le \u00e7\u0131k\u0131\u015flar\u0131, farkl\u0131 cihazlar\u0131 kontrol etme imkan\u0131 sa\u011flar. IP 50 koruma derecesiyle toz ve d\u0131\u015f etkenlere kar\u015f\u0131 diren\u00e7lidir.<\/p>\n<p>\ud83c\udf21\ufe0f <strong>Dayan\u0131kl\u0131 Performans:<\/strong> -10\u00b0C ile 60\u00b0C aras\u0131nda de\u011fi\u015fen \u00e7al\u0131\u015fma s\u0131cakl\u0131\u011f\u0131 aral\u0131\u011f\u0131nda g\u00fcvenilir performans sunar. Farkl\u0131 iklim ko\u015fullar\u0131nda kullan\u0131labilir.<\/p>\n<p>\ud83d\udd27 <strong>Uyumlu Montaj Se\u00e7enekleri:<\/strong> UK (Titan) ve US (Titania) arka kutular\u0131na uygun montaj se\u00e7enekleriyle farkl\u0131 standartlara uyumludur.<\/p>\n<p>\ud83c\udfe0 <strong>Uzun \u00d6m\u00fcrl\u00fc \u00c7\u00f6z\u00fcm:<\/strong> Hem ev hem ticari alanlarda uzun \u00f6m\u00fcrl\u00fc ve g\u00fcvenilir bir \u00e7\u00f6z\u00fcm sunar, kullan\u0131c\u0131ya kolayl\u0131k getirir.<\/p>\n","protected":false},"featured_media":3205,"comment_status":"open","ping_status":"closed","template":"","meta":{"_acf_changed":false},"product_brand":[433],"product_cat":[115,130],"product_tag":[289,291,290,292,196,428],"class_list":{"0":"post-3214","1":"product","2":"type-product","3":"status-publish","4":"has-post-thumbnail","6":"product_brand-tiscontrol","7":"product_cat-interfaces","8":"product_cat-titan-series","9":"product_tag-aydinlatma-anahtari","10":"product_tag-motorlu-perde-anahtari","11":"product_tag-panjur-anahtari","12":"product_tag-senaryo-anahtari","13":"product_tag-siva-alti","14":"product_tag-tiscontrol","16":"first","17":"onbackorder","18":"taxable","19":"shipping-taxable","20":"product-type-variable","21":"add-to-wishlist-after_add_to_cart"},"acf":[],"_links":{"self":[{"href":"https:\/\/dealer.tiscontrol.com.tr\/fa\/wp-json\/wp\/v2\/product\/3214","targetHints":{"allow":["GET"]}}],"collection":[{"href":"https:\/\/dealer.tiscontrol.com.tr\/fa\/wp-json\/wp\/v2\/product"}],"about":[{"href":"https:\/\/dealer.tiscontrol.com.tr\/fa\/wp-json\/wp\/v2\/types\/product"}],"replies":[{"embeddable":true,"href":"https:\/\/dealer.tiscontrol.com.tr\/fa\/wp-json\/wp\/v2\/comments?post=3214"}],"wp:featuredmedia":[{"embeddable":true,"href":"https:\/\/dealer.tiscontrol.com.tr\/fa\/wp-json\/wp\/v2\/media\/3205"}],"wp:attachment":[{"href":"https:\/\/dealer.tiscontrol.com.tr\/fa\/wp-json\/wp\/v2\/media?parent=3214"}],"wp:term":[{"taxonomy":"product_brand","embeddable":true,"href":"https:\/\/dealer.tiscontrol.com.tr\/fa\/wp-json\/wp\/v2\/product_brand?post=3214"},{"taxonomy":"product_cat","embeddable":true,"href":"https:\/\/dealer.tiscontrol.com.tr\/fa\/wp-json\/wp\/v2\/product_cat?post=3214"},{"taxonomy":"product_tag","embeddable":true,"href":"https:\/\/dealer.tiscontrol.com.tr\/fa\/wp-json\/wp\/v2\/product_tag?post=3214"}],"curies":[{"name":"wp","href":"https:\/\/api.w.org\/{rel}","templated":true}]}}