{"id":3226,"date":"2025-02-01T21:34:45","date_gmt":"2025-02-01T21:34:45","guid":{"rendered":"https:\/\/dealer.tiscontrol.com.tr\/?post_type=product&#038;p=3226"},"modified":"2026-01-18T00:23:57","modified_gmt":"2026-01-17T21:23:57","slug":"titan-cam-metal-cerceve","status":"publish","type":"product","link":"https:\/\/dealer.tiscontrol.com.tr\/fa\/product\/titan-cam-metal-cerceve\/","title":{"rendered":"Titan Cam\/Metal \u00c7er\u00e7eve"},"content":{"rendered":"<h2 data-pm-slice=\"1 1 []\">Estetik ve Dayan\u0131kl\u0131l\u0131\u011f\u0131n M\u00fckemmel Uyumu<\/h2>\n<p data-pm-slice=\"1 1 []\">Titan Cam ve Metal \u00c7er\u00e7eve, evinizin ya da ofisinizin dekorasyonuna zarif bir Dokunu\u015f katmak i\u00e7in tasarlanm\u0131\u015ft\u0131r. \u0130ki Renk Se\u00e7ene\u011fi var: Siyah &amp; Beyaz. Cam \u00e7er\u00e7eveler modern, minimalist bir g\u00f6r\u00fcn\u00fcm sunar. G\u00fcm\u00fc\u015f f\u0131r\u00e7alanm\u0131\u015f Al\u00fcminyum metal \u00e7er\u00e7eveler ise dayan\u0131kl\u0131l\u0131\u011f\u0131 &amp; \u015e\u0131kl\u0131\u011f\u0131 bir araya getiriyor. Bu \u00e7er\u00e7eveler, her iki \u00f6zelli\u011fi de ta\u015f\u0131yan bir \u00e7\u00f6z\u00fcm sunarak uzun y\u0131llar boyunca ilk g\u00fcnk\u00fc gibi kalacak \u015fekilde tasarlanm\u0131\u015ft\u0131r.<\/p>\n<h3>Ki\u015fiselle\u015ftirilebilir Se\u00e7enekler<\/h3>\n<p data-pm-slice=\"1 1 []\">Titan \u00e7er\u00e7evelerin uyum sa\u011flamak i\u00e7in bir\u00e7ok se\u00e7ene\u011fi var. Siyah ve beyaz cam \u00e7er\u00e7eveler, sade &amp; modern bir stil arayanlar i\u00e7in ideal. G\u00fcm\u00fc\u015f f\u0131r\u00e7alanm\u0131\u015f al\u00fcminyum \u00e7er\u00e7eveler ise klasik ve sofistike bir tarz\u0131 benimseyenler i\u00e7in m\u00fckemmel. Bu \u00e7e\u015fitlilik, kullan\u0131c\u0131lar\u0131n zevklerine g\u00f6re en uygun \u00e7er\u00e7eveyi bulmalar\u0131n\u0131 kolayla\u015ft\u0131r\u0131r.<\/p>\n<h3>Fonksiyonel ve \u015e\u0131k Tasar\u0131m<\/h3>\n<p data-pm-slice=\"1 1 []\">Titan Cam ve Metal \u00c7er\u00e7eve, estetik oldu\u011fu kadar fonksiyonel de olan \u00fcst\u00fcn bir \u00fcr\u00fcnd\u00fcr. Ak\u0131ll\u0131 panellerle uyumlu yap\u0131s\u0131 sayesinde Teknolojik cihazlar\u0131n\u0131zla harika bir uyum sa\u011flar. \u00c7er\u00e7eveler, hem evde hem de ofiste kullan\u0131labilir; b\u00f6ylece her ortamda modern ve \u015f\u0131k Bir atmosfer olu\u015fturur.<\/p>\n","protected":false},"excerpt":{"rendered":"<p>\ud83d\uddbc\ufe0f <strong>Estetik ve Dayan\u0131kl\u0131l\u0131k:<\/strong> Titan Cam &amp; Metal \u00c7er\u00e7eve, estetik ve dayan\u0131kl\u0131l\u0131\u011f\u0131 bir araya getirerek ev veya ofis dekorasyonuna zarif bir dokunu\u015f katmak i\u00e7in tasarlanm\u0131\u015ft\u0131r.<\/p>\n<p>\ud83c\udfa8 <strong>Renk Se\u00e7enekleri:<\/strong> \u0130ki renk se\u00e7ene\u011fi sunulmaktad\u0131r: Siyah ve Beyaz. Bu se\u00e7enekler, modern ve minimalist bir g\u00f6r\u00fcn\u00fcm arayanlar i\u00e7in idealdir.<\/p>\n<p>\ud83e\ude99 <strong>Malzeme Kalitesi:<\/strong> G\u00fcm\u00fc\u015f f\u0131r\u00e7alanm\u0131\u015f al\u00fcminyum metal \u00e7er\u00e7eveler, dayan\u0131kl\u0131l\u0131\u011f\u0131 ve \u015f\u0131kl\u0131\u011f\u0131 bir araya getirerek uzun y\u0131llar boyunca ilk g\u00fcnk\u00fc gibi kalacak \u015fekilde tasarlanm\u0131\u015ft\u0131r.<\/p>\n<p>\ud83d\udd04 <strong>Ki\u015fiselle\u015ftirme:<\/strong> Kullan\u0131c\u0131lar\u0131n zevklerine g\u00f6re en uygun \u00e7er\u00e7eveyi bulmalar\u0131n\u0131 kolayla\u015ft\u0131ran ki\u015fiselle\u015ftirilebilir se\u00e7enekler sunulmaktad\u0131r.<\/p>\n<p>\ud83c\udfe0 <strong>\u00c7ok Y\u00f6nl\u00fc Kullan\u0131m:<\/strong> Hem evde hem de ofiste kullan\u0131labilen \u00e7er\u00e7eveler, her ortamda modern ve \u015f\u0131k bir atmosfer olu\u015fturur.<\/p>\n<p>\ud83d\udcf1 <strong>Teknolojik Uyum:<\/strong> Ak\u0131ll\u0131 panellerle uyumlu yap\u0131s\u0131 sayesinde teknolojik cihazlarla harika bir uyum sa\u011flar.<\/p>\n<p>\ud83d\udd8c\ufe0f <strong>Stil \u00c7e\u015fitlili\u011fi:<\/strong> Siyah ve beyaz cam \u00e7er\u00e7eveler sade ve modern bir stil sunarken, g\u00fcm\u00fc\u015f f\u0131r\u00e7alanm\u0131\u015f al\u00fcminyum \u00e7er\u00e7eveler klasik ve sofistike bir tarz\u0131 benimseyenler i\u00e7in m\u00fckemmeldir.<\/p>\n","protected":false},"featured_media":3211,"comment_status":"open","ping_status":"closed","template":"","meta":{"_acf_changed":false},"product_brand":[433],"product_cat":[115,130],"product_tag":[294,295,293,428],"class_list":{"0":"post-3226","1":"product","2":"type-product","3":"status-publish","4":"has-post-thumbnail","6":"product_brand-tiscontrol","7":"product_cat-interfaces","8":"product_cat-titan-series","9":"product_tag-cam","10":"product_tag-cerceve","11":"product_tag-metal","12":"product_tag-tiscontrol","14":"first","15":"onbackorder","16":"taxable","17":"shipping-taxable","18":"product-type-variable","19":"add-to-wishlist-after_add_to_cart"},"acf":[],"_links":{"self":[{"href":"https:\/\/dealer.tiscontrol.com.tr\/fa\/wp-json\/wp\/v2\/product\/3226","targetHints":{"allow":["GET"]}}],"collection":[{"href":"https:\/\/dealer.tiscontrol.com.tr\/fa\/wp-json\/wp\/v2\/product"}],"about":[{"href":"https:\/\/dealer.tiscontrol.com.tr\/fa\/wp-json\/wp\/v2\/types\/product"}],"replies":[{"embeddable":true,"href":"https:\/\/dealer.tiscontrol.com.tr\/fa\/wp-json\/wp\/v2\/comments?post=3226"}],"wp:featuredmedia":[{"embeddable":true,"href":"https:\/\/dealer.tiscontrol.com.tr\/fa\/wp-json\/wp\/v2\/media\/3211"}],"wp:attachment":[{"href":"https:\/\/dealer.tiscontrol.com.tr\/fa\/wp-json\/wp\/v2\/media?parent=3226"}],"wp:term":[{"taxonomy":"product_brand","embeddable":true,"href":"https:\/\/dealer.tiscontrol.com.tr\/fa\/wp-json\/wp\/v2\/product_brand?post=3226"},{"taxonomy":"product_cat","embeddable":true,"href":"https:\/\/dealer.tiscontrol.com.tr\/fa\/wp-json\/wp\/v2\/product_cat?post=3226"},{"taxonomy":"product_tag","embeddable":true,"href":"https:\/\/dealer.tiscontrol.com.tr\/fa\/wp-json\/wp\/v2\/product_tag?post=3226"}],"curies":[{"name":"wp","href":"https:\/\/api.w.org\/{rel}","templated":true}]}}