{"id":3369,"date":"2025-02-06T13:41:01","date_gmt":"2025-02-06T13:41:01","guid":{"rendered":"https:\/\/dealer.tiscontrol.com.tr\/?post_type=product&#038;p=3369"},"modified":"2026-01-18T00:18:13","modified_gmt":"2026-01-17T21:18:13","slug":"terre-panel-eklenti-ozellikli-dokunmatik-termostat","status":"publish","type":"product","link":"https:\/\/dealer.tiscontrol.com.tr\/fa\/product\/terre-panel-eklenti-ozellikli-dokunmatik-termostat\/","title":{"rendered":"Terre Panel Eklenti \u00d6zellikli Dokunmatik Termostat"},"content":{"rendered":"<h3><strong>Geli\u015fmi\u015f Teknoloji ile Konforunuzu Art\u0131r\u0131n<\/strong><\/h3>\n<p data-pm-slice=\"1 1 []\">Terre Direkt Bus Termostat Ak\u0131ll\u0131 Panel, s\u0131cakl\u0131k kontrol\u00fc i\u00e7in En modern \u00e7\u00f6z\u00fcm\u00fc Evinize, otel odan\u0131za ya da ofisinize getiriyor. 1&#8243; OLED ekran\u0131 (\u00e7ok net g\u00f6sterir), s\u0131cakl\u0131k bilgilerini size sunuyor. Kapasitif dokunmatik tu\u015flar ile ayarlamalar yapmak pek kolay. \u00d6zellikle d\u00fc\u015f\u00fck \u0131\u015f\u0131kta kullan\u0131m pratikli\u011fi sa\u011flar bu \u00f6zellikler. Ayr\u0131ca, programlanabilir sahneler ve \u00f6n ayarlar ile Ya\u015fam alan\u0131n\u0131z\u0131 \u00f6zelle\u015ftirebilirsiniz.<\/p>\n<h3><strong>Ki\u015fiselle\u015ftirilebilir Tasar\u0131m ve Kolay Kurulum<\/strong><\/h3>\n<p data-pm-slice=\"1 1 []\">Bu ak\u0131ll\u0131 panel, TIS \u00e7\u00f6z\u00fcmleriyle uyum g\u00f6stererek var olan sistemlerinize kolayca entegre olur. EU\/UK arka kutu uyumlulu\u011fu ile farkl\u0131 yerlere h\u0131zl\u0131ca monte edilebiliyor. Ki\u015fisel estetik tercihleriniz do\u011frultusunda \u00f6zelle\u015ftirme \u0130mkanlar\u0131 sunar. Bu da i\u00e7 mekan tasar\u0131m\u0131yla tam uyum sa\u011flar.<\/p>\n<h3><strong>\u00c7oklu Cihaz Deste\u011fi ile Geni\u015f Kapsaml\u0131 Kontrol<\/strong><\/h3>\n<p>Bu dokunmatik termostat, tek bir hat \u00fczerinde birden fazla cihaz\u0131 destekleyerek, ba\u011fl\u0131 sistemler \u00fczerinde geni\u015f kapsaml\u0131 kontrol imkan\u0131 sunar. Fan h\u0131z\u0131, yerden \u0131s\u0131tma veya di\u011fer \u0131s\u0131tma ve so\u011futma cihazlar\u0131n\u0131 kolayca y\u00f6netebilirsiniz. OLED ekran\u0131nda hat\u0131rlat\u0131c\u0131lar ve uyar\u0131lar g\u00f6r\u00fcnt\u00fclenir, b\u00f6ylece hi\u00e7bir detay\u0131 ka\u00e7\u0131rmazs\u0131n\u0131z.<\/p>\n","protected":false},"excerpt":{"rendered":"<p><strong>\ud83c\udf21\ufe0f \u00dcst\u00fcn Konfor ve Kontrol<\/strong>: Terre Direkt Bus Termostat Ak\u0131ll\u0131 Panel, s\u0131cakl\u0131k kontrol\u00fc i\u00e7in modern bir \u00e7\u00f6z\u00fcm sunar.<\/p>\n<p><strong>\ud83d\udcf1 Kullan\u0131c\u0131 Dostu Tasar\u0131m<\/strong>: 1&#8243; OLED ekran\u0131 ve kapasitif dokunmatik tu\u015flar\u0131 ile kolay kullan\u0131m sa\u011flar.<\/p>\n<p><strong>\ud83c\udf9b\ufe0f \u00d6zelle\u015ftirilebilir Ayarlar<\/strong>: Programlanabilir sahneler ve \u00f6n ayarlar ile ya\u015fam alan\u0131n\u0131z\u0131 ki\u015fiselle\u015ftirebilirsiniz.<\/p>\n<p><strong>\ud83d\udd27 Esnek Kurulum<\/strong>: TIS \u00e7\u00f6z\u00fcmleriyle uyumlu olup, EU\/UK arka kutu uyumlulu\u011fu sayesinde h\u0131zl\u0131 montaj imkan\u0131 sunar.<\/p>\n<p><strong>\ud83d\uddbc\ufe0f Estetik Uyum<\/strong>: Ki\u015fisel estetik tercihler do\u011frultusunda \u00f6zelle\u015ftirme imkan\u0131 sunarak i\u00e7 mekan tasar\u0131m\u0131yla uyum sa\u011flar.<\/p>\n<p><strong>\ud83d\udd12 G\u00fcvenilir Yap\u0131<\/strong>: Ters polarite korumas\u0131 ve geni\u015f \u00e7al\u0131\u015fma s\u0131cakl\u0131k aral\u0131\u011f\u0131 ile g\u00fcvenli performans sunar.<\/p>\n<p><strong>\ud83d\udd17 Kapsaml\u0131 Kontrol<\/strong>: Tek bir hat \u00fczerinde \u00e7e\u015fitli cihazlar\u0131 destekleyerek ba\u011fl\u0131 sistemler \u00fczerinde kontrol imkan\u0131 tan\u0131r.<\/p>\n","protected":false},"featured_media":3365,"comment_status":"open","ping_status":"closed","template":"","meta":{"_acf_changed":false},"product_brand":[433],"product_cat":[115,117],"product_tag":[274,298,300,428,299],"class_list":{"0":"post-3369","1":"product","2":"type-product","3":"status-publish","4":"has-post-thumbnail","6":"product_brand-tiscontrol","7":"product_cat-interfaces","8":"product_cat-terre-series","9":"product_tag-akilli-ev","10":"product_tag-dokunmatik-termostat","11":"product_tag-klima","12":"product_tag-tiscontrol","13":"product_tag-yerden-isitma","15":"first","16":"onbackorder","17":"taxable","18":"shipping-taxable","19":"product-type-simple","20":"add-to-wishlist-after_add_to_cart"},"acf":[],"_links":{"self":[{"href":"https:\/\/dealer.tiscontrol.com.tr\/fa\/wp-json\/wp\/v2\/product\/3369","targetHints":{"allow":["GET"]}}],"collection":[{"href":"https:\/\/dealer.tiscontrol.com.tr\/fa\/wp-json\/wp\/v2\/product"}],"about":[{"href":"https:\/\/dealer.tiscontrol.com.tr\/fa\/wp-json\/wp\/v2\/types\/product"}],"replies":[{"embeddable":true,"href":"https:\/\/dealer.tiscontrol.com.tr\/fa\/wp-json\/wp\/v2\/comments?post=3369"}],"wp:featuredmedia":[{"embeddable":true,"href":"https:\/\/dealer.tiscontrol.com.tr\/fa\/wp-json\/wp\/v2\/media\/3365"}],"wp:attachment":[{"href":"https:\/\/dealer.tiscontrol.com.tr\/fa\/wp-json\/wp\/v2\/media?parent=3369"}],"wp:term":[{"taxonomy":"product_brand","embeddable":true,"href":"https:\/\/dealer.tiscontrol.com.tr\/fa\/wp-json\/wp\/v2\/product_brand?post=3369"},{"taxonomy":"product_cat","embeddable":true,"href":"https:\/\/dealer.tiscontrol.com.tr\/fa\/wp-json\/wp\/v2\/product_cat?post=3369"},{"taxonomy":"product_tag","embeddable":true,"href":"https:\/\/dealer.tiscontrol.com.tr\/fa\/wp-json\/wp\/v2\/product_tag?post=3369"}],"curies":[{"name":"wp","href":"https:\/\/api.w.org\/{rel}","templated":true}]}}