{"id":3448,"date":"2025-02-06T20:23:00","date_gmt":"2025-02-06T20:23:00","guid":{"rendered":"https:\/\/dealer.tiscontrol.com.tr\/?post_type=product&#038;p=3448"},"modified":"2026-01-18T00:14:13","modified_gmt":"2026-01-17T21:14:13","slug":"3-kuru-kontak-girisli-panel-eklenti","status":"publish","type":"product","link":"https:\/\/dealer.tiscontrol.com.tr\/fa\/product\/3-kuru-kontak-girisli-panel-eklenti\/","title":{"rendered":"3 Kuru Kontak Giri\u015fli Panel Eklenti"},"content":{"rendered":"<h2 data-pm-slice=\"1 1 []\">\u00dcst\u00fcn Ak\u0131ll\u0131 Ayd\u0131nlatma ve G\u00fcvenlik \u00c7\u00f6z\u00fcm\u00fc<\/h2>\n<h3>Geleneksel Ayd\u0131nlatmalar\u0131n\u0131z\u0131 Ak\u0131lland\u0131rman\u0131n Basit Yollar\u0131<\/h3>\n<p data-pm-slice=\"1 1 []\">3 Kuru Kontak Giri\u015fli Panel Eklenti, evinizdeki klasik ayd\u0131nlatma sistemlerini ak\u0131ll\u0131 bir forma d\u00f6n\u00fc\u015ft\u00fcrmek i\u00e7in harika bir se\u00e7enek. Bu cihaz, TIS a\u011f\u0131n\u0131za entegre olarak, \u00e7e\u015fitli ba\u015fka cihazlarla uyumlu \u00e7al\u0131\u015f\u0131r ve ayd\u0131nlatman\u0131za farkl\u0131 bir boyut katar. Art\u0131k \u0131\u015f\u0131klar\u0131n\u0131z\u0131 uzaktan y\u00f6netebilir, zamanlamalar kurabilir &amp; enerji tasarrufu yapabilirsiniz. Bu \u00f6zellikler, hem evinizin konforunu art\u0131r\u0131r hem de enerji giderlerinizi azalt\u0131r.<\/p>\n<h3>G\u00fcvenli\u011fi \u00dcst Seviyeye Ta\u015f\u0131y\u0131n<\/h3>\n<p data-pm-slice=\"1 1 []\">Evinizin g\u00fcvenli\u011fini daha iyi hale getirmek mi istiyorsunuz? 3 Kuru Kontak Giri\u015fli Panel Eklenti, di\u011fer sens\u00f6rlerle uyumlu \u00e7al\u0131\u015farak g\u00fcvenli\u011fi art\u0131r\u0131r. Hareket sens\u00f6rleri, kap\u0131 &amp; pencere sens\u00f6rleri gibi \u00e7e\u015fitli cihazlarla entegre olur, bu \u015fekilde evinizde tam koruma sa\u011flar. Bu sistem sayesinde evde olmad\u0131\u011f\u0131n\u0131zda bile rahats\u0131n\u0131z.<\/p>\n<h3>Motorlu Uygulamalar \u0130\u00e7in 12V G\u00fc\u00e7 Kayna\u011f\u0131<\/h3>\n<p data-pm-slice=\"1 1 []\">Bu cihaz, motorlu sistemler ve sens\u00f6rler i\u00e7in 12V g\u00fc\u00e7 sa\u011flar. Perdeleri, panjurlar\u0131 veya di\u011fer motorlu ayg\u0131tlar\u0131 kolayl\u0131kla kontrol edebilir, ev otomasyon sistemlerinizi daha da geli\u015ftirirsiniz. TIS BUS protokol\u00fc ile uyumlu olan cihaz, mevcut sistemlerle rahat\u00e7a \u00e7al\u0131\u015f\u0131r &amp; programlanabilir i\u015flevleriyle esneklik sunar.<\/p>\n","protected":false},"excerpt":{"rendered":"<p>\ud83c\udfe0 <strong>Ak\u0131ll\u0131 Ayd\u0131nlatma D\u00f6n\u00fc\u015f\u00fcm\u00fc:<\/strong> 3 Kuru Kontak Giri\u015fli Panel Eklenti, klasik ayd\u0131nlatma sistemlerini ak\u0131ll\u0131 hale getirir ve TIS a\u011f\u0131na entegre olur.<\/p>\n<p>\ud83d\udca1 <strong>Uzaktan Y\u00f6netim ve Enerji Tasarrufu:<\/strong> I\u015f\u0131klar uzaktan y\u00f6netilebilir, zamanlamalar kurulabilir ve enerji tasarrufu sa\u011flanabilir.<\/p>\n<p>\ud83d\udd12 <strong>Geli\u015fmi\u015f G\u00fcvenlik:<\/strong> Panel eklenti, hareket ve kap\u0131\/pencere sens\u00f6rleriyle entegre olarak g\u00fcvenli\u011fi art\u0131r\u0131r.<\/p>\n<p>\ud83d\udee1\ufe0f <strong>Tam Koruma:<\/strong> Evinizde tam koruma sa\u011flayarak, evde olmad\u0131\u011f\u0131n\u0131zda bile g\u00fcvenli hissetmenizi sa\u011flar.<\/p>\n<p>\u2699\ufe0f <strong>Motorlu Sistemler \u0130\u00e7in G\u00fc\u00e7 Kayna\u011f\u0131:<\/strong> 12V g\u00fc\u00e7 kayna\u011f\u0131, motorlu sistemler ve sens\u00f6rler i\u00e7in enerji sa\u011flar.<\/p>\n<p>\ud83e\ude9f <strong>Kolay Kontrol:<\/strong> Perdeler, panjurlar ve di\u011fer motorlu ayg\u0131tlar kolayl\u0131kla kontrol edilebilir.<\/p>\n<p>\ud83d\udd04 <strong>Esnek Otomasyon:<\/strong> TIS BUS protokol\u00fc ile uyumlu cihaz, mevcut sistemlerle \u00e7al\u0131\u015f\u0131r ve programlanabilir i\u015flevler sunar.<\/p>\n","protected":false},"featured_media":3438,"comment_status":"open","ping_status":"closed","template":"","meta":{"_acf_changed":false},"product_brand":[433],"product_cat":[115,310],"product_tag":[304,428],"class_list":{"0":"post-3448","1":"product","2":"type-product","3":"status-publish","4":"has-post-thumbnail","6":"product_brand-tiscontrol","7":"product_cat-interfaces","8":"product_cat-panel-eklentiler","9":"product_tag-panel-eklenti","10":"product_tag-tiscontrol","12":"first","13":"onbackorder","14":"taxable","15":"shipping-taxable","16":"product-type-simple","17":"add-to-wishlist-after_add_to_cart"},"acf":[],"_links":{"self":[{"href":"https:\/\/dealer.tiscontrol.com.tr\/fa\/wp-json\/wp\/v2\/product\/3448","targetHints":{"allow":["GET"]}}],"collection":[{"href":"https:\/\/dealer.tiscontrol.com.tr\/fa\/wp-json\/wp\/v2\/product"}],"about":[{"href":"https:\/\/dealer.tiscontrol.com.tr\/fa\/wp-json\/wp\/v2\/types\/product"}],"replies":[{"embeddable":true,"href":"https:\/\/dealer.tiscontrol.com.tr\/fa\/wp-json\/wp\/v2\/comments?post=3448"}],"wp:featuredmedia":[{"embeddable":true,"href":"https:\/\/dealer.tiscontrol.com.tr\/fa\/wp-json\/wp\/v2\/media\/3438"}],"wp:attachment":[{"href":"https:\/\/dealer.tiscontrol.com.tr\/fa\/wp-json\/wp\/v2\/media?parent=3448"}],"wp:term":[{"taxonomy":"product_brand","embeddable":true,"href":"https:\/\/dealer.tiscontrol.com.tr\/fa\/wp-json\/wp\/v2\/product_brand?post=3448"},{"taxonomy":"product_cat","embeddable":true,"href":"https:\/\/dealer.tiscontrol.com.tr\/fa\/wp-json\/wp\/v2\/product_cat?post=3448"},{"taxonomy":"product_tag","embeddable":true,"href":"https:\/\/dealer.tiscontrol.com.tr\/fa\/wp-json\/wp\/v2\/product_tag?post=3448"}],"curies":[{"name":"wp","href":"https:\/\/api.w.org\/{rel}","templated":true}]}}