{"id":3449,"date":"2025-02-06T20:32:20","date_gmt":"2025-02-06T20:32:20","guid":{"rendered":"https:\/\/dealer.tiscontrol.com.tr\/?post_type=product&#038;p=3449"},"modified":"2026-01-18T00:14:13","modified_gmt":"2026-01-17T21:14:13","slug":"ir-vericili-ve-2-kuru-kontak-girisli-panel-eklenti","status":"publish","type":"product","link":"https:\/\/dealer.tiscontrol.com.tr\/fa\/product\/ir-vericili-ve-2-kuru-kontak-girisli-panel-eklenti\/","title":{"rendered":"IR Vericili ve 2 Kuru Kontak Giri\u015fli Panel Eklenti"},"content":{"rendered":"<h3 data-pm-slice=\"1 1 []\">\u00dc\u00e7\u00fcnc\u00fc Parti Sens\u00f6r Entegrasyonu ile Ak\u0131ll\u0131 Ev Deneyimi<\/h3>\n<p data-pm-slice=\"1 1 []\">IR Vericili ve 2 Kuru Kontak Giri\u015fli Panel Eklenti, evdeki s\u0131radan \u0131\u015f\u0131k anahtarlar\u0131n\u0131 al\u0131r, (evet) onlar\u0131 ak\u0131ll\u0131 anahtarlara \u00e7evirir. B\u00f6ylece, ev otomasyonunda yeni bir seviyeye ula\u015f\u0131l\u0131r. \u00dc\u00e7\u00fcnc\u00fc taraf sens\u00f6r entegrasyonu sayesinde, TIS a\u011f\u0131na yeni sens\u00f6rler eklenebilir ve bu da evin g\u00fcvenli\u011fini art\u0131r\u0131r. Bu cihaz; evinizdeki \u00e7e\u015fitli sens\u00f6rleri bir araya toplar, daha kontrol edilebilir, daha entegre bir ya\u015fam alan\u0131 sunar. Ak\u0131ll\u0131 ev sisteminizi geni\u015fletmek (daha fazla kontrol sa\u011flamak) i\u00e7in bu cihaz\u0131 se\u00e7ebilirsiniz.<\/p>\n<h3>Uzaktan Kontrol ile \u00d6ne \u00c7\u0131k\u0131n<\/h3>\n<p data-pm-slice=\"1 1 []\">IR Vericili ve 2 Kuru Kontak Giri\u015fli Panel Eklenti&#8217;nin harici k\u0131z\u0131l\u00f6tesi yay\u0131c\u0131 \u00f6zelli\u011fi var. Bununla, ev aletlerinizi uzaktan kontrol edebilirsiniz. Bu \u00f6zellik, evde olmasan\u0131z da cihazlar\u0131n\u0131z\u0131 y\u00f6netmenizi kolayla\u015ft\u0131r\u0131r. Mesela, klimay\u0131 a\u00e7ars\u0131n\u0131z ve eve geldi\u011finizde ideal s\u0131cakl\u0131\u011f\u0131n keyfini \u00e7\u0131kar\u0131rs\u0131n\u0131z. (Ah) konfor ve kolayl\u0131k ar\u0131yorsan\u0131z, bu cihaz harika bir se\u00e7imdir.<\/p>\n<h3>G\u00fcvenli, Esnek Kurulum \u00c7\u00f6z\u00fcmleri<\/h3>\n<p data-pm-slice=\"1 1 []\">IR Vericili ve 2 Kuru Kontak Giri\u015fli Panel Eklenti, ters polarite korumas\u0131 ve d\u00fc\u015f\u00fck voltaj g\u00fcvenlik \u00f6nlemleri gibi donan\u0131mlarla gelir. B\u00f6ylece, farkl\u0131 kurulum senaryolar\u0131nda g\u00fcvenli \u015fekilde \u00e7al\u0131\u015f\u0131r. Standart arka kutularla uyumlu olan yap\u0131s\u0131 nedeniyle, mevcut TIS duvar anahtarlar\u0131n\u0131n arkas\u0131na kolayl\u0131kla yerle\u015ftirilebilir. Bu esneklik, cihaz\u0131n \u00e7e\u015fitli kurulum ihtiya\u00e7lar\u0131na uygun olmas\u0131n\u0131 sa\u011flar.<\/p>\n","protected":false},"excerpt":{"rendered":"<p><strong>\ud83d\udca1 Ak\u0131ll\u0131 Anahtar D\u00f6n\u00fc\u015f\u00fcm\u00fc<\/strong>: IR Vericili ve 2 Kuru Kontak Giri\u015fli Panel Eklenti, s\u0131radan \u0131\u015f\u0131k anahtarlar\u0131n\u0131 ak\u0131ll\u0131 anahtarlara d\u00f6n\u00fc\u015ft\u00fcrerek ev otomasyonunu geli\u015ftirir.<\/p>\n<p><strong>\ud83d\udd12 \u00dc\u00e7\u00fcnc\u00fc Taraf Sens\u00f6r Entegrasyonu<\/strong>: TIS a\u011f\u0131na yeni sens\u00f6rler eklenebilir, bu da evin g\u00fcvenli\u011fini art\u0131r\u0131r ve daha entegre bir ya\u015fam alan\u0131 sunar.<\/p>\n<p><strong>\ud83d\udcf1 Uzaktan Kontrol \u0130mkan\u0131<\/strong>: Harici k\u0131z\u0131l\u00f6tesi yay\u0131c\u0131 \u00f6zelli\u011fi sayesinde ev aletleri uzaktan kontrol edilebilir, bu da konfor ve kolayl\u0131k sa\u011flar.<\/p>\n<p><strong>\ud83d\udee1\ufe0f G\u00fcvenli Kurulum<\/strong>: Ters polarite korumas\u0131 ve d\u00fc\u015f\u00fck voltaj g\u00fcvenlik \u00f6nlemleri ile g\u00fcvenli kurulum imkan\u0131 sunar.<\/p>\n<p><strong>\ud83d\udd27 Esnek Montaj Se\u00e7enekleri<\/strong>: Standart arka kutularla uyumlu yap\u0131s\u0131, cihaz\u0131n \u00e7e\u015fitli kurulum ihtiya\u00e7lar\u0131na uygun olmas\u0131n\u0131 sa\u011flar.<\/p>\n<p><strong>\ud83c\udfe0 Konfor ve Kolayl\u0131k<\/strong>: Uzaktan kontrol \u00f6zelli\u011fi, evde olmad\u0131\u011f\u0131n\u0131zda bile cihazlar\u0131n\u0131z\u0131 y\u00f6netmenizi kolayla\u015ft\u0131r\u0131r.<\/p>\n<p><strong>\u26a1 Enerji Verimlili\u011fi<\/strong>: Ak\u0131ll\u0131 kontrol sistemleri, enerji tasarrufu ve verimlili\u011fi art\u0131r\u0131r.<\/p>\n","protected":false},"featured_media":3428,"comment_status":"open","ping_status":"closed","template":"","meta":{"_acf_changed":false},"product_brand":[433],"product_cat":[115,310],"product_tag":[304,428],"class_list":{"0":"post-3449","1":"product","2":"type-product","3":"status-publish","4":"has-post-thumbnail","6":"product_brand-tiscontrol","7":"product_cat-interfaces","8":"product_cat-panel-eklentiler","9":"product_tag-panel-eklenti","10":"product_tag-tiscontrol","12":"first","13":"onbackorder","14":"taxable","15":"shipping-taxable","16":"product-type-simple","17":"add-to-wishlist-after_add_to_cart"},"acf":[],"_links":{"self":[{"href":"https:\/\/dealer.tiscontrol.com.tr\/fa\/wp-json\/wp\/v2\/product\/3449","targetHints":{"allow":["GET"]}}],"collection":[{"href":"https:\/\/dealer.tiscontrol.com.tr\/fa\/wp-json\/wp\/v2\/product"}],"about":[{"href":"https:\/\/dealer.tiscontrol.com.tr\/fa\/wp-json\/wp\/v2\/types\/product"}],"replies":[{"embeddable":true,"href":"https:\/\/dealer.tiscontrol.com.tr\/fa\/wp-json\/wp\/v2\/comments?post=3449"}],"wp:featuredmedia":[{"embeddable":true,"href":"https:\/\/dealer.tiscontrol.com.tr\/fa\/wp-json\/wp\/v2\/media\/3428"}],"wp:attachment":[{"href":"https:\/\/dealer.tiscontrol.com.tr\/fa\/wp-json\/wp\/v2\/media?parent=3449"}],"wp:term":[{"taxonomy":"product_brand","embeddable":true,"href":"https:\/\/dealer.tiscontrol.com.tr\/fa\/wp-json\/wp\/v2\/product_brand?post=3449"},{"taxonomy":"product_cat","embeddable":true,"href":"https:\/\/dealer.tiscontrol.com.tr\/fa\/wp-json\/wp\/v2\/product_cat?post=3449"},{"taxonomy":"product_tag","embeddable":true,"href":"https:\/\/dealer.tiscontrol.com.tr\/fa\/wp-json\/wp\/v2\/product_tag?post=3449"}],"curies":[{"name":"wp","href":"https:\/\/api.w.org\/{rel}","templated":true}]}}