{"id":3767,"date":"2025-02-09T12:32:19","date_gmt":"2025-02-09T12:32:19","guid":{"rendered":"https:\/\/dealer.tiscontrol.com.tr\/?post_type=product&#038;p=3767"},"modified":"2026-01-17T23:34:58","modified_gmt":"2026-01-17T20:34:58","slug":"13-3-inc-saturn-ekran-gomme-kasa","status":"publish","type":"product","link":"https:\/\/dealer.tiscontrol.com.tr\/fa\/product\/13-3-inc-saturn-ekran-gomme-kasa\/","title":{"rendered":"13.3 in\u00e7 Sat\u00fcrn Ekran G\u00f6mme Kasa"},"content":{"rendered":"","protected":false},"excerpt":{"rendered":"","protected":false},"featured_media":2934,"comment_status":"open","ping_status":"closed","template":"","meta":{"_acf_changed":false},"product_brand":[433],"product_cat":[115,121],"product_tag":[337,428],"class_list":{"0":"post-3767","1":"product","2":"type-product","3":"status-publish","4":"has-post-thumbnail","6":"product_brand-tiscontrol","7":"product_cat-interfaces","8":"product_cat-saturn-series","9":"product_tag-akilli-ev-ekran","10":"product_tag-tiscontrol","12":"first","13":"onbackorder","14":"taxable","15":"shipping-taxable","16":"product-type-simple","17":"add-to-wishlist-after_add_to_cart"},"acf":[],"_links":{"self":[{"href":"https:\/\/dealer.tiscontrol.com.tr\/fa\/wp-json\/wp\/v2\/product\/3767","targetHints":{"allow":["GET"]}}],"collection":[{"href":"https:\/\/dealer.tiscontrol.com.tr\/fa\/wp-json\/wp\/v2\/product"}],"about":[{"href":"https:\/\/dealer.tiscontrol.com.tr\/fa\/wp-json\/wp\/v2\/types\/product"}],"replies":[{"embeddable":true,"href":"https:\/\/dealer.tiscontrol.com.tr\/fa\/wp-json\/wp\/v2\/comments?post=3767"}],"wp:featuredmedia":[{"embeddable":true,"href":"https:\/\/dealer.tiscontrol.com.tr\/fa\/wp-json\/wp\/v2\/media\/2934"}],"wp:attachment":[{"href":"https:\/\/dealer.tiscontrol.com.tr\/fa\/wp-json\/wp\/v2\/media?parent=3767"}],"wp:term":[{"taxonomy":"product_brand","embeddable":true,"href":"https:\/\/dealer.tiscontrol.com.tr\/fa\/wp-json\/wp\/v2\/product_brand?post=3767"},{"taxonomy":"product_cat","embeddable":true,"href":"https:\/\/dealer.tiscontrol.com.tr\/fa\/wp-json\/wp\/v2\/product_cat?post=3767"},{"taxonomy":"product_tag","embeddable":true,"href":"https:\/\/dealer.tiscontrol.com.tr\/fa\/wp-json\/wp\/v2\/product_tag?post=3767"}],"curies":[{"name":"wp","href":"https:\/\/api.w.org\/{rel}","templated":true}]}}