{"id":3783,"date":"2025-02-14T12:50:08","date_gmt":"2025-02-14T12:50:08","guid":{"rendered":"https:\/\/dealer.tiscontrol.com.tr\/?post_type=product&#038;p=3783"},"modified":"2026-01-17T23:34:57","modified_gmt":"2026-01-17T20:34:57","slug":"tis-ir-kaydedici-cihazi","status":"publish","type":"product","link":"https:\/\/dealer.tiscontrol.com.tr\/fa\/product\/tis-ir-kaydedici-cihazi\/","title":{"rendered":"TIS IR Kaydedici Cihaz\u0131"},"content":{"rendered":"<h2 data-pm-slice=\"1 1 []\">TIS IR Kaydetme Cihaz\u0131 ile Ak\u0131ll\u0131 Ev \u00c7\u00f6z\u00fcmleri<\/h2>\n<h3>Evin T\u00fcm Cihazlar\u0131yla Uyumlu \u00c7al\u0131\u015f\u0131r<\/h3>\n<p data-pm-slice=\"1 1 []\">TIS IR Kaydedici Cihaz\u0131, evdeki farkl\u0131 cihazlarla uyum sa\u011flar ve ak\u0131ll\u0131 ev sisteminizi ileri Ta\u015f\u0131r. Ak\u0131ll\u0131 bir kod \u00f6\u011frenici olarak, TIS a\u011f\u0131n\u0131z\u0131 (herhangi bir markayla) yap\u0131land\u0131rman\u0131za izin verir. Farkl\u0131 markalardaki cihazlar art\u0131k sorunsuz \u00e7al\u0131\u015f\u0131r. TIS IR Kaydetme Cihaz\u0131, ak\u0131ll\u0131 ev ihtiya\u00e7lar\u0131n\u0131z i\u00e7in var g\u00fcc\u00fcyle yan\u0131nda.<\/p>\n<h3>Veri Aktar\u0131m\u0131 ve Yedekleme \u00c7ok Kolay<\/h3>\n<p data-pm-slice=\"1 1 []\">Bu cihaz yeni kodlar\u0131 \u00f6\u011frenerek USB portu \u00fczerinden Bilgisayar\u0131n\u0131za aktarman\u0131z\u0131 sa\u011flar. B\u00f6ylece TIS \u00e7\u00f6z\u00fcmlerine kolayca y\u00fckleme yapabilir, gelecekteki projeler i\u00e7in sa\u011flam bir yedek olu\u015fturursunuz. Kodlar\u0131n\u0131z\u0131 bilgisayarda tutmak, ileride \u00e7\u0131kabilecek sorunlara kar\u015f\u0131 haz\u0131rl\u0131kl\u0131 olman\u0131za yard\u0131m eder.<\/p>\n<h3>G\u00fcvenilir Performans \u0130\u00e7in Do\u011fruluk Testi<\/h3>\n<p data-pm-slice=\"1 1 []\">TIS IR Kaydedici Cihaz\u0131 yeni kodlar\u0131n do\u011frulu\u011funu test etme \u015fans\u0131 verir. Cihaz\u0131n IR verici (se\u00e7ene\u011fi) sayesinde, yeni verileri veri taban\u0131na eklemeden test edebilirsiniz. Bu \u00f6zellik sisteminizin her daim g\u00fcvenli ve do\u011fru \u00e7al\u0131\u015fmas\u0131na katk\u0131 sa\u011flar. TIS m\u00fchendisleri, dijital ya\u015fam\u0131n\u0131z\u0131 zenginle\u015ftirmek i\u00e7in her daim yan\u0131n\u0131zda!<\/p>\n","protected":false},"excerpt":{"rendered":"<p>\ud83d\udce1 <strong>Uyumlu \u00c7al\u0131\u015fma:<\/strong> TIS IR Kaydedici Cihaz\u0131, evdeki farkl\u0131 markalardaki cihazlarla uyumlu \u00e7al\u0131\u015farak ak\u0131ll\u0131 ev sisteminizi geli\u015ftirir.<\/p>\n<p>\ud83d\udcbb <strong>Kolay Veri Aktar\u0131m\u0131:<\/strong> Cihaz, yeni kodlar\u0131 \u00f6\u011frenip USB portu \u00fczerinden bilgisayara aktararak veri yedekleme ve y\u00fckleme i\u015flemlerini kolayla\u015ft\u0131r\u0131r.<\/p>\n<p>\ud83d\udd0d <strong>Do\u011fruluk Testi:<\/strong> Yeni kodlar\u0131n do\u011frulu\u011funu test etme imkan\u0131 sunarak sistemin g\u00fcvenilirli\u011fini art\u0131r\u0131r.<\/p>\n<p>\ud83d\udd04 <strong>Kod \u00d6\u011frenme:<\/strong> Ak\u0131ll\u0131 bir kod \u00f6\u011frenici olarak, TIS a\u011f\u0131n\u0131z\u0131 yap\u0131land\u0131rman\u0131za olanak tan\u0131r ve farkl\u0131 cihazlar\u0131n sorunsuz \u00e7al\u0131\u015fmas\u0131n\u0131 sa\u011flar.<\/p>\n<p>\ud83d\udee1\ufe0f <strong>G\u00fcvenli Sistem:<\/strong> IR verici se\u00e7ene\u011fi ile yeni verileri veri taban\u0131na eklemeden \u00f6nce test ederek sistemin g\u00fcvenli ve do\u011fru \u00e7al\u0131\u015fmas\u0131na katk\u0131da bulunur.<\/p>\n<p>\ud83c\udfe0 <strong>Ak\u0131ll\u0131 Ev \u00c7\u00f6z\u00fcmleri:<\/strong> TIS IR Kaydedici Cihaz\u0131, ak\u0131ll\u0131 ev ihtiya\u00e7lar\u0131n\u0131z i\u00e7in kapsaml\u0131 \u00e7\u00f6z\u00fcmler sunar.<\/p>\n<p>\ud83d\udc68\u200d\ud83d\udcbb <strong>M\u00fchendis Deste\u011fi:<\/strong> TIS m\u00fchendisleri, dijital ya\u015fam\u0131n\u0131z\u0131 zenginle\u015ftirmek i\u00e7in s\u00fcrekli destek sa\u011flar.<\/p>\n","protected":false},"featured_media":2945,"comment_status":"open","ping_status":"closed","template":"","meta":{"_acf_changed":false},"product_brand":[433],"product_cat":[160],"product_tag":[346,347,428],"class_list":{"0":"post-3783","1":"product","2":"type-product","3":"status-publish","4":"has-post-thumbnail","6":"product_brand-tiscontrol","7":"product_cat-accessories","8":"product_tag-ir-kaydedici","9":"product_tag-kizilotesi-kaydedici","10":"product_tag-tiscontrol","12":"first","13":"onbackorder","14":"taxable","15":"shipping-taxable","16":"product-type-simple","17":"add-to-wishlist-after_add_to_cart"},"acf":[],"_links":{"self":[{"href":"https:\/\/dealer.tiscontrol.com.tr\/fa\/wp-json\/wp\/v2\/product\/3783","targetHints":{"allow":["GET"]}}],"collection":[{"href":"https:\/\/dealer.tiscontrol.com.tr\/fa\/wp-json\/wp\/v2\/product"}],"about":[{"href":"https:\/\/dealer.tiscontrol.com.tr\/fa\/wp-json\/wp\/v2\/types\/product"}],"replies":[{"embeddable":true,"href":"https:\/\/dealer.tiscontrol.com.tr\/fa\/wp-json\/wp\/v2\/comments?post=3783"}],"wp:featuredmedia":[{"embeddable":true,"href":"https:\/\/dealer.tiscontrol.com.tr\/fa\/wp-json\/wp\/v2\/media\/2945"}],"wp:attachment":[{"href":"https:\/\/dealer.tiscontrol.com.tr\/fa\/wp-json\/wp\/v2\/media?parent=3783"}],"wp:term":[{"taxonomy":"product_brand","embeddable":true,"href":"https:\/\/dealer.tiscontrol.com.tr\/fa\/wp-json\/wp\/v2\/product_brand?post=3783"},{"taxonomy":"product_cat","embeddable":true,"href":"https:\/\/dealer.tiscontrol.com.tr\/fa\/wp-json\/wp\/v2\/product_cat?post=3783"},{"taxonomy":"product_tag","embeddable":true,"href":"https:\/\/dealer.tiscontrol.com.tr\/fa\/wp-json\/wp\/v2\/product_tag?post=3783"}],"curies":[{"name":"wp","href":"https:\/\/api.w.org\/{rel}","templated":true}]}}