{"id":3784,"date":"2025-02-14T13:14:24","date_gmt":"2025-02-14T13:14:24","guid":{"rendered":"https:\/\/dealer.tiscontrol.com.tr\/?post_type=product&#038;p=3784"},"modified":"2026-01-17T23:34:57","modified_gmt":"2026-01-17T20:34:57","slug":"tis-yazilim-guncelleme-cihazi","status":"publish","type":"product","link":"https:\/\/dealer.tiscontrol.com.tr\/fa\/product\/tis-yazilim-guncelleme-cihazi\/","title":{"rendered":"TIS Yaz\u0131l\u0131m G\u00fcncelleme Cihaz\u0131"},"content":{"rendered":"<h2 data-pm-slice=\"1 1 []\">\u00dcr\u00fcn Yaz\u0131l\u0131m\u0131n\u0131 Basit\u00e7e G\u00fcncelleyin: Ak\u0131ll\u0131 Ev i\u00e7in Kolay \u00c7\u00f6z\u00fcm<\/h2>\n<p data-pm-slice=\"1 1 []\">\u015eimdi TIS Yaz\u0131l\u0131m G\u00fcncelleme Cihaz\u0131 ile herkes ak\u0131ll\u0131 ev \u00fcr\u00fcnlerinin yaz\u0131l\u0131m\u0131n\u0131 g\u00fcncel tutmay\u0131 \u00e7ok kolay bulacak. \u0130\u015fte bu cihaz sayesinde, evinizde bulunan ak\u0131ll\u0131 cihazlar\u0131n yaz\u0131l\u0131mlar\u0131n\u0131 hem h\u0131zl\u0131 hem de g\u00fcvenli bir \u015fekilde elden ge\u00e7irebilirsiniz. Daha iyi performans? Yeni \u00f6zellikler? Bu g\u00fcncellemelerle hepsine ula\u015fmak m\u00fcmk\u00fcn. Teknolojinizi her daim zirvede tutabilir, evinizin konforu ve i\u015flevselli\u011fini art\u0131rabilirsiniz.<\/p>\n<h3>Konfig\u00fcrasyon Yedekleme: G\u00fcvenli\u011finizi Artt\u0131r\u0131n<\/h3>\n<p data-pm-slice=\"1 1 []\">Sadece g\u00fcncelleme de\u011fil, bu cihaz ayn\u0131 zamanda ak\u0131ll\u0131 ev \u00fcr\u00fcnlerinizin ayarlar\u0131n\u0131 yedekleme \u015fans\u0131 sunar. Yani herhangi bir kay\u0131p ya\u015famazs\u0131n\u0131z. Bir sorun mu \u00e7\u0131kt\u0131? Hi\u00e7 dert de\u011fil! Yedeklerinizi kolayca geri y\u00fckleyebilir ve cihazlar\u0131n\u0131z\u0131 eski haline getirebilirsiniz. Bu size ek bir g\u00fcvenlik &amp; huzur sa\u011flar.<\/p>\n<h3>Kolay Kullan\u0131m, Pratik \u00c7\u00f6z\u00fcm<\/h3>\n<p data-pm-slice=\"1 1 []\">TIS Yaz\u0131l\u0131m G\u00fcncelleme Cihaz\u0131&#8217;n\u0131n kullan\u0131c\u0131 dostu aray\u00fcz\u00fc herkesin dikkatini \u00e7eker. Karma\u015f\u0131k teknik bilgiye ihtiyac\u0131n\u0131z yok. Ad\u0131m ad\u0131m yaz\u0131l\u0131m g\u00fcncellemelerini yapabilir ve konfig\u00fcrasyon yedeklerini tamamlayabilirsiniz. Bu pratik \u00e7\u00f6z\u00fcm, zaman kazand\u0131r\u0131r (g\u00fcnl\u00fck ya\u015fam\u0131n\u0131z\u0131 da kolayla\u015ft\u0131r\u0131r).<\/p>\n","protected":false},"excerpt":{"rendered":"<p>\ud83c\udfe0 TIS Yaz\u0131l\u0131m G\u00fcncelleme Cihaz\u0131, ak\u0131ll\u0131 ev \u00fcr\u00fcnlerinin yaz\u0131l\u0131mlar\u0131n\u0131 h\u0131zl\u0131 ve g\u00fcvenli bir \u015fekilde g\u00fcncellemeyi sa\u011flar.<\/p>\n<p>\ud83d\ude80 G\u00fcncellemeler, daha iyi performans ve yeni \u00f6zellikler sunarak teknolojiyi zirvede tutar.<\/p>\n<p>\ud83d\udd12 Cihaz, ak\u0131ll\u0131 ev \u00fcr\u00fcnlerinin ayarlar\u0131n\u0131 yedekleme imkan\u0131 sunarak veri kayb\u0131n\u0131 \u00f6nler.<\/p>\n<p>\ud83d\udd04 Yedekleme sayesinde, herhangi bir sorun durumunda cihazlar eski haline kolayca getirilebilir.<\/p>\n<p>\ud83d\udc65 Kullan\u0131c\u0131 dostu aray\u00fcz\u00fc sayesinde, karma\u015f\u0131k teknik bilgiye ihtiya\u00e7 duymadan yaz\u0131l\u0131m g\u00fcncellemeleri yap\u0131labilir.<\/p>\n<p>\u23f0 Pratik \u00e7\u00f6z\u00fcm sunarak g\u00fcnl\u00fck ya\u015fam\u0131 kolayla\u015ft\u0131r\u0131r ve zaman kazand\u0131r\u0131r.<\/p>\n<p>\ud83c\udfe1 Cihaz, evin konforunu ve i\u015flevselli\u011fini art\u0131r\u0131r.<\/p>\n","protected":false},"featured_media":3785,"comment_status":"open","ping_status":"closed","template":"","meta":{"_acf_changed":false},"product_brand":[433],"product_cat":[160],"product_tag":[428,348],"class_list":{"0":"post-3784","1":"product","2":"type-product","3":"status-publish","4":"has-post-thumbnail","6":"product_brand-tiscontrol","7":"product_cat-accessories","8":"product_tag-tiscontrol","9":"product_tag-yazilim-guncelleme","11":"first","12":"onbackorder","13":"taxable","14":"shipping-taxable","15":"product-type-simple","16":"add-to-wishlist-after_add_to_cart"},"acf":[],"_links":{"self":[{"href":"https:\/\/dealer.tiscontrol.com.tr\/fa\/wp-json\/wp\/v2\/product\/3784","targetHints":{"allow":["GET"]}}],"collection":[{"href":"https:\/\/dealer.tiscontrol.com.tr\/fa\/wp-json\/wp\/v2\/product"}],"about":[{"href":"https:\/\/dealer.tiscontrol.com.tr\/fa\/wp-json\/wp\/v2\/types\/product"}],"replies":[{"embeddable":true,"href":"https:\/\/dealer.tiscontrol.com.tr\/fa\/wp-json\/wp\/v2\/comments?post=3784"}],"wp:featuredmedia":[{"embeddable":true,"href":"https:\/\/dealer.tiscontrol.com.tr\/fa\/wp-json\/wp\/v2\/media\/3785"}],"wp:attachment":[{"href":"https:\/\/dealer.tiscontrol.com.tr\/fa\/wp-json\/wp\/v2\/media?parent=3784"}],"wp:term":[{"taxonomy":"product_brand","embeddable":true,"href":"https:\/\/dealer.tiscontrol.com.tr\/fa\/wp-json\/wp\/v2\/product_brand?post=3784"},{"taxonomy":"product_cat","embeddable":true,"href":"https:\/\/dealer.tiscontrol.com.tr\/fa\/wp-json\/wp\/v2\/product_cat?post=3784"},{"taxonomy":"product_tag","embeddable":true,"href":"https:\/\/dealer.tiscontrol.com.tr\/fa\/wp-json\/wp\/v2\/product_tag?post=3784"}],"curies":[{"name":"wp","href":"https:\/\/api.w.org\/{rel}","templated":true}]}}